{"id":99995,"date":"2024-11-28T18:30:15","date_gmt":"2024-11-28T18:30:15","guid":{"rendered":"https:\/\/electromenagerexpress.com\/product\/four-a-pizza-gazziipapiana-a-gaz-terracotta\/"},"modified":"2024-11-28T18:30:18","modified_gmt":"2024-11-28T18:30:18","slug":"four-a-pizza-gazziipapiana-a-gaz-terracotta","status":"publish","type":"product","link":"https:\/\/electromenagerexpress.com\/en\/product\/four-a-pizza-gazziipapiana-a-gaz-terracotta\/","title":{"rendered":"Four \u00e0 pizza gaz\t\t\t\t\t\t\tZIIPA\t\t\t\tPIANA \u00e0 Gaz &#8211; Terracotta"},"content":{"rendered":"<div class=\"product-features__content\">\n<ul role=\"list\">\n<li class=\"product-features__item\" role=\"listitem\">\n<h3 class=\"product-features__label\">Cuisson<\/h3>\n<ul role=\"list\">\n<li class=\"product-features__item-list__item\" role=\"listitem\"><span class=\"is--medium\">Nombre de personnes :<\/span> De 8 \u00e0 12 personnes\t\t\t\t\t<\/li>\n<li class=\"product-features__item-list__item\" role=\"listitem\"><span class=\"is--medium\">Diam\u00e8tre de\/des pizza(s) :<\/span> 31 cm\t\t\t\t\t<\/li>\n<li class=\"product-features__item-list__item\" role=\"listitem\"><span class=\"is--medium\">Temps de cuisson :<\/span> 1 min\t\t\t\t\t<\/li>\n<li class=\"product-features__item-list__item\" role=\"listitem\"><span class=\"is--medium\">Energie :<\/span> Gaz\t\t\t\t\t<\/li>\n<li class=\"product-features__item-list__item\" role=\"listitem\"><span class=\"is--medium\">Type de gaz :<\/span> Propane\t\t\t\t\t<\/li>\n<li class=\"product-features__item-list__item\" role=\"listitem\"><span class=\"is--medium\">Thermostat r\u00e9glable :<\/span> Oui\t\t\t\t\t<\/li>\n<li class=\"product-features__item-list__item\" role=\"listitem\"><span class=\"is--medium\">Temp\u00e9rature maximum de cuisson :<\/span> 500\u00b0C\t\t\t\t\t<\/li>\n<li class=\"product-features__item-list__item\" role=\"listitem\"><span class=\"is--medium\">Rapidit\u00e9 de mont\u00e9e en temp\u00e9rature :<\/span> 20 minutes\t\t\t\t\t<\/li>\n<\/ul>\n<\/li>\n<li class=\"product-features__item\" role=\"listitem\">\n<h3 class=\"product-features__label\">Equipement<\/h3>\n<ul role=\"list\">\n<li class=\"product-features__item-list__item\" role=\"listitem\"><span class=\"is--medium\">Nombre de plaques :<\/span> 1 pierre\t\t\t\t\t<\/li>\n<li class=\"product-features__item-list__item\" role=\"listitem\"><span class=\"is--medium\">Thermom\u00e8tre :<\/span> Oui\t\t\t\t\t<\/li>\n<li class=\"product-features__item-list__item\" role=\"listitem\"><span class=\"is--medium\">Minuteur :<\/span> Non\t\t\t\t\t<\/li>\n<li class=\"product-features__item-list__item\" role=\"listitem\"><span class=\"is--medium\">Signal sonore de fin de cuisson :<\/span> Non\t\t\t\t\t<\/li>\n<\/ul>\n<\/li>\n<li class=\"product-features__item\" role=\"listitem\">\n<h3 class=\"product-features__label\">Mati\u00e8re et coloris<\/h3>\n<ul role=\"list\">\n<li class=\"product-features__item-list__item\" role=\"listitem\"><span class=\"is--medium\">De la plaque :<\/span> Pierre \u00e0 pizza en cordi\u00e9rite rotative \u00e0 360\u00b0\t\t\t\t\t<\/li>\n<li class=\"product-features__item-list__item\" role=\"listitem\"><span class=\"is--medium\">De la coque :<\/span> Acier inoxydable\t\t\t\t\t<\/li>\n<li class=\"product-features__item-list__item\" role=\"listitem\"><span class=\"is--medium\">Coloris :<\/span> Orange\t\t\t\t\t<\/li>\n<\/ul>\n<\/li>\n<li class=\"product-features__item\" role=\"listitem\">\n<h3 class=\"product-features__label\">Facilit\u00e9 de nettoyage<\/h3>\n<ul role=\"list\">\n<li class=\"product-features__item-list__item\" role=\"listitem\"><span class=\"is--medium\">Plaque amovible :<\/span> Oui\t\t\t\t\t<\/li>\n<li class=\"product-features__item-list__item\" role=\"listitem\"><span class=\"is--medium\">R\u00e9cup\u00e9rateur de cendres :<\/span> Non\t\t\t\t\t<\/li>\n<\/ul>\n<\/li>\n<li class=\"product-features__item\" role=\"listitem\">\n<h3 class=\"product-features__label\">Agencement<\/h3>\n<ul role=\"list\">\n<li class=\"product-features__item-list__item\" role=\"listitem\"><span class=\"is--medium\">Mobilit\u00e9 :<\/span> Portable\t\t\t\t\t<\/li>\n<li class=\"product-features__item-list__item\" role=\"listitem\"><span class=\"is--medium\">Poign\u00e9es de transport :<\/span> Non\t\t\t\t\t<\/li>\n<\/ul>\n<\/li>\n<li class=\"product-features__item\" role=\"listitem\">\n<h3 class=\"product-features__label\">S\u00e9curit\u00e9<\/h3>\n<ul role=\"list\">\n<li class=\"product-features__item-list__item\" role=\"listitem\"><span class=\"is--medium\">Poign\u00e9e froide :<\/span> Oui\t\t\t\t\t<\/li>\n<li class=\"product-features__item-list__item\" role=\"listitem\"><span class=\"is--medium\">Parois froides :<\/span> Oui\t\t\t\t\t<\/li>\n<\/ul>\n<\/li>\n<li class=\"product-features__item\" role=\"listitem\">\n<h3 class=\"product-features__label\">Informations compl\u00e9mentaires<\/h3>\n<ul role=\"list\">\n<li class=\"product-features__item-list__item\" role=\"listitem\"><span class=\"is--medium\">Fabriqu\u00e9 en :<\/span> Chine\t\t\t\t\t<\/li>\n<li class=\"product-features__item-list__item\" role=\"listitem\"><span class=\"is--medium\">Disponibilit\u00e9 des pi\u00e8ces d\u00e9tach\u00e9es (donn\u00e9es fournisseur) :<\/span> Pendant 2 ans\t\t\t\t\t<\/li>\n<li class=\"product-features__item-list__item\" role=\"listitem\"><span class=\"is--medium\">R\u00e9f\u00e9rence constructeur :<\/span> PIANA \u00e0 Gaz &#8211; Terracotta\t\t\t\t\t<\/li>\n<li class=\"product-features__item-list__item\" role=\"listitem\"><span class=\"is--medium\">Marque :<\/span> ZIIPA\t\t\t\t\t<\/li>\n<\/ul>\n<\/li>\n<li class=\"product-features__item\" role=\"listitem\">\n<h3 class=\"product-features__label\">Dimensions<\/h3>\n<ul role=\"list\">\n<li class=\"product-features__item-list__item\" role=\"listitem\"><span class=\"is--medium\">Dimensions l x h x p :<\/span> 40 x 28 x 73 cm\t\t\t\t\t<\/li>\n<li class=\"product-features__item-list__item\" role=\"listitem\"><span class=\"is--medium\">Poids Net (kg) :<\/span> 10\t\t\t\t\t<\/li>\n<\/ul>\n<\/li>\n<\/ul>\n<\/div>\n<div class=\"product__disclosure-content\">\n<div class=\"js-read-more product-description__content read-more read-more--truncated\" data-read-more-name=\"description\" style=\"max-height: 500px; overflow: hidden;\">\n<p>Le four Piana \u00e0 Gaz est id\u00e9al pour r\u00e9aliser de d\u00e9licieuses pizzas maison !<\/p>\n<p>Maintenant disponible en version Gaz !<\/p>\n<p>Pour un meilleur contr\u00f4le de la temp\u00e9rature et une facilit\u00e9 d&rsquo;utilisation c&rsquo;est le four \u00e0 pizza Piana Gaz qu&rsquo;il vous faut. Connectez-le \u00e0 une bouteille de gaz (propane), allumez-le et ma\u00eetrisez la temp\u00e9rature pour des pizzas cuitent en moins d&rsquo;une minute. Sa pierre r\u00e9fractaire est rotative ce qui vous permet de cuire votre pizza \u00e0 la perfection sans la sortir du four.<br \/>Le four \u00e0 pizza Piana Gaz est aussi disponible en ardoise, eucalyptus et terracotta.<br \/>Coloris : Charbon<\/p>\n<p>Les + de Piana Gaz<\/p>\n<p>\u2022\tFacilit\u00e9 d&rsquo;utilisation,<br \/>\u2022\tMeilleur contr\u00f4le de la temp\u00e9rature (bouton de contr\u00f4le \u00e0 l&rsquo;arri\u00e8re du four),<br \/>\u2022\tFour compact et innovant,<br \/>\u2022\tPierre r\u00e9fractaire rotative,<br \/>\u2022\tPierre r\u00e9sistante en cordi\u00e9rite,<br \/>\u2022\tChauffe en moins de 10 minutes,<br \/>\u2022\tThermom\u00e8tre int\u00e9gr\u00e9,<br \/>\u2022\tCuisson rapide en 60 secondes top chrono !,<br \/>\u2022\tPieds pliables et format compact,<br \/>\u2022\t4 couleurs disponibles.<\/p>\n<p>Fonctionnalit\u00e9s<\/p>\n<p>\u2022\tSyst\u00e8me de rotation pour une cuisson parfaite : Plus besoin de sortir la pizza du four ! Piana est le seul four compact dot\u00e9 d\u2019un syst\u00e8me innovant avec une pierre r\u00e9fractaire en cordi\u00e9rite ronde. La molette vous permettra de tourner votre pizza pendant la cuisson pour obtenir une pizza cuite de fa\u00e7on homog\u00e8ne.<br \/>\u2022\tCuisson rapide en 60s : 1 minute, c\u2019est le temps qu\u2019il vous faudra pour obtenir une pizza \u00e0 la cuisson parfaite !<br \/>\u2022\tGaz : Tr\u00e8s pratique il vous suffit de connecter votre four \u00e0 une bouteille de gaz (propane). Le flexible et le d\u00e9tendeur sont fournis.<br \/>\u2022\tThermom\u00e8tre int\u00e9gr\u00e9 : Une pizza r\u00e9ussie est une pizza cuite \u00e0 la perfection. Gr\u00e2ce au thermom\u00e8tre int\u00e9gr\u00e9, vous pourrez facilement surveiller la temp\u00e9rature de votre four. Comptez environ 10 minutes pour obtenir la bonne temp\u00e9rature de cuisson : 400\u00b0C.<br \/>\u2022\tPieds pliables et format compact : Pour emporter ou d\u00e9placer votre four comme bon vous semble !<br \/>\u2022\tA chacun sa couleur : Terracotta pour une ambiance boh\u00e8me, eucalyptus pour une ambiance plus zen, ardoise pour une ambiance moderne et charbon pour une couleur plus intense.<\/p>\n<p>Ce que contient la bo\u00eete<\/p>\n<p>\u2022\tFour Piana Gaz,<br \/>\u2022\tThermom\u00e8tre int\u00e9gr\u00e9,<br \/>\u2022\tBloc gaz, <br \/>\u2022\tFlexible et d\u00e9tendeur pour propane,<br \/>\u2022\tPierre \u00e0 pizza ronde en cordi\u00e9rite,<br \/>\u2022\tCoupe flamme,<br \/>\u2022\tManuel d\u2019utilisation.<\/p>\n<\/div>\n<p><bl-button a11yexpanded=\"false\" arialabel=\"Afficher toute la description\" class=\"read-more__btn\" full=\"false\" link=\"true\"><\/bl-button><\/div>","protected":false},"excerpt":{"rendered":"<div class=\"keypoints\">\n<h3 class=\"keypoints__title\">Les points cl\u00e9s<\/h3>\n<ul role=\"list\">\n<li class=\"keypoints__item\" role=\"listitem\">                                        Le four \u00e0 pizza pour d\u00e9guster des pizzas maison                      <\/li>\n<li class=\"keypoints__item\" role=\"listitem\">                          De 8 \u00e0 12 personnes &#8211;                                                      Portable                      <\/li>\n<li class=\"keypoints__item\" role=\"listitem\">                                        Inox                      <\/li>\n<li class=\"keypoints__item\" role=\"listitem\">                                        Rapidit\u00e9 de mont\u00e9e en temp\u00e9rature : 20 minutes                      <\/li>\n<\/ul>","protected":false},"featured_media":53195,"template":"","meta":{"_glsr_average":0,"_glsr_ranking":0,"_glsr_reviews":0},"product_cat":[390],"product_tag":[230,392,391],"class_list":{"0":"post-99995","1":"product","2":"type-product","3":"status-publish","4":"has-post-thumbnail","6":"product_cat-cuisson-festive","7":"product_tag-cuisine-et-cuisson","8":"product_tag-cuisson-festive","9":"product_tag-petit-appareil-de-cuisson","11":"first","12":"instock","13":"sale","14":"shipping-taxable","15":"purchasable","16":"product-type-simple"},"_links":{"self":[{"href":"https:\/\/electromenagerexpress.com\/en\/wp-json\/wp\/v2\/product\/99995","targetHints":{"allow":["GET"]}}],"collection":[{"href":"https:\/\/electromenagerexpress.com\/en\/wp-json\/wp\/v2\/product"}],"about":[{"href":"https:\/\/electromenagerexpress.com\/en\/wp-json\/wp\/v2\/types\/product"}],"wp:featuredmedia":[{"embeddable":true,"href":"https:\/\/electromenagerexpress.com\/en\/wp-json\/wp\/v2\/media\/53195"}],"wp:attachment":[{"href":"https:\/\/electromenagerexpress.com\/en\/wp-json\/wp\/v2\/media?parent=99995"}],"wp:term":[{"taxonomy":"product_cat","embeddable":true,"href":"https:\/\/electromenagerexpress.com\/en\/wp-json\/wp\/v2\/product_cat?post=99995"},{"taxonomy":"product_tag","embeddable":true,"href":"https:\/\/electromenagerexpress.com\/en\/wp-json\/wp\/v2\/product_tag?post=99995"}],"curies":[{"name":"wp","href":"https:\/\/api.w.org\/{rel}","templated":true}]}}