{"id":99993,"date":"2024-11-28T18:30:06","date_gmt":"2024-11-28T18:30:06","guid":{"rendered":"https:\/\/electromenagerexpress.com\/product\/braseroblumfeldtorbit-o60-cm-noir\/"},"modified":"2024-11-28T18:30:10","modified_gmt":"2024-11-28T18:30:10","slug":"braseroblumfeldtorbit-o60-cm-noir","status":"publish","type":"product","link":"https:\/\/electromenagerexpress.com\/en\/product\/braseroblumfeldtorbit-o60-cm-noir\/","title":{"rendered":"Brasero\t\t\t\t\t\t\tBLUMFELDT\t\t\t\tOrbit \u00d860 cm &#8211; Noir"},"content":{"rendered":"<div class=\"product-features__content\">\n<ul role=\"list\">\n<li class=\"product-features__item\" role=\"listitem\">\n<h3 class=\"product-features__label\">Cuisson<\/h3>\n<ul role=\"list\">\n<li class=\"product-features__item-list__item\" role=\"listitem\"><span class=\"is--medium\">Nombre de personnes :<\/span> De 4 \u00e0 6 personnes\t\t\t\t\t<\/li>\n<li class=\"product-features__item-list__item\" role=\"listitem\"><span class=\"is--medium\">Energie :<\/span> Charbon de bois\t\t\t\t\t<\/li>\n<li class=\"product-features__item-list__item\" role=\"listitem\"><span class=\"is--medium\">Type de cuisson :<\/span> Grill\t\t\t\t\t<\/li>\n<li class=\"product-features__item-list__item\" role=\"listitem\"><span class=\"is--medium\">Clapet d&rsquo;a\u00e9ration :<\/span> Non\t\t\t\t\t<\/li>\n<\/ul>\n<\/li>\n<li class=\"product-features__item\" role=\"listitem\">\n<h3 class=\"product-features__label\">Equipement<\/h3>\n<ul role=\"list\">\n<li class=\"product-features__item-list__item\" role=\"listitem\"><span class=\"is--medium\">Nombre de grilles \/ plaques :<\/span> 2 grilles\t\t\t\t\t<\/li>\n<li class=\"product-features__item-list__item\" role=\"listitem\"><span class=\"is--medium\">Grille :<\/span> Mod\u00e8le simple\t\t\t\t\t<\/li>\n<li class=\"product-features__item-list__item\" role=\"listitem\"><span class=\"is--medium\">Grille maintien au chaud :<\/span> Non\t\t\t\t\t<\/li>\n<li class=\"product-features__item-list__item\" role=\"listitem\"><span class=\"is--medium\">Thermom\u00e8tre :<\/span> Non\t\t\t\t\t<\/li>\n<li class=\"product-features__item-list__item\" role=\"listitem\"><span class=\"is--medium\">Minuteur :<\/span> Non\t\t\t\t\t<\/li>\n<li class=\"product-features__item-list__item\" role=\"listitem\"><span class=\"is--medium\">Crochets de suspension :<\/span> Non\t\t\t\t\t<\/li>\n<\/ul>\n<\/li>\n<li class=\"product-features__item\" role=\"listitem\">\n<h3 class=\"product-features__label\">Mati\u00e8re et coloris<\/h3>\n<ul role=\"list\">\n<li class=\"product-features__item-list__item\" role=\"listitem\"><span class=\"is--medium\">De la surface de cuisson :<\/span> Inox\t\t\t\t\t<\/li>\n<li class=\"product-features__item-list__item\" role=\"listitem\"><span class=\"is--medium\">De la cuve :<\/span> Acier inoxydable\t\t\t\t\t<\/li>\n<li class=\"product-features__item-list__item\" role=\"listitem\"><span class=\"is--medium\">Coloris :<\/span> Noir\t\t\t\t\t<\/li>\n<\/ul>\n<\/li>\n<li class=\"product-features__item\" role=\"listitem\">\n<h3 class=\"product-features__label\">Facilit\u00e9 de nettoyage<\/h3>\n<ul role=\"list\">\n<li class=\"product-features__item-list__item\" role=\"listitem\"><span class=\"is--medium\">Grille\/plaque amovible :<\/span> Oui\t\t\t\t\t<\/li>\n<li class=\"product-features__item-list__item\" role=\"listitem\"><span class=\"is--medium\">Compatible au lave-vaisselle :<\/span> Non\t\t\t\t\t<\/li>\n<li class=\"product-features__item-list__item\" role=\"listitem\"><span class=\"is--medium\">Enti\u00e8rement d\u00e9montable :<\/span> Oui\t\t\t\t\t<\/li>\n<li class=\"product-features__item-list__item\" role=\"listitem\"><span class=\"is--medium\">R\u00e9cup\u00e9ration des cendres :<\/span> Cendrier amovible\t\t\t\t\t<\/li>\n<\/ul>\n<\/li>\n<li class=\"product-features__item\" role=\"listitem\">\n<h3 class=\"product-features__label\">Agencement<\/h3>\n<ul role=\"list\">\n<li class=\"product-features__item-list__item\" role=\"listitem\"><span class=\"is--medium\">Mobilit\u00e9 :<\/span> Sur pieds\t\t\t\t\t<\/li>\n<li class=\"product-features__item-list__item\" role=\"listitem\"><span class=\"is--medium\">Avantage de la mobilit\u00e9 :<\/span> Sur pieds pour lui trouver un espace d\u00e9di\u00e9\t\t\t\t\t<\/li>\n<li class=\"product-features__item-list__item\" role=\"listitem\"><span class=\"is--medium\">Chariot pliable :<\/span> Non\t\t\t\t\t<\/li>\n<li class=\"product-features__item-list__item\" role=\"listitem\"><span class=\"is--medium\">Pieds r\u00e9glables :<\/span> Non\t\t\t\t\t<\/li>\n<li class=\"product-features__item-list__item\" role=\"listitem\"><span class=\"is--medium\">Couvercle :<\/span> Oui\t\t\t\t\t<\/li>\n<li class=\"product-features__item-list__item\" role=\"listitem\"><span class=\"is--medium\">Avantage du couvercle :<\/span> Le couvercle permet une chaleur uniforme et rend vos aliments plus tendre\t\t\t\t\t<\/li>\n<li class=\"product-features__item-list__item\" role=\"listitem\"><span class=\"is--medium\">Pare-vent :<\/span> Non\t\t\t\t\t<\/li>\n<li class=\"product-features__item-list__item\" role=\"listitem\"><span class=\"is--medium\">Tablette de travail :<\/span> Unilat\u00e9rale\t\t\t\t\t<\/li>\n<li class=\"product-features__item-list__item\" role=\"listitem\"><span class=\"is--medium\">Poign\u00e9es de transport :<\/span> Non\t\t\t\t\t<\/li>\n<li class=\"product-features__item-list__item\" role=\"listitem\"><span class=\"is--medium\">Espace de rangement :<\/span> Non\t\t\t\t\t<\/li>\n<li class=\"product-features__item-list__item\" role=\"listitem\"><span class=\"is--medium\">Montage barbecue\/chariot :<\/span> En kit\u00a0\u00e0 monter soi-m\u00eame\t\t\t\t\t<\/li>\n<\/ul>\n<\/li>\n<li class=\"product-features__item\" role=\"listitem\">\n<h3 class=\"product-features__label\">S\u00e9curit\u00e9<\/h3>\n<ul role=\"list\">\n<li class=\"product-features__item-list__item\" role=\"listitem\"><span class=\"is--medium\">Poign\u00e9e froide :<\/span> Non\t\t\t\t\t<\/li>\n<li class=\"product-features__item-list__item\" role=\"listitem\"><span class=\"is--medium\">Pieds antid\u00e9rapants :<\/span> Oui\t\t\t\t\t<\/li>\n<\/ul>\n<\/li>\n<li class=\"product-features__item\" role=\"listitem\">\n<h3 class=\"product-features__label\">Dimensions<\/h3>\n<ul role=\"list\">\n<li class=\"product-features__item-list__item\" role=\"listitem\"><span class=\"is--medium\">Dimension de la surface de cuisson :<\/span> Diam\u00e8tre 40 cm\t\t\t\t\t<\/li>\n<li class=\"product-features__item-list__item\" role=\"listitem\"><span class=\"is--medium\">Dimensions l x h x p :<\/span> 60 x 53 x 60 cm\t\t\t\t\t<\/li>\n<li class=\"product-features__item-list__item\" role=\"listitem\"><span class=\"is--medium\">Dimension du carton l x h x p :<\/span> 120 x 120 x 80 cm\t\t\t\t\t<\/li>\n<li class=\"product-features__item-list__item\" role=\"listitem\"><span class=\"is--medium\">Poids :<\/span> 12,00 kg\t\t\t\t\t<\/li>\n<\/ul>\n<\/li>\n<li class=\"product-features__item\" role=\"listitem\">\n<h3 class=\"product-features__label\">Informations compl\u00e9mentaires<\/h3>\n<ul role=\"list\">\n<li class=\"product-features__item-list__item\" role=\"listitem\"><span class=\"is--medium\">R\u00e9f\u00e9rence constructeur :<\/span> Orbit \u00d860 cm &#8211; Noir\t\t\t\t\t<\/li>\n<li class=\"product-features__item-list__item\" role=\"listitem\"><span class=\"is--medium\">Marque :<\/span> BLUMFELDT\t\t\t\t\t<\/li>\n<li class=\"product-features__item-list__item\" role=\"listitem\"><span class=\"is--medium\">Disponibilit\u00e9 des pi\u00e8ces d\u00e9tach\u00e9es (donn\u00e9es fournisseur) :<\/span> Non communiqu\u00e9e\t\t\t\t\t<\/li>\n<li class=\"product-features__item-list__item\" role=\"listitem\"><span class=\"is--medium\">Fabriqu\u00e9 en :<\/span> Chine\t\t\t\t\t<\/li>\n<\/ul>\n<\/li>\n<\/ul>\n<\/div>\n<div class=\"product__disclosure-content\">\n<div class=\"js-read-more product-description__content read-more read-more--truncated\" data-read-more-name=\"description\" style=\"max-height: 500px; overflow: hidden;\">\n<p><b>Grand bras\u00e9ro 3 en 1 de 60 cm de diam\u00e8tre : feu de camp, barbecue et table de jardin<br \/>tout en un.<\/b><\/p>\n<p><b><i>FireView<\/i> : feu libre de charbon de bois ou de bois de chauffage dans le jardin ou la<br \/>cour avec une hotte pare-\u00e9tincelles.<\/b><\/p>\n<p><b>Avec une grille de cuisson de 40 cm en acier r\u00e9glable sur 4 hauteurs, support de<br \/>grille amovible et tisonnier<\/b><\/p>\n<p>Et\u00e9 comme hiver : le <b>bras\u00e9ro Blumfeldt<\/b> Orbit 3-en-1 est votre nouveau compagnon de<br \/>jardin ou de terrasse. D\u00e9tente au coin du feu entre amis ou en famille ou d\u00e9gustation<br \/>d&rsquo;un d\u00e9licieux barbecue : pas de probl\u00e8me avec le <b>bras\u00e9ro<\/b> Orbit. Transformez<br \/>rapidement et facilement le <b>brasero<\/b> en un grand barbecue avec suffisamment de place<br \/>pour les d\u00e9lices carn\u00e9s ou v\u00e9g\u00e9tariens. Ins\u00e9rez simplement la grille de cuisson dans<br \/>le support solidaire du bras\u00e9ro et commencez. Vous pouvez fixer la grille \u00e0 4<br \/>hauteurs diff\u00e9rentes et cuire \u00e0 point vos aliments. Avec le support de grille fourni,<br \/>modifiez la hauteur du gril de n&rsquo;importe quel c\u00f4t\u00e9 sans crainte de vous br\u00fbler les<br \/>doigts. Pour transformer le bras\u00e9ro en table, placez simplement le plateau de table<br \/>sur le bras\u00e9ro et voil\u00e0 votre table de jardin.<\/p>\n<p>La grande cuve du <b>Blumfeldt<\/b> Orbit de 60 cm de diam\u00e8tre offre beaucoup d&rsquo;espace pour<br \/>entretenir un feu de camp copieux de b\u00fbches, de charbon de bois ou de briquettes de<br \/>barbecue. Son support tr\u00e9pied le maintient habilement en l&rsquo;air pour rendre l&rsquo;enfer<br \/>des flammes vacillantes encore plus impressionnant. De plus, la conception tr\u00e9pied<br \/>offre un maintien s\u00fbr et prot\u00e8ge la coque contre le basculement. La grille<br \/>pare-\u00e9tincelles amovible en acier minimise les \u00e9tincelles volantes par temps venteux.<br \/>Une fois le dernier verre bu, les aliments aval\u00e9s et les flammes \u00e9teintes, vous<br \/>pouvez facilement retirer les derniers restes du feu de camp \u00e0 l&rsquo;aide du cendrier<br \/>amovible. Le <b>Blumfeldt<\/b> Orbit est un <b>bras\u00e9ro<\/b> et un barbecue enti\u00e8rement \u00e9quip\u00e9 qui<br \/>impressionne par son aspect et sa fonctionnalit\u00e9. Barbecue, <b>bras\u00e9ro<\/b> ou une table de<br \/>jardin : le <b>bras\u00e9ro Blumfeldt<\/b> Orbit est toujours le centre de convivialit\u00e9 du jardin,<br \/>de la cour ou de la terrasse. Enti\u00e8rement en acier, il a non seulement un charme<br \/>rustique, mais est \u00e9galement particuli\u00e8rement robuste et insensible aux intemp\u00e9ries.<\/p>\n<p>Passion ardente pour le jardin ! Lorsque les flammes dansent dans le brasier<br \/><b>Blumfeldt<\/b> Orbit, les coeurs ne sont pas les seuls \u00e0 battre plus vite.<\/p>\n<p><b>Veuillez noter que le bras\u00e9ro est fourni en kit de montage. L&rsquo;assemblage peut se<br \/>faire en 30 minutes environ, selon les comp\u00e9tences techniques.<\/b><\/p>\n<p><b>Top Features:<\/b><\/p>\n<p>\u2022 <b>D\u00e9coratif :<\/b><i>FireView<\/i> cr\u00e9e une atmosph\u00e8re chaleureuse et produit de la chaleur<br \/>\u2022 <b>R\u00e9glable en hauteur :<\/b> grille de cuisson \u00e0 4 r\u00e9glages en hauteur<br \/>\u2022 <b>Grand et massif :<\/b> bras\u00e9ro de 60 cm de diam\u00e8tre avec des parois de 1,5 mm d&rsquo;\u00e9paisseur<br \/>\u2022 <b>Transformable : <\/b>bras\u00e9ro 3-en-1 pouvant servir de feu de camp, barbecue et table de<br \/>jardin<br \/>\u2022 <b>S\u00fbr et pratique :<\/b> avec capot anti-\u00e9tincelles et cendrier facilement accessible<br \/>\u2022 <b>Complet :<\/b> bras\u00e9ro, pi\u00e8tement, grille de cuisson et grille \u00e0 cendres, hotte de<br \/>protection contre les \u00e9tincelles, tisonnier, support de grille de cuisson et cendrier<br \/>\u2022 <b>Conception tr\u00e9pied : <\/b>pour un maintien s\u00fbr et stable<br \/>\u2022 <b>Ambiance de feu de camp : <\/b>concept <i>FireView <\/i>pour plus de convivialit\u00e9 et de confort<br \/>\u2022 <b>Transformable : <\/b>installez le plateau de table et profitez d&rsquo;une table de jardin<\/p>\n<p><b>Caract\u00e9ristiques:<\/b><\/p>\n<p>\u2022 Paroi de coque en acier de 1,5 mm d&rsquo;\u00e9paisseur<br \/>\u2022 A utiliser avec du charbon de bois, du bois de chauffage ou des briquettes de<br \/>barbecue<br \/>\u2022 Mat\u00e9riau solide et r\u00e9sistant aux intemp\u00e9ries<br \/>\u2022 Bras\u00e9ro avec grille \u00e0 cendres pour une meilleure ventilation<br \/>\u2022 Espace de rangement sous le plateau de bois pour les grillades<\/p>\n<p><b>Inclus dans la livraison:<\/b><\/p>\n<p>\u2022 1 x bras\u00e9ro<br \/>\u2022 1 x pied<br \/>\u2022 1 x grille de cuisson<br \/>\u2022 1 x grille \u00e0 cendres<br \/>\u2022 1 x pare-\u00e9tincelles<br \/>\u2022 1 x tisonnier<br \/>\u2022 1 x bac \u00e0 cendres<br \/>\u2022 1 x plateau de table<br \/>\u2022 Notice de montage en fran\u00e7ais<\/p>\n<p><b>Dimensions:<\/b><\/p>\n<p>\u2022 Dimensions (sans pare-\u00e9tincelles) : 60 x 38 cm (\u00d8xH)<br \/>\u2022 Dimensions (avec pare-\u00e9tincelles) : 60 x 53 cm (\u00d8xH)<br \/>\u2022 Diam\u00e8tre de la grille de cuisson : 40 cm<br \/>\u2022 Diam\u00e8tre de la grille \u00e0 cendres : 31cm<br \/>\u2022 Dimensions du plateau en bois : 60 cm de diam\u00e8tre<br \/>\u2022 Poids : env. 12 kg<\/p>\n<\/div>\n<p><bl-button a11yexpanded=\"false\" arialabel=\"Afficher toute la description\" class=\"read-more__btn\" full=\"false\" link=\"true\">Voir plus<\/bl-button><\/div>","protected":false},"excerpt":{"rendered":"<div class=\"keypoints\">\n<h3 class=\"keypoints__title\">Les points cl\u00e9s<\/h3>\n<ul role=\"list\">\n<li class=\"keypoints__item\" role=\"listitem\">                          De 4 \u00e0 6 personnes &#8211;                                                      Sur pieds                      <\/li>\n<li class=\"keypoints__item\" role=\"listitem\">                                        Mati\u00e8re de la cuve : en acier inoxydable                      <\/li>\n<li class=\"keypoints__item\" role=\"listitem\">                          Couvercle &#8211;                                                      Dimension de la surface de cuisson : Diam\u00e8tre 40 cm                      <\/li>\n<\/ul>","protected":false},"featured_media":53179,"template":"","meta":{"_glsr_average":0,"_glsr_ranking":0,"_glsr_reviews":0},"product_cat":[383],"product_tag":[361,384,230],"class_list":{"0":"post-99993","1":"product","2":"type-product","3":"status-publish","4":"has-post-thumbnail","6":"product_cat-brasero","7":"product_tag-barbecue","8":"product_tag-brasero","9":"product_tag-cuisine-et-cuisson","11":"first","12":"instock","13":"sale","14":"shipping-taxable","15":"purchasable","16":"product-type-simple"},"_links":{"self":[{"href":"https:\/\/electromenagerexpress.com\/en\/wp-json\/wp\/v2\/product\/99993","targetHints":{"allow":["GET"]}}],"collection":[{"href":"https:\/\/electromenagerexpress.com\/en\/wp-json\/wp\/v2\/product"}],"about":[{"href":"https:\/\/electromenagerexpress.com\/en\/wp-json\/wp\/v2\/types\/product"}],"wp:featuredmedia":[{"embeddable":true,"href":"https:\/\/electromenagerexpress.com\/en\/wp-json\/wp\/v2\/media\/53179"}],"wp:attachment":[{"href":"https:\/\/electromenagerexpress.com\/en\/wp-json\/wp\/v2\/media?parent=99993"}],"wp:term":[{"taxonomy":"product_cat","embeddable":true,"href":"https:\/\/electromenagerexpress.com\/en\/wp-json\/wp\/v2\/product_cat?post=99993"},{"taxonomy":"product_tag","embeddable":true,"href":"https:\/\/electromenagerexpress.com\/en\/wp-json\/wp\/v2\/product_tag?post=99993"}],"curies":[{"name":"wp","href":"https:\/\/api.w.org\/{rel}","templated":true}]}}