{"id":99990,"date":"2024-11-28T18:29:54","date_gmt":"2024-11-28T18:29:54","guid":{"rendered":"https:\/\/electromenagerexpress.com\/product\/fumoir-barbecuevidaxlmetal-noir\/"},"modified":"2024-11-28T18:29:54","modified_gmt":"2024-11-28T18:29:54","slug":"fumoir-barbecuevidaxlmetal-noir","status":"publish","type":"product","link":"https:\/\/electromenagerexpress.com\/en\/product\/fumoir-barbecuevidaxlmetal-noir\/","title":{"rendered":"Fumoir barbecue\t\t\t\t\t\t\tVIDAXL\t\t\t\tM\u00e9tal Noir"},"content":{"rendered":"<div class=\"product-features__content\">\n<ul role=\"list\">\n<li class=\"product-features__item\" role=\"listitem\">\n<h3 class=\"product-features__label\">Descriptif de l&rsquo;accessoire<\/h3>\n<ul role=\"list\">\n<li class=\"product-features__item-list__item\" role=\"listitem\"><span class=\"is--medium\">Type de produit :<\/span> Fumoir barbecue\t\t\t\t\t<\/li>\n<li class=\"product-features__item-list__item\" role=\"listitem\"><span class=\"is--medium\">Usage :<\/span> Barbecue\t\t\t\t\t<\/li>\n<li class=\"product-features__item-list__item\" role=\"listitem\"><span class=\"is--medium\">Mati\u00e8re de l&rsquo;accessoire :<\/span> M\u00e9tal Enrob\u00e9\t\t\t\t\t<\/li>\n<\/ul>\n<\/li>\n<li class=\"product-features__item\" role=\"listitem\">\n<h3 class=\"product-features__label\">Compatibilit\u00e9 de l&rsquo;accessoire<\/h3>\n<ul role=\"list\">\n<li class=\"product-features__item-list__item\" role=\"listitem\"><span class=\"is--medium\">Barbecue(s) compatible(s) :<\/span> Non communiqu\u00e9\t\t\t\t\t<\/li>\n<\/ul>\n<\/li>\n<li class=\"product-features__item\" role=\"listitem\">\n<h3 class=\"product-features__label\">Pr\u00e9cautions d&rsquo;utilisation du produit<\/h3>\n<ul role=\"list\">\n<li class=\"product-features__item-list__item\" role=\"listitem\"><span class=\"is--medium\">Conseil de s\u00e9curit\u00e9 :<\/span> Produit non concern\u00e9\t\t\t\t\t<\/li>\n<li class=\"product-features__item-list__item\" role=\"listitem\"><span class=\"is--medium\">Produit canc\u00e9rig\u00e8ne :<\/span> Non\t\t\t\t\t<\/li>\n<li class=\"product-features__item-list__item\" role=\"listitem\"><span class=\"is--medium\">Produit comburant (facilite la combustion) :<\/span> Non\t\t\t\t\t<\/li>\n<li class=\"product-features__item-list__item\" role=\"listitem\"><span class=\"is--medium\">Produit corrosif :<\/span> Non\t\t\t\t\t<\/li>\n<li class=\"product-features__item-list__item\" role=\"listitem\"><span class=\"is--medium\">Produit dangereux en milieu aquatique :<\/span> Non\t\t\t\t\t<\/li>\n<li class=\"product-features__item-list__item\" role=\"listitem\"><span class=\"is--medium\">Produit explosif :<\/span> Non\t\t\t\t\t<\/li>\n<li class=\"product-features__item-list__item\" role=\"listitem\"><span class=\"is--medium\">Produit avec gaz sous pression :<\/span> Non\t\t\t\t\t<\/li>\n<li class=\"product-features__item-list__item\" role=\"listitem\"><span class=\"is--medium\">Produit inflammable :<\/span> Non\t\t\t\t\t<\/li>\n<li class=\"product-features__item-list__item\" role=\"listitem\"><span class=\"is--medium\">Produit toxique :<\/span> Non\t\t\t\t\t<\/li>\n<li class=\"product-features__item-list__item\" role=\"listitem\"><span class=\"is--medium\">Produit toxique et irritant :<\/span> Non\t\t\t\t\t<\/li>\n<\/ul>\n<\/li>\n<li class=\"product-features__item\" role=\"listitem\">\n<h3 class=\"product-features__label\">Informations compl\u00e9mentaires<\/h3>\n<ul role=\"list\">\n<li class=\"product-features__item-list__item\" role=\"listitem\"><span class=\"is--medium\">Fabriqu\u00e9 en :<\/span> Chine\t\t\t\t\t<\/li>\n<li class=\"product-features__item-list__item\" role=\"listitem\"><span class=\"is--medium\">Disponibilit\u00e9 des pi\u00e8ces d\u00e9tach\u00e9es (donn\u00e9es fournisseur) :<\/span> Non communiqu\u00e9e\t\t\t\t\t<\/li>\n<li class=\"product-features__item-list__item\" role=\"listitem\"><span class=\"is--medium\">R\u00e9f\u00e9rence constructeur :<\/span> M\u00e9tal Noir\t\t\t\t\t<\/li>\n<li class=\"product-features__item-list__item\" role=\"listitem\"><span class=\"is--medium\">Marque :<\/span> VIDAXL\t\t\t\t\t<\/li>\n<\/ul>\n<\/li>\n<li class=\"product-features__item\" role=\"listitem\">\n<h3 class=\"product-features__label\">Facette type de produit<\/h3>\n<ul role=\"list\">\n<li class=\"product-features__item-list__item\" role=\"listitem\"><span class=\"is--medium\">Type de produit :<\/span> Accessoire de cuisine\t\t\t\t\t<\/li>\n<\/ul>\n<\/li>\n<\/ul>\n<\/div>\n<div class=\"product__disclosure-content\">\n<div class=\"js-read-more product-description__content read-more read-more--truncated\" data-read-more-name=\"description\" style=\"max-height: 500px; overflow: hidden;\">\n<p>Ce barbecue \u00e0 fumoir est une combinaison d&rsquo;un barbecue traditionnel et d&rsquo;un fumoir. Il vous permet de griller, de fumer, de r\u00f4tir et de garder vos plats au chaud. Dans le compartiment \u00e0 feu, le bois qui couve produit de la chaleur et de la fum\u00e9e qui est r\u00e9partie uniform\u00e9ment dans le fumoir. Si vous vous en tenez \u00e0 une seule fa\u00e7on de cuisiner, la bo\u00eete \u00e0 feu s\u00e9par\u00e9e peut \u00eatre utilis\u00e9e pour maintenir la chaleur de votre nourriture d\u00e9j\u00e0 grill\u00e9e.<\/p>\n<p>\u00a0<\/p>\n<p>Le Nevada poss\u00e8de un compartiment \u00e0 feu et deux chambres \u00e0 fumoir. Viande, poisson, l\u00e9gumes, pizza et m\u00eame du pain peuvent \u00eatre pr\u00e9par\u00e9s d\u00e9licieusement dans le fumoir. Le go\u00fbt de votre nourriture peut \u00eatre influenc\u00e9 par votre choix de bois. Les plats peuvent \u00eatre cuits \u00e0 basse temp\u00e9rature, ce qui garantit que votre poisson et votre viande restent juteux et d\u00e9licieux.<\/p>\n<p>\u00a0<\/p>\n<p>Ce fumoir a deux compartiments de gril tr\u00e8s spacieux. Une jauge de temp\u00e9rature vous permet de surveiller la temp\u00e9rature dans le fumoir. Une \u00e9tag\u00e8re suppl\u00e9mentaire pour ranger du bois suppl\u00e9mentaire se trouve en bas.<\/p>\n<p>\u00a0<\/p>\n<p><strong>Remarque :<\/strong> Nous vous recommandons d&rsquo;utiliser un couvercle de barbecue (non inclus) pour le prot\u00e9ger contre les conditions m\u00e9t\u00e9orologiques d\u00e9favorables.<\/p>\n<\/p>\n<ul>\n<li>Couleur : noir<\/li>\n<li>Mat\u00e9riau : m\u00e9tal enrob\u00e9<\/li>\n<li>Mat\u00e9riau des poign\u00e9es: bois<\/li>\n<li>Compartiment \u00e0 feu : 1 (\u00f830 x 30 cm)<\/li>\n<li>Chambres \u00e0 fumer : 2 (\u00f830 x 61 cm)<\/li>\n<li>Grills : 2 (54 x 30 cm)<\/li>\n<li>Surface de travail : 2 (58 x 22 cm)<\/li>\n<li>\u00c9tag\u00e8res de gril : 2 (58 x 32 cm)<\/li>\n<li>Dimensions : 173 x 51 x 132 cm (L x l x H)<\/li>\n<li>Thermom\u00e8tre int\u00e9gr\u00e9 : oui<\/li>\n<li>Prise d&rsquo;air r\u00e9glable : oui<\/li>\n<li>Allumage: charbon de bois et briquettes<\/li>\n<li>EAN : 8718475802402<\/li>\n<li>SKU : 40254<\/li>\n<li>Marque : vidaXL<\/li>\n<\/ul>\n<\/div>\n<p><bl-button a11yexpanded=\"false\" arialabel=\"Afficher toute la description\" class=\"read-more__btn\" full=\"false\" link=\"true\"><\/bl-button><\/div>","protected":false},"excerpt":{"rendered":"<div class=\"keypoints\">\n<h3 class=\"keypoints__title\">Les points cl\u00e9s<\/h3>\n<ul role=\"list\">\n<li class=\"keypoints__item\" role=\"listitem\">                                        Fumoir barbecue                      <\/li>\n<li class=\"keypoints__item\" role=\"listitem\">                                        Barbecue(s) compatible(s) : Non communiqu\u00e9                      <\/li>\n<\/ul>","protected":false},"featured_media":53159,"template":"","meta":{"_glsr_average":0,"_glsr_ranking":0,"_glsr_reviews":0},"product_cat":[364],"product_tag":[366,365,230],"class_list":{"0":"post-99990","1":"product","2":"type-product","3":"status-publish","4":"has-post-thumbnail","6":"product_cat-accessoire-barbecue-plancha","7":"product_tag-accessoire-barbecue-plancha","8":"product_tag-accessoire-cuisine-et-cuisson","9":"product_tag-cuisine-et-cuisson","11":"first","12":"instock","13":"sale","14":"shipping-taxable","15":"purchasable","16":"product-type-simple"},"_links":{"self":[{"href":"https:\/\/electromenagerexpress.com\/en\/wp-json\/wp\/v2\/product\/99990","targetHints":{"allow":["GET"]}}],"collection":[{"href":"https:\/\/electromenagerexpress.com\/en\/wp-json\/wp\/v2\/product"}],"about":[{"href":"https:\/\/electromenagerexpress.com\/en\/wp-json\/wp\/v2\/types\/product"}],"wp:featuredmedia":[{"embeddable":true,"href":"https:\/\/electromenagerexpress.com\/en\/wp-json\/wp\/v2\/media\/53159"}],"wp:attachment":[{"href":"https:\/\/electromenagerexpress.com\/en\/wp-json\/wp\/v2\/media?parent=99990"}],"wp:term":[{"taxonomy":"product_cat","embeddable":true,"href":"https:\/\/electromenagerexpress.com\/en\/wp-json\/wp\/v2\/product_cat?post=99990"},{"taxonomy":"product_tag","embeddable":true,"href":"https:\/\/electromenagerexpress.com\/en\/wp-json\/wp\/v2\/product_tag?post=99990"}],"curies":[{"name":"wp","href":"https:\/\/api.w.org\/{rel}","templated":true}]}}