{"id":99986,"date":"2024-11-28T18:29:34","date_gmt":"2024-11-28T18:29:34","guid":{"rendered":"https:\/\/electromenagerexpress.com\/product\/braseroblumfeldtturion-o70-cm-noir\/"},"modified":"2024-11-28T18:29:39","modified_gmt":"2024-11-28T18:29:39","slug":"braseroblumfeldtturion-o70-cm-noir","status":"publish","type":"product","link":"https:\/\/electromenagerexpress.com\/en\/product\/braseroblumfeldtturion-o70-cm-noir\/","title":{"rendered":"Brasero\t\t\t\t\t\t\tBLUMFELDT\t\t\t\tTurion \u00d870 cm &#8211; Noir"},"content":{"rendered":"<div class=\"product-features__content\">\n<ul role=\"list\">\n<li class=\"product-features__item\" role=\"listitem\">\n<h3 class=\"product-features__label\">Cuisson<\/h3>\n<ul role=\"list\">\n<li class=\"product-features__item-list__item\" role=\"listitem\"><span class=\"is--medium\">Nombre de personnes :<\/span> De 4 \u00e0 6 personnes\t\t\t\t\t<\/li>\n<li class=\"product-features__item-list__item\" role=\"listitem\"><span class=\"is--medium\">Energie :<\/span> Charbon de bois\t\t\t\t\t<\/li>\n<li class=\"product-features__item-list__item\" role=\"listitem\"><span class=\"is--medium\">Type de cuisson :<\/span> Grill\t\t\t\t\t<\/li>\n<li class=\"product-features__item-list__item\" role=\"listitem\"><span class=\"is--medium\">Clapet d&rsquo;a\u00e9ration :<\/span> Non\t\t\t\t\t<\/li>\n<\/ul>\n<\/li>\n<li class=\"product-features__item\" role=\"listitem\">\n<h3 class=\"product-features__label\">Equipement<\/h3>\n<ul role=\"list\">\n<li class=\"product-features__item-list__item\" role=\"listitem\"><span class=\"is--medium\">Nombre de grilles \/ plaques :<\/span> 1 grille\t\t\t\t\t<\/li>\n<li class=\"product-features__item-list__item\" role=\"listitem\"><span class=\"is--medium\">Grille :<\/span> Mod\u00e8le simple\t\t\t\t\t<\/li>\n<li class=\"product-features__item-list__item\" role=\"listitem\"><span class=\"is--medium\">Grille maintien au chaud :<\/span> Non\t\t\t\t\t<\/li>\n<li class=\"product-features__item-list__item\" role=\"listitem\"><span class=\"is--medium\">Thermom\u00e8tre :<\/span> Non\t\t\t\t\t<\/li>\n<li class=\"product-features__item-list__item\" role=\"listitem\"><span class=\"is--medium\">Minuteur :<\/span> Non\t\t\t\t\t<\/li>\n<li class=\"product-features__item-list__item\" role=\"listitem\"><span class=\"is--medium\">Crochets de suspension :<\/span> 1 crochet porte-ustensiles\t\t\t\t\t<\/li>\n<\/ul>\n<\/li>\n<li class=\"product-features__item\" role=\"listitem\">\n<h3 class=\"product-features__label\">Mati\u00e8re et coloris<\/h3>\n<ul role=\"list\">\n<li class=\"product-features__item-list__item\" role=\"listitem\"><span class=\"is--medium\">De la surface de cuisson :<\/span> Inox\t\t\t\t\t<\/li>\n<li class=\"product-features__item-list__item\" role=\"listitem\"><span class=\"is--medium\">De la cuve :<\/span> Acier inoxydable\t\t\t\t\t<\/li>\n<li class=\"product-features__item-list__item\" role=\"listitem\"><span class=\"is--medium\">Coloris :<\/span> Noir\t\t\t\t\t<\/li>\n<\/ul>\n<\/li>\n<li class=\"product-features__item\" role=\"listitem\">\n<h3 class=\"product-features__label\">Facilit\u00e9 de nettoyage<\/h3>\n<ul role=\"list\">\n<li class=\"product-features__item-list__item\" role=\"listitem\"><span class=\"is--medium\">Grille\/plaque amovible :<\/span> Oui\t\t\t\t\t<\/li>\n<li class=\"product-features__item-list__item\" role=\"listitem\"><span class=\"is--medium\">Compatible au lave-vaisselle :<\/span> Non\t\t\t\t\t<\/li>\n<li class=\"product-features__item-list__item\" role=\"listitem\"><span class=\"is--medium\">Enti\u00e8rement d\u00e9montable :<\/span> Oui\t\t\t\t\t<\/li>\n<li class=\"product-features__item-list__item\" role=\"listitem\"><span class=\"is--medium\">R\u00e9cup\u00e9ration des cendres :<\/span> Cendrier amovible\t\t\t\t\t<\/li>\n<\/ul>\n<\/li>\n<li class=\"product-features__item\" role=\"listitem\">\n<h3 class=\"product-features__label\">Agencement<\/h3>\n<ul role=\"list\">\n<li class=\"product-features__item-list__item\" role=\"listitem\"><span class=\"is--medium\">Mobilit\u00e9 :<\/span> Sur pieds\t\t\t\t\t<\/li>\n<li class=\"product-features__item-list__item\" role=\"listitem\"><span class=\"is--medium\">Avantage de la mobilit\u00e9 :<\/span> Sur pieds pour lui trouver un espace d\u00e9di\u00e9\t\t\t\t\t<\/li>\n<li class=\"product-features__item-list__item\" role=\"listitem\"><span class=\"is--medium\">Chariot pliable :<\/span> Non\t\t\t\t\t<\/li>\n<li class=\"product-features__item-list__item\" role=\"listitem\"><span class=\"is--medium\">Pieds r\u00e9glables :<\/span> Non\t\t\t\t\t<\/li>\n<li class=\"product-features__item-list__item\" role=\"listitem\"><span class=\"is--medium\">Couvercle :<\/span> Non\t\t\t\t\t<\/li>\n<li class=\"product-features__item-list__item\" role=\"listitem\"><span class=\"is--medium\">Pare-vent :<\/span> Non\t\t\t\t\t<\/li>\n<li class=\"product-features__item-list__item\" role=\"listitem\"><span class=\"is--medium\">Tablette de travail :<\/span> Frontale\t\t\t\t\t<\/li>\n<li class=\"product-features__item-list__item\" role=\"listitem\"><span class=\"is--medium\">Poign\u00e9es de transport :<\/span> Oui\t\t\t\t\t<\/li>\n<li class=\"product-features__item-list__item\" role=\"listitem\"><span class=\"is--medium\">Espace de rangement :<\/span> Pour vos accessoires\t\t\t\t\t<\/li>\n<li class=\"product-features__item-list__item\" role=\"listitem\"><span class=\"is--medium\">Montage barbecue\/chariot :<\/span> En kit\u00a0\u00e0 monter soi-m\u00eame\t\t\t\t\t<\/li>\n<\/ul>\n<\/li>\n<li class=\"product-features__item\" role=\"listitem\">\n<h3 class=\"product-features__label\">S\u00e9curit\u00e9<\/h3>\n<ul role=\"list\">\n<li class=\"product-features__item-list__item\" role=\"listitem\"><span class=\"is--medium\">Poign\u00e9e froide :<\/span> Oui\t\t\t\t\t<\/li>\n<li class=\"product-features__item-list__item\" role=\"listitem\"><span class=\"is--medium\">Pieds antid\u00e9rapants :<\/span> Oui\t\t\t\t\t<\/li>\n<\/ul>\n<\/li>\n<li class=\"product-features__item\" role=\"listitem\">\n<h3 class=\"product-features__label\">Dimensions<\/h3>\n<ul role=\"list\">\n<li class=\"product-features__item-list__item\" role=\"listitem\"><span class=\"is--medium\">Dimension de la surface de cuisson :<\/span> Diam\u00e8tre 70 cm\t\t\t\t\t<\/li>\n<li class=\"product-features__item-list__item\" role=\"listitem\"><span class=\"is--medium\">Dimensions l x h x p :<\/span> 126 x 155 x 126 cm\t\t\t\t\t<\/li>\n<li class=\"product-features__item-list__item\" role=\"listitem\"><span class=\"is--medium\">Dimension du carton l x h x p :<\/span> 120 x 120 x 80 cm\t\t\t\t\t<\/li>\n<li class=\"product-features__item-list__item\" role=\"listitem\"><span class=\"is--medium\">Poids :<\/span> 19,50 kg\t\t\t\t\t<\/li>\n<\/ul>\n<\/li>\n<li class=\"product-features__item\" role=\"listitem\">\n<h3 class=\"product-features__label\">Informations compl\u00e9mentaires<\/h3>\n<ul role=\"list\">\n<li class=\"product-features__item-list__item\" role=\"listitem\"><span class=\"is--medium\">R\u00e9f\u00e9rence constructeur :<\/span> Turion \u00d870 cm &#8211; Noir\t\t\t\t\t<\/li>\n<li class=\"product-features__item-list__item\" role=\"listitem\"><span class=\"is--medium\">Marque :<\/span> BLUMFELDT\t\t\t\t\t<\/li>\n<li class=\"product-features__item-list__item\" role=\"listitem\"><span class=\"is--medium\">Disponibilit\u00e9 des pi\u00e8ces d\u00e9tach\u00e9es (donn\u00e9es fournisseur) :<\/span> Non communiqu\u00e9e\t\t\t\t\t<\/li>\n<li class=\"product-features__item-list__item\" role=\"listitem\"><span class=\"is--medium\">Fabriqu\u00e9 en :<\/span> Chine\t\t\t\t\t<\/li>\n<\/ul>\n<\/li>\n<\/ul>\n<\/div>\n<div class=\"product__disclosure-content\">\n<div class=\"js-read-more product-description__content read-more read-more--truncated\" data-read-more-name=\"description\" style=\"max-height: 500px; overflow: hidden;\">\n<p><b>Brasero robuste en t\u00f4le d&rsquo;acier avec suspension en forme de potence et pieds hauts<br \/>pour un usage plus confortable.<br \/><\/b><\/p>\n<p><b>D\u00e9placement sur la verticale de la surface de cuisson de 70 cm avec une manivelle et<br \/>un c\u00e2ble.<\/b><\/p>\n<p><b>Brasero complet en t\u00f4le d&rsquo;acier \u00e9paisse avec plateau, barre de crochets et bo\u00eete \u00e0<br \/>cendres.<\/b><\/p>\n<p>D\u00e9couvrez une tradition issue de la Sarre : le<b> grill-pivotant<\/b> en forme de potence<br \/>Delion de <b>Blumfeldt<\/b>. Des g\u00e9n\u00e9rations de chefs barbecue connaissent bien les avantages<br \/>du grill qui se balance au dessus du feu : suspendue avec un c\u00e2ble, la grille du<br \/>barbecue de 70 cm de diam\u00e8tre oscille d\u00e9licatement sur le feu et les aliments sont<br \/>toujours grill\u00e9s \u00e0 point sans risque d&rsquo;\u00eatre cr\u00e2m\u00e9s. Une manivelle pratique permet de<br \/>r\u00e9gler \u00e0 tout moment la distance entre la grille et le feu sans que vous risquiez de<br \/>vous br\u00fbler les doigts. De m\u00eame, un rebord de s\u00e9curit\u00e9 emp\u00eache les aliments de tomber<br \/>dans le feu lors de mouvements un peu trop vigoureux.<\/p>\n<p>Et pour que la soir\u00e9e barbecue reste un plaisir malgr\u00e9 les heures pass\u00e9es debout<br \/>occup\u00e9 \u00e0 griller, le Delion poss\u00e8de des pieds hauts qui am\u00e8nent le brasero \u00e0 77 cm de<br \/>hauteur, hauteur id\u00e9ale pour pr\u00e9parer les meilleures viandes sans se baisser \u00e0<br \/>longeur de temps. Pour augmenter encore le confort et la performance, le brasero du<br \/>grill-pivotant Delion poss\u00e8de aussi une bo\u00eete pour r\u00e9cup\u00e9rer les cendres. Le<br \/>r\u00e9cipient r\u00e9cup\u00e8re non seulement les restes du feu mais permet aussi de faire<br \/>circuler l&rsquo;air par le dessous ce qui facilite grandement le d\u00e9part du feu.<\/p>\n<p>Le <b>brasero<\/b> du <b>grill pivotant<\/b> Delion est en t\u00f4le d&rsquo;acier \u00e9paisse de 1,55 mm qui<br \/>r\u00e9sistera \u00e0 toutes les temp\u00e9ratures. Et effectivement, c&rsquo;est bien cet aspect qui<br \/>compte pour des feux de joie r\u00e9ussi, car le brasero pourra aussi se d\u00e9solidariser<br \/>facilement de la potence gr\u00e2ce \u00e0 une vis \u00e0 oreilles. C&rsquo;est d&rsquo;ailleurs la m\u00eame vis qui<br \/>servira \u00e0 fixer la grille sur le c\u00f4t\u00e9 pour alimenter confortablement le feu par<br \/>exemple.<\/p>\n<p>Pour qu&rsquo;une soir\u00e9e barbecue reste un moment de plaisir du d\u00e9but \u00e0 la fin, Blumfeldt a<br \/>pr\u00e9vu des am\u00e9nagements bien utiles. Par exemple, il est possible de fixer un plan de<br \/>travail sur le c\u00f4t\u00e9 du brasero qui pourra servir soit \u00e0 couper la viande avant ou<br \/>apr\u00e8s la cuisson ou bien \u00e0 poser divers accessoires utiles au chef cuisson tel que sa<br \/>boisson ou son assortissement de sauces et \u00e9pices. Autre accessoire pratique, la<br \/>barre de crochets qui permet d&rsquo;accrocher des couverts, collection de couteaux ou<br \/>gants de cuisine afin que vous ayez tout sous la main avec le grill Delion.<\/p>\n<p>Que ce soit pour des soir\u00e9es de d\u00e9gustations ou pour des veill\u00e9es romantiques au coin<br \/>du feu, le <b>grill pivotant<\/b> Delion de <b>Blumfeldt<\/b> poss\u00e8de tous les \u00e9l\u00e8ments pour des<br \/>soir\u00e9es merveilleuses.<\/p>\n<p><b>Top Features:<\/b><\/p>\n<p>\u2022 Grill pivotant robuste en acier avec brasero et suspension<br \/>\u2022 Surface large de cuisson de 70 cm de diam\u00e8tre, mobile<br \/>\u2022 Pieds extra longs pour soulager le dos<br \/>\u2022 Brasero en t\u00f4le d&rsquo;acier \u00e9paisse de 1,55 mm<br \/>\u2022 Suspension pour c\u00e2ble avec manivelle pour manoeuvrer facilement la surface de<br \/>cuisson<\/p>\n<p><b>Caract\u00e9ristiques:<\/b><\/p>\n<p>\u2022 Potence pour grill pivotant, facilement d\u00e9montable avec une vis \u00e0 oreilles<br \/>\u2022 Brasero avec bo\u00eete pour r\u00e9cup\u00e9rer les cendres et faire circuler l&rsquo;air par en-dessous<br \/>\u2022 Surface de cuisson avec rebord<br \/>\u2022 Crochets de s\u00e9curit\u00e9 pour bloquer le c\u00e2ble<br \/>\u2022 Plan de travail en bois pouvant \u00eatre suspendu pour couper ou poser les aliments<br \/>\u2022 Barre de 5 crochets \u00e0 fixer pour des couverts ou autre<br \/>\u2022 Brasero avec poign\u00e9es pour un d\u00e9placement ais\u00e9<\/p>\n<p><b>Inclus dans la livraison:<\/b><\/p>\n<p>\u2022 1 x grill (en kit)<br \/>\u2022 1 x plan de travail<br \/>\u2022 1 x barre de crochets<br \/>\u2022 1 x grille<\/p>\n<p><b>Dimensions:<\/b><\/p>\n<p>\u2022 Dimensions du grill (avec plateau mont\u00e9) : 126 x 155 cm (\u00f8xH)<br \/>\u2022 Dimensions du brasero (sans plateau) : 96 x 77 cm (\u00f8xH)<br \/>\u2022 Dimensions du plateau (en forme de trap\u00e8ze) : 46 x 35 x 80 x 2 cm (c\u00f4t\u00e9 \u00e9troit x<br \/>longueur x c\u00f4t\u00e9 large x \u00e9paisseur)<br \/>\u2022 Hauteur de la potence : 77 cm<br \/>\u2022 Dimensions de la grille : 70 cm<br \/>\u2022 El\u00e9vation max. de la surface de cuisson : 25 cm<br \/>\u2022 Poids (total) : 19,5 kg environ<\/p>\n<\/div>\n<p><bl-button a11yexpanded=\"false\" arialabel=\"Afficher toute la description\" class=\"read-more__btn\" full=\"false\" link=\"true\">Voir plus<\/bl-button><\/div>","protected":false},"excerpt":{"rendered":"<div class=\"keypoints\">\n<h3 class=\"keypoints__title\">Les points cl\u00e9s<\/h3>\n<ul role=\"list\">\n<li class=\"keypoints__item\" role=\"listitem\">                          De 4 \u00e0 6 personnes &#8211;                                                      Sur pieds                      <\/li>\n<li class=\"keypoints__item\" role=\"listitem\">                                        Mati\u00e8re de la cuve : en acier inoxydable                      <\/li>\n<li class=\"keypoints__item\" role=\"listitem\">                                        Dimension de la surface de cuisson : Diam\u00e8tre 70 cm                      <\/li>\n<\/ul>","protected":false},"featured_media":53119,"template":"","meta":{"_glsr_average":0,"_glsr_ranking":0,"_glsr_reviews":0},"product_cat":[383],"product_tag":[361,384,230],"class_list":{"0":"post-99986","1":"product","2":"type-product","3":"status-publish","4":"has-post-thumbnail","6":"product_cat-brasero","7":"product_tag-barbecue","8":"product_tag-brasero","9":"product_tag-cuisine-et-cuisson","11":"first","12":"instock","13":"sale","14":"shipping-taxable","15":"purchasable","16":"product-type-simple"},"_links":{"self":[{"href":"https:\/\/electromenagerexpress.com\/en\/wp-json\/wp\/v2\/product\/99986","targetHints":{"allow":["GET"]}}],"collection":[{"href":"https:\/\/electromenagerexpress.com\/en\/wp-json\/wp\/v2\/product"}],"about":[{"href":"https:\/\/electromenagerexpress.com\/en\/wp-json\/wp\/v2\/types\/product"}],"wp:featuredmedia":[{"embeddable":true,"href":"https:\/\/electromenagerexpress.com\/en\/wp-json\/wp\/v2\/media\/53119"}],"wp:attachment":[{"href":"https:\/\/electromenagerexpress.com\/en\/wp-json\/wp\/v2\/media?parent=99986"}],"wp:term":[{"taxonomy":"product_cat","embeddable":true,"href":"https:\/\/electromenagerexpress.com\/en\/wp-json\/wp\/v2\/product_cat?post=99986"},{"taxonomy":"product_tag","embeddable":true,"href":"https:\/\/electromenagerexpress.com\/en\/wp-json\/wp\/v2\/product_tag?post=99986"}],"curies":[{"name":"wp","href":"https:\/\/api.w.org\/{rel}","templated":true}]}}