{"id":99979,"date":"2024-11-28T18:29:04","date_gmt":"2024-11-28T18:29:04","guid":{"rendered":"https:\/\/electromenagerexpress.com\/product\/braseroblumfeldtfire-globe-o60-cm-rouille\/"},"modified":"2024-11-28T18:29:06","modified_gmt":"2024-11-28T18:29:06","slug":"braseroblumfeldtfire-globe-o60-cm-rouille","status":"publish","type":"product","link":"https:\/\/electromenagerexpress.com\/en\/product\/braseroblumfeldtfire-globe-o60-cm-rouille\/","title":{"rendered":"Brasero\t\t\t\t\t\t\tBLUMFELDT\t\t\t\tFire Globe \u00d860 cm &#8211; Rouille"},"content":{"rendered":"<div class=\"product-features__content\">\n<ul role=\"list\">\n<li class=\"product-features__item\" role=\"listitem\">\n<h3 class=\"product-features__label\">Cuisson<\/h3>\n<ul role=\"list\">\n<li class=\"product-features__item-list__item\" role=\"listitem\"><span class=\"is--medium\">Nombre de personnes :<\/span> De 4 \u00e0 6 personnes\t\t\t\t\t<\/li>\n<li class=\"product-features__item-list__item\" role=\"listitem\"><span class=\"is--medium\">Energie :<\/span> Charbon de bois\t\t\t\t\t<\/li>\n<li class=\"product-features__item-list__item\" role=\"listitem\"><span class=\"is--medium\">Type de cuisson :<\/span> Grill\t\t\t\t\t<\/li>\n<li class=\"product-features__item-list__item\" role=\"listitem\"><span class=\"is--medium\">Clapet d&rsquo;a\u00e9ration :<\/span> Non\t\t\t\t\t<\/li>\n<\/ul>\n<\/li>\n<li class=\"product-features__item\" role=\"listitem\">\n<h3 class=\"product-features__label\">Equipement<\/h3>\n<ul role=\"list\">\n<li class=\"product-features__item-list__item\" role=\"listitem\"><span class=\"is--medium\">Nombre de grilles \/ plaques :<\/span> 2 grilles\t\t\t\t\t<\/li>\n<li class=\"product-features__item-list__item\" role=\"listitem\"><span class=\"is--medium\">Grille :<\/span> Mod\u00e8le simple\t\t\t\t\t<\/li>\n<li class=\"product-features__item-list__item\" role=\"listitem\"><span class=\"is--medium\">Grille maintien au chaud :<\/span> Non\t\t\t\t\t<\/li>\n<li class=\"product-features__item-list__item\" role=\"listitem\"><span class=\"is--medium\">Thermom\u00e8tre :<\/span> Non\t\t\t\t\t<\/li>\n<li class=\"product-features__item-list__item\" role=\"listitem\"><span class=\"is--medium\">Minuteur :<\/span> Non\t\t\t\t\t<\/li>\n<li class=\"product-features__item-list__item\" role=\"listitem\"><span class=\"is--medium\">Crochets de suspension :<\/span> Non\t\t\t\t\t<\/li>\n<\/ul>\n<\/li>\n<li class=\"product-features__item\" role=\"listitem\">\n<h3 class=\"product-features__label\">Mati\u00e8re et coloris<\/h3>\n<ul role=\"list\">\n<li class=\"product-features__item-list__item\" role=\"listitem\"><span class=\"is--medium\">De la surface de cuisson :<\/span> Inox\t\t\t\t\t<\/li>\n<li class=\"product-features__item-list__item\" role=\"listitem\"><span class=\"is--medium\">De la cuve :<\/span> Acier inoxydable\t\t\t\t\t<\/li>\n<li class=\"product-features__item-list__item\" role=\"listitem\"><span class=\"is--medium\">Coloris :<\/span> Cuivre\t\t\t\t\t<\/li>\n<\/ul>\n<\/li>\n<li class=\"product-features__item\" role=\"listitem\">\n<h3 class=\"product-features__label\">Facilit\u00e9 de nettoyage<\/h3>\n<ul role=\"list\">\n<li class=\"product-features__item-list__item\" role=\"listitem\"><span class=\"is--medium\">Grille\/plaque amovible :<\/span> Oui\t\t\t\t\t<\/li>\n<li class=\"product-features__item-list__item\" role=\"listitem\"><span class=\"is--medium\">Compatible au lave-vaisselle :<\/span> Non\t\t\t\t\t<\/li>\n<li class=\"product-features__item-list__item\" role=\"listitem\"><span class=\"is--medium\">Enti\u00e8rement d\u00e9montable :<\/span> Oui\t\t\t\t\t<\/li>\n<li class=\"product-features__item-list__item\" role=\"listitem\"><span class=\"is--medium\">R\u00e9cup\u00e9ration des cendres :<\/span> Non\t\t\t\t\t<\/li>\n<\/ul>\n<\/li>\n<li class=\"product-features__item\" role=\"listitem\">\n<h3 class=\"product-features__label\">Agencement<\/h3>\n<ul role=\"list\">\n<li class=\"product-features__item-list__item\" role=\"listitem\"><span class=\"is--medium\">Mobilit\u00e9 :<\/span> Sur pieds\t\t\t\t\t<\/li>\n<li class=\"product-features__item-list__item\" role=\"listitem\"><span class=\"is--medium\">Avantage de la mobilit\u00e9 :<\/span> Sur pieds pour lui trouver un espace d\u00e9di\u00e9\t\t\t\t\t<\/li>\n<li class=\"product-features__item-list__item\" role=\"listitem\"><span class=\"is--medium\">Chariot pliable :<\/span> Non\t\t\t\t\t<\/li>\n<li class=\"product-features__item-list__item\" role=\"listitem\"><span class=\"is--medium\">Pieds r\u00e9glables :<\/span> Non\t\t\t\t\t<\/li>\n<li class=\"product-features__item-list__item\" role=\"listitem\"><span class=\"is--medium\">Couvercle :<\/span> Non\t\t\t\t\t<\/li>\n<li class=\"product-features__item-list__item\" role=\"listitem\"><span class=\"is--medium\">Pare-vent :<\/span> Non\t\t\t\t\t<\/li>\n<li class=\"product-features__item-list__item\" role=\"listitem\"><span class=\"is--medium\">Tablette de travail :<\/span> Non\t\t\t\t\t<\/li>\n<li class=\"product-features__item-list__item\" role=\"listitem\"><span class=\"is--medium\">Poign\u00e9es de transport :<\/span> Non\t\t\t\t\t<\/li>\n<li class=\"product-features__item-list__item\" role=\"listitem\"><span class=\"is--medium\">Espace de rangement :<\/span> Non\t\t\t\t\t<\/li>\n<li class=\"product-features__item-list__item\" role=\"listitem\"><span class=\"is--medium\">Montage barbecue\/chariot :<\/span> En kit\u00a0\u00e0 monter soi-m\u00eame\t\t\t\t\t<\/li>\n<\/ul>\n<\/li>\n<li class=\"product-features__item\" role=\"listitem\">\n<h3 class=\"product-features__label\">S\u00e9curit\u00e9<\/h3>\n<ul role=\"list\">\n<li class=\"product-features__item-list__item\" role=\"listitem\"><span class=\"is--medium\">Poign\u00e9e froide :<\/span> Non\t\t\t\t\t<\/li>\n<li class=\"product-features__item-list__item\" role=\"listitem\"><span class=\"is--medium\">Pieds antid\u00e9rapants :<\/span> Oui\t\t\t\t\t<\/li>\n<\/ul>\n<\/li>\n<li class=\"product-features__item\" role=\"listitem\">\n<h3 class=\"product-features__label\">Dimensions<\/h3>\n<ul role=\"list\">\n<li class=\"product-features__item-list__item\" role=\"listitem\"><span class=\"is--medium\">Dimension de la surface de cuisson :<\/span> Diam\u00e8tre 58 cm\t\t\t\t\t<\/li>\n<li class=\"product-features__item-list__item\" role=\"listitem\"><span class=\"is--medium\">Dimensions l x h x p :<\/span> 60 x 120 x 60 cm\t\t\t\t\t<\/li>\n<li class=\"product-features__item-list__item\" role=\"listitem\"><span class=\"is--medium\">Dimension du carton l x h x p :<\/span> 120 x 120 x 80 cm\t\t\t\t\t<\/li>\n<li class=\"product-features__item-list__item\" role=\"listitem\"><span class=\"is--medium\">Poids :<\/span> 25,00 kg\t\t\t\t\t<\/li>\n<\/ul>\n<\/li>\n<li class=\"product-features__item\" role=\"listitem\">\n<h3 class=\"product-features__label\">Informations compl\u00e9mentaires<\/h3>\n<ul role=\"list\">\n<li class=\"product-features__item-list__item\" role=\"listitem\"><span class=\"is--medium\">R\u00e9f\u00e9rence constructeur :<\/span> Fire Globe \u00d860 cm &#8211; Rouille\t\t\t\t\t<\/li>\n<li class=\"product-features__item-list__item\" role=\"listitem\"><span class=\"is--medium\">Marque :<\/span> BLUMFELDT\t\t\t\t\t<\/li>\n<li class=\"product-features__item-list__item\" role=\"listitem\"><span class=\"is--medium\">Disponibilit\u00e9 des pi\u00e8ces d\u00e9tach\u00e9es (donn\u00e9es fournisseur) :<\/span> Non communiqu\u00e9e\t\t\t\t\t<\/li>\n<li class=\"product-features__item-list__item\" role=\"listitem\"><span class=\"is--medium\">Fabriqu\u00e9 en :<\/span> Chine\t\t\t\t\t<\/li>\n<\/ul>\n<\/li>\n<\/ul>\n<\/div>\n<div class=\"product__disclosure-content\">\n<div class=\"js-read-more product-description__content read-more read-more--truncated\" data-read-more-name=\"description\" style=\"max-height: 500px; overflow: hidden;\">\n<p><b>Des flammes flamboyantes : solide bras\u00e9ro en acier de 60 cm de diam\u00e8tre pour le<br \/>jardin, la cour ou la terrasse.<\/b><\/p>\n<p><b>D\u00e9licieux : fonction 2 en 1 pratique avec grille chrom\u00e9e de 59 cm de large et plaque<br \/>de cuisson \u00e0 utiliser comme barbecue avec des b\u00fbches. <\/b><\/p>\n<p><b>Design intemporel : style industriel rustique \u00e0 l&rsquo;aspect vieilli et rouille<br \/>artificielle.<\/b><\/p>\n<p>Le <b>bras\u00e9ro avec barbecue<\/b><b>blumfeldt<\/b> Fire Globe est la combinaison d&rsquo;un barbecue et <b>d&rsquo;un<br \/>bras\u00e9ro<\/b>.<\/p>\n<p>Profitez de la soir\u00e9e dans le jardin ou sur la terrasse : avec le <b>bras\u00e9ro avec<br \/>barbecue<\/b><b>blumfeldt<\/b> le plaisir est double. Dans le <b>bras\u00e9ro <\/b>de 60 cm de diam\u00e8tre, des<br \/>b\u00fbches aux flammes vacillantes diffusent une chaleur agr\u00e9able et une atmosph\u00e8re de<br \/>feu de camp. La coque solide est en acier de 2,8 mm d&rsquo;\u00e9paisseur &#8211; donc r\u00e9sistante aux<br \/>intemp\u00e9ries et robuste. Ce devient d\u00e9licieux lorsque la plaque de cuisson chrom\u00e9e de<br \/>59 cm de large sera utilis\u00e9e sur <b>le bras\u00e9ro<\/b> Fire Globe. La plaque est fix\u00e9e \u00e0 trois<br \/>c\u00e2bles d&rsquo;acier et suspendue au-dessus du <b>bras\u00e9ro<\/b>. Gr\u00e2ce au c\u00e2ble de traction, r\u00e9glez<br \/>la hauteur comme avec une canne \u00e0 p\u00eache et adaptez ainsi la chaleur \u00e0 vos grillades.<br \/>De plus, vous pouvez pr\u00e9parer d&rsquo;autres d\u00e9licieuses sp\u00e9cialit\u00e9s de grillades sur la<br \/>plaque de cuisson \u00e9maill\u00e9e. La base en forme de croix assure un support solide \u00e0 la<br \/>fois lors de la cuisson et lorsqu&rsquo;il est utilis\u00e9 comme <b>bras\u00e9ro<\/b>. Avec son design<br \/>industriel au look rouille, le Fire Globe s&rsquo;int\u00e8gre facilement dans n&rsquo;importe quelle<br \/>ambiance de jardin ou de terrasse.<\/p>\n<p>Romantisme, chaleur et d\u00e9licieux repas sur deux niveaux : voil\u00e0 ce que propose le<br \/><b>bras\u00e9ro avec barbecue<\/b><b>blumfeldt<\/b> Fire Globe. <\/p>\n<p><b>Top Features:<\/b><\/p>\n<p>\u2022 <b>Lueur du feu <\/b><b>:<\/b> bras\u00e9ro pour de la chaleur et de l&rsquo;ambiance dans le jardin et sur la<br \/>terrasse<br \/>\u2022 <b>Go\u00fbt sur 2 \u00e9tages :<\/b> gr\u00e2ce \u00e0 la grille pratique de 59 cm et \u00e0 la plaque de cuisson<br \/>spacieuse pour des barbecues copieux<br \/>\u2022 <b>Utilisation facile :<\/b> grille r\u00e9glable en hauteur avec goupille de s\u00e9curit\u00e9<br \/>\u2022 <b>S\u00fbr :<\/b> gr\u00e2ce \u00e0 un pied en forme de croix<br \/>\u2022 <b>Charme rustique :<\/b> gr\u00e2ce \u00e0 des surfaces artificiellement rouill\u00e9es au look industriel<\/p>\n<p><b>Caract\u00e9ristiques:<\/b><\/p>\n<p>\u2022 uniquement pour une utilisation \u00e0 l&rsquo;ext\u00e9rieur<br \/>\u2022 Mat\u00e9riau de la vasque : acier<br \/>\u2022 grille de barbecue chrom\u00e9e et plaque de cuisson \u00e9maill\u00e9e incluses<br \/>\u2022 avec grille \u00e0 cendre<br \/>\u2022 Diam\u00e8tre de la vasque : 60 cm<br \/>\u2022 Diam\u00e8tre de la grille de barbecue : 59 cm<br \/>\u2022 Plaque de cuisson de 59 cm de diam\u00e8tre avec d\u00e9coupe carr\u00e9e<br \/>\u2022 convient pour un feu de b\u00fbches<br \/>\u2022 Montage facile<\/p>\n<p><b>Inclus dans la livraison:<\/b><\/p>\n<p>\u2022 1 x bras\u00e9ro avec suspension de la grille (kit de montage)<br \/>\u2022 1 x grille de cuisson<br \/>\u2022 1 x grille de cendres<br \/>\u2022 1 x plaque de cuisson<br \/>\u2022 4 x c\u00e2ble en acier avec mousquetons<br \/>\u2022 1 x mat\u00e9riel de montage<br \/>\u2022 Mode d&#8217;emploi en fran\u00e7ais<\/p>\n<p><b>Dimensions:<\/b><\/p>\n<p>\u2022 Dimensions : env. 60 x 120 cm (\u00d8xH)<br \/>\u2022 Dimensions du bras\u00e9ro : environ 60 x 44,5 cm (\u00d8xH)<br \/>\u2022 Dimensions de la grille de barbecue : environ 59 cm (\u00d8)<br \/>\u2022 Poids : env. 25 kg<\/p>\n<\/div>\n<p><bl-button a11yexpanded=\"false\" arialabel=\"Afficher toute la description\" class=\"read-more__btn\" full=\"false\" link=\"true\">Voir plus<\/bl-button><\/div>","protected":false},"excerpt":{"rendered":"<div class=\"keypoints\">\n<h3 class=\"keypoints__title\">Les points cl\u00e9s<\/h3>\n<ul role=\"list\">\n<li class=\"keypoints__item\" role=\"listitem\">                          De 4 \u00e0 6 personnes &#8211;                                                      Sur pieds                      <\/li>\n<li class=\"keypoints__item\" role=\"listitem\">                                        Mati\u00e8re de la cuve : en acier inoxydable                      <\/li>\n<li class=\"keypoints__item\" role=\"listitem\">                                        Dimension de la surface de cuisson : Diam\u00e8tre 58 cm                      <\/li>\n<\/ul>","protected":false},"featured_media":53058,"template":"","meta":{"_glsr_average":0,"_glsr_ranking":0,"_glsr_reviews":0},"product_cat":[383],"product_tag":[361,384,230],"class_list":{"0":"post-99979","1":"product","2":"type-product","3":"status-publish","4":"has-post-thumbnail","6":"product_cat-brasero","7":"product_tag-barbecue","8":"product_tag-brasero","9":"product_tag-cuisine-et-cuisson","11":"first","12":"instock","13":"sale","14":"shipping-taxable","15":"purchasable","16":"product-type-simple"},"_links":{"self":[{"href":"https:\/\/electromenagerexpress.com\/en\/wp-json\/wp\/v2\/product\/99979","targetHints":{"allow":["GET"]}}],"collection":[{"href":"https:\/\/electromenagerexpress.com\/en\/wp-json\/wp\/v2\/product"}],"about":[{"href":"https:\/\/electromenagerexpress.com\/en\/wp-json\/wp\/v2\/types\/product"}],"wp:featuredmedia":[{"embeddable":true,"href":"https:\/\/electromenagerexpress.com\/en\/wp-json\/wp\/v2\/media\/53058"}],"wp:attachment":[{"href":"https:\/\/electromenagerexpress.com\/en\/wp-json\/wp\/v2\/media?parent=99979"}],"wp:term":[{"taxonomy":"product_cat","embeddable":true,"href":"https:\/\/electromenagerexpress.com\/en\/wp-json\/wp\/v2\/product_cat?post=99979"},{"taxonomy":"product_tag","embeddable":true,"href":"https:\/\/electromenagerexpress.com\/en\/wp-json\/wp\/v2\/product_tag?post=99979"}],"curies":[{"name":"wp","href":"https:\/\/api.w.org\/{rel}","templated":true}]}}