{"id":99973,"date":"2024-11-28T18:28:39","date_gmt":"2024-11-28T18:28:39","guid":{"rendered":"https:\/\/electromenagerexpress.com\/product\/four-a-pizza-pelletziipapack-iniziale-eucalyptus\/"},"modified":"2024-11-28T18:28:41","modified_gmt":"2024-11-28T18:28:41","slug":"four-a-pizza-pelletziipapack-iniziale-eucalyptus","status":"publish","type":"product","link":"https:\/\/electromenagerexpress.com\/en\/product\/four-a-pizza-pelletziipapack-iniziale-eucalyptus\/","title":{"rendered":"Four \u00e0 pizza pellet\t\t\t\t\t\t\tZIIPA\t\t\t\tPack Iniziale &#8211; Eucalyptus"},"content":{"rendered":"<div class=\"product-features__content\">\n<ul role=\"list\">\n<li class=\"product-features__item\" role=\"listitem\">\n<h3 class=\"product-features__label\">Cuisson<\/h3>\n<ul role=\"list\">\n<li class=\"product-features__item-list__item\" role=\"listitem\"><span class=\"is--medium\">Nombre de personnes :<\/span> De 8 \u00e0 12 personnes\t\t\t\t\t<\/li>\n<li class=\"product-features__item-list__item\" role=\"listitem\"><span class=\"is--medium\">Diam\u00e8tre de\/des pizza(s) :<\/span> 31 cm\t\t\t\t\t<\/li>\n<li class=\"product-features__item-list__item\" role=\"listitem\"><span class=\"is--medium\">Temps de cuisson :<\/span> 1 min\t\t\t\t\t<\/li>\n<li class=\"product-features__item-list__item\" role=\"listitem\"><span class=\"is--medium\">Energie :<\/span> Pellet\t\t\t\t\t<\/li>\n<li class=\"product-features__item-list__item\" role=\"listitem\"><span class=\"is--medium\">Thermostat r\u00e9glable :<\/span> Oui\t\t\t\t\t<\/li>\n<li class=\"product-features__item-list__item\" role=\"listitem\"><span class=\"is--medium\">Temp\u00e9rature maximum de cuisson :<\/span> 500\u00b0C\t\t\t\t\t<\/li>\n<li class=\"product-features__item-list__item\" role=\"listitem\"><span class=\"is--medium\">Rapidit\u00e9 de mont\u00e9e en temp\u00e9rature :<\/span> 20 minutes\t\t\t\t\t<\/li>\n<\/ul>\n<\/li>\n<li class=\"product-features__item\" role=\"listitem\">\n<h3 class=\"product-features__label\">Equipement<\/h3>\n<ul role=\"list\">\n<li class=\"product-features__item-list__item\" role=\"listitem\"><span class=\"is--medium\">Nombre de plaques :<\/span> 1 pierre\t\t\t\t\t<\/li>\n<li class=\"product-features__item-list__item\" role=\"listitem\"><span class=\"is--medium\">Thermom\u00e8tre :<\/span> Oui\t\t\t\t\t<\/li>\n<li class=\"product-features__item-list__item\" role=\"listitem\"><span class=\"is--medium\">Minuteur :<\/span> Non\t\t\t\t\t<\/li>\n<li class=\"product-features__item-list__item\" role=\"listitem\"><span class=\"is--medium\">Signal sonore de fin de cuisson :<\/span> Non\t\t\t\t\t<\/li>\n<\/ul>\n<\/li>\n<li class=\"product-features__item\" role=\"listitem\">\n<h3 class=\"product-features__label\">Mati\u00e8re et coloris<\/h3>\n<ul role=\"list\">\n<li class=\"product-features__item-list__item\" role=\"listitem\"><span class=\"is--medium\">De la plaque :<\/span> Pierre \u00e0 pizza en cordi\u00e9rite rotative \u00e0 360\u00b0\t\t\t\t\t<\/li>\n<li class=\"product-features__item-list__item\" role=\"listitem\"><span class=\"is--medium\">De la coque :<\/span> Acier inoxydable\t\t\t\t\t<\/li>\n<li class=\"product-features__item-list__item\" role=\"listitem\"><span class=\"is--medium\">Coloris :<\/span> Vert\t\t\t\t\t<\/li>\n<\/ul>\n<\/li>\n<li class=\"product-features__item\" role=\"listitem\">\n<h3 class=\"product-features__label\">Facilit\u00e9 de nettoyage<\/h3>\n<ul role=\"list\">\n<li class=\"product-features__item-list__item\" role=\"listitem\"><span class=\"is--medium\">Plaque amovible :<\/span> Oui\t\t\t\t\t<\/li>\n<li class=\"product-features__item-list__item\" role=\"listitem\"><span class=\"is--medium\">R\u00e9cup\u00e9rateur de cendres :<\/span> Oui\t\t\t\t\t<\/li>\n<\/ul>\n<\/li>\n<li class=\"product-features__item\" role=\"listitem\">\n<h3 class=\"product-features__label\">Agencement<\/h3>\n<ul role=\"list\">\n<li class=\"product-features__item-list__item\" role=\"listitem\"><span class=\"is--medium\">Mobilit\u00e9 :<\/span> Portable\t\t\t\t\t<\/li>\n<li class=\"product-features__item-list__item\" role=\"listitem\"><span class=\"is--medium\">Poign\u00e9es de transport :<\/span> Non\t\t\t\t\t<\/li>\n<\/ul>\n<\/li>\n<li class=\"product-features__item\" role=\"listitem\">\n<h3 class=\"product-features__label\">S\u00e9curit\u00e9<\/h3>\n<ul role=\"list\">\n<li class=\"product-features__item-list__item\" role=\"listitem\"><span class=\"is--medium\">Poign\u00e9e froide :<\/span> Oui\t\t\t\t\t<\/li>\n<li class=\"product-features__item-list__item\" role=\"listitem\"><span class=\"is--medium\">Parois froides :<\/span> Oui\t\t\t\t\t<\/li>\n<\/ul>\n<\/li>\n<li class=\"product-features__item\" role=\"listitem\">\n<h3 class=\"product-features__label\">Informations compl\u00e9mentaires<\/h3>\n<ul role=\"list\">\n<li class=\"product-features__item-list__item\" role=\"listitem\"><span class=\"is--medium\">Fabriqu\u00e9 en :<\/span> Chine\t\t\t\t\t<\/li>\n<li class=\"product-features__item-list__item\" role=\"listitem\"><span class=\"is--medium\">Disponibilit\u00e9 des pi\u00e8ces d\u00e9tach\u00e9es (donn\u00e9es fournisseur) :<\/span> Pendant 2 ans\t\t\t\t\t<\/li>\n<li class=\"product-features__item-list__item\" role=\"listitem\"><span class=\"is--medium\">R\u00e9f\u00e9rence constructeur :<\/span> Pack Iniziale &#8211; Eucalyptus\t\t\t\t\t<\/li>\n<li class=\"product-features__item-list__item\" role=\"listitem\"><span class=\"is--medium\">Marque :<\/span> ZIIPA\t\t\t\t\t<\/li>\n<\/ul>\n<\/li>\n<li class=\"product-features__item\" role=\"listitem\">\n<h3 class=\"product-features__label\">Dimensions<\/h3>\n<ul role=\"list\">\n<li class=\"product-features__item-list__item\" role=\"listitem\"><span class=\"is--medium\">Dimensions l x h x p :<\/span> 50 x 70 x 50 cm\t\t\t\t\t<\/li>\n<li class=\"product-features__item-list__item\" role=\"listitem\"><span class=\"is--medium\">Poids Net (kg) :<\/span> 20\t\t\t\t\t<\/li>\n<\/ul>\n<\/li>\n<\/ul>\n<\/div>\n<div class=\"product__disclosure-content\">\n<div class=\"js-read-more product-description__content read-more read-more--truncated\" data-read-more-name=\"description\" style=\"max-height: 500px; overflow: hidden;\">\n<p>Le coffret parfait pour s&rsquo;initier \u00e0 la pr\u00e9paration de pizza !<\/p>\n<p>Ce pack est id\u00e9al \u00e0 offrir ou \u00e0 s&rsquo;offrir pour les d\u00e9butants et amoureux de la pizza.<br \/>Avec le four \u00e0 pizza \u00e0 pellets, facilit\u00e9 d&rsquo;utilisation et go\u00fbt authentique du feu de bois sont garantis !<\/p>\n<p>Disponible dans les quatre coloris embl\u00e9matiques : Charbon, Eucalyptus, Terracotta et Ardoise.<\/p>\n<p>Que contient le coffret ? <\/p>\n<p>\uf0a7\tFour \u00e0 pizza \u00e0 pellets \u2022 Piana \u2022 Eucalyptus<\/p>\n<p>Le four \u00e0 pizza est compact, facile \u00e0 utiliser et fonctionne aux pellets pour une cuisson traditionnelle au v\u00e9ritable go\u00fbt du feu de bois. Gr\u00e2ce \u00e0 sa pierre tournante en cordi\u00e9rite, une cuisson uniforme est assur\u00e9e. Id\u00e9al pour les d\u00e9butants, il offre une exp\u00e9rience de cuisson unique. Dimensions : 73 x 40 x 72,5 cm.<\/p>\n<p>\uf0a7\tPelle \u00e0 pizza perfor\u00e9e \u2022 Eva<\/p>\n<p>Cette pelle \u00e0 pizza perfor\u00e9e en aluminium anodis\u00e9 de haute qualit\u00e9 est con\u00e7ue pour des pizzas maison parfaites. La pelle est l&rsquo;alli\u00e9e ultime pour r\u00e9volutionner vos pr\u00e9parations et cuissons gr\u00e2ce \u00e0 ses perforations qui \u00e9vacuent le surplus de farine et assurent une manipulation ais\u00e9e. Dimensions : 65 x 30,5 x 2 cm.<\/p>\n<p>\uf0a7\tPellets 100% h\u00eatre pour four \u00e0 pizza \u2022 5kg<\/p>\n<p>Les pellets de h\u00eatre sont alimentaires. De haute qualit\u00e9, ils sont sp\u00e9cialement con\u00e7us pour le four \u00e0 pizza \u00e0 pellets Piana. Ils assurent une combustion propre et durable, offrant une saveur authentique \u00e0 vos pizzas. Un sac contient 5kg de pellets, garantissant une utilisation prolong\u00e9e et efficace.<\/p>\n<p>\uf0a7\tPelle \u00e0 pellets \u2022 Melfa \u2022 Eucalyptus<\/p>\n<p>La pelle \u00e0 pellets Melfa est pratique pour r\u00e9cup\u00e9rer et d\u00e9poser facilement les pellets dans le r\u00e9servoir ou le distributeur. Sa couleur Eucalyptus lui donne un style moderne et \u00e9l\u00e9gant, parfait pour l&rsquo;assortir \u00e0 votre four. Dimensions : 8 x 21,5 x 4 cm.<\/p>\n<p>\uf0a7\tHousse pour four Piana \u2022 Fontana \u2022 Eucalyptus<\/p>\n<p>Cette housse robuste est con\u00e7ue pour prot\u00e9ger votre four Piana des intemp\u00e9ries et prolonger sa dur\u00e9e de vie. Gr\u00e2ce \u00e0 ses deux grandes anses, la housse facilite le transport. Dimensions : 64 x 40 x 20,5 cm.<\/p>\n<p>Les avantages du Pack Iniziale : <\/p>\n<p>\u2022\tEssentiel : Le pack inclut tous les accessoires n\u00e9cessaires pour d\u00e9buter ou se perfectionner dans la r\u00e9alisation de pizzas maison.<\/p>\n<p>\u2022\tPraticit\u00e9 : Chaque accessoire est con\u00e7u pour une utilisation facile et efficace, que ce soit pour l&rsquo;allumage, la cuisson ou la protection de votre \u00e9quipement.<\/p>\n<p>\u2022\tQualit\u00e9 : Les mat\u00e9riaux utilis\u00e9s, tels que l&rsquo;acier inoxydable, l&rsquo;aluminium, le silicone ou encore le nylon sont de haute qualit\u00e9, garantissant la performance et la durabilit\u00e9 de nos produits.<\/p>\n<p>\u2022\tDesign : Disponible dans les 4 coloris embl\u00e9matiques : Charbon, Eucalyptus, Terracotta et Ardoise, couleurs tendances et \u00e9l\u00e9gantes.  Le pack s&rsquo;int\u00e9grera parfaitement avec votre espace ext\u00e9rieur. <\/p>\n<p>Procurez-vous le Pack Iniziale au coloris Eucalyptus et commencez \u00e0 cr\u00e9er des pizzas d\u00e9licieuses et authentiques d\u00e8s maintenant !<\/p>\n<\/div>\n<p><bl-button a11yexpanded=\"false\" arialabel=\"Afficher toute la description\" class=\"read-more__btn\" full=\"false\" link=\"true\"><\/bl-button><\/div>","protected":false},"excerpt":{"rendered":"<div class=\"keypoints\">\n<h3 class=\"keypoints__title\">Les points cl\u00e9s<\/h3>\n<ul role=\"list\">\n<li class=\"keypoints__item\" role=\"listitem\">                                        Le four \u00e0 pizza pour d\u00e9guster des pizzas maison                      <\/li>\n<li class=\"keypoints__item\" role=\"listitem\">                          De 8 \u00e0 12 personnes &#8211;                                                      Portable                      <\/li>\n<li class=\"keypoints__item\" role=\"listitem\">                                        Inox                      <\/li>\n<li class=\"keypoints__item\" role=\"listitem\">                                        Rapidit\u00e9 de mont\u00e9e en temp\u00e9rature : 20 minutes                      <\/li>\n<\/ul>","protected":false},"featured_media":53019,"template":"","meta":{"_glsr_average":0,"_glsr_ranking":0,"_glsr_reviews":0},"product_cat":[390],"product_tag":[230,392,391],"class_list":{"0":"post-99973","1":"product","2":"type-product","3":"status-publish","4":"has-post-thumbnail","6":"product_cat-cuisson-festive","7":"product_tag-cuisine-et-cuisson","8":"product_tag-cuisson-festive","9":"product_tag-petit-appareil-de-cuisson","11":"first","12":"instock","13":"sale","14":"shipping-taxable","15":"purchasable","16":"product-type-simple"},"_links":{"self":[{"href":"https:\/\/electromenagerexpress.com\/en\/wp-json\/wp\/v2\/product\/99973","targetHints":{"allow":["GET"]}}],"collection":[{"href":"https:\/\/electromenagerexpress.com\/en\/wp-json\/wp\/v2\/product"}],"about":[{"href":"https:\/\/electromenagerexpress.com\/en\/wp-json\/wp\/v2\/types\/product"}],"wp:featuredmedia":[{"embeddable":true,"href":"https:\/\/electromenagerexpress.com\/en\/wp-json\/wp\/v2\/media\/53019"}],"wp:attachment":[{"href":"https:\/\/electromenagerexpress.com\/en\/wp-json\/wp\/v2\/media?parent=99973"}],"wp:term":[{"taxonomy":"product_cat","embeddable":true,"href":"https:\/\/electromenagerexpress.com\/en\/wp-json\/wp\/v2\/product_cat?post=99973"},{"taxonomy":"product_tag","embeddable":true,"href":"https:\/\/electromenagerexpress.com\/en\/wp-json\/wp\/v2\/product_tag?post=99973"}],"curies":[{"name":"wp","href":"https:\/\/api.w.org\/{rel}","templated":true}]}}