{"id":99969,"date":"2024-11-28T18:28:19","date_gmt":"2024-11-28T18:28:19","guid":{"rendered":"https:\/\/electromenagerexpress.com\/product\/grille-barbecuevidaxlfer-noir-3\/"},"modified":"2024-11-28T18:28:23","modified_gmt":"2024-11-28T18:28:23","slug":"grille-barbecuevidaxlfer-noir-3","status":"publish","type":"product","link":"https:\/\/electromenagerexpress.com\/en\/product\/grille-barbecuevidaxlfer-noir-3\/","title":{"rendered":"Grille barbecue\t\t\t\t\t\t\tVIDAXL\t\t\t\tFer  Noir"},"content":{"rendered":"<div class=\"product-features__content\">\n<ul role=\"list\">\n<li class=\"product-features__item\" role=\"listitem\">\n<h3 class=\"product-features__label\">Descriptif de l&rsquo;accessoire<\/h3>\n<ul role=\"list\">\n<li class=\"product-features__item-list__item\" role=\"listitem\"><span class=\"is--medium\">Type de produit :<\/span> Grille barbecue\t\t\t\t\t<\/li>\n<li class=\"product-features__item-list__item\" role=\"listitem\"><span class=\"is--medium\">Usage :<\/span> Barbecue\t\t\t\t\t<\/li>\n<li class=\"product-features__item-list__item\" role=\"listitem\"><span class=\"is--medium\">Mati\u00e8re de l&rsquo;accessoire :<\/span> fer\t\t\t\t\t<\/li>\n<\/ul>\n<\/li>\n<li class=\"product-features__item\" role=\"listitem\">\n<h3 class=\"product-features__label\">Compatibilit\u00e9 de l&rsquo;accessoire<\/h3>\n<ul role=\"list\">\n<li class=\"product-features__item-list__item\" role=\"listitem\"><span class=\"is--medium\">Barbecue(s) compatible(s) :<\/span> Non communiqu\u00e9\t\t\t\t\t<\/li>\n<\/ul>\n<\/li>\n<li class=\"product-features__item\" role=\"listitem\">\n<h3 class=\"product-features__label\">Pr\u00e9cautions d&rsquo;utilisation du produit<\/h3>\n<ul role=\"list\">\n<li class=\"product-features__item-list__item\" role=\"listitem\"><span class=\"is--medium\">Conseil de s\u00e9curit\u00e9 :<\/span> Produit non concern\u00e9\t\t\t\t\t<\/li>\n<li class=\"product-features__item-list__item\" role=\"listitem\"><span class=\"is--medium\">Produit canc\u00e9rig\u00e8ne :<\/span> Non\t\t\t\t\t<\/li>\n<li class=\"product-features__item-list__item\" role=\"listitem\"><span class=\"is--medium\">Produit comburant (facilite la combustion) :<\/span> Non\t\t\t\t\t<\/li>\n<li class=\"product-features__item-list__item\" role=\"listitem\"><span class=\"is--medium\">Produit corrosif :<\/span> Non\t\t\t\t\t<\/li>\n<li class=\"product-features__item-list__item\" role=\"listitem\"><span class=\"is--medium\">Produit dangereux en milieu aquatique :<\/span> Non\t\t\t\t\t<\/li>\n<li class=\"product-features__item-list__item\" role=\"listitem\"><span class=\"is--medium\">Produit explosif :<\/span> Non\t\t\t\t\t<\/li>\n<li class=\"product-features__item-list__item\" role=\"listitem\"><span class=\"is--medium\">Produit avec gaz sous pression :<\/span> Non\t\t\t\t\t<\/li>\n<li class=\"product-features__item-list__item\" role=\"listitem\"><span class=\"is--medium\">Produit inflammable :<\/span> Non\t\t\t\t\t<\/li>\n<li class=\"product-features__item-list__item\" role=\"listitem\"><span class=\"is--medium\">Produit toxique :<\/span> Non\t\t\t\t\t<\/li>\n<li class=\"product-features__item-list__item\" role=\"listitem\"><span class=\"is--medium\">Produit toxique et irritant :<\/span> Non\t\t\t\t\t<\/li>\n<\/ul>\n<\/li>\n<li class=\"product-features__item\" role=\"listitem\">\n<h3 class=\"product-features__label\">Informations compl\u00e9mentaires<\/h3>\n<ul role=\"list\">\n<li class=\"product-features__item-list__item\" role=\"listitem\"><span class=\"is--medium\">Fabriqu\u00e9 en :<\/span> Chine\t\t\t\t\t<\/li>\n<li class=\"product-features__item-list__item\" role=\"listitem\"><span class=\"is--medium\">Disponibilit\u00e9 des pi\u00e8ces d\u00e9tach\u00e9es (donn\u00e9es fournisseur) :<\/span> Non communiqu\u00e9e\t\t\t\t\t<\/li>\n<li class=\"product-features__item-list__item\" role=\"listitem\"><span class=\"is--medium\">R\u00e9f\u00e9rence constructeur :<\/span> Fer  Noir\t\t\t\t\t<\/li>\n<li class=\"product-features__item-list__item\" role=\"listitem\"><span class=\"is--medium\">Marque :<\/span> VIDAXL\t\t\t\t\t<\/li>\n<\/ul>\n<\/li>\n<li class=\"product-features__item\" role=\"listitem\">\n<h3 class=\"product-features__label\">Facette type de produit<\/h3>\n<ul role=\"list\">\n<li class=\"product-features__item-list__item\" role=\"listitem\"><span class=\"is--medium\">Type de produit :<\/span> Accessoire de cuisine\t\t\t\t\t<\/li>\n<\/ul>\n<\/li>\n<\/ul>\n<\/div>\n<div class=\"product__disclosure-content\">\n<div class=\"js-read-more product-description__content read-more read-more--truncated\" data-read-more-name=\"description\" style=\"max-height: 500px; overflow: hidden;\">\n<p>Tout est possible avec le barbecue \u00e0 granul\u00e9s multifonctionnel ! Il est id\u00e9al pour cr\u00e9er un festin en plein air pour votre famille et vos amis.<\/p>\n<\/p>\n<ul>\n<li>Mat\u00e9riau durable : le gril est en fer. Le fer est un mat\u00e9riau solide et dur. C&rsquo;est un favori solide dans la construction industrielle et de meubles.<\/li>\n<li>Utilisation des granul\u00e9s : versez les granul\u00e9s de bois dans la tr\u00e9mie et r\u00e9glez la temp\u00e9rature souhait\u00e9e. Les granul\u00e9s sont ensuite introduits dans un pot \u00e0 feu par une vis sans fin motoris\u00e9e. Gr\u00e2ce \u00e0 la combustion, les granul\u00e9s de bois s&rsquo;enflamment, chauffant la chambre de cuisson et ajoutant une d\u00e9licieuse saveur de feu de bois \u00e0 vos aliments. Un ventilateur fait circuler la chaleur et la fum\u00e9e pour une cuisson uniforme.<\/li>\n<li>Polyvalence 6 en 1 : large plage de temp\u00e9ratures de 80 \u00e0 260 \u00b0C vous permettant de griller, fumer, braiser, r\u00f4tir, cuire au four ou faire un barbecue.<\/li>\n<li>Design pratique : gr\u00e2ce \u00e0 ses pieds et roues pliables, le fumoir \u00e0 granul\u00e9s est facile \u00e0 transporter et \u00e0 d\u00e9placer. Vous pouvez profiter de l&rsquo;heure du barbecue o\u00f9 vous voulez.<\/li>\n<li>Facile \u00e0 nettoyer : le seau \u00e0 huile us\u00e9e sp\u00e9cialement con\u00e7u du gril \u00e0 granul\u00e9s de bois vous aide \u00e0 un nettoyage s\u00fbr et facile.<\/li>\n<li>Rangement suppl\u00e9mentaire : l&rsquo;\u00e9tag\u00e8re inf\u00e9rieure du barbecue \u00e0 granul\u00e9s offre suffisamment d&rsquo;espace pour ranger les fournitures de cuisine ou les outils de barbecue.<\/li>\n<\/ul>\n<p>Remarque :<\/p>\n<ul>\n<li>Lorsque vous faites des grillades, veuillez tenir le feu \u00e0 distance du moteur du gril.<\/li>\n<\/ul>\n<p>Avertissement\u00a0:<\/p>\n<ul>\n<li>Le gril de barbecue deviendra tr\u00e8s chaud pendant l&rsquo;utilisation. NE PAS le d\u00e9placer pendant le fonctionnement.<\/li>\n<\/ul>\n<\/p>\n<ul>\n<li>Couleur : noir<\/li>\n<li>Mat\u00e9riau : fer<\/li>\n<li>Dimensions : 94 x 47 x 88 cm (L x l x H)<\/li>\n<li>Surface de cuisson : 50 x 40 cm (l x P)<\/li>\n<li>Diam\u00e8tre du seau \u00e0 huile : 10\/15 cm<\/li>\n<li>Capacit\u00e9 de la tr\u00e9mie : 5 kg (11 lb)<\/li>\n<li>Longueur du fil de la fiche : 160 cm<\/li>\n<li>Tension : 220 -240 V~, 50-60 Hz<\/li>\n<li>Puissance : 220-270 W<\/li>\n<li>L&rsquo;assemblage est requis<\/li>\n<li><strong>La livraison contient :<\/strong><\/li>\n<li>1 x gril \u00e0 granul\u00e9s<\/li>\n<li>1 x seau \u00e0 huile<\/li>\n<li>EAN : 8720845671525<\/li>\n<li>SKU : 360068<\/li>\n<li>Marque : vidaXL<\/li>\n<\/ul>\n<\/div>\n<p><bl-button a11yexpanded=\"false\" arialabel=\"Afficher toute la description\" class=\"read-more__btn\" full=\"false\" link=\"true\"><\/bl-button><\/div>","protected":false},"excerpt":{"rendered":"<div class=\"keypoints\">\n<h3 class=\"keypoints__title\">Les points cl\u00e9s<\/h3>\n<ul role=\"list\">\n<li class=\"keypoints__item\" role=\"listitem\">                                        Grille barbecue                      <\/li>\n<li class=\"keypoints__item\" role=\"listitem\">                                        Barbecue(s) compatible(s) : Non communiqu\u00e9                      <\/li>\n<\/ul>","protected":false},"featured_media":52983,"template":"","meta":{"_glsr_average":0,"_glsr_ranking":0,"_glsr_reviews":0},"product_cat":[364],"product_tag":[366,365,230],"class_list":{"0":"post-99969","1":"product","2":"type-product","3":"status-publish","4":"has-post-thumbnail","6":"product_cat-accessoire-barbecue-plancha","7":"product_tag-accessoire-barbecue-plancha","8":"product_tag-accessoire-cuisine-et-cuisson","9":"product_tag-cuisine-et-cuisson","11":"first","12":"instock","13":"sale","14":"shipping-taxable","15":"purchasable","16":"product-type-simple"},"_links":{"self":[{"href":"https:\/\/electromenagerexpress.com\/en\/wp-json\/wp\/v2\/product\/99969","targetHints":{"allow":["GET"]}}],"collection":[{"href":"https:\/\/electromenagerexpress.com\/en\/wp-json\/wp\/v2\/product"}],"about":[{"href":"https:\/\/electromenagerexpress.com\/en\/wp-json\/wp\/v2\/types\/product"}],"wp:featuredmedia":[{"embeddable":true,"href":"https:\/\/electromenagerexpress.com\/en\/wp-json\/wp\/v2\/media\/52983"}],"wp:attachment":[{"href":"https:\/\/electromenagerexpress.com\/en\/wp-json\/wp\/v2\/media?parent=99969"}],"wp:term":[{"taxonomy":"product_cat","embeddable":true,"href":"https:\/\/electromenagerexpress.com\/en\/wp-json\/wp\/v2\/product_cat?post=99969"},{"taxonomy":"product_tag","embeddable":true,"href":"https:\/\/electromenagerexpress.com\/en\/wp-json\/wp\/v2\/product_tag?post=99969"}],"curies":[{"name":"wp","href":"https:\/\/api.w.org\/{rel}","templated":true}]}}