{"id":99967,"date":"2024-11-28T18:28:10","date_gmt":"2024-11-28T18:28:10","guid":{"rendered":"https:\/\/electromenagerexpress.com\/product\/barbecue-charbonvidaxlceramique-noir-2\/"},"modified":"2024-11-28T18:28:14","modified_gmt":"2024-11-28T18:28:14","slug":"barbecue-charbonvidaxlceramique-noir-2","status":"publish","type":"product","link":"https:\/\/electromenagerexpress.com\/en\/product\/barbecue-charbonvidaxlceramique-noir-2\/","title":{"rendered":"Barbecue charbon\t\t\t\t\t\t\tVIDAXL\t\t\t\tC\u00e9ramique  Noir"},"content":{"rendered":"<div class=\"product-features__content\">\n<ul role=\"list\">\n<li class=\"product-features__item\" role=\"listitem\">\n<h3 class=\"product-features__label\">Cuisson<\/h3>\n<ul role=\"list\">\n<li class=\"product-features__item-list__item\" role=\"listitem\"><span class=\"is--medium\">Nombre de personnes :<\/span> De 2 \u00e0 4 personnes\t\t\t\t\t<\/li>\n<li class=\"product-features__item-list__item\" role=\"listitem\"><span class=\"is--medium\">Energie :<\/span> Charbon de bois et\/ou Bois\t\t\t\t\t<\/li>\n<li class=\"product-features__item-list__item\" role=\"listitem\"><span class=\"is--medium\">Type de cuisson :<\/span> Grill\t\t\t\t\t<\/li>\n<li class=\"product-features__item-list__item\" role=\"listitem\"><span class=\"is--medium\">Clapet d&rsquo;a\u00e9ration :<\/span> Non\t\t\t\t\t<\/li>\n<\/ul>\n<\/li>\n<li class=\"product-features__item\" role=\"listitem\">\n<h3 class=\"product-features__label\">Equipement<\/h3>\n<ul role=\"list\">\n<li class=\"product-features__item-list__item\" role=\"listitem\"><span class=\"is--medium\">Nombre de grilles \/ plaques :<\/span> Non concern\u00e9\t\t\t\t\t<\/li>\n<li class=\"product-features__item-list__item\" role=\"listitem\"><span class=\"is--medium\">Grille :<\/span> Mod\u00e8le simple\t\t\t\t\t<\/li>\n<li class=\"product-features__item-list__item\" role=\"listitem\"><span class=\"is--medium\">Grille maintien au chaud :<\/span> Non\t\t\t\t\t<\/li>\n<li class=\"product-features__item-list__item\" role=\"listitem\"><span class=\"is--medium\">Thermom\u00e8tre :<\/span> Oui\t\t\t\t\t<\/li>\n<li class=\"product-features__item-list__item\" role=\"listitem\"><span class=\"is--medium\">Avantage du thermom\u00e8tre :<\/span> le contr\u00f4le de la temp\u00e9rature vous permet de r\u00e9aliser diverses recettes avec pr\u00e9cision\t\t\t\t\t<\/li>\n<li class=\"product-features__item-list__item\" role=\"listitem\"><span class=\"is--medium\">Minuteur :<\/span> Non\t\t\t\t\t<\/li>\n<li class=\"product-features__item-list__item\" role=\"listitem\"><span class=\"is--medium\">Crochets de suspension :<\/span> Non\t\t\t\t\t<\/li>\n<\/ul>\n<\/li>\n<li class=\"product-features__item\" role=\"listitem\">\n<h3 class=\"product-features__label\">Mati\u00e8re et coloris<\/h3>\n<ul role=\"list\">\n<li class=\"product-features__item-list__item\" role=\"listitem\"><span class=\"is--medium\">De la surface de cuisson :<\/span> Non concern\u00e9\t\t\t\t\t<\/li>\n<li class=\"product-features__item-list__item\" role=\"listitem\"><span class=\"is--medium\">De la cuve :<\/span> C\u00e9ramique\t\t\t\t\t<\/li>\n<li class=\"product-features__item-list__item\" role=\"listitem\"><span class=\"is--medium\">Coloris :<\/span> Noir\t\t\t\t\t<\/li>\n<\/ul>\n<\/li>\n<li class=\"product-features__item\" role=\"listitem\">\n<h3 class=\"product-features__label\">Facilit\u00e9 de nettoyage<\/h3>\n<ul role=\"list\">\n<li class=\"product-features__item-list__item\" role=\"listitem\"><span class=\"is--medium\">Grille\/plaque amovible :<\/span> Non\t\t\t\t\t<\/li>\n<li class=\"product-features__item-list__item\" role=\"listitem\"><span class=\"is--medium\">Compatible au lave-vaisselle :<\/span> Non\t\t\t\t\t<\/li>\n<li class=\"product-features__item-list__item\" role=\"listitem\"><span class=\"is--medium\">Enti\u00e8rement d\u00e9montable :<\/span> Non\t\t\t\t\t<\/li>\n<li class=\"product-features__item-list__item\" role=\"listitem\"><span class=\"is--medium\">R\u00e9cup\u00e9ration des cendres :<\/span> Non\t\t\t\t\t<\/li>\n<\/ul>\n<\/li>\n<li class=\"product-features__item\" role=\"listitem\">\n<h3 class=\"product-features__label\">Agencement<\/h3>\n<ul role=\"list\">\n<li class=\"product-features__item-list__item\" role=\"listitem\"><span class=\"is--medium\">Mobilit\u00e9 :<\/span> Sur pied ou \u00e0 poser\t\t\t\t\t<\/li>\n<li class=\"product-features__item-list__item\" role=\"listitem\"><span class=\"is--medium\">Avantage de la mobilit\u00e9 :<\/span> Sur pieds amovibles et \u00e0 poser pour lui trouver un espace d\u00e9di\u00e9\t\t\t\t\t<\/li>\n<li class=\"product-features__item-list__item\" role=\"listitem\"><span class=\"is--medium\">Chariot pliable :<\/span> Non\t\t\t\t\t<\/li>\n<li class=\"product-features__item-list__item\" role=\"listitem\"><span class=\"is--medium\">Pieds r\u00e9glables :<\/span> Non\t\t\t\t\t<\/li>\n<li class=\"product-features__item-list__item\" role=\"listitem\"><span class=\"is--medium\">Couvercle :<\/span> Non\t\t\t\t\t<\/li>\n<li class=\"product-features__item-list__item\" role=\"listitem\"><span class=\"is--medium\">Pare-vent :<\/span> Non\t\t\t\t\t<\/li>\n<li class=\"product-features__item-list__item\" role=\"listitem\"><span class=\"is--medium\">Tablette de travail :<\/span> Non\t\t\t\t\t<\/li>\n<li class=\"product-features__item-list__item\" role=\"listitem\"><span class=\"is--medium\">Poign\u00e9es de transport :<\/span> Non\t\t\t\t\t<\/li>\n<li class=\"product-features__item-list__item\" role=\"listitem\"><span class=\"is--medium\">Espace de rangement :<\/span> Non\t\t\t\t\t<\/li>\n<li class=\"product-features__item-list__item\" role=\"listitem\"><span class=\"is--medium\">Montage barbecue\/chariot :<\/span> En kit\u00a0\u00e0 monter soi-m\u00eame\t\t\t\t\t<\/li>\n<\/ul>\n<\/li>\n<li class=\"product-features__item\" role=\"listitem\">\n<h3 class=\"product-features__label\">S\u00e9curit\u00e9<\/h3>\n<ul role=\"list\">\n<li class=\"product-features__item-list__item\" role=\"listitem\"><span class=\"is--medium\">Poign\u00e9e froide :<\/span> Non\t\t\t\t\t<\/li>\n<li class=\"product-features__item-list__item\" role=\"listitem\"><span class=\"is--medium\">Pieds antid\u00e9rapants :<\/span> Non\t\t\t\t\t<\/li>\n<\/ul>\n<\/li>\n<li class=\"product-features__item\" role=\"listitem\">\n<h3 class=\"product-features__label\">Dimensions<\/h3>\n<ul role=\"list\">\n<li class=\"product-features__item-list__item\" role=\"listitem\"><span class=\"is--medium\">Dimension de la surface de cuisson :<\/span> Non concern\u00e9\t\t\t\t\t<\/li>\n<li class=\"product-features__item-list__item\" role=\"listitem\"><span class=\"is--medium\">Dimension du carton l x h x p :<\/span> 120 x 120 x 80 cm\t\t\t\t\t<\/li>\n<\/ul>\n<\/li>\n<li class=\"product-features__item\" role=\"listitem\">\n<h3 class=\"product-features__label\">Informations compl\u00e9mentaires<\/h3>\n<ul role=\"list\">\n<li class=\"product-features__item-list__item\" role=\"listitem\"><span class=\"is--medium\">R\u00e9f\u00e9rence constructeur :<\/span> C\u00e9ramique  Noir\t\t\t\t\t<\/li>\n<li class=\"product-features__item-list__item\" role=\"listitem\"><span class=\"is--medium\">Marque :<\/span> VIDAXL\t\t\t\t\t<\/li>\n<li class=\"product-features__item-list__item\" role=\"listitem\"><span class=\"is--medium\">Disponibilit\u00e9 des pi\u00e8ces d\u00e9tach\u00e9es (donn\u00e9es fournisseur) :<\/span> Non communiqu\u00e9e\t\t\t\t\t<\/li>\n<li class=\"product-features__item-list__item\" role=\"listitem\"><span class=\"is--medium\">Fabriqu\u00e9 en :<\/span> Chine\t\t\t\t\t<\/li>\n<\/ul>\n<\/li>\n<\/ul>\n<\/div>\n<div class=\"product__disclosure-content\">\n<div class=\"js-read-more product-description__content read-more read-more--truncated\" data-read-more-name=\"description\" style=\"max-height: 500px; overflow: hidden;\">\n<p>Ce gril Kamado en c\u00e9ramique, fonctionnant au charbon ou au bois, dispose d&rsquo;une grande grille de cuisson d&rsquo;un diam\u00e8tre de 27 cm. Ce gril Kamado offre plusieurs fonctions comme griller, cuire au four, fumer, cuire ou simplement garder vos aliments au chaud. \u00a0<\/p>\n<p>\u00a0<\/p>\n<p>Ce barbecue en c\u00e9ramique a un couvercle \u00e0 charni\u00e8re tr\u00e8s robuste avec un orifice de ventilation et un thermom\u00e8tre sur le dessus. Gr\u00e2ce \u00e0 l&rsquo;orifice \u00e0 double couche, vous pouvez contr\u00f4ler le d\u00e9bit d&rsquo;air ainsi que la temp\u00e9rature en toute simplicit\u00e9.  \u00a0<\/p>\n<p>\u00a0<\/p>\n<p>Les deux tablettes lat\u00e9rales pliables vous permettent de ranger vos articles de barbecue. La c\u00e9ramique de haute qualit\u00e9 avec une finition ext\u00e9rieure \u00e0 alv\u00e9oles \u00e9maill\u00e9es rend le barbecue tr\u00e8s fort et attire \u00e9galement les regards ! Les pieds en acier inoxydable ajoutent une stabilit\u00e9 suppl\u00e9mentaire au gril. \u00a0<\/p>\n<p>\u00a0<\/p>\n<p>Id\u00e9al pour cuisiner une large gamme de plats tels que des hamburgers, du poisson et des c\u00f4tes lev\u00e9es, notre barbecue Kamado vous offrira s\u00fbrement, \u00e0 vous et \u00e0 vos amis, un excellent barbecue !<\/p>\n<\/p>\n<ul>\n<li>Coque en c\u00e9ramique avec finition ext\u00e9rieure alv\u00e9ol\u00e9e vitr\u00e9e<\/li>\n<li>Avec 2 tablettes lat\u00e9rales pliables en bois <\/li>\n<li>Hauteur totale : 76 cm<\/li>\n<li>Largeur comprenant les \u00e9tag\u00e8res : 76 cm<\/li>\n<li>Diam\u00e8tre ext\u00e9rieur : 33 cm <\/li>\n<li>Diam\u00e8tre de la plaque de cuisson en acier inoxydable : 27 cm<\/li>\n<li>Thermom\u00e8tre int\u00e9gr\u00e9, avec une temp\u00e9rature allant de 10 \u00b0 C \u00e0 500 \u00b0 C<\/li>\n<li>Charni\u00e8re \u00e0 ressort<\/li>\n<li>Orifice de ventilation en acier inoxydable<\/li>\n<li>EAN : 8718475877530<\/li>\n<li>SKU : 41139<\/li>\n<li>Marque : vidaXL<\/li>\n<\/ul>\n<\/div>\n<p><bl-button a11yexpanded=\"false\" arialabel=\"Afficher toute la description\" class=\"read-more__btn\" full=\"false\" link=\"true\"><\/bl-button><\/div>","protected":false},"excerpt":{"rendered":"<div class=\"keypoints\">\n<h3 class=\"keypoints__title\">Les points cl\u00e9s<\/h3>\n<ul role=\"list\">\n<li class=\"keypoints__item\" role=\"listitem\">                                        Le charbon de bois, traditionnel pour des saveurs authentiques                      <\/li>\n<li class=\"keypoints__item\" role=\"listitem\">                          De 2 \u00e0 4 personnes &#8211;                                                      Sur pied ou \u00e0 poser                      <\/li>\n<li class=\"keypoints__item\" role=\"listitem\">                                        Mati\u00e8re de la cuve : en c\u00e9ramique                      <\/li>\n<li class=\"keypoints__item\" role=\"listitem\">                                        Dimension de la surface de cuisson : Non concern\u00e9                      <\/li>\n<\/ul>","protected":false},"featured_media":52969,"template":"","meta":{"_glsr_average":0,"_glsr_ranking":0,"_glsr_reviews":0},"product_cat":[360],"product_tag":[361,362,230],"class_list":{"0":"post-99967","1":"product","2":"type-product","3":"status-publish","4":"has-post-thumbnail","6":"product_cat-barbecue-charbon-de-bois","7":"product_tag-barbecue","8":"product_tag-barbecue-charbon-de-bois","9":"product_tag-cuisine-et-cuisson","11":"first","12":"instock","13":"sale","14":"shipping-taxable","15":"purchasable","16":"product-type-simple"},"_links":{"self":[{"href":"https:\/\/electromenagerexpress.com\/en\/wp-json\/wp\/v2\/product\/99967","targetHints":{"allow":["GET"]}}],"collection":[{"href":"https:\/\/electromenagerexpress.com\/en\/wp-json\/wp\/v2\/product"}],"about":[{"href":"https:\/\/electromenagerexpress.com\/en\/wp-json\/wp\/v2\/types\/product"}],"wp:featuredmedia":[{"embeddable":true,"href":"https:\/\/electromenagerexpress.com\/en\/wp-json\/wp\/v2\/media\/52969"}],"wp:attachment":[{"href":"https:\/\/electromenagerexpress.com\/en\/wp-json\/wp\/v2\/media?parent=99967"}],"wp:term":[{"taxonomy":"product_cat","embeddable":true,"href":"https:\/\/electromenagerexpress.com\/en\/wp-json\/wp\/v2\/product_cat?post=99967"},{"taxonomy":"product_tag","embeddable":true,"href":"https:\/\/electromenagerexpress.com\/en\/wp-json\/wp\/v2\/product_tag?post=99967"}],"curies":[{"name":"wp","href":"https:\/\/api.w.org\/{rel}","templated":true}]}}