{"id":99956,"date":"2024-11-28T18:27:24","date_gmt":"2024-11-28T18:27:24","guid":{"rendered":"https:\/\/electromenagerexpress.com\/product\/grille-barbecuevidaxlacier-noir-2\/"},"modified":"2024-11-28T18:27:28","modified_gmt":"2024-11-28T18:27:28","slug":"grille-barbecuevidaxlacier-noir-2","status":"publish","type":"product","link":"https:\/\/electromenagerexpress.com\/en\/product\/grille-barbecuevidaxlacier-noir-2\/","title":{"rendered":"Grille barbecue\t\t\t\t\t\t\tVIDAXL\t\t\t\tAcier Noir"},"content":{"rendered":"<div class=\"product-features__content\">\n<ul role=\"list\">\n<li class=\"product-features__item\" role=\"listitem\">\n<h3 class=\"product-features__label\">Descriptif de l&rsquo;accessoire<\/h3>\n<ul role=\"list\">\n<li class=\"product-features__item-list__item\" role=\"listitem\"><span class=\"is--medium\">Type de produit :<\/span> Grille barbecue\t\t\t\t\t<\/li>\n<li class=\"product-features__item-list__item\" role=\"listitem\"><span class=\"is--medium\">Usage :<\/span> Barbecue\t\t\t\t\t<\/li>\n<li class=\"product-features__item-list__item\" role=\"listitem\"><span class=\"is--medium\">Mati\u00e8re de l&rsquo;accessoire :<\/span> Acier Enduit De Poudre\t\t\t\t\t<\/li>\n<\/ul>\n<\/li>\n<li class=\"product-features__item\" role=\"listitem\">\n<h3 class=\"product-features__label\">Compatibilit\u00e9 de l&rsquo;accessoire<\/h3>\n<ul role=\"list\">\n<li class=\"product-features__item-list__item\" role=\"listitem\"><span class=\"is--medium\">Barbecue(s) compatible(s) :<\/span> Non communiqu\u00e9\t\t\t\t\t<\/li>\n<\/ul>\n<\/li>\n<li class=\"product-features__item\" role=\"listitem\">\n<h3 class=\"product-features__label\">Pr\u00e9cautions d&rsquo;utilisation du produit<\/h3>\n<ul role=\"list\">\n<li class=\"product-features__item-list__item\" role=\"listitem\"><span class=\"is--medium\">Conseil de s\u00e9curit\u00e9 :<\/span> Produit non concern\u00e9\t\t\t\t\t<\/li>\n<li class=\"product-features__item-list__item\" role=\"listitem\"><span class=\"is--medium\">Produit canc\u00e9rig\u00e8ne :<\/span> Non\t\t\t\t\t<\/li>\n<li class=\"product-features__item-list__item\" role=\"listitem\"><span class=\"is--medium\">Produit comburant (facilite la combustion) :<\/span> Non\t\t\t\t\t<\/li>\n<li class=\"product-features__item-list__item\" role=\"listitem\"><span class=\"is--medium\">Produit corrosif :<\/span> Non\t\t\t\t\t<\/li>\n<li class=\"product-features__item-list__item\" role=\"listitem\"><span class=\"is--medium\">Produit dangereux en milieu aquatique :<\/span> Non\t\t\t\t\t<\/li>\n<li class=\"product-features__item-list__item\" role=\"listitem\"><span class=\"is--medium\">Produit explosif :<\/span> Non\t\t\t\t\t<\/li>\n<li class=\"product-features__item-list__item\" role=\"listitem\"><span class=\"is--medium\">Produit avec gaz sous pression :<\/span> Non\t\t\t\t\t<\/li>\n<li class=\"product-features__item-list__item\" role=\"listitem\"><span class=\"is--medium\">Produit inflammable :<\/span> Non\t\t\t\t\t<\/li>\n<li class=\"product-features__item-list__item\" role=\"listitem\"><span class=\"is--medium\">Produit toxique :<\/span> Non\t\t\t\t\t<\/li>\n<li class=\"product-features__item-list__item\" role=\"listitem\"><span class=\"is--medium\">Produit toxique et irritant :<\/span> Non\t\t\t\t\t<\/li>\n<\/ul>\n<\/li>\n<li class=\"product-features__item\" role=\"listitem\">\n<h3 class=\"product-features__label\">Informations compl\u00e9mentaires<\/h3>\n<ul role=\"list\">\n<li class=\"product-features__item-list__item\" role=\"listitem\"><span class=\"is--medium\">Fabriqu\u00e9 en :<\/span> Chine\t\t\t\t\t<\/li>\n<li class=\"product-features__item-list__item\" role=\"listitem\"><span class=\"is--medium\">Disponibilit\u00e9 des pi\u00e8ces d\u00e9tach\u00e9es (donn\u00e9es fournisseur) :<\/span> Non communiqu\u00e9e\t\t\t\t\t<\/li>\n<li class=\"product-features__item-list__item\" role=\"listitem\"><span class=\"is--medium\">R\u00e9f\u00e9rence constructeur :<\/span> Acier Noir\t\t\t\t\t<\/li>\n<li class=\"product-features__item-list__item\" role=\"listitem\"><span class=\"is--medium\">Marque :<\/span> VIDAXL\t\t\t\t\t<\/li>\n<\/ul>\n<\/li>\n<li class=\"product-features__item\" role=\"listitem\">\n<h3 class=\"product-features__label\">Facette type de produit<\/h3>\n<ul role=\"list\">\n<li class=\"product-features__item-list__item\" role=\"listitem\"><span class=\"is--medium\">Type de produit :<\/span> Accessoire de cuisine\t\t\t\t\t<\/li>\n<\/ul>\n<\/li>\n<\/ul>\n<\/div>\n<div class=\"product__disclosure-content\">\n<div class=\"js-read-more product-description__content read-more read-more--truncated\" data-read-more-name=\"description\" style=\"max-height: 500px; overflow: hidden;\">\n<p>Ce four \u00e0 pizza d&rsquo;ext\u00e9rieur 3-en-1 polyvalent est excellent pour griller, griller \u00e0 fum\u00e9e et cuire des pizzas sur pierre, ce qui en fait un article indispensable pour votre cuisine lors de f\u00eates, de barbecues et de r\u00e9unions de famille. Il a une conception autoportante avec une poign\u00e9e et des roues faciles \u00e0 d\u00e9placer pour le transport et le stockage, ce qui en fait l&rsquo;endroit id\u00e9al pour pr\u00e9parer votre repas pr\u00e9f\u00e9r\u00e9 avec une saveur fum\u00e9e n&rsquo;importe o\u00f9.<\/p>\n<p>\u00a0<\/p>\n<p>Le four \u00e0 pizza de jardin comprend un thermom\u00e8tre int\u00e9gr\u00e9 pour surveiller la temp\u00e9rature et obtenir les meilleurs r\u00e9sultats et les aliments les plus savoureux. Le mat\u00e9riau en acier de haute qualit\u00e9 assure une distribution de chaleur plus uniforme pendant la cuisson. La surface enduite de poudre est con\u00e7ue pour une stabilit\u00e9 et une durabilit\u00e9 maximales, une r\u00e9sistance \u00e0 la corrosion de longue dur\u00e9e et une isolation haute densit\u00e9. Ce barbecue au charbon de bois est \u00e9galement \u00e9quip\u00e9 de tables d&rsquo;appoint pliables et d&rsquo;une \u00e9tag\u00e8re inf\u00e9rieure pour le rangement. Le four \u00e0 pizza peut atteindre une temp\u00e9rature \u00e9lev\u00e9e et maintient votre pizza chauff\u00e9e uniform\u00e9ment, avec une pierre \u00e0 pizza fournie, et peut \u00eatre plac\u00e9 au premier niveau. La grille de cuisson sous la pierre du four peut \u00e9galement \u00eatre utilis\u00e9e directement avec d&rsquo;autres aliments, comme des steaks, du pain ou de la viande, tout en maintenant la s\u00e9curit\u00e9.<\/p>\n<p>\u00a0<\/p>\n<p>Contrairement aux barbecues traditionnels, ce barbecue intensifie les saveurs et fait ressortir un d\u00e9licieux go\u00fbt de barbecue fum\u00e9, offrant une saveur de pizza authentique qui ravira vos amis et votre famille.<\/p>\n<\/p>\n<ul>\n<li><strong>Gril de barbecue<\/strong><\/li>\n<li>Couleur : noir<\/li>\n<li>Mat\u00e9riau : acier enduit de poudre<\/li>\n<li>Dimensions totales : 97 x 57 x 99 cm (l x P x H)<\/li>\n<li>Dimensions de l&rsquo;espace de cuisson : 43 x 32 cm (L x l)<\/li>\n<li>Hauteur de la surface de cuisson \u00e0 partir du sol : 82 cm<\/li>\n<li>Bac \u00e0 charbon r\u00e9glable en hauteur<\/li>\n<li>Avec thermom\u00e8tre int\u00e9gr\u00e9<\/li>\n<li>Support chauffe-plat inclus<\/li>\n<li>Avec d\u00e9capsuleur<\/li>\n<li>Avec \u00e9tag\u00e8re inf\u00e9rieure<\/li>\n<li>Tables d&rsquo;appoint pliantes<\/li>\n<li>Avec 2 roulettes robustes pour le d\u00e9placement<\/li>\n<li><strong>Four \u00e0 pizza<\/strong><\/li>\n<li>Couleur : noir<\/li>\n<li>Mat\u00e9riau : SPCC avec rev\u00eatement de poudre<\/li>\n<li>Dimensions totales : 66 x 44 x 85,5 cm (L x l x H)<\/li>\n<li>Dimensions du four (sans poign\u00e9e)\u00a0: 46 x 35 x 31 cm (L x l x H)<\/li>\n<li>Dimensions de la grille de cuisson : 21,5 x 31,5 cm (L x l)<\/li>\n<li>Dimensions de la surface de cuisson : 46 x 33,5 cm (L x l)<\/li>\n<li>Dimensions de la pierre \u00e0 pizza : 26 x 1 cm (diam\u00e8tre x \u00e9)<\/li>\n<li>Chemin\u00e9e avec capuchon en acier inoxydable<\/li>\n<li>Comprend 2 poign\u00e9es<\/li>\n<li>L&rsquo;assemblage est requis<\/li>\n<li><strong>La livraison contient :<\/strong><\/li>\n<li>1 x barbecue<\/li>\n<li>1 x maison du four<\/li>\n<li>1 x chemin\u00e9e<\/li>\n<li>2 x grille de gril<\/li>\n<li>1 x pierre \u00e0 pizza<\/li>\n<li>EAN : 8720286593974<\/li>\n<li>SKU : 3079733<\/li>\n<li>Marque : vidaXL<\/li>\n<\/ul>\n<\/div>\n<p><bl-button a11yexpanded=\"false\" arialabel=\"Afficher toute la description\" class=\"read-more__btn\" full=\"false\" link=\"true\"><\/bl-button><\/div>","protected":false},"excerpt":{"rendered":"<div class=\"keypoints\">\n<h3 class=\"keypoints__title\">Les points cl\u00e9s<\/h3>\n<ul role=\"list\">\n<li class=\"keypoints__item\" role=\"listitem\">                                        Grille barbecue                      <\/li>\n<li class=\"keypoints__item\" role=\"listitem\">                                        Barbecue(s) compatible(s) : Non communiqu\u00e9                      <\/li>\n<\/ul>","protected":false},"featured_media":52893,"template":"","meta":{"_glsr_average":0,"_glsr_ranking":0,"_glsr_reviews":0},"product_cat":[364],"product_tag":[366,365,230],"class_list":{"0":"post-99956","1":"product","2":"type-product","3":"status-publish","4":"has-post-thumbnail","6":"product_cat-accessoire-barbecue-plancha","7":"product_tag-accessoire-barbecue-plancha","8":"product_tag-accessoire-cuisine-et-cuisson","9":"product_tag-cuisine-et-cuisson","11":"first","12":"instock","13":"sale","14":"shipping-taxable","15":"purchasable","16":"product-type-simple"},"_links":{"self":[{"href":"https:\/\/electromenagerexpress.com\/en\/wp-json\/wp\/v2\/product\/99956","targetHints":{"allow":["GET"]}}],"collection":[{"href":"https:\/\/electromenagerexpress.com\/en\/wp-json\/wp\/v2\/product"}],"about":[{"href":"https:\/\/electromenagerexpress.com\/en\/wp-json\/wp\/v2\/types\/product"}],"wp:featuredmedia":[{"embeddable":true,"href":"https:\/\/electromenagerexpress.com\/en\/wp-json\/wp\/v2\/media\/52893"}],"wp:attachment":[{"href":"https:\/\/electromenagerexpress.com\/en\/wp-json\/wp\/v2\/media?parent=99956"}],"wp:term":[{"taxonomy":"product_cat","embeddable":true,"href":"https:\/\/electromenagerexpress.com\/en\/wp-json\/wp\/v2\/product_cat?post=99956"},{"taxonomy":"product_tag","embeddable":true,"href":"https:\/\/electromenagerexpress.com\/en\/wp-json\/wp\/v2\/product_tag?post=99956"}],"curies":[{"name":"wp","href":"https:\/\/api.w.org\/{rel}","templated":true}]}}