{"id":99950,"date":"2024-11-28T18:26:54","date_gmt":"2024-11-28T18:26:54","guid":{"rendered":"https:\/\/electromenagerexpress.com\/product\/four-a-pizza-pelletlouis-tellierfour-a-bois-dexterieur-marcel-by-louis\/"},"modified":"2024-11-28T18:26:58","modified_gmt":"2024-11-28T18:26:58","slug":"four-a-pizza-pelletlouis-tellierfour-a-bois-dexterieur-marcel-by-louis","status":"publish","type":"product","link":"https:\/\/electromenagerexpress.com\/en\/product\/four-a-pizza-pelletlouis-tellierfour-a-bois-dexterieur-marcel-by-louis\/","title":{"rendered":"Four \u00e0 pizza pellet\t\t\t\t\t\t\tLOUIS TELLIER\t\t\t\tFour \u00e0 bois d&rsquo;ext\u00e9rieur MARCEL BY LOUIS"},"content":{"rendered":"<div class=\"product-features__content\">\n<ul role=\"list\">\n<li class=\"product-features__item\" role=\"listitem\">\n<h3 class=\"product-features__label\">Cuisson<\/h3>\n<ul role=\"list\">\n<li class=\"product-features__item-list__item\" role=\"listitem\"><span class=\"is--medium\">Nombre de personnes :<\/span> De 4 \u00e0 6 personnes\t\t\t\t\t<\/li>\n<li class=\"product-features__item-list__item\" role=\"listitem\"><span class=\"is--medium\">Diam\u00e8tre de\/des pizza(s) :<\/span> 30 cm\t\t\t\t\t<\/li>\n<li class=\"product-features__item-list__item\" role=\"listitem\"><span class=\"is--medium\">Temps de cuisson :<\/span> 1 min\t\t\t\t\t<\/li>\n<li class=\"product-features__item-list__item\" role=\"listitem\"><span class=\"is--medium\">Energie :<\/span> Pellet\t\t\t\t\t<\/li>\n<li class=\"product-features__item-list__item\" role=\"listitem\"><span class=\"is--medium\">Thermostat r\u00e9glable :<\/span> Non\t\t\t\t\t<\/li>\n<li class=\"product-features__item-list__item\" role=\"listitem\"><span class=\"is--medium\">Temp\u00e9rature maximum de cuisson :<\/span> 500\u00b0C\t\t\t\t\t<\/li>\n<li class=\"product-features__item-list__item\" role=\"listitem\"><span class=\"is--medium\">Rapidit\u00e9 de mont\u00e9e en temp\u00e9rature :<\/span> 15 minutes\t\t\t\t\t<\/li>\n<li class=\"product-features__item-list__item\" role=\"listitem\"><span class=\"is--medium\">Nombre de pizza(s) :<\/span> 1 pizza\t\t\t\t\t<\/li>\n<\/ul>\n<\/li>\n<li class=\"product-features__item\" role=\"listitem\">\n<h3 class=\"product-features__label\">Equipement<\/h3>\n<ul role=\"list\">\n<li class=\"product-features__item-list__item\" role=\"listitem\"><span class=\"is--medium\">Nombre de plaques :<\/span> 1 plaque\t\t\t\t\t<\/li>\n<li class=\"product-features__item-list__item\" role=\"listitem\"><span class=\"is--medium\">Thermom\u00e8tre :<\/span> Oui\t\t\t\t\t<\/li>\n<li class=\"product-features__item-list__item\" role=\"listitem\"><span class=\"is--medium\">Minuteur :<\/span> Non\t\t\t\t\t<\/li>\n<li class=\"product-features__item-list__item\" role=\"listitem\"><span class=\"is--medium\">Signal sonore de fin de cuisson :<\/span> Non\t\t\t\t\t<\/li>\n<\/ul>\n<\/li>\n<li class=\"product-features__item\" role=\"listitem\">\n<h3 class=\"product-features__label\">Mati\u00e8re et coloris<\/h3>\n<ul role=\"list\">\n<li class=\"product-features__item-list__item\" role=\"listitem\"><span class=\"is--medium\">De la plaque :<\/span> Pierre r\u00e9fractaire\t\t\t\t\t<\/li>\n<li class=\"product-features__item-list__item\" role=\"listitem\"><span class=\"is--medium\">De la coque :<\/span> Acier inoxydable\t\t\t\t\t<\/li>\n<li class=\"product-features__item-list__item\" role=\"listitem\"><span class=\"is--medium\">Coloris :<\/span> Noir \/ Inox\t\t\t\t\t<\/li>\n<\/ul>\n<\/li>\n<li class=\"product-features__item\" role=\"listitem\">\n<h3 class=\"product-features__label\">Facilit\u00e9 de nettoyage<\/h3>\n<ul role=\"list\">\n<li class=\"product-features__item-list__item\" role=\"listitem\"><span class=\"is--medium\">Plaque amovible :<\/span> Oui\t\t\t\t\t<\/li>\n<li class=\"product-features__item-list__item\" role=\"listitem\"><span class=\"is--medium\">R\u00e9cup\u00e9rateur de cendres :<\/span> Oui\t\t\t\t\t<\/li>\n<\/ul>\n<\/li>\n<li class=\"product-features__item\" role=\"listitem\">\n<h3 class=\"product-features__label\">Agencement<\/h3>\n<ul role=\"list\">\n<li class=\"product-features__item-list__item\" role=\"listitem\"><span class=\"is--medium\">Mobilit\u00e9 :<\/span> Sur pied ou \u00e0 poser\t\t\t\t\t<\/li>\n<li class=\"product-features__item-list__item\" role=\"listitem\"><span class=\"is--medium\">Poign\u00e9es de transport :<\/span> Oui\t\t\t\t\t<\/li>\n<\/ul>\n<\/li>\n<li class=\"product-features__item\" role=\"listitem\">\n<h3 class=\"product-features__label\">S\u00e9curit\u00e9<\/h3>\n<ul role=\"list\">\n<li class=\"product-features__item-list__item\" role=\"listitem\"><span class=\"is--medium\">Poign\u00e9e froide :<\/span> Oui\t\t\t\t\t<\/li>\n<li class=\"product-features__item-list__item\" role=\"listitem\"><span class=\"is--medium\">Parois froides :<\/span> Oui\t\t\t\t\t<\/li>\n<li class=\"product-features__item-list__item\" role=\"listitem\"><span class=\"is--medium\">Pieds antid\u00e9rapants :<\/span> Oui\t\t\t\t\t<\/li>\n<\/ul>\n<\/li>\n<li class=\"product-features__item\" role=\"listitem\">\n<h3 class=\"product-features__label\">Informations compl\u00e9mentaires<\/h3>\n<ul role=\"list\">\n<li class=\"product-features__item-list__item\" role=\"listitem\"><span class=\"is--medium\">Fabriqu\u00e9 en :<\/span> France\t\t\t\t\t<\/li>\n<li class=\"product-features__item-list__item\" role=\"listitem\"><span class=\"is--medium\">Disponibilit\u00e9 des pi\u00e8ces d\u00e9tach\u00e9es (donn\u00e9es fournisseur) :<\/span> Non communiqu\u00e9e\t\t\t\t\t<\/li>\n<li class=\"product-features__item-list__item\" role=\"listitem\"><span class=\"is--medium\">R\u00e9f\u00e9rence constructeur :<\/span> Four \u00e0 bois d&rsquo;ext\u00e9rieur MARCEL BY LOUIS\t\t\t\t\t<\/li>\n<li class=\"product-features__item-list__item\" role=\"listitem\"><span class=\"is--medium\">Marque :<\/span> LOUIS TELLIER\t\t\t\t\t<\/li>\n<\/ul>\n<\/li>\n<li class=\"product-features__item\" role=\"listitem\">\n<h3 class=\"product-features__label\">Dimensions<\/h3>\n<ul role=\"list\">\n<li class=\"product-features__item-list__item\" role=\"listitem\"><span class=\"is--medium\">Dimensions l x h x p :<\/span> 44 x 92 x 92 cm\t\t\t\t\t<\/li>\n<\/ul>\n<\/li>\n<\/ul>\n<\/div>\n<div class=\"product__disclosure-content\">\n<div class=\"js-read-more product-description__content\" data-read-more-name=\"description\" style=\"max-height: 500px; overflow: hidden;\">\n<p>Marcel \u00e0 \u00e9t\u00e9 cr\u00e9\u00e9 en ayant \u00e0 coeur de retrouver l&rsquo;\u00e9tat d&rsquo;esprit des fours \u00e0 pain d&rsquo;autrefois.<\/p>\n<p>Il est facile \u00e0 transporter et simple \u00e0 utiliser gr\u00e2ce \u00e0 son foyer \u00e0 combustion arri\u00e8re (b\u00fbchette de bois, pellets ou charbon) et son syst\u00e8me de clapet bloc flamme brevet\u00e9, permettant de ma\u00eetriser tous les types de cuisson :Pizza, grillades (450 \u00e0 500\u00b0C) , pains, viandes, l\u00e9gumes; plats mijot\u00e9s, p\u00e2tisseries (150 \u00e0 250\u00b0C).<\/p>\n<p>Le four Marcel permet \u00e9galement le fumage \u00e0 froid.<\/p>\n<p>De qualit\u00e9 professionnelle, il est facile \u00e0 utiliser et facile \u00e0 mettre en chauffe (20 minutes pour une mont\u00e9e en temp\u00e9rature \u00e0 500\u00b0C).<\/p>\n<p>Sa structure compl\u00e8te en acier inoxydable, son isolation int\u00e9rieure en fibre de c\u00e9ramique et son thermom\u00e8tre \u00e0 sonde professionnel, MARCEL est con\u00e7u pour offrir une qualit\u00e9 de cuisson optimale. L&rsquo;oeilleton permet \u00e9galement de surveiller la cuisson sans ouvrir la porte pour maintenir une temp\u00e9rature constante et obtenir des r\u00e9sultats de cuisine parfaits \u00e0 chaque utilisation.<\/p>\n<p>Auto-nettoyage par pyrolyse (+500\u00b0C), et nettoyage de la sole avec une brosse m\u00e9tallique.<\/p>\n<p>Le Four Marcel est id\u00e9al pour l&rsquo;\u00e9v\u00e9nementiel, le service en terrasse et les amateurs des cuissons outdoor.<\/p>\n<\/div>\n<\/div>","protected":false},"excerpt":{"rendered":"<div class=\"keypoints\">\n<h3 class=\"keypoints__title\">Les points cl\u00e9s<\/h3>\n<ul role=\"list\">\n<li class=\"keypoints__item\" role=\"listitem\">                                        Le four \u00e0 pizza pour d\u00e9guster des pizzas maison                      <\/li>\n<li class=\"keypoints__item\" role=\"listitem\">                          De 4 \u00e0 6 personnes &#8211;                                                      Sur pied ou \u00e0 poser                      <\/li>\n<li class=\"keypoints__item\" role=\"listitem\">                                        Inox                      <\/li>\n<li class=\"keypoints__item\" role=\"listitem\">                                        Rapidit\u00e9 de mont\u00e9e en temp\u00e9rature : 15 minutes                      <\/li>\n<\/ul>","protected":false},"featured_media":52830,"template":"","meta":{"_glsr_average":0,"_glsr_ranking":0,"_glsr_reviews":0},"product_cat":[390],"product_tag":[230,392,391],"class_list":{"0":"post-99950","1":"product","2":"type-product","3":"status-publish","4":"has-post-thumbnail","6":"product_cat-cuisson-festive","7":"product_tag-cuisine-et-cuisson","8":"product_tag-cuisson-festive","9":"product_tag-petit-appareil-de-cuisson","11":"first","12":"instock","13":"sale","14":"shipping-taxable","15":"purchasable","16":"product-type-simple"},"_links":{"self":[{"href":"https:\/\/electromenagerexpress.com\/en\/wp-json\/wp\/v2\/product\/99950","targetHints":{"allow":["GET"]}}],"collection":[{"href":"https:\/\/electromenagerexpress.com\/en\/wp-json\/wp\/v2\/product"}],"about":[{"href":"https:\/\/electromenagerexpress.com\/en\/wp-json\/wp\/v2\/types\/product"}],"wp:featuredmedia":[{"embeddable":true,"href":"https:\/\/electromenagerexpress.com\/en\/wp-json\/wp\/v2\/media\/52830"}],"wp:attachment":[{"href":"https:\/\/electromenagerexpress.com\/en\/wp-json\/wp\/v2\/media?parent=99950"}],"wp:term":[{"taxonomy":"product_cat","embeddable":true,"href":"https:\/\/electromenagerexpress.com\/en\/wp-json\/wp\/v2\/product_cat?post=99950"},{"taxonomy":"product_tag","embeddable":true,"href":"https:\/\/electromenagerexpress.com\/en\/wp-json\/wp\/v2\/product_tag?post=99950"}],"curies":[{"name":"wp","href":"https:\/\/api.w.org\/{rel}","templated":true}]}}