{"id":99946,"date":"2024-11-28T18:26:40","date_gmt":"2024-11-28T18:26:40","guid":{"rendered":"https:\/\/electromenagerexpress.com\/product\/barbecuebarbecookfumoir-oskar-s\/"},"modified":"2024-11-28T18:26:41","modified_gmt":"2024-11-28T18:26:41","slug":"barbecuebarbecookfumoir-oskar-s","status":"publish","type":"product","link":"https:\/\/electromenagerexpress.com\/en\/product\/barbecuebarbecookfumoir-oskar-s\/","title":{"rendered":"Barbecue\t\t\t\t\t\t\tBARBECOOK\t\t\t\tFumoir Oskar S"},"content":{"rendered":"<div class=\"product-features__content\">\n<ul role=\"list\">\n<li class=\"product-features__item\" role=\"listitem\">\n<h3 class=\"product-features__label\">Cuisson<\/h3>\n<ul role=\"list\">\n<li class=\"product-features__item-list__item\" role=\"listitem\"><span class=\"is--medium\">Nombre de personnes :<\/span> 4\t\t\t\t\t<\/li>\n<li class=\"product-features__item-list__item\" role=\"listitem\"><span class=\"is--medium\">Type de cuisson :<\/span> Fumage\t\t\t\t\t<\/li>\n<\/ul>\n<\/li>\n<li class=\"product-features__item\" role=\"listitem\">\n<h3 class=\"product-features__label\">Et en plus<\/h3>\n<ul role=\"list\">\n<li class=\"product-features__item-list__item\" role=\"listitem\"><span class=\"is--medium\">Comme un chef :<\/span> <a href=\"https:\/\/commeunchef.boulanger.com\/\" target=\"_blank\"> Comme un Chef<\/a><\/li>\n<\/ul>\n<\/li>\n<li class=\"product-features__item\" role=\"listitem\">\n<h3 class=\"product-features__label\">Dimensions<\/h3>\n<ul role=\"list\">\n<li class=\"product-features__item-list__item\" role=\"listitem\"><span class=\"is--medium\">Dimensions l x h x p :<\/span> NC x 88 x NC cm\t\t\t\t\t<\/li>\n<li class=\"product-features__item-list__item\" role=\"listitem\"><span class=\"is--medium\">Poids :<\/span> 15,00 kg\t\t\t\t\t<\/li>\n<\/ul>\n<\/li>\n<li class=\"product-features__item\" role=\"listitem\">\n<h3 class=\"product-features__label\">Informations compl\u00e9mentaires<\/h3>\n<ul role=\"list\">\n<li class=\"product-features__item-list__item\" role=\"listitem\"><span class=\"is--medium\">R\u00e9f\u00e9rence constructeur :<\/span> Fumoir Oskar S\t\t\t\t\t<\/li>\n<li class=\"product-features__item-list__item\" role=\"listitem\"><span class=\"is--medium\">Marque :<\/span> BARBECOOK\t\t\t\t\t<\/li>\n<li class=\"product-features__item-list__item\" role=\"listitem\"><span class=\"is--medium\">Disponibilit\u00e9 des pi\u00e8ces d\u00e9tach\u00e9es (donn\u00e9es fournisseur) :<\/span> Pendant 5 ans, \u00e0 compter de la date de fabrication\t\t\t\t\t<\/li>\n<li class=\"product-features__item-list__item\" role=\"listitem\"><span class=\"is--medium\">Garantie :<\/span> 2 ans\t\t\t\t\t<\/li>\n<\/ul>\n<\/li>\n<\/ul>\n<\/div>\n<div class=\"product__disclosure-content\">\n<div class=\"js-read-more product-description__content read-more read-more--truncated\" data-read-more-name=\"description\" style=\"max-height: 500px; overflow: hidden;\">\n<p>D\u00e9couvrez ou red\u00e9couvrez le plaisir de la cuisson au charbon de bois avec le barbecue BARBECOOK Fumoir Oskar S facile \u00e0 prendre en main. Il vous offre deux modes de cuisson pratiques.<\/p>\n<h3>Fumez \u00e0 froid ou \u00e0 chaud !<img fetchpriority=\"high\" decoding=\"async\" alt=\"Barbecue BARBECOOK Fumoir Oskar S\" class=\"wy_tableau_gauche\" height=\"270\" src=\"https:\/\/boulanger.scene7.com\/is\/image\/Boulanger\/5400269206956_p1?wid=400&amp;hei=270\" width=\"400\"\/><\/h3>\n<p>Le barbecue BARBECOOK Fumoir Oskar S vous permet de <b>fumer \u00e0 froid ou \u00e0 chaud<\/b> vos aliments. En utilisant le mode de cuisson \u00e0 froid, vous pouvez faire cuire des denr\u00e9es \u00e0 basse temp\u00e9rature pour obtenir un r\u00e9sultat \u00e0 point. \u00c0 chaud, vous saisissez d&rsquo;une mani\u00e8re beaucoup plus rapide. C&rsquo;est un barbecue fumoir id\u00e9al pour le poisson ou le gibier, par exemple.<\/p>\n<p>Pour vos cuissons, vous utiliserez du charbon de bois, qui offre un go\u00fbt unique \u00e0 toutes vos recettes de cuisine. Il vous offre de revenir aux origines du barbecue pour des cuissons authentiques et pleines de saveurs sur sa <b>grille de 41 cm de diam\u00e8tre<\/b>.<\/p>\n<h3>Un barbecue solide et r\u00e9sistant<img decoding=\"async\" alt=\"Barbecue BARBECOOK Fumoir Oskar S\" class=\"wy_tableau_right\" height=\"270\" src=\"https:\/\/boulanger.scene7.com\/is\/image\/Boulanger\/5400269206956_p2?wid=400&amp;hei=270\" width=\"400\"\/><\/h3>\n<p>Le barbecue BARBECOOK Fumoir Oskar S a \u00e9t\u00e9 con\u00e7u pour durer dans le temps ! Il se compose de grilles et de crochets solides en acier \u00e9maill\u00e9. Son couvercle avec <b>clapet d&rsquo;a\u00e9ration<\/b> assure de r\u00e9gler l&rsquo;arriv\u00e9e de l&rsquo;air \u00e0 l&rsquo;int\u00e9rieur et ainsi de mieux contr\u00f4ler les temp\u00e9ratures. D&rsquo;ailleurs, il est aussi dot\u00e9 d&rsquo;un <b>thermom\u00e8tre<\/b>.<\/p>\n<p>Les <b>deux pieds stables et les deux poign\u00e9es<\/b> permettent de le placer \u00e0 l&rsquo;ext\u00e9rieur, m\u00eame sur la terre, et de le d\u00e9placer ais\u00e9ment. Vous allez pouvoir faire des barbecues o\u00f9 vous voulez\u00a0! Facilement d\u00e9montable, il se nettoie en un clin d&rsquo;oeil, ce qui simplifie grandement son entretien au quotidien.<\/p>\n<\/p>\n<p><video class=\"s7Video\" controls=\"\" controlslist=\"nodownload\" poster=\"https:\/\/boulanger.scene7.com\/is\/image\/Boulanger\/5400269205171_v_0?scl=1\" preload=\"metadata\" src=\"https:\/\/boulanger.scene7.com\/is\/content\/Boulanger\/5400269205171_v_0\" width=\"100%\"><\/video><\/p>\n<\/div>\n<p><bl-button a11yexpanded=\"false\" arialabel=\"Afficher toute la description\" class=\"read-more__btn\" full=\"false\" link=\"true\"><\/bl-button><\/div>","protected":false},"excerpt":{"rendered":"<div class=\"keypoints\">\n<h3 class=\"keypoints__title\">Les points cl\u00e9s<\/h3>\n<ul role=\"list\">\n<li class=\"keypoints__item\" role=\"listitem\">                                        4                      <\/li>\n<li class=\"keypoints__item keypoints__item--advantage\" role=\"listitem\"><strong>Le + :<\/strong> Fumer les aliments \u00e0 chaud ou \u00e0 froid      <\/li>\n<\/ul>","protected":false},"featured_media":52807,"template":"","meta":{"_glsr_average":0,"_glsr_ranking":0,"_glsr_reviews":0},"product_cat":[360],"product_tag":[361,362,230],"class_list":{"0":"post-99946","1":"product","2":"type-product","3":"status-publish","4":"has-post-thumbnail","6":"product_cat-barbecue-charbon-de-bois","7":"product_tag-barbecue","8":"product_tag-barbecue-charbon-de-bois","9":"product_tag-cuisine-et-cuisson","11":"first","12":"instock","13":"sale","14":"shipping-taxable","15":"purchasable","16":"product-type-simple"},"_links":{"self":[{"href":"https:\/\/electromenagerexpress.com\/en\/wp-json\/wp\/v2\/product\/99946","targetHints":{"allow":["GET"]}}],"collection":[{"href":"https:\/\/electromenagerexpress.com\/en\/wp-json\/wp\/v2\/product"}],"about":[{"href":"https:\/\/electromenagerexpress.com\/en\/wp-json\/wp\/v2\/types\/product"}],"wp:featuredmedia":[{"embeddable":true,"href":"https:\/\/electromenagerexpress.com\/en\/wp-json\/wp\/v2\/media\/52807"}],"wp:attachment":[{"href":"https:\/\/electromenagerexpress.com\/en\/wp-json\/wp\/v2\/media?parent=99946"}],"wp:term":[{"taxonomy":"product_cat","embeddable":true,"href":"https:\/\/electromenagerexpress.com\/en\/wp-json\/wp\/v2\/product_cat?post=99946"},{"taxonomy":"product_tag","embeddable":true,"href":"https:\/\/electromenagerexpress.com\/en\/wp-json\/wp\/v2\/product_tag?post=99946"}],"curies":[{"name":"wp","href":"https:\/\/api.w.org\/{rel}","templated":true}]}}