{"id":99924,"date":"2024-11-28T18:25:10","date_gmt":"2024-11-28T18:25:10","guid":{"rendered":"https:\/\/electromenagerexpress.com\/product\/braseroblumfeldtsavage-2-0-o60-cm-noir\/"},"modified":"2024-11-28T18:25:13","modified_gmt":"2024-11-28T18:25:13","slug":"braseroblumfeldtsavage-2-0-o60-cm-noir","status":"publish","type":"product","link":"https:\/\/electromenagerexpress.com\/en\/product\/braseroblumfeldtsavage-2-0-o60-cm-noir\/","title":{"rendered":"Brasero\t\t\t\t\t\t\tBLUMFELDT\t\t\t\tSavage 2.0 \u00d860 cm &#8211; Noir"},"content":{"rendered":"<div class=\"product-features__content\">\n<ul role=\"list\">\n<li class=\"product-features__item\" role=\"listitem\">\n<h3 class=\"product-features__label\">Cuisson<\/h3>\n<ul role=\"list\">\n<li class=\"product-features__item-list__item\" role=\"listitem\"><span class=\"is--medium\">Nombre de personnes :<\/span> De 4 \u00e0 6 personnes\t\t\t\t\t<\/li>\n<li class=\"product-features__item-list__item\" role=\"listitem\"><span class=\"is--medium\">Energie :<\/span> Charbon de bois\t\t\t\t\t<\/li>\n<li class=\"product-features__item-list__item\" role=\"listitem\"><span class=\"is--medium\">Type de cuisson :<\/span> Grill\t\t\t\t\t<\/li>\n<li class=\"product-features__item-list__item\" role=\"listitem\"><span class=\"is--medium\">Clapet d&rsquo;a\u00e9ration :<\/span> Non\t\t\t\t\t<\/li>\n<\/ul>\n<\/li>\n<li class=\"product-features__item\" role=\"listitem\">\n<h3 class=\"product-features__label\">Equipement<\/h3>\n<ul role=\"list\">\n<li class=\"product-features__item-list__item\" role=\"listitem\"><span class=\"is--medium\">Nombre de grilles \/ plaques :<\/span> 1 grille\t\t\t\t\t<\/li>\n<li class=\"product-features__item-list__item\" role=\"listitem\"><span class=\"is--medium\">Grille :<\/span> Mod\u00e8le simple\t\t\t\t\t<\/li>\n<li class=\"product-features__item-list__item\" role=\"listitem\"><span class=\"is--medium\">Grille maintien au chaud :<\/span> Non\t\t\t\t\t<\/li>\n<li class=\"product-features__item-list__item\" role=\"listitem\"><span class=\"is--medium\">Thermom\u00e8tre :<\/span> Non\t\t\t\t\t<\/li>\n<li class=\"product-features__item-list__item\" role=\"listitem\"><span class=\"is--medium\">Minuteur :<\/span> Non\t\t\t\t\t<\/li>\n<li class=\"product-features__item-list__item\" role=\"listitem\"><span class=\"is--medium\">Crochets de suspension :<\/span> Non\t\t\t\t\t<\/li>\n<\/ul>\n<\/li>\n<li class=\"product-features__item\" role=\"listitem\">\n<h3 class=\"product-features__label\">Mati\u00e8re et coloris<\/h3>\n<ul role=\"list\">\n<li class=\"product-features__item-list__item\" role=\"listitem\"><span class=\"is--medium\">De la surface de cuisson :<\/span> Inox\t\t\t\t\t<\/li>\n<li class=\"product-features__item-list__item\" role=\"listitem\"><span class=\"is--medium\">De la cuve :<\/span> Acier inoxydable\t\t\t\t\t<\/li>\n<li class=\"product-features__item-list__item\" role=\"listitem\"><span class=\"is--medium\">Coloris :<\/span> Noir\t\t\t\t\t<\/li>\n<\/ul>\n<\/li>\n<li class=\"product-features__item\" role=\"listitem\">\n<h3 class=\"product-features__label\">Facilit\u00e9 de nettoyage<\/h3>\n<ul role=\"list\">\n<li class=\"product-features__item-list__item\" role=\"listitem\"><span class=\"is--medium\">Grille\/plaque amovible :<\/span> Oui\t\t\t\t\t<\/li>\n<li class=\"product-features__item-list__item\" role=\"listitem\"><span class=\"is--medium\">Compatible au lave-vaisselle :<\/span> Non\t\t\t\t\t<\/li>\n<li class=\"product-features__item-list__item\" role=\"listitem\"><span class=\"is--medium\">Enti\u00e8rement d\u00e9montable :<\/span> Oui\t\t\t\t\t<\/li>\n<li class=\"product-features__item-list__item\" role=\"listitem\"><span class=\"is--medium\">R\u00e9cup\u00e9ration des cendres :<\/span> Non\t\t\t\t\t<\/li>\n<\/ul>\n<\/li>\n<li class=\"product-features__item\" role=\"listitem\">\n<h3 class=\"product-features__label\">Agencement<\/h3>\n<ul role=\"list\">\n<li class=\"product-features__item-list__item\" role=\"listitem\"><span class=\"is--medium\">Mobilit\u00e9 :<\/span> Sur pieds\t\t\t\t\t<\/li>\n<li class=\"product-features__item-list__item\" role=\"listitem\"><span class=\"is--medium\">Avantage de la mobilit\u00e9 :<\/span> Sur pieds pour lui trouver un espace d\u00e9di\u00e9\t\t\t\t\t<\/li>\n<li class=\"product-features__item-list__item\" role=\"listitem\"><span class=\"is--medium\">Chariot pliable :<\/span> Non\t\t\t\t\t<\/li>\n<li class=\"product-features__item-list__item\" role=\"listitem\"><span class=\"is--medium\">Pieds r\u00e9glables :<\/span> Non\t\t\t\t\t<\/li>\n<li class=\"product-features__item-list__item\" role=\"listitem\"><span class=\"is--medium\">Couvercle :<\/span> Non\t\t\t\t\t<\/li>\n<li class=\"product-features__item-list__item\" role=\"listitem\"><span class=\"is--medium\">Pare-vent :<\/span> Evite des projections et prot\u00e8ge du vent\t\t\t\t\t<\/li>\n<li class=\"product-features__item-list__item\" role=\"listitem\"><span class=\"is--medium\">Tablette de travail :<\/span> Unilat\u00e9rale\t\t\t\t\t<\/li>\n<li class=\"product-features__item-list__item\" role=\"listitem\"><span class=\"is--medium\">Poign\u00e9es de transport :<\/span> Non\t\t\t\t\t<\/li>\n<li class=\"product-features__item-list__item\" role=\"listitem\"><span class=\"is--medium\">Espace de rangement :<\/span> Pour vos accessoires\t\t\t\t\t<\/li>\n<li class=\"product-features__item-list__item\" role=\"listitem\"><span class=\"is--medium\">Montage barbecue\/chariot :<\/span> En kit\u00a0\u00e0 monter soi-m\u00eame\t\t\t\t\t<\/li>\n<\/ul>\n<\/li>\n<li class=\"product-features__item\" role=\"listitem\">\n<h3 class=\"product-features__label\">S\u00e9curit\u00e9<\/h3>\n<ul role=\"list\">\n<li class=\"product-features__item-list__item\" role=\"listitem\"><span class=\"is--medium\">Poign\u00e9e froide :<\/span> Non\t\t\t\t\t<\/li>\n<li class=\"product-features__item-list__item\" role=\"listitem\"><span class=\"is--medium\">Pieds antid\u00e9rapants :<\/span> Oui\t\t\t\t\t<\/li>\n<\/ul>\n<\/li>\n<li class=\"product-features__item\" role=\"listitem\">\n<h3 class=\"product-features__label\">Dimensions<\/h3>\n<ul role=\"list\">\n<li class=\"product-features__item-list__item\" role=\"listitem\"><span class=\"is--medium\">Dimension de la surface de cuisson :<\/span> Diam\u00e8tre 60 cm\t\t\t\t\t<\/li>\n<li class=\"product-features__item-list__item\" role=\"listitem\"><span class=\"is--medium\">Dimensions l x h x p :<\/span> 60 x 18 x 60 cm\t\t\t\t\t<\/li>\n<li class=\"product-features__item-list__item\" role=\"listitem\"><span class=\"is--medium\">Dimension du carton l x h x p :<\/span> 120 x 120 x 80 cm\t\t\t\t\t<\/li>\n<li class=\"product-features__item-list__item\" role=\"listitem\"><span class=\"is--medium\">Poids :<\/span> 25,50 kg\t\t\t\t\t<\/li>\n<\/ul>\n<\/li>\n<li class=\"product-features__item\" role=\"listitem\">\n<h3 class=\"product-features__label\">Informations compl\u00e9mentaires<\/h3>\n<ul role=\"list\">\n<li class=\"product-features__item-list__item\" role=\"listitem\"><span class=\"is--medium\">R\u00e9f\u00e9rence constructeur :<\/span> Savage 2.0 \u00d860 cm &#8211; Noir\t\t\t\t\t<\/li>\n<li class=\"product-features__item-list__item\" role=\"listitem\"><span class=\"is--medium\">Marque :<\/span> BLUMFELDT\t\t\t\t\t<\/li>\n<li class=\"product-features__item-list__item\" role=\"listitem\"><span class=\"is--medium\">Disponibilit\u00e9 des pi\u00e8ces d\u00e9tach\u00e9es (donn\u00e9es fournisseur) :<\/span> Non communiqu\u00e9e\t\t\t\t\t<\/li>\n<li class=\"product-features__item-list__item\" role=\"listitem\"><span class=\"is--medium\">Fabriqu\u00e9 en :<\/span> Chine\t\t\t\t\t<\/li>\n<\/ul>\n<\/li>\n<\/ul>\n<\/div>\n<div class=\"product__disclosure-content\">\n<div class=\"js-read-more product-description__content read-more read-more--truncated\" data-read-more-name=\"description\" style=\"max-height: 500px; overflow: hidden;\">\n<p>Avec le\u00a0<b>barbecue\u00a0avec bol \u00e0 feu\u00a0<\/b>rond Savage 2.0 de\u00a0<b>blumfeldt<\/b>, savoure de succulents<br \/>mets grill\u00e9s en famille ou entre amis et ressens l&rsquo;atmosph\u00e8re incomparablement<br \/>chaleureuse d&rsquo;un feu ouvert sous un ciel \u00e9toil\u00e9. Tu peux allumer le <b>bol \u00e0 feu<\/b><br \/>exclusif de mani\u00e8re classique avec du charbon de bois ou du bois de chauffage, qui<br \/>est pratiquement stock\u00e9 dans la base du\u00a0<b>barbecue<\/b>. En plus de l&rsquo;\u00e9norme confort de<br \/>grillade, le foyer sert \u00e9galement de source de chaleur, ce qui te permet de profiter<br \/>des soir\u00e9es en plein air m\u00eame en automne.<\/p>\n<p>Le robuste\u00a0<b>bol de feu\u00a0<\/b>d&rsquo;un diam\u00e8tre de 60 cm est enti\u00e8rement fabriqu\u00e9 en acier, ce<br \/>qui le rend particuli\u00e8rement durable et r\u00e9sistant aux intemp\u00e9ries. La construction<br \/>est prot\u00e9g\u00e9e de l&rsquo;eau et du gel et malgr\u00e9 l&rsquo;\u00e9paisseur robuste du mat\u00e9riau de 2,75 mm,<br \/>le bol est relativement l\u00e9ger. L&rsquo;anneau de gril en acier inoxydable assorti offre de<br \/>l&rsquo;espace pour toutes sortes de d\u00e9lices et tu peux te d\u00e9tendre et regarder les flammes<br \/>au milieu pendant que les aliments finement grill\u00e9s gr\u00e9sillent.<\/p>\n<p>Le\u00a0<b>barbecue avec bol \u00e0 feu <\/b>rond\u00a0Savage 2.0\u00a0de\u00a0<b>blumfeldt\u00a0<\/b>: encadre les d\u00e9licieux<br \/>plaisirs du barbecue avec la romance d&rsquo;un feu de camp cr\u00e9pitant.<\/p>\n<p><b>Top Features:<\/b><\/p>\n<p>\u2022 <b>Sous un ciel \u00e9toil\u00e9<\/b> : le plaisir du barbecue au coin du feu<br \/>\u2022 <b>Base stable<\/b> : pour le stockage du bois de chauffage<br \/>\u2022 <b>\u00c9paisseur du mat\u00e9riau robuste<\/b> : acier de 2,75 mm pour une grande durabilit\u00e9<br \/>\u2022 <b>Anneau de gril en acier inoxydable<\/b> : pour placer les aliments sur le gril.<br \/>\u2022 <b>Nettoyage facile<\/b> : il suffit de nettoyer avec une \u00e9ponge<\/p>\n<p><b>Caract\u00e9ristiques:<\/b><\/p>\n<p>\u2022 Bol de feu en acier<br \/>\u2022 Y compris l&rsquo;anneau de gril correspondant en acier inoxydable<br \/>\u2022 Construction stable avec support s\u00e9curis\u00e9<br \/>\u2022 Sur la base avec un espace de rangement pour le bois de chauffage<br \/>\u2022 Convient pour une utilisation avec du bois de chauffage ou du charbon de bois<br \/>\u2022 Tr\u00e8s facile \u00e0 nettoyer<br \/>\u2022 Poids l\u00e9ger<br \/>\u2022 \u00c9paisseur du mat\u00e9riau : 2,75 mm<br \/>\u2022 R\u00e9sistant \u00e0 l&rsquo;eau et au gel<br \/>\u2022 Tr\u00e8s facile \u00e0 assembler<br \/>\u2022 Housse de protection contre les intemp\u00e9ries incluse<\/p>\n<p><b>Inclus dans la livraison:<\/b><\/p>\n<p>\u2022 1 x bol \u00e0 feu<br \/>\u2022 1 x anneau de gril<br \/>\u2022 1 x base (kit de montage)<br \/>\u2022 1 x capuchon de protection contre les intemp\u00e9ries<br \/>\u2022 Manuel d&rsquo;instruction multilingue<\/p>\n<p><b>Dimensions:<\/b><\/p>\n<p>\u2022 Dimensions du foyer : env. 60 x 18 cm (\u00d8xH)<br \/>\u2022 Dimensions de l&rsquo;anneau grillag\u00e9 : env. 59,5 x 29,5 cm (\u00d8xl)<br \/>\u2022 Dimensions de la base : env. 40 x 38 cm (\u00d8xH)<br \/>\u2022 Poids : env. 25,5 kg<\/p>\n<\/div>\n<p><bl-button a11yexpanded=\"false\" arialabel=\"Afficher toute la description\" class=\"read-more__btn\" full=\"false\" link=\"true\">Voir plus<\/bl-button><\/div>","protected":false},"excerpt":{"rendered":"<div class=\"keypoints\">\n<h3 class=\"keypoints__title\">Les points cl\u00e9s<\/h3>\n<ul role=\"list\">\n<li class=\"keypoints__item\" role=\"listitem\">                          De 4 \u00e0 6 personnes &#8211;                                                      Sur pieds                      <\/li>\n<li class=\"keypoints__item\" role=\"listitem\">                                        Mati\u00e8re de la cuve : en acier inoxydable                      <\/li>\n<li class=\"keypoints__item\" role=\"listitem\">                                        Dimension de la surface de cuisson : Diam\u00e8tre 60 cm                      <\/li>\n<\/ul>","protected":false},"featured_media":52647,"template":"","meta":{"_glsr_average":0,"_glsr_ranking":0,"_glsr_reviews":0},"product_cat":[383],"product_tag":[361,384,230],"class_list":{"0":"post-99924","1":"product","2":"type-product","3":"status-publish","4":"has-post-thumbnail","6":"product_cat-brasero","7":"product_tag-barbecue","8":"product_tag-brasero","9":"product_tag-cuisine-et-cuisson","11":"first","12":"instock","13":"sale","14":"shipping-taxable","15":"purchasable","16":"product-type-simple"},"_links":{"self":[{"href":"https:\/\/electromenagerexpress.com\/en\/wp-json\/wp\/v2\/product\/99924","targetHints":{"allow":["GET"]}}],"collection":[{"href":"https:\/\/electromenagerexpress.com\/en\/wp-json\/wp\/v2\/product"}],"about":[{"href":"https:\/\/electromenagerexpress.com\/en\/wp-json\/wp\/v2\/types\/product"}],"wp:featuredmedia":[{"embeddable":true,"href":"https:\/\/electromenagerexpress.com\/en\/wp-json\/wp\/v2\/media\/52647"}],"wp:attachment":[{"href":"https:\/\/electromenagerexpress.com\/en\/wp-json\/wp\/v2\/media?parent=99924"}],"wp:term":[{"taxonomy":"product_cat","embeddable":true,"href":"https:\/\/electromenagerexpress.com\/en\/wp-json\/wp\/v2\/product_cat?post=99924"},{"taxonomy":"product_tag","embeddable":true,"href":"https:\/\/electromenagerexpress.com\/en\/wp-json\/wp\/v2\/product_tag?post=99924"}],"curies":[{"name":"wp","href":"https:\/\/api.w.org\/{rel}","templated":true}]}}