{"id":99894,"date":"2024-11-28T11:54:39","date_gmt":"2024-11-28T11:54:39","guid":{"rendered":"https:\/\/electromenagerexpress.com\/product\/barbecue-charbonmonolithmonolith-junior2-0-noirchariot\/"},"modified":"2024-11-28T11:54:41","modified_gmt":"2024-11-28T11:54:41","slug":"barbecue-charbonmonolithmonolith-junior2-0-noirchariot","status":"publish","type":"product","link":"https:\/\/electromenagerexpress.com\/en\/product\/barbecue-charbonmonolithmonolith-junior2-0-noirchariot\/","title":{"rendered":"Barbecue charbon\t\t\t\t\t\t\tMONOLITH\t\t\t\tMonolith JUNIOR2.0 &#8211; Noir+Chariot"},"content":{"rendered":"<div class=\"product-features__content\">\n<ul role=\"list\">\n<li class=\"product-features__item\" role=\"listitem\">\n<h3 class=\"product-features__label\">Cuisson<\/h3>\n<ul role=\"list\">\n<li class=\"product-features__item-list__item\" role=\"listitem\"><span class=\"is--medium\">Nombre de personnes :<\/span> De 4 \u00e0 6 personnes\t\t\t\t\t<\/li>\n<li class=\"product-features__item-list__item\" role=\"listitem\"><span class=\"is--medium\">Energie :<\/span> Charbon de bois\t\t\t\t\t<\/li>\n<li class=\"product-features__item-list__item\" role=\"listitem\"><span class=\"is--medium\">Type de cuisson :<\/span> Grill, four, fumage\t\t\t\t\t<\/li>\n<li class=\"product-features__item-list__item\" role=\"listitem\"><span class=\"is--medium\">Clapet d&rsquo;a\u00e9ration :<\/span> Oui\t\t\t\t\t<\/li>\n<li class=\"product-features__item-list__item\" role=\"listitem\"><span class=\"is--medium\">Avantage des clapets d&rsquo;a\u00e9rations :<\/span> Les clapets permettent de contr\u00f4ler la temp\u00e9rature en augmentant ou diminuant l&rsquo;entr\u00e9e d&rsquo;air dans le barbecue pour toutes vos cuissons : saisie, cuisson lente&#8230;\t\t\t\t\t<\/li>\n<\/ul>\n<\/li>\n<li class=\"product-features__item\" role=\"listitem\">\n<h3 class=\"product-features__label\">Equipement<\/h3>\n<ul role=\"list\">\n<li class=\"product-features__item-list__item\" role=\"listitem\"><span class=\"is--medium\">Nombre de grilles \/ plaques :<\/span> 1 grille\t\t\t\t\t<\/li>\n<li class=\"product-features__item-list__item\" role=\"listitem\"><span class=\"is--medium\">Grille :<\/span> Mod\u00e8le simple\t\t\t\t\t<\/li>\n<li class=\"product-features__item-list__item\" role=\"listitem\"><span class=\"is--medium\">Grille maintien au chaud :<\/span> Non\t\t\t\t\t<\/li>\n<li class=\"product-features__item-list__item\" role=\"listitem\"><span class=\"is--medium\">Thermom\u00e8tre :<\/span> Oui\t\t\t\t\t<\/li>\n<li class=\"product-features__item-list__item\" role=\"listitem\"><span class=\"is--medium\">Avantage du thermom\u00e8tre :<\/span> le contr\u00f4le de la temp\u00e9rature vous permet de r\u00e9aliser diverses recettes avec pr\u00e9cision\t\t\t\t\t<\/li>\n<li class=\"product-features__item-list__item\" role=\"listitem\"><span class=\"is--medium\">Minuteur :<\/span> Non\t\t\t\t\t<\/li>\n<li class=\"product-features__item-list__item\" role=\"listitem\"><span class=\"is--medium\">Crochets de suspension :<\/span> Non\t\t\t\t\t<\/li>\n<\/ul>\n<\/li>\n<li class=\"product-features__item\" role=\"listitem\">\n<h3 class=\"product-features__label\">Mati\u00e8re et coloris<\/h3>\n<ul role=\"list\">\n<li class=\"product-features__item-list__item\" role=\"listitem\"><span class=\"is--medium\">De la surface de cuisson :<\/span> Inox\t\t\t\t\t<\/li>\n<li class=\"product-features__item-list__item\" role=\"listitem\"><span class=\"is--medium\">De la cuve :<\/span> C\u00e9ramique\t\t\t\t\t<\/li>\n<li class=\"product-features__item-list__item\" role=\"listitem\"><span class=\"is--medium\">Du couvercle :<\/span> C\u00e9ramique\t\t\t\t\t<\/li>\n<li class=\"product-features__item-list__item\" role=\"listitem\"><span class=\"is--medium\">Coloris :<\/span> Noir\t\t\t\t\t<\/li>\n<\/ul>\n<\/li>\n<li class=\"product-features__item\" role=\"listitem\">\n<h3 class=\"product-features__label\">Facilit\u00e9 de nettoyage<\/h3>\n<ul role=\"list\">\n<li class=\"product-features__item-list__item\" role=\"listitem\"><span class=\"is--medium\">Grille\/plaque amovible :<\/span> Oui\t\t\t\t\t<\/li>\n<li class=\"product-features__item-list__item\" role=\"listitem\"><span class=\"is--medium\">Compatible au lave-vaisselle :<\/span> Grille\t\t\t\t\t<\/li>\n<li class=\"product-features__item-list__item\" role=\"listitem\"><span class=\"is--medium\">Enti\u00e8rement d\u00e9montable :<\/span> Oui\t\t\t\t\t<\/li>\n<li class=\"product-features__item-list__item\" role=\"listitem\"><span class=\"is--medium\">R\u00e9cup\u00e9ration des cendres :<\/span> Coupelle\t\t\t\t\t<\/li>\n<\/ul>\n<\/li>\n<li class=\"product-features__item\" role=\"listitem\">\n<h3 class=\"product-features__label\">Agencement<\/h3>\n<ul role=\"list\">\n<li class=\"product-features__item-list__item\" role=\"listitem\"><span class=\"is--medium\">Mobilit\u00e9 :<\/span> Sur chariot\t\t\t\t\t<\/li>\n<li class=\"product-features__item-list__item\" role=\"listitem\"><span class=\"is--medium\">Avantage de la mobilit\u00e9 :<\/span> Facile \u00e0 d\u00e9placer avec ses roues pour plus de s\u00e9curit\u00e9\t\t\t\t\t<\/li>\n<li class=\"product-features__item-list__item\" role=\"listitem\"><span class=\"is--medium\">Chariot pliable :<\/span> Non\t\t\t\t\t<\/li>\n<li class=\"product-features__item-list__item\" role=\"listitem\"><span class=\"is--medium\">Pieds r\u00e9glables :<\/span> Non\t\t\t\t\t<\/li>\n<li class=\"product-features__item-list__item\" role=\"listitem\"><span class=\"is--medium\">Couvercle :<\/span> Oui\t\t\t\t\t<\/li>\n<li class=\"product-features__item-list__item\" role=\"listitem\"><span class=\"is--medium\">Avantage du couvercle :<\/span> Le couvercle permet une chaleur uniforme et rend vos aliments plus tendre\t\t\t\t\t<\/li>\n<li class=\"product-features__item-list__item\" role=\"listitem\"><span class=\"is--medium\">Pare-vent :<\/span> Evite des projections et prot\u00e8ge du vent\t\t\t\t\t<\/li>\n<li class=\"product-features__item-list__item\" role=\"listitem\"><span class=\"is--medium\">Tablette de travail :<\/span> Non\t\t\t\t\t<\/li>\n<li class=\"product-features__item-list__item\" role=\"listitem\"><span class=\"is--medium\">Poign\u00e9es de transport :<\/span> Oui\t\t\t\t\t<\/li>\n<li class=\"product-features__item-list__item\" role=\"listitem\"><span class=\"is--medium\">Espace de rangement :<\/span> Non\t\t\t\t\t<\/li>\n<li class=\"product-features__item-list__item\" role=\"listitem\"><span class=\"is--medium\">Montage barbecue\/chariot :<\/span> En kit\u00a0\u00e0 monter soi-m\u00eame\t\t\t\t\t<\/li>\n<\/ul>\n<\/li>\n<li class=\"product-features__item\" role=\"listitem\">\n<h3 class=\"product-features__label\">S\u00e9curit\u00e9<\/h3>\n<ul role=\"list\">\n<li class=\"product-features__item-list__item\" role=\"listitem\"><span class=\"is--medium\">Poign\u00e9e froide :<\/span> Oui\t\t\t\t\t<\/li>\n<li class=\"product-features__item-list__item\" role=\"listitem\"><span class=\"is--medium\">Pieds antid\u00e9rapants :<\/span> Non\t\t\t\t\t<\/li>\n<\/ul>\n<\/li>\n<li class=\"product-features__item\" role=\"listitem\">\n<h3 class=\"product-features__label\">Dimensions<\/h3>\n<ul role=\"list\">\n<li class=\"product-features__item-list__item\" role=\"listitem\"><span class=\"is--medium\">Dimension de la surface de cuisson :<\/span> Diam\u00e8tre 33 cm\t\t\t\t\t<\/li>\n<li class=\"product-features__item-list__item\" role=\"listitem\"><span class=\"is--medium\">Dimensions l x h x p :<\/span> 47 x 95 x 47 cm\t\t\t\t\t<\/li>\n<li class=\"product-features__item-list__item\" role=\"listitem\"><span class=\"is--medium\">Dimension du carton l x h x p :<\/span> 70 x 32 x 54 cm\t\t\t\t\t<\/li>\n<li class=\"product-features__item-list__item\" role=\"listitem\"><span class=\"is--medium\">Poids :<\/span> 47,00 kg\t\t\t\t\t<\/li>\n<\/ul>\n<\/li>\n<li class=\"product-features__item\" role=\"listitem\">\n<h3 class=\"product-features__label\">Informations compl\u00e9mentaires<\/h3>\n<ul role=\"list\">\n<li class=\"product-features__item-list__item\" role=\"listitem\"><span class=\"is--medium\">R\u00e9f\u00e9rence constructeur :<\/span> Monolith JUNIOR2.0 &#8211; Noir+Chariot\t\t\t\t\t<\/li>\n<li class=\"product-features__item-list__item\" role=\"listitem\"><span class=\"is--medium\">Marque :<\/span> MONOLITH\t\t\t\t\t<\/li>\n<li class=\"product-features__item-list__item\" role=\"listitem\"><span class=\"is--medium\">Disponibilit\u00e9 des pi\u00e8ces d\u00e9tach\u00e9es (donn\u00e9es fournisseur) :<\/span> Pendant 10 ans, \u00e0 compter de la date de fabrication\t\t\t\t\t<\/li>\n<li class=\"product-features__item-list__item\" role=\"listitem\"><span class=\"is--medium\">Fabriqu\u00e9 en :<\/span> Chine\t\t\t\t\t<\/li>\n<\/ul>\n<\/li>\n<\/ul>\n<\/div>\n<div class=\"product__disclosure-content\">\n<div class=\"js-read-more product-description__content read-more read-more--truncated\" data-read-more-name=\"description\" style=\"max-height: 500px; overflow: hidden;\">\n<p>\u2022\tBarbecue Kamado, fumoir, four, rotissoire et plancha tr\u00e8s polyvalent !<br \/>\u2022\tId\u00e9al pour 2-3 personnes diam\u00e8tre cuisson 33cm \/ Tr\u00e8s nombreuses options possibles type plancha, r\u00f4tissoire etc. Parfait pour les cuisines professionnelles \u00e9galement !<br \/>\u2022\tTrappe de fumage int\u00e9gr\u00e9e permettant de d\u00e9poser ses pellets et copeaux parfum\u00e9s<br \/>\u2022\tAdaptation Guru possible (r\u00e9gulation automatique de la temp\u00e9rature)<br \/>\u2022\tTemp\u00e9rature entre 90 et 400\u00b0C<br \/>\u2022\tLivr\u00e9 avec son chariot et ses tablettes<br \/>\u2022\tHauteur 57cm appareil et 120 avec chariot, largeur 52cm, profondeur 47cm, poids 42 KgC\u00e9ramique et Inox 304 Alimentaire, Charbon de bois, 2 \u00e0 3 personnes, Le Monolith Junior est largement utilis\u00e9 dans la restauration professionnelle car, gr\u00e2ce \u00e0 sa petite taille, il trouve facilement sa place dans n&rsquo;importe quelle cuisine. En combinaison avec le grill suppl\u00e9mentaire, divers plats et accompagnements peuvent \u00eatre cuits en m\u00eame temps. Avec le syst\u00e8me d&rsquo;alimentation exclusif pour les copeaux et les pellets fum\u00e9s, la cuisson ne doit pas \u00eatre interrompue en soulevant le couvercle du gril., Monolith est une marque Allemande cr\u00e9\u00e9e au d\u00e9but des ann\u00e9es 2000. MONOLITH se caract\u00e9rise par un niveau \u00e9lev\u00e9 de technicit\u00e9 : qualit\u00e9 de la c\u00e9ramique tr\u00e8s \u00e9lev\u00e9e et \u00e9paisse et ensemble des pi\u00e8ces m\u00e9talliques en INOX 304.<\/p>\n<p> MONOLITH est la seule marque proposant un nombre important d&rsquo;accessoires inclus dans la premi\u00e8re livraison (pelles \u00e0 cendre, l\u00e8ve grille, tiroir de fumage) ainsi que d&rsquo;autres accessoires vous permettant d&rsquo;augmenter les possibilit\u00e9s : pizzas, rotisserie, wok, r\u00e9gulateur thermique, etc&#8230;<\/p>\n<p>Quincaillerie en Inox 304L, trappe de fumage, \u00e9quipements inclus<\/p>\n<\/div>\n<p><bl-button a11yexpanded=\"false\" arialabel=\"Afficher toute la description\" class=\"read-more__btn\" full=\"false\" link=\"true\">Voir plus<\/bl-button><\/div>","protected":false},"excerpt":{"rendered":"<div class=\"keypoints\">\n<h3 class=\"keypoints__title\">Les points cl\u00e9s<\/h3>\n<ul role=\"list\">\n<li class=\"keypoints__item\" role=\"listitem\">                                        Le charbon de bois, traditionnel pour des saveurs authentiques                      <\/li>\n<li class=\"keypoints__item\" role=\"listitem\">                          De 4 \u00e0 6 personnes &#8211;                                                      Sur chariot                      <\/li>\n<li class=\"keypoints__item\" role=\"listitem\">                                        Mati\u00e8re de la cuve : en c\u00e9ramique                      <\/li>\n<li class=\"keypoints__item\" role=\"listitem\">                          Couvercle &#8211;                                                      Dimension de la surface de cuisson : Diam\u00e8tre 33 cm                      <\/li>\n<\/ul>","protected":false},"featured_media":52511,"template":"","meta":{"_glsr_average":0,"_glsr_ranking":0,"_glsr_reviews":0},"product_cat":[360],"product_tag":[361,362,230],"class_list":{"0":"post-99894","1":"product","2":"type-product","3":"status-publish","4":"has-post-thumbnail","6":"product_cat-barbecue-charbon-de-bois","7":"product_tag-barbecue","8":"product_tag-barbecue-charbon-de-bois","9":"product_tag-cuisine-et-cuisson","11":"first","12":"instock","13":"sale","14":"shipping-taxable","15":"purchasable","16":"product-type-simple"},"_links":{"self":[{"href":"https:\/\/electromenagerexpress.com\/en\/wp-json\/wp\/v2\/product\/99894","targetHints":{"allow":["GET"]}}],"collection":[{"href":"https:\/\/electromenagerexpress.com\/en\/wp-json\/wp\/v2\/product"}],"about":[{"href":"https:\/\/electromenagerexpress.com\/en\/wp-json\/wp\/v2\/types\/product"}],"wp:featuredmedia":[{"embeddable":true,"href":"https:\/\/electromenagerexpress.com\/en\/wp-json\/wp\/v2\/media\/52511"}],"wp:attachment":[{"href":"https:\/\/electromenagerexpress.com\/en\/wp-json\/wp\/v2\/media?parent=99894"}],"wp:term":[{"taxonomy":"product_cat","embeddable":true,"href":"https:\/\/electromenagerexpress.com\/en\/wp-json\/wp\/v2\/product_cat?post=99894"},{"taxonomy":"product_tag","embeddable":true,"href":"https:\/\/electromenagerexpress.com\/en\/wp-json\/wp\/v2\/product_tag?post=99894"}],"curies":[{"name":"wp","href":"https:\/\/api.w.org\/{rel}","templated":true}]}}