{"id":99893,"date":"2024-11-28T11:54:35","date_gmt":"2024-11-28T11:54:35","guid":{"rendered":"https:\/\/electromenagerexpress.com\/product\/barbecue-gazhappy-gardenbarbecue-au-gaz-izalco-4-bruleurs-10kw\/"},"modified":"2024-11-28T11:54:38","modified_gmt":"2024-11-28T11:54:38","slug":"barbecue-gazhappy-gardenbarbecue-au-gaz-izalco-4-bruleurs-10kw","status":"publish","type":"product","link":"https:\/\/electromenagerexpress.com\/en\/product\/barbecue-gazhappy-gardenbarbecue-au-gaz-izalco-4-bruleurs-10kw\/","title":{"rendered":"Barbecue gaz\t\t\t\t\t\t\tHAPPY GARDEN\t\t\t\tBarbecue au gaz IZALCO &#8211; 4 br\u00fbleurs 10kW"},"content":{"rendered":"<div class=\"product-features__content\">\n<ul role=\"list\">\n<li class=\"product-features__item\" role=\"listitem\">\n<h3 class=\"product-features__label\">Cuisson<\/h3>\n<ul role=\"list\">\n<li class=\"product-features__item-list__item\" role=\"listitem\"><span class=\"is--medium\">Nombre de personnes :<\/span> 10 personnes\t\t\t\t\t<\/li>\n<li class=\"product-features__item-list__item\" role=\"listitem\"><span class=\"is--medium\">Energie :<\/span> Gaz\t\t\t\t\t<\/li>\n<li class=\"product-features__item-list__item\" role=\"listitem\"><span class=\"is--medium\">Type de gaz :<\/span> Butane ou propane\t\t\t\t\t<\/li>\n<li class=\"product-features__item-list__item\" role=\"listitem\"><span class=\"is--medium\">Type de cuisson :<\/span> Grill\t\t\t\t\t<\/li>\n<li class=\"product-features__item-list__item\" role=\"listitem\"><span class=\"is--medium\">Zone de cuisson :<\/span> 1 zone\t\t\t\t\t<\/li>\n<li class=\"product-features__item-list__item\" role=\"listitem\"><span class=\"is--medium\">Thermostat r\u00e9glable :<\/span> Oui\t\t\t\t\t<\/li>\n<li class=\"product-features__item-list__item\" role=\"listitem\"><span class=\"is--medium\">Temp\u00e9rature maximum de cuisson :<\/span> 280\u00b0C\t\t\t\t\t<\/li>\n<\/ul>\n<\/li>\n<li class=\"product-features__item\" role=\"listitem\">\n<h3 class=\"product-features__label\">Equipement<\/h3>\n<ul role=\"list\">\n<li class=\"product-features__item-list__item\" role=\"listitem\"><span class=\"is--medium\">Nombre de grilles \/ plaques :<\/span> 2 grilles\t\t\t\t\t<\/li>\n<li class=\"product-features__item-list__item\" role=\"listitem\"><span class=\"is--medium\">Grille :<\/span> Mod\u00e8le simple\t\t\t\t\t<\/li>\n<li class=\"product-features__item-list__item\" role=\"listitem\"><span class=\"is--medium\">Grille maintien au chaud :<\/span> Oui\t\t\t\t\t<\/li>\n<li class=\"product-features__item-list__item\" role=\"listitem\"><span class=\"is--medium\">Nombre de br\u00fbleurs :<\/span> 4 br\u00fbleurs\t\t\t\t\t<\/li>\n<li class=\"product-features__item-list__item\" role=\"listitem\"><span class=\"is--medium\">Syst\u00e8me d&rsquo;allumage :<\/span> Facile et rapide avec le piezzo\t\t\t\t\t<\/li>\n<li class=\"product-features__item-list__item\" role=\"listitem\"><span class=\"is--medium\">Thermom\u00e8tre :<\/span> Oui\t\t\t\t\t<\/li>\n<li class=\"product-features__item-list__item\" role=\"listitem\"><span class=\"is--medium\">Avantage du thermom\u00e8tre :<\/span> Le contr\u00f4le de la temp\u00e9rature vous permet de r\u00e9aliser diverses recettes avec pr\u00e9cision\t\t\t\t\t<\/li>\n<li class=\"product-features__item-list__item\" role=\"listitem\"><span class=\"is--medium\">Sonde de cuisson :<\/span> Non\t\t\t\t\t<\/li>\n<li class=\"product-features__item-list__item\" role=\"listitem\"><span class=\"is--medium\">Commande \u00e0 distance :<\/span> Non\t\t\t\t\t<\/li>\n<li class=\"product-features__item-list__item\" role=\"listitem\"><span class=\"is--medium\">R\u00e9chaud lat\u00e9ral :<\/span> Non\t\t\t\t\t<\/li>\n<li class=\"product-features__item-list__item\" role=\"listitem\"><span class=\"is--medium\">Crochets de suspension :<\/span> Non\t\t\t\t\t<\/li>\n<li class=\"product-features__item-list__item\" role=\"listitem\"><span class=\"is--medium\">Eclairage :<\/span> Non\t\t\t\t\t<\/li>\n<\/ul>\n<\/li>\n<li class=\"product-features__item\" role=\"listitem\">\n<h3 class=\"product-features__label\">Mati\u00e8re et coloris<\/h3>\n<ul role=\"list\">\n<li class=\"product-features__item-list__item\" role=\"listitem\"><span class=\"is--medium\">De la surface de cuisson :<\/span> Inox\t\t\t\t\t<\/li>\n<li class=\"product-features__item-list__item\" role=\"listitem\"><span class=\"is--medium\">De la cuve :<\/span> Non concern\u00e9\t\t\t\t\t<\/li>\n<li class=\"product-features__item-list__item\" role=\"listitem\"><span class=\"is--medium\">Du couvercle :<\/span> Acier\t\t\t\t\t<\/li>\n<li class=\"product-features__item-list__item\" role=\"listitem\"><span class=\"is--medium\">Coloris :<\/span> Noir\t\t\t\t\t<\/li>\n<\/ul>\n<\/li>\n<li class=\"product-features__item\" role=\"listitem\">\n<h3 class=\"product-features__label\">Facilit\u00e9 de nettoyage<\/h3>\n<ul role=\"list\">\n<li class=\"product-features__item-list__item\" role=\"listitem\"><span class=\"is--medium\">Grille\/plaque amovible :<\/span> Oui\t\t\t\t\t<\/li>\n<li class=\"product-features__item-list__item\" role=\"listitem\"><span class=\"is--medium\">Fond de cuve amovible :<\/span> Non\t\t\t\t\t<\/li>\n<li class=\"product-features__item-list__item\" role=\"listitem\"><span class=\"is--medium\">Enti\u00e8rement d\u00e9montable :<\/span> Oui\t\t\t\t\t<\/li>\n<li class=\"product-features__item-list__item\" role=\"listitem\"><span class=\"is--medium\">R\u00e9cup\u00e9rateur de jus \/ graisse :<\/span> Oui\t\t\t\t\t<\/li>\n<\/ul>\n<\/li>\n<li class=\"product-features__item\" role=\"listitem\">\n<h3 class=\"product-features__label\">Agencement<\/h3>\n<ul role=\"list\">\n<li class=\"product-features__item-list__item\" role=\"listitem\"><span class=\"is--medium\">Mobilit\u00e9 :<\/span> Sur chariot\t\t\t\t\t<\/li>\n<li class=\"product-features__item-list__item\" role=\"listitem\"><span class=\"is--medium\">Avantage de la mobilit\u00e9 :<\/span> Facile \u00e0 d\u00e9placer avec ses roues pour plus de s\u00e9curit\u00e9\t\t\t\t\t<\/li>\n<li class=\"product-features__item-list__item\" role=\"listitem\"><span class=\"is--medium\">Chariot pliable :<\/span> Non\t\t\t\t\t<\/li>\n<li class=\"product-features__item-list__item\" role=\"listitem\"><span class=\"is--medium\">Pieds r\u00e9glables :<\/span> Non\t\t\t\t\t<\/li>\n<li class=\"product-features__item-list__item\" role=\"listitem\"><span class=\"is--medium\">Couvercle :<\/span> Oui\t\t\t\t\t<\/li>\n<li class=\"product-features__item-list__item\" role=\"listitem\"><span class=\"is--medium\">Avantage du couvercle :<\/span> Le couvercle permet une chaleur uniforme et rend vos aliments plus tendre\t\t\t\t\t<\/li>\n<li class=\"product-features__item-list__item\" role=\"listitem\"><span class=\"is--medium\">Pare-vent :<\/span> Evite les projections et prot\u00e8ge du vent\t\t\t\t\t<\/li>\n<li class=\"product-features__item-list__item\" role=\"listitem\"><span class=\"is--medium\">Tablette de travail :<\/span> Bilat\u00e9rale\t\t\t\t\t<\/li>\n<li class=\"product-features__item-list__item\" role=\"listitem\"><span class=\"is--medium\">Poign\u00e9es de transport :<\/span> Non\t\t\t\t\t<\/li>\n<li class=\"product-features__item-list__item\" role=\"listitem\"><span class=\"is--medium\">Espace de rangement :<\/span> Pour vos accessoires\t\t\t\t\t<\/li>\n<li class=\"product-features__item-list__item\" role=\"listitem\"><span class=\"is--medium\">Montage barbecue\/chariot :<\/span> En kit\u00a0\u00e0 monter soi-m\u00eame\t\t\t\t\t<\/li>\n<\/ul>\n<\/li>\n<li class=\"product-features__item\" role=\"listitem\">\n<h3 class=\"product-features__label\">S\u00e9curit\u00e9<\/h3>\n<ul role=\"list\">\n<li class=\"product-features__item-list__item\" role=\"listitem\"><span class=\"is--medium\">Poign\u00e9e froide :<\/span> Oui\t\t\t\t\t<\/li>\n<li class=\"product-features__item-list__item\" role=\"listitem\"><span class=\"is--medium\">Voyant lumineux de fonctionnement :<\/span> Non\t\t\t\t\t<\/li>\n<li class=\"product-features__item-list__item\" role=\"listitem\"><span class=\"is--medium\">Pieds antid\u00e9rapants :<\/span> Oui\t\t\t\t\t<\/li>\n<\/ul>\n<\/li>\n<li class=\"product-features__item\" role=\"listitem\">\n<h3 class=\"product-features__label\">Dimensions<\/h3>\n<ul role=\"list\">\n<li class=\"product-features__item-list__item\" role=\"listitem\"><span class=\"is--medium\">Dimension de la surface de cuisson :<\/span> 58,5 x 37,5 cm\t\t\t\t\t<\/li>\n<li class=\"product-features__item-list__item\" role=\"listitem\"><span class=\"is--medium\">Dimensions l x h x p :<\/span> 53 x 109.5 x 112 cm\t\t\t\t\t<\/li>\n<li class=\"product-features__item-list__item\" role=\"listitem\"><span class=\"is--medium\">Dimension du carton l x h x p :<\/span> L 76 \u00d7 l 56 \u00d7 H 50cm\t\t\t\t\t<\/li>\n<li class=\"product-features__item-list__item\" role=\"listitem\"><span class=\"is--medium\">Poids Net :<\/span> 19,20 Kg\t\t\t\t\t<\/li>\n<\/ul>\n<\/li>\n<li class=\"product-features__item\" role=\"listitem\">\n<h3 class=\"product-features__label\">Informations compl\u00e9mentaires<\/h3>\n<ul role=\"list\">\n<li class=\"product-features__item-list__item\" role=\"listitem\"><span class=\"is--medium\">Fabriqu\u00e9 en :<\/span> Chine\t\t\t\t\t<\/li>\n<li class=\"product-features__item-list__item\" role=\"listitem\"><span class=\"is--medium\">Disponibilit\u00e9 des pi\u00e8ces d\u00e9tach\u00e9es (donn\u00e9es fournisseur) :<\/span> Non communiqu\u00e9e\t\t\t\t\t<\/li>\n<li class=\"product-features__item-list__item\" role=\"listitem\"><span class=\"is--medium\">R\u00e9f\u00e9rence constructeur :<\/span> Barbecue au gaz IZALCO &#8211; 4 br\u00fbleurs 10kW\t\t\t\t\t<\/li>\n<li class=\"product-features__item-list__item\" role=\"listitem\"><span class=\"is--medium\">Marque :<\/span> HAPPY GARDEN\t\t\t\t\t<\/li>\n<\/ul>\n<\/li>\n<\/ul>\n<\/div>\n<div class=\"product__disclosure-content\">\n<div class=\"js-read-more product-description__content read-more read-more--truncated\" data-read-more-name=\"description\" style=\"max-height: 500px; overflow: hidden;\">\n<p> <strong>Description :<\/strong> <br \/>D\u00e9couvrez le barbecue au gaz IZALCO, l&rsquo;outil parfait pour une cuisson rapide et pr\u00e9cise de vos aliments. Avec sa puissance de 10 KW r\u00e9partie sur 4 br\u00fbleurs, vous pourrez saisir vos viandes, poissons et l\u00e9gumes en un rien de temps. Vous pourrez \u00e9galement r\u00e9gler la temp\u00e9rature pour obtenir une cuisson parfaite. Pour votre plus grand confort, ce barbecue est \u00e9quip\u00e9 d&rsquo;une armoire de rangement spacieuse avec deux portes battantes pour acc\u00e9der facilement \u00e0 vos ustensiles et accessoires. Vous pourrez ainsi avoir tout le n\u00e9cessaire \u00e0 port\u00e9e de main sans encombrer votre espace de cuisson. Enfin, la grille de cuisson et les br\u00fbleurs en acier inoxydable sont facilement nettoyables pour un entretien rapide et efficace.  <\/p>\n<p> <strong>D\u00e9tails :<\/strong> <br \/>Dimensions : <br \/>&#8211; Barbecue : L 112 \u00d7 l 53 \u00d7 H 109,5cm<br \/>&#8211; Capot : L 60,3 x l 37,5 x H 24cm<br \/>&#8211; Surface de cuisson : L 58,5 \u00d7 l 37,5cm<br \/>&#8211; Hauteur de cuisson : H 85cm<br \/>&#8211; Grilles : L 29 \u00d7 l 37,5cm<br \/>&#8211; Grille d&rsquo;attente : L 57,5 \u00d7 l 11cm<br \/>&#8211; Tablettes : L 25,2 x l 37,5 x H 11cm<br \/>&#8211; \u00c9tag\u00e8re : L 57,5 x l 39,9cm<br \/><br <br=\"\"\/>Mati\u00e8res : <br \/>&#8211; Structure, capot, fa\u00e7ade, tablette : acier peint<br \/>&#8211; Grille, grille d&rsquo;attente et br\u00fbleurs : inox<br \/>&#8211; Roues : polypropyl\u00e8ne    <br \/>Couleurs : <br \/>&#8211; Structure, capot, fa\u00e7ade et tablette : noir<br \/>&#8211; Grille : gris<br \/>&#8211; Roues : noir et gris   <\/p>\n<p> <strong>Informations compl\u00e9mentaires :<\/strong> <br \/>&#8211; Nombre de couverts : 10<br \/>&#8211; Nombre de br\u00fbleur : 4<br \/>&#8211; Puissance totale : 10kW<br \/>&#8211; Nombre de grilles : 2<br \/>&#8211; Nombre de roues : 2<br \/>&#8211; Bouteille de gaz, tuyau et d\u00e9tendeur non fournis<br \/>&#8211; \u00c0 monter (notice incluse)<\/p>\n<p>Le barbecue au gaz IZALCO, id\u00e9al pour vos repas de l&rsquo;\u00e9t\u00e9 en famille ou entre amis !<\/p>\n<\/div>\n<p><bl-button a11yexpanded=\"false\" arialabel=\"Afficher toute la description\" class=\"read-more__btn\" full=\"false\" link=\"true\">Voir plus<\/bl-button><\/div>","protected":false},"excerpt":{"rendered":"<div class=\"keypoints\">\n<h3 class=\"keypoints__title\">Les points cl\u00e9s<\/h3>\n<ul role=\"list\">\n<li class=\"keypoints__item\" role=\"listitem\">                                        Le gaz pour une chaleur imm\u00e9diate et r\u00e9glable pour une cuisson rapide et pr\u00e9cise                      <\/li>\n<li class=\"keypoints__item\" role=\"listitem\">                          10 personnes &#8211;                                                      Sur chariot                      <\/li>\n<li class=\"keypoints__item\" role=\"listitem\">                          4 br\u00fbleurs &#8211;                                                      Dimension de la surface de cuisson : 58,5 x 37,5 cm                      <\/li>\n<\/ul>","protected":false},"featured_media":52504,"template":"","meta":{"_glsr_average":0,"_glsr_ranking":0,"_glsr_reviews":0},"product_cat":[381],"product_tag":[361,382,230],"class_list":{"0":"post-99893","1":"product","2":"type-product","3":"status-publish","4":"has-post-thumbnail","6":"product_cat-barbecue-gaz","7":"product_tag-barbecue","8":"product_tag-barbecue-gaz","9":"product_tag-cuisine-et-cuisson","11":"first","12":"instock","13":"sale","14":"shipping-taxable","15":"purchasable","16":"product-type-simple"},"_links":{"self":[{"href":"https:\/\/electromenagerexpress.com\/en\/wp-json\/wp\/v2\/product\/99893","targetHints":{"allow":["GET"]}}],"collection":[{"href":"https:\/\/electromenagerexpress.com\/en\/wp-json\/wp\/v2\/product"}],"about":[{"href":"https:\/\/electromenagerexpress.com\/en\/wp-json\/wp\/v2\/types\/product"}],"wp:featuredmedia":[{"embeddable":true,"href":"https:\/\/electromenagerexpress.com\/en\/wp-json\/wp\/v2\/media\/52504"}],"wp:attachment":[{"href":"https:\/\/electromenagerexpress.com\/en\/wp-json\/wp\/v2\/media?parent=99893"}],"wp:term":[{"taxonomy":"product_cat","embeddable":true,"href":"https:\/\/electromenagerexpress.com\/en\/wp-json\/wp\/v2\/product_cat?post=99893"},{"taxonomy":"product_tag","embeddable":true,"href":"https:\/\/electromenagerexpress.com\/en\/wp-json\/wp\/v2\/product_tag?post=99893"}],"curies":[{"name":"wp","href":"https:\/\/api.w.org\/{rel}","templated":true}]}}