{"id":99892,"date":"2024-11-28T11:54:30","date_gmt":"2024-11-28T11:54:30","guid":{"rendered":"https:\/\/electromenagerexpress.com\/product\/grille-barbecuevidaxlacier-noir\/"},"modified":"2024-11-28T11:54:34","modified_gmt":"2024-11-28T11:54:34","slug":"grille-barbecuevidaxlacier-noir","status":"publish","type":"product","link":"https:\/\/electromenagerexpress.com\/en\/product\/grille-barbecuevidaxlacier-noir\/","title":{"rendered":"Grille barbecue\t\t\t\t\t\t\tVIDAXL\t\t\t\tAcier  Noir"},"content":{"rendered":"<div class=\"product-features__content\">\n<ul role=\"list\">\n<li class=\"product-features__item\" role=\"listitem\">\n<h3 class=\"product-features__label\">Descriptif de l&rsquo;accessoire<\/h3>\n<ul role=\"list\">\n<li class=\"product-features__item-list__item\" role=\"listitem\"><span class=\"is--medium\">Type de produit :<\/span> Grille barbecue\t\t\t\t\t<\/li>\n<li class=\"product-features__item-list__item\" role=\"listitem\"><span class=\"is--medium\">Usage :<\/span> Barbecue\t\t\t\t\t<\/li>\n<li class=\"product-features__item-list__item\" role=\"listitem\"><span class=\"is--medium\">Mati\u00e8re de l&rsquo;accessoire :<\/span> SPCC\t\t\t\t\t<\/li>\n<\/ul>\n<\/li>\n<li class=\"product-features__item\" role=\"listitem\">\n<h3 class=\"product-features__label\">Compatibilit\u00e9 de l&rsquo;accessoire<\/h3>\n<ul role=\"list\">\n<li class=\"product-features__item-list__item\" role=\"listitem\"><span class=\"is--medium\">Barbecue(s) compatible(s) :<\/span> Non communiqu\u00e9\t\t\t\t\t<\/li>\n<\/ul>\n<\/li>\n<li class=\"product-features__item\" role=\"listitem\">\n<h3 class=\"product-features__label\">Pr\u00e9cautions d&rsquo;utilisation du produit<\/h3>\n<ul role=\"list\">\n<li class=\"product-features__item-list__item\" role=\"listitem\"><span class=\"is--medium\">Conseil de s\u00e9curit\u00e9 :<\/span> Produit non concern\u00e9\t\t\t\t\t<\/li>\n<li class=\"product-features__item-list__item\" role=\"listitem\"><span class=\"is--medium\">Produit canc\u00e9rig\u00e8ne :<\/span> Non\t\t\t\t\t<\/li>\n<li class=\"product-features__item-list__item\" role=\"listitem\"><span class=\"is--medium\">Produit comburant (facilite la combustion) :<\/span> Non\t\t\t\t\t<\/li>\n<li class=\"product-features__item-list__item\" role=\"listitem\"><span class=\"is--medium\">Produit corrosif :<\/span> Non\t\t\t\t\t<\/li>\n<li class=\"product-features__item-list__item\" role=\"listitem\"><span class=\"is--medium\">Produit dangereux en milieu aquatique :<\/span> Non\t\t\t\t\t<\/li>\n<li class=\"product-features__item-list__item\" role=\"listitem\"><span class=\"is--medium\">Produit explosif :<\/span> Non\t\t\t\t\t<\/li>\n<li class=\"product-features__item-list__item\" role=\"listitem\"><span class=\"is--medium\">Produit avec gaz sous pression :<\/span> Non\t\t\t\t\t<\/li>\n<li class=\"product-features__item-list__item\" role=\"listitem\"><span class=\"is--medium\">Produit inflammable :<\/span> Non\t\t\t\t\t<\/li>\n<li class=\"product-features__item-list__item\" role=\"listitem\"><span class=\"is--medium\">Produit toxique :<\/span> Non\t\t\t\t\t<\/li>\n<li class=\"product-features__item-list__item\" role=\"listitem\"><span class=\"is--medium\">Produit toxique et irritant :<\/span> Non\t\t\t\t\t<\/li>\n<\/ul>\n<\/li>\n<li class=\"product-features__item\" role=\"listitem\">\n<h3 class=\"product-features__label\">Dimensions<\/h3>\n<ul role=\"list\">\n<li class=\"product-features__item-list__item\" role=\"listitem\"><span class=\"is--medium\">Dimensions l x h x p :<\/span> 121.5 x 107 x 55 cm\t\t\t\t\t<\/li>\n<\/ul>\n<\/li>\n<li class=\"product-features__item\" role=\"listitem\">\n<h3 class=\"product-features__label\">Informations compl\u00e9mentaires<\/h3>\n<ul role=\"list\">\n<li class=\"product-features__item-list__item\" role=\"listitem\"><span class=\"is--medium\">Fabriqu\u00e9 en :<\/span> Chine\t\t\t\t\t<\/li>\n<li class=\"product-features__item-list__item\" role=\"listitem\"><span class=\"is--medium\">Disponibilit\u00e9 des pi\u00e8ces d\u00e9tach\u00e9es (donn\u00e9es fournisseur) :<\/span> Non communiqu\u00e9e\t\t\t\t\t<\/li>\n<li class=\"product-features__item-list__item\" role=\"listitem\"><span class=\"is--medium\">R\u00e9f\u00e9rence constructeur :<\/span> Acier  Noir\t\t\t\t\t<\/li>\n<li class=\"product-features__item-list__item\" role=\"listitem\"><span class=\"is--medium\">Marque :<\/span> VIDAXL\t\t\t\t\t<\/li>\n<\/ul>\n<\/li>\n<li class=\"product-features__item\" role=\"listitem\">\n<h3 class=\"product-features__label\">Facette type de produit<\/h3>\n<ul role=\"list\">\n<li class=\"product-features__item-list__item\" role=\"listitem\"><span class=\"is--medium\">Type de produit :<\/span> Accessoire de cuisine\t\t\t\t\t<\/li>\n<\/ul>\n<\/li>\n<\/ul>\n<\/div>\n<div class=\"product__disclosure-content\">\n<div class=\"js-read-more product-description__content read-more read-more--truncated\" data-read-more-name=\"description\" style=\"max-height: 500px; overflow: hidden;\">\n<p>Ce barbecue \u00e0 gaz est dot\u00e9 de 4 grandes zones de cuisson et d&rsquo;1 zone de cuisson lat\u00e9rale et il est id\u00e9al pour cr\u00e9er une f\u00eate en plein air pour votre famille et vos amis. Il fera de votre exp\u00e9rience de cuisson en plein air une exp\u00e9rience gr\u00e9sillante, tout en transformant efficacement votre arri\u00e8re-cour en une deuxi\u00e8me cuisine !<\/p>\n<p>\u00a0<\/p>\n<p>Le gril \u00e0 gaz dispose d&rsquo;un design \u00e9l\u00e9gant et fonctionnel. Il a une grande surface de cuisson et une hotte robuste avec un thermom\u00e8tre int\u00e9gr\u00e9 qui affiche avec pr\u00e9cision la temp\u00e9rature de cuisson. Une table d&rsquo;appoint offre un espace de travail suppl\u00e9mentaire pour faire des sauces ou vos plats favoris. Un r\u00e9cipient d&rsquo;\u00e9gouttage \u00e0 graisse amovible est \u00e9galement inclus et est facile \u00e0 nettoyer.<\/p>\n<p>\u00a0<\/p>\n<p>Fabriqu\u00e9 en mat\u00e9riaux r\u00e9sistants, le gril est tr\u00e8s durable. L&rsquo;armoire dessous fournit un grand espace pour ranger les accessoires de cuisine et les ustensiles. Gr\u00e2ce aux 2 roulettes robustes, le gril est facile \u00e0 d\u00e9placer. La livraison comprend \u00e9galement une housse de barbecue pour prot\u00e9ger le gril contre la pluie et la poussi\u00e8re.<\/p>\n<p>\u00a0<\/p>\n<p>Pour connecter le barbecue \u00e0 la bouteille \u00e0 gaz, un tuyau de gaz et un r\u00e9gulateur de pression appropri\u00e9 sont requis, mais ils ne sont pas inclus dans la livraison.<\/p>\n<\/p>\n<ul>\n<li>Couleur : noir<\/li>\n<li>Mat\u00e9riau : SPCC<\/li>\n<li>Dimensions totales : 121,5 x 55 x 107 cm (L x l x H)<\/li>\n<li>Zone de cuisson principale : 11,6 kW (39 579,20 BTU = 4 br\u00fbleurs 9 894,80 BTU chacun)<\/li>\n<li>Br\u00fbleur lat\u00e9ral : 2,3 kW (7 847,60 BTU)<\/li>\n<li>Surface de cuisson du gril : 64 x 40 cm<\/li>\n<li>Hauteur de cuisson \u00e0 partir du sol : 85 cm<\/li>\n<li>Type de gaz appropri\u00e9 : GPL, butane, propane<\/li>\n<li>Allumage pi\u00e9zo<\/li>\n<li>Thermom\u00e8tre int\u00e9gr\u00e9 pour un affichage pr\u00e9cis de la temp\u00e9rature de cuisson<\/li>\n<li>Collecteur de graisses amovible, facile \u00e0 nettoyer<\/li>\n<li>Un grand placard pour ranger les accessoires de barbecue<\/li>\n<li>Roulettes robustes pour la mobilit\u00e9<\/li>\n<li>Comprend une housse de protection contre la pluie et la poussi\u00e8re.<\/li>\n<li>Attention : ne placez JAMAIS des bouteilles de gaz dans l&rsquo;armoire de rangement ou sous le gril.<\/li>\n<li>EAN : 8720286055267<\/li>\n<li>SKU : 310105<\/li>\n<li>Marque : vidaXL<\/li>\n<\/ul>\n<\/div>\n<p><bl-button a11yexpanded=\"false\" arialabel=\"Afficher toute la description\" class=\"read-more__btn\" full=\"false\" link=\"true\"><\/bl-button><\/div>","protected":false},"excerpt":{"rendered":"<div class=\"keypoints\">\n<h3 class=\"keypoints__title\">Les points cl\u00e9s<\/h3>\n<ul role=\"list\">\n<li class=\"keypoints__item\" role=\"listitem\">                                        Grille barbecue                      <\/li>\n<li class=\"keypoints__item\" role=\"listitem\">                                        Barbecue(s) compatible(s) : Non communiqu\u00e9                      <\/li>\n<\/ul>","protected":false},"featured_media":52495,"template":"","meta":{"_glsr_average":0,"_glsr_ranking":0,"_glsr_reviews":0},"product_cat":[364],"product_tag":[366,365,230],"class_list":{"0":"post-99892","1":"product","2":"type-product","3":"status-publish","4":"has-post-thumbnail","6":"product_cat-accessoire-barbecue-plancha","7":"product_tag-accessoire-barbecue-plancha","8":"product_tag-accessoire-cuisine-et-cuisson","9":"product_tag-cuisine-et-cuisson","11":"first","12":"instock","13":"sale","14":"shipping-taxable","15":"purchasable","16":"product-type-simple"},"_links":{"self":[{"href":"https:\/\/electromenagerexpress.com\/en\/wp-json\/wp\/v2\/product\/99892","targetHints":{"allow":["GET"]}}],"collection":[{"href":"https:\/\/electromenagerexpress.com\/en\/wp-json\/wp\/v2\/product"}],"about":[{"href":"https:\/\/electromenagerexpress.com\/en\/wp-json\/wp\/v2\/types\/product"}],"wp:featuredmedia":[{"embeddable":true,"href":"https:\/\/electromenagerexpress.com\/en\/wp-json\/wp\/v2\/media\/52495"}],"wp:attachment":[{"href":"https:\/\/electromenagerexpress.com\/en\/wp-json\/wp\/v2\/media?parent=99892"}],"wp:term":[{"taxonomy":"product_cat","embeddable":true,"href":"https:\/\/electromenagerexpress.com\/en\/wp-json\/wp\/v2\/product_cat?post=99892"},{"taxonomy":"product_tag","embeddable":true,"href":"https:\/\/electromenagerexpress.com\/en\/wp-json\/wp\/v2\/product_tag?post=99892"}],"curies":[{"name":"wp","href":"https:\/\/api.w.org\/{rel}","templated":true}]}}