{"id":99889,"date":"2024-11-28T11:54:09","date_gmt":"2024-11-28T11:54:09","guid":{"rendered":"https:\/\/electromenagerexpress.com\/product\/barbecue-charbonwebermaster-touch-gbs-e-5750-charcoal-grill57\/"},"modified":"2024-11-28T11:54:10","modified_gmt":"2024-11-28T11:54:10","slug":"barbecue-charbonwebermaster-touch-gbs-e-5750-charcoal-grill57","status":"publish","type":"product","link":"https:\/\/electromenagerexpress.com\/en\/product\/barbecue-charbonwebermaster-touch-gbs-e-5750-charcoal-grill57\/","title":{"rendered":"Barbecue charbon\t\t\t\t\t\t\tWEBER\t\t\t\tMaster Touch GBS E-5750 Charcoal Grill57"},"content":{"rendered":"<div class=\"product-features__content\">\n<ul role=\"list\">\n<li class=\"product-features__item\" role=\"listitem\">\n<h3 class=\"product-features__label\">Cuisson<\/h3>\n<ul role=\"list\">\n<li class=\"product-features__item-list__item\" role=\"listitem\"><span class=\"is--medium\">Nombre de personnes :<\/span> De 8 \u00e0 12 personnes\t\t\t\t\t<\/li>\n<li class=\"product-features__item-list__item\" role=\"listitem\"><span class=\"is--medium\">Energie :<\/span> Charbon de bois\t\t\t\t\t<\/li>\n<\/ul>\n<\/li>\n<li class=\"product-features__item\" role=\"listitem\">\n<h3 class=\"product-features__label\">Equipement<\/h3>\n<ul role=\"list\">\n<li class=\"product-features__item-list__item\" role=\"listitem\"><span class=\"is--medium\">Nombre de grilles \/ plaques :<\/span> 1 grille\t\t\t\t\t<\/li>\n<li class=\"product-features__item-list__item\" role=\"listitem\"><span class=\"is--medium\">Thermom\u00e8tre :<\/span> Oui\t\t\t\t\t<\/li>\n<li class=\"product-features__item-list__item\" role=\"listitem\"><span class=\"is--medium\">Avantage du thermom\u00e8tre :<\/span> le contr\u00f4le de la temp\u00e9rature vous permet de r\u00e9aliser diverses recettes avec pr\u00e9cision\t\t\t\t\t<\/li>\n<\/ul>\n<\/li>\n<li class=\"product-features__item\" role=\"listitem\">\n<h3 class=\"product-features__label\">Mati\u00e8re et coloris<\/h3>\n<ul role=\"list\">\n<li class=\"product-features__item-list__item\" role=\"listitem\"><span class=\"is--medium\">De la surface de cuisson :<\/span> Acier \u00e9maill\u00e9\t\t\t\t\t<\/li>\n<li class=\"product-features__item-list__item\" role=\"listitem\"><span class=\"is--medium\">De la cuve :<\/span> Acier \u00e9maill\u00e9\t\t\t\t\t<\/li>\n<\/ul>\n<\/li>\n<li class=\"product-features__item\" role=\"listitem\">\n<h3 class=\"product-features__label\">Facilit\u00e9 de nettoyage<\/h3>\n<ul role=\"list\">\n<li class=\"product-features__item-list__item\" role=\"listitem\"><span class=\"is--medium\">Compatible au lave-vaisselle :<\/span> Non\t\t\t\t\t<\/li>\n<li class=\"product-features__item-list__item\" role=\"listitem\"><span class=\"is--medium\">R\u00e9cup\u00e9ration des cendres :<\/span> Cendrier amovible\t\t\t\t\t<\/li>\n<\/ul>\n<\/li>\n<li class=\"product-features__item\" role=\"listitem\">\n<h3 class=\"product-features__label\">Agencement<\/h3>\n<ul role=\"list\">\n<li class=\"product-features__item-list__item\" role=\"listitem\"><span class=\"is--medium\">Mobilit\u00e9 :<\/span> Sur pieds\t\t\t\t\t<\/li>\n<li class=\"product-features__item-list__item\" role=\"listitem\"><span class=\"is--medium\">Avantage de la mobilit\u00e9 :<\/span> Sur pieds pour lui trouver un espace d\u00e9di\u00e9\t\t\t\t\t<\/li>\n<li class=\"product-features__item-list__item\" role=\"listitem\"><span class=\"is--medium\">Couvercle :<\/span> Oui\t\t\t\t\t<\/li>\n<li class=\"product-features__item-list__item\" role=\"listitem\"><span class=\"is--medium\">Avantage du couvercle :<\/span> Le couvercle permet une chaleur uniforme et rend vos aliments plus tendre\t\t\t\t\t<\/li>\n<\/ul>\n<\/li>\n<li class=\"product-features__item\" role=\"listitem\">\n<h3 class=\"product-features__label\">Et en plus<\/h3>\n<ul role=\"list\">\n<li class=\"product-features__item-list__item\" role=\"listitem\"><span class=\"is--medium\">Comme un chef :<\/span> <a href=\"https:\/\/commeunchef.boulanger.com\/\" target=\"_blank\"> Comme un Chef<\/a><\/li>\n<\/ul>\n<\/li>\n<li class=\"product-features__item\" role=\"listitem\">\n<h3 class=\"product-features__label\">Dimensions<\/h3>\n<ul role=\"list\">\n<li class=\"product-features__item-list__item\" role=\"listitem\"><span class=\"is--medium\">Dimensions l x h x p :<\/span> 65 x 107 x 72 cm\t\t\t\t\t<\/li>\n<li class=\"product-features__item-list__item\" role=\"listitem\"><span class=\"is--medium\">Poids :<\/span> 17,00 kg\t\t\t\t\t<\/li>\n<li class=\"product-features__item-list__item\" role=\"listitem\"><span class=\"is--medium\">Diam\u00e8tre de la cuve :<\/span> 57 cm\t\t\t\t\t<\/li>\n<\/ul>\n<\/li>\n<li class=\"product-features__item\" role=\"listitem\">\n<h3 class=\"product-features__label\">Informations compl\u00e9mentaires<\/h3>\n<ul role=\"list\">\n<li class=\"product-features__item-list__item\" role=\"listitem\"><span class=\"is--medium\">R\u00e9f\u00e9rence constructeur :<\/span> Master Touch GBS E-5750 Charcoal Grill57\t\t\t\t\t<\/li>\n<li class=\"product-features__item-list__item\" role=\"listitem\"><span class=\"is--medium\">Marque :<\/span> WEBER\t\t\t\t\t<\/li>\n<li class=\"product-features__item-list__item\" role=\"listitem\"><span class=\"is--medium\">Disponibilit\u00e9 des pi\u00e8ces d\u00e9tach\u00e9es (donn\u00e9es fournisseur) :<\/span> Pas de pi\u00e8ce disponible\t\t\t\t\t<\/li>\n<li class=\"product-features__item-list__item\" role=\"listitem\"><span class=\"is--medium\">Garantie :<\/span> 2 ans\t\t\t\t\t<\/li>\n<li class=\"product-features__item-list__item\" role=\"listitem\"><span class=\"is--medium\">Fabriqu\u00e9 en :<\/span> Chine\t\t\t\t\t<\/li>\n<\/ul>\n<\/li>\n<\/ul>\n<\/div>\n<div class=\"product__disclosure-content\">\n<div class=\"js-read-more product-description__content read-more read-more--truncated\" data-read-more-name=\"description\" style=\"max-height: 500px; overflow: hidden;\">\n<\/p>\n<p><center><a href=\"https:\/\/www.boulanger.com\/evenement\/weber-grill-tour-2020\" target=\"_blank\"><img decoding=\"async\" alt=\"Evenement Weber 2020\" src=\"https:\/\/boulanger.scene7.com\/is\/image\/Boulanger\/Weber_Grill_Tour_2020?wid=1000&amp;qlt=90\"\/><\/a><\/center><\/p>\n<p>Le barbecue WEBER Master Touch GBS E-5750 Charcoal Grill57 va vous offrir des heures de joie avec votre famille et vos amis, \u00e0 d\u00e9guster de bons petits plats au printemps ou en \u00e9t\u00e9. \u00c0 vous les recettes vari\u00e9es gr\u00e2ce \u00e0 cet appareil facile \u00e0 utiliser !<\/p>\n<\/p>\n<h3>UN BARBECUE WEBER POUR UNE CUISSON PARFAITE<img fetchpriority=\"high\" decoding=\"async\" alt=\"Barbecue WEBER Master-Touch GBS E-5750 Charcoal Grill57\" class=\"wy_tableau_gauche\" height=\"270\" src=\"https:\/\/boulanger.scene7.com\/is\/image\/Boulanger\/0077924085420_h_f_l_0?wid=400&amp;hei=270\" width=\"400\"\/><\/h3>\n<p> Le barbecue WEBER Master Touch GBS E-5750 Charcoal Grill57 est votre partenaire des beaux jours. En effet, gr\u00e2ce <b>sa\u00a0grille Gourmet BBQ System<\/b>, vous cuisinez une grande vari\u00e9t\u00e9 de d\u00e9licieuses recettes sur votre terrasse ou dans votre jardin. Cette grille se compose d&rsquo;acier chrom\u00e9 et est articul\u00e9e pour ajouter du combustible et mieux g\u00e9rer la cuisson.<\/p>\n<p>Le couvercle en acier \u00e9maill\u00e9 de ce barbecue est un atout pour bien cuisiner. Il poss\u00e8de un\u00a0<b>thermom\u00e8tre int\u00e9gr\u00e9<\/b> pour contr\u00f4ler la temp\u00e9rature. Son\u00a0clapet d&rsquo;a\u00e9ration\u00a0en aluminium assure une excellente circulation de l&rsquo;air qui am\u00e9liore la cuisson. Avec lui, vous pouvez r\u00e9aliser des fumages et des cuissons \u00e0 basse temp\u00e9rature.<\/p>\n<h3>UN BARBECUE DESIGN ET FACILE \u00c0 UTILISER<img decoding=\"async\" alt=\"Barbecue WEBER Master-Touch GBS E-5750 Charcoal Grill57\" class=\"wy_tableau_right\" height=\"270\" src=\"https:\/\/boulanger.scene7.com\/is\/image\/Boulanger\/0077924085420_h_f_l_1?wid=400&amp;hei=270\" width=\"400\"\/><\/h3>\n<p>Le barbecue WEBER Master Touch GBS E-5750 Charcoal Grill57 est \u00e9galement facile \u00e0 employer. Ainsi, son\u00a0<b>bol doseur<\/b>\u00a0garantit d&rsquo;utiliser uniquement la quantit\u00e9 de briquettes n\u00e9cessaire. Il est dot\u00e9 de crochets porte-ustensiles tr\u00e8s pratiques pour cuisiner en ayant toujours les bons accessoires sous la main.<\/p>\n<p>C\u00f4t\u00e9 design, vous allez profiter du style propre aux barbecues WEBER, mais \u00e9galement d&rsquo;un certain confort gr\u00e2ce \u00e0 sa\u00a0<b>poign\u00e9e \u00e0 isolation thermique<\/b>\u00a0et ses roues en plastique thermodurci, r\u00e9sistantes aux intemp\u00e9ries. Enfin, sachez que\u00a0<b>son syst\u00e8me de nettoyage One-Touch en acier inoxydable avec un cendrier amovible<\/b>facilite vraiment la vie.<\/p>\n<\/p>\n<\/p>\n<p><center><img decoding=\"async\" alt=\"Cuisson Charbon Weber\" src=\"https:\/\/boulanger.scene7.com\/is\/image\/Boulanger\/Banniere-Cuissons-Charbon-Weber-Boulanger?wid=1000\"\/><\/center><\/p>\n<\/p>\n<\/div>\n<p><bl-button a11yexpanded=\"false\" arialabel=\"Afficher toute la description\" class=\"read-more__btn\" full=\"false\" link=\"true\"><\/bl-button><\/div>","protected":false},"excerpt":{"rendered":"<div class=\"keypoints\">\n<h3 class=\"keypoints__title\">Les points cl\u00e9s<\/h3>\n<ul role=\"list\">\n<li class=\"keypoints__item\" role=\"listitem\">                                        Le charbon de bois, traditionnel pour des saveurs authentiques                      <\/li>\n<li class=\"keypoints__item\" role=\"listitem\">                          De 8 \u00e0 12 personnes &#8211;                                                      Sur pieds                      <\/li>\n<li class=\"keypoints__item\" role=\"listitem\">                                        Mati\u00e8re de la cuve : en acier \u00e9maill\u00e9                      <\/li>\n<li class=\"keypoints__item\" role=\"listitem\">                                        Couvercle                      <\/li>\n<li class=\"keypoints__item keypoints__item--advantage\" role=\"listitem\"><strong>Le + :<\/strong> Cendrier ferm\u00e9 amovible et pieds sur\u00e9lev\u00e9s pour confort d&rsquo;utilisation, grille de cuisson adaptable aux nombreux accessoires Weber      <\/li>\n<\/ul>","protected":false},"featured_media":52432,"template":"","meta":{"_glsr_average":0,"_glsr_ranking":0,"_glsr_reviews":0},"product_cat":[360],"product_tag":[361,362,230],"class_list":{"0":"post-99889","1":"product","2":"type-product","3":"status-publish","4":"has-post-thumbnail","6":"product_cat-barbecue-charbon-de-bois","7":"product_tag-barbecue","8":"product_tag-barbecue-charbon-de-bois","9":"product_tag-cuisine-et-cuisson","11":"first","12":"instock","13":"sale","14":"shipping-taxable","15":"purchasable","16":"product-type-simple"},"_links":{"self":[{"href":"https:\/\/electromenagerexpress.com\/en\/wp-json\/wp\/v2\/product\/99889","targetHints":{"allow":["GET"]}}],"collection":[{"href":"https:\/\/electromenagerexpress.com\/en\/wp-json\/wp\/v2\/product"}],"about":[{"href":"https:\/\/electromenagerexpress.com\/en\/wp-json\/wp\/v2\/types\/product"}],"wp:featuredmedia":[{"embeddable":true,"href":"https:\/\/electromenagerexpress.com\/en\/wp-json\/wp\/v2\/media\/52432"}],"wp:attachment":[{"href":"https:\/\/electromenagerexpress.com\/en\/wp-json\/wp\/v2\/media?parent=99889"}],"wp:term":[{"taxonomy":"product_cat","embeddable":true,"href":"https:\/\/electromenagerexpress.com\/en\/wp-json\/wp\/v2\/product_cat?post=99889"},{"taxonomy":"product_tag","embeddable":true,"href":"https:\/\/electromenagerexpress.com\/en\/wp-json\/wp\/v2\/product_tag?post=99889"}],"curies":[{"name":"wp","href":"https:\/\/api.w.org\/{rel}","templated":true}]}}