{"id":99880,"date":"2024-11-28T11:53:21","date_gmt":"2024-11-28T11:53:21","guid":{"rendered":"https:\/\/electromenagerexpress.com\/product\/couvercle-planchaforge-adourcpapc-ng-75-noir-gris-pour-chariot-75\/"},"modified":"2024-11-28T11:53:22","modified_gmt":"2024-11-28T11:53:22","slug":"couvercle-planchaforge-adourcpapc-ng-75-noir-gris-pour-chariot-75","status":"publish","type":"product","link":"https:\/\/electromenagerexpress.com\/en\/product\/couvercle-planchaforge-adourcpapc-ng-75-noir-gris-pour-chariot-75\/","title":{"rendered":"Couvercle plancha\t\t\t\t\t\t\tFORGE ADOUR\t\t\t\tCPAPC NG 75 Noir\/Gris pour Chariot 75"},"content":{"rendered":"<div class=\"product-features__content\">\n<ul role=\"list\">\n<li class=\"product-features__item\" role=\"listitem\">\n<h3 class=\"product-features__label\">Descriptif de l&rsquo;accessoire<\/h3>\n<ul role=\"list\">\n<li class=\"product-features__item-list__item\" role=\"listitem\"><span class=\"is--medium\">Type de produit :<\/span> Couvercle plancha\t\t\t\t\t<\/li>\n<li class=\"product-features__item-list__item\" role=\"listitem\"><span class=\"is--medium\">Usage :<\/span> POUR PROTEGER LA PLANCHA\t\t\t\t\t<\/li>\n<li class=\"product-features__item-list__item\" role=\"listitem\"><span class=\"is--medium\">Mati\u00e8re de l&rsquo;accessoire :<\/span> ACIER REVETEMENT 3 COUCHES\t\t\t\t\t<\/li>\n<\/ul>\n<\/li>\n<li class=\"product-features__item\" role=\"listitem\">\n<h3 class=\"product-features__label\">Compatibilit\u00e9 de l&rsquo;accessoire<\/h3>\n<ul role=\"list\">\n<li class=\"product-features__item-list__item\" role=\"listitem\"><span class=\"is--medium\">Plancha(s) compatible(s) :<\/span> Premium G75 A NG, Premium G75 I\t\t\t\t\t<\/li>\n<\/ul>\n<\/li>\n<li class=\"product-features__item\" role=\"listitem\">\n<h3 class=\"product-features__label\">Pr\u00e9cautions d&rsquo;utilisation du produit<\/h3>\n<ul role=\"list\">\n<li class=\"product-features__item-list__item\" role=\"listitem\"><span class=\"is--medium\">Produit canc\u00e9rog\u00e8ne :<\/span> Non\t\t\t\t\t<\/li>\n<li class=\"product-features__item-list__item\" role=\"listitem\"><span class=\"is--medium\">Produit comburant (facilite la combustion) :<\/span> Non\t\t\t\t\t<\/li>\n<li class=\"product-features__item-list__item\" role=\"listitem\"><span class=\"is--medium\">Produit corrosif :<\/span> Non\t\t\t\t\t<\/li>\n<li class=\"product-features__item-list__item\" role=\"listitem\"><span class=\"is--medium\">Produit dangereux en milieu aquatique :<\/span> Non\t\t\t\t\t<\/li>\n<li class=\"product-features__item-list__item\" role=\"listitem\"><span class=\"is--medium\">Produit explosif :<\/span> Non\t\t\t\t\t<\/li>\n<li class=\"product-features__item-list__item\" role=\"listitem\"><span class=\"is--medium\">Produit avec gaz sous pression :<\/span> Non\t\t\t\t\t<\/li>\n<li class=\"product-features__item-list__item\" role=\"listitem\"><span class=\"is--medium\">Produit inflammable :<\/span> Non\t\t\t\t\t<\/li>\n<li class=\"product-features__item-list__item\" role=\"listitem\"><span class=\"is--medium\">Produit toxique :<\/span> Non\t\t\t\t\t<\/li>\n<li class=\"product-features__item-list__item\" role=\"listitem\"><span class=\"is--medium\">Produit toxique et irritant :<\/span> Non\t\t\t\t\t<\/li>\n<\/ul>\n<\/li>\n<li class=\"product-features__item\" role=\"listitem\">\n<h3 class=\"product-features__label\">Informations compl\u00e9mentaires<\/h3>\n<ul role=\"list\">\n<li class=\"product-features__item-list__item\" role=\"listitem\"><span class=\"is--medium\">Fabriqu\u00e9 en :<\/span> Espagne\t\t\t\t\t<\/li>\n<li class=\"product-features__item-list__item\" role=\"listitem\"><span class=\"is--medium\">Disponibilit\u00e9 des pi\u00e8ces d\u00e9tach\u00e9es (donn\u00e9es fournisseur) :<\/span> Non concern\u00e9\t\t\t\t\t<\/li>\n<li class=\"product-features__item-list__item\" role=\"listitem\"><span class=\"is--medium\">Garantie :<\/span> 2 ans\t\t\t\t\t<\/li>\n<li class=\"product-features__item-list__item\" role=\"listitem\"><span class=\"is--medium\">R\u00e9f\u00e9rence constructeur :<\/span> CPAPC NG 75 Noir\/Gris pour Chariot 75\t\t\t\t\t<\/li>\n<li class=\"product-features__item-list__item\" role=\"listitem\"><span class=\"is--medium\">Marque :<\/span> FORGE ADOUR\t\t\t\t\t<\/li>\n<\/ul>\n<\/li>\n<li class=\"product-features__item\" role=\"listitem\">\n<h3 class=\"product-features__label\">Facette type de produit<\/h3>\n<ul role=\"list\">\n<li class=\"product-features__item-list__item\" role=\"listitem\"><span class=\"is--medium\">Type de produit :<\/span> Accessoire de cuisine\t\t\t\t\t<\/li>\n<\/ul>\n<\/li>\n<\/ul>\n<\/div>\n<div class=\"product__disclosure-content\">\n<div class=\"js-read-more product-description__content read-more read-more--truncated\" data-read-more-name=\"description\" style=\"max-height: 500px; overflow: hidden;\">\n<p>Compatible avec les planchas Premium G75 A NG et Premium G75 I, ce couvercle multifonction FORGE ADOUR CPAPC NG 75 permet d&rsquo;allonger la dur\u00e9e de vie de votre appareil. Gr\u00e2ce \u00e0 lui, vous pourrez aussi d\u00e9cupler les capacit\u00e9s de cuisson de votre appareil.<\/p>\n<h3><img fetchpriority=\"high\" decoding=\"async\" ,=\"\" alt=\"Capot FORGE ADOUR CPAPC NG 75 Noir\/Gris\" class=\"wy_tableau_gauche\" height=\"270\" src=\"https:\/\/boulanger.scene7.com\/is\/image\/Boulanger\/8436550204933_h_f_l_0?wid=400&amp;hei=270\" width=\"400\"\/>Imagin\u00e9 pour les planchas Premium G75 A NG et Premium G75 I<\/h3>\n<p>Le capot FORGE ADOUR CPAPC NG 75 a \u00e9t\u00e9 <b>sp\u00e9cialement con\u00e7u pour les planchas Premium G75 A NG et Premium G75 I.<\/b> Sur mesure, il d\u00e9cuple les performances de cuisson de votre plancha et facilite son utilisation et son entretien au quotidien.<\/p>\n<p>Utilis\u00e9 lors de la cuisson d&rsquo;aliments juteux, il permettra d&rsquo;\u00e9viter les risques de br\u00fblure en vous prot\u00e9geant des projections \u00e9mises lorsque la temp\u00e9rature grimpe. En plus, compos\u00e9 d&rsquo;inox, le capot FORGE ADOUR CPAPC NG 75 <b>n&rsquo;absorbe pas la chaleur,<\/b> pour une prise en main plus sereine.<\/p>\n<h3><img decoding=\"async\" ,=\"\" alt=\"Capot FORGE ADOUR CPAPC NG 75 Noir\/Gris\" class=\"wy_tableau_right\" height=\"270\" src=\"https:\/\/boulanger.scene7.com\/is\/image\/Boulanger\/8436550204933_h_f_l_1?wid=400&amp;hei=270\" width=\"400\"\/>Un accessoire polyvalent<\/h3>\n<p>Le capot FORGE ADOUR CPAPC NG 75 apporte une multitude de b\u00e9n\u00e9fices aux titulaires de plancha. En position ouverte, il fait barrage aux courants d&rsquo;air pour vous <b>garantir une cuisson homog\u00e8ne<\/b> : pratique pour r\u00e9ussir haut la main les mets plus complexes \u00e0 pr\u00e9parer, comme les viandes saignantes ou les poissons ros\u00e9s.<\/p>\n<p>Plac\u00e9 en position ferm\u00e9e, il prot\u00e9gera les murs environnants, et limitera les \u00e9claboussures engendrant des taches de graisse, souvent tenaces. Il prot\u00e9gera votre plaque de cuisson de la poussi\u00e8re ou des insectes, pour davantage d&rsquo;hygi\u00e8ne. Le capot FORGE ADOUR CPAPC NG 75 se r\u00e9v\u00e9lera \u00e9galement <b>id\u00e9al pour un hivernage.<\/b><\/p>\n<\/p>\n<\/div>\n<p><bl-button a11yexpanded=\"false\" arialabel=\"Afficher toute la description\" class=\"read-more__btn\" full=\"false\" link=\"true\"><\/bl-button><\/div>","protected":false},"excerpt":{"rendered":"<div class=\"keypoints\">\n<h3 class=\"keypoints__title\">Les points cl\u00e9s<\/h3>\n<ul role=\"list\">\n<li class=\"keypoints__item\" role=\"listitem\">                                        Couvercle plancha                      <\/li>\n<li class=\"keypoints__item\" role=\"listitem\">                                        Plancha(s) compatible(s) : Premium G75 A NG, Premium G75 I                      <\/li>\n<li class=\"keypoints__item keypoints__item--advantage\" role=\"listitem\"><strong>Le + :<\/strong> Con\u00e7u avec les m\u00eames mat\u00e9riaux et rev\u00eatement que les produits de la gamme Premium      <\/li>\n<\/ul>","protected":false},"featured_media":52298,"template":"","meta":{"_glsr_average":0,"_glsr_ranking":0,"_glsr_reviews":0},"product_cat":[364],"product_tag":[366,365,230],"class_list":{"0":"post-99880","1":"product","2":"type-product","3":"status-publish","4":"has-post-thumbnail","6":"product_cat-accessoire-barbecue-plancha","7":"product_tag-accessoire-barbecue-plancha","8":"product_tag-accessoire-cuisine-et-cuisson","9":"product_tag-cuisine-et-cuisson","11":"first","12":"instock","13":"sale","14":"shipping-taxable","15":"purchasable","16":"product-type-simple"},"_links":{"self":[{"href":"https:\/\/electromenagerexpress.com\/en\/wp-json\/wp\/v2\/product\/99880","targetHints":{"allow":["GET"]}}],"collection":[{"href":"https:\/\/electromenagerexpress.com\/en\/wp-json\/wp\/v2\/product"}],"about":[{"href":"https:\/\/electromenagerexpress.com\/en\/wp-json\/wp\/v2\/types\/product"}],"wp:featuredmedia":[{"embeddable":true,"href":"https:\/\/electromenagerexpress.com\/en\/wp-json\/wp\/v2\/media\/52298"}],"wp:attachment":[{"href":"https:\/\/electromenagerexpress.com\/en\/wp-json\/wp\/v2\/media?parent=99880"}],"wp:term":[{"taxonomy":"product_cat","embeddable":true,"href":"https:\/\/electromenagerexpress.com\/en\/wp-json\/wp\/v2\/product_cat?post=99880"},{"taxonomy":"product_tag","embeddable":true,"href":"https:\/\/electromenagerexpress.com\/en\/wp-json\/wp\/v2\/product_tag?post=99880"}],"curies":[{"name":"wp","href":"https:\/\/api.w.org\/{rel}","templated":true}]}}