{"id":99875,"date":"2024-11-28T11:53:02","date_gmt":"2024-11-28T11:53:02","guid":{"rendered":"https:\/\/electromenagerexpress.com\/product\/chariot-barbecuebig-green-eggchariot-a-roulettespoignee-integree-m\/"},"modified":"2024-11-28T11:53:05","modified_gmt":"2024-11-28T11:53:05","slug":"chariot-barbecuebig-green-eggchariot-a-roulettespoignee-integree-m","status":"publish","type":"product","link":"https:\/\/electromenagerexpress.com\/en\/product\/chariot-barbecuebig-green-eggchariot-a-roulettespoignee-integree-m\/","title":{"rendered":"Chariot barbecue\t\t\t\t\t\t\tBIG GREEN EGG\t\t\t\tchariot \u00e0 roulettes+poign\u00e9e int\u00e9gr\u00e9e M"},"content":{"rendered":"<div class=\"product-features__content\">\n<ul role=\"list\">\n<li class=\"product-features__item\" role=\"listitem\">\n<h3 class=\"product-features__label\">Descriptif de l&rsquo;accessoire<\/h3>\n<ul role=\"list\">\n<li class=\"product-features__item-list__item\" role=\"listitem\"><span class=\"is--medium\">Type de produit :<\/span> Chariot barbecue\t\t\t\t\t<\/li>\n<li class=\"product-features__item-list__item\" role=\"listitem\"><span class=\"is--medium\">Usage :<\/span> NC\t\t\t\t\t<\/li>\n<li class=\"product-features__item-list__item\" role=\"listitem\"><span class=\"is--medium\">Mati\u00e8re de l&rsquo;accessoire :<\/span> NC\t\t\t\t\t<\/li>\n<\/ul>\n<\/li>\n<li class=\"product-features__item\" role=\"listitem\">\n<h3 class=\"product-features__label\">Compatibilit\u00e9 de l&rsquo;accessoire<\/h3>\n<ul role=\"list\">\n<li class=\"product-features__item-list__item\" role=\"listitem\"><span class=\"is--medium\">Barbecue(s) compatible(s) :<\/span> M\u00e9dium\t\t\t\t\t<\/li>\n<\/ul>\n<\/li>\n<li class=\"product-features__item\" role=\"listitem\">\n<h3 class=\"product-features__label\">Pr\u00e9cautions d&rsquo;utilisation du produit<\/h3>\n<ul role=\"list\">\n<li class=\"product-features__item-list__item\" role=\"listitem\"><span class=\"is--medium\">Conseil de s\u00e9curit\u00e9 :<\/span> Produit non concern\u00e9\t\t\t\t\t<\/li>\n<li class=\"product-features__item-list__item\" role=\"listitem\"><span class=\"is--medium\">Produit canc\u00e9rig\u00e8ne :<\/span> Non\t\t\t\t\t<\/li>\n<li class=\"product-features__item-list__item\" role=\"listitem\"><span class=\"is--medium\">Produit comburant (facilite la combustion) :<\/span> Non\t\t\t\t\t<\/li>\n<li class=\"product-features__item-list__item\" role=\"listitem\"><span class=\"is--medium\">Produit corrosif :<\/span> Non\t\t\t\t\t<\/li>\n<li class=\"product-features__item-list__item\" role=\"listitem\"><span class=\"is--medium\">Produit dangereux en milieu aquatique :<\/span> Non\t\t\t\t\t<\/li>\n<li class=\"product-features__item-list__item\" role=\"listitem\"><span class=\"is--medium\">Produit explosif :<\/span> Non\t\t\t\t\t<\/li>\n<li class=\"product-features__item-list__item\" role=\"listitem\"><span class=\"is--medium\">Produit avec gaz sous pression :<\/span> Non\t\t\t\t\t<\/li>\n<li class=\"product-features__item-list__item\" role=\"listitem\"><span class=\"is--medium\">Produit inflammable :<\/span> Non\t\t\t\t\t<\/li>\n<li class=\"product-features__item-list__item\" role=\"listitem\"><span class=\"is--medium\">Produit toxique :<\/span> Non\t\t\t\t\t<\/li>\n<li class=\"product-features__item-list__item\" role=\"listitem\"><span class=\"is--medium\">Produit toxique et irritant :<\/span> Non\t\t\t\t\t<\/li>\n<\/ul>\n<\/li>\n<li class=\"product-features__item\" role=\"listitem\">\n<h3 class=\"product-features__label\">Informations compl\u00e9mentaires<\/h3>\n<ul role=\"list\">\n<li class=\"product-features__item-list__item\" role=\"listitem\"><span class=\"is--medium\">Fabriqu\u00e9 en :<\/span> Chine\t\t\t\t\t<\/li>\n<li class=\"product-features__item-list__item\" role=\"listitem\"><span class=\"is--medium\">Disponibilit\u00e9 des pi\u00e8ces d\u00e9tach\u00e9es (donn\u00e9es fournisseur) :<\/span> Non concern\u00e9\t\t\t\t\t<\/li>\n<li class=\"product-features__item-list__item\" role=\"listitem\"><span class=\"is--medium\">R\u00e9f\u00e9rence constructeur :<\/span> chariot \u00e0 roulettes+poign\u00e9e int\u00e9gr\u00e9e M\t\t\t\t\t<\/li>\n<li class=\"product-features__item-list__item\" role=\"listitem\"><span class=\"is--medium\">Marque :<\/span> BIG GREEN EGG\t\t\t\t\t<\/li>\n<\/ul>\n<\/li>\n<li class=\"product-features__item\" role=\"listitem\">\n<h3 class=\"product-features__label\">Facette type de produit<\/h3>\n<ul role=\"list\">\n<li class=\"product-features__item-list__item\" role=\"listitem\"><span class=\"is--medium\">Type de produit :<\/span> Accessoire de cuisine\t\t\t\t\t<\/li>\n<\/ul>\n<\/li>\n<\/ul>\n<\/div>\n<div class=\"product__disclosure-content\">\n<div class=\"js-read-more product-description__content read-more read-more--truncated\" data-read-more-name=\"description\" style=\"max-height: 500px; overflow: hidden;\">\n<div class=\"product__description-content read-more\">\n<p>Chariot barbecue BIG GREEN EGG : mobilit\u00e9 et praticit\u00e9 pour votre barbecue charbon<\/p>\n<h3><img fetchpriority=\"high\" decoding=\"async\" alt=\"Chariot barbecue BIG GREEN EGG chariot \u00e0 roulettes+poign\u00e9e int\u00e9gr\u00e9e M\" class=\"wy_tableau_gauche\" height=\"270\" src=\"https:\/\/boulanger.scene7.com\/is\/image\/Boulanger\/0665719122285_h_f_l_0?wid=400&amp;hei=270\" width=\"400\"\/>Con\u00e7u pour la performance et la compatibilit\u00e9<\/h3>\n<p>Le Chariot barbecue BIG GREEN EGG, avec ses roulettes et sa poign\u00e9e int\u00e9gr\u00e9e, est l&rsquo;accessoire id\u00e9al pour les amateurs de grillades qui recherchent \u00e0 la fois mobilit\u00e9 et stabilit\u00e9. Compatible exclusivement avec le barbecue charbon de la s\u00e9rie KAMADO Big green egg, ce chariot est sp\u00e9cialement con\u00e7u pour accueillir le mod\u00e8le Medium. Sa structure robuste assure une parfaite ad\u00e9quation avec le barbecue, garantissant ainsi une utilisation s\u00e9curis\u00e9e et optimale.\u00a0<\/p>\n<p>\u00a0<\/p>\n<p>\u00a0<\/p>\n<h3><img decoding=\"async\" alt=\"Chariot barbecue BIG GREEN EGG chariot \u00e0 roulettes+poign\u00e9e int\u00e9gr\u00e9e M\" class=\"wy_tableau_right\" height=\"270\" src=\"https:\/\/boulanger.scene7.com\/is\/image\/Boulanger\/0665719122285_h_f_l_1?wid=400&amp;hei=270\" width=\"400\"\/>Facilit\u00e9 d&rsquo;utilisation et s\u00e9curit\u00e9<\/h3>\n<p>Le chariot \u00e0 roulettes+poign\u00e9e int\u00e9gr\u00e9e M de BIG GREEN EGG est pens\u00e9 pour faciliter le d\u00e9placement de votre barbecue charbon sans effort. Gr\u00e2ce \u00e0 ses roulettes r\u00e9sistantes, le d\u00e9placement sur diverses surfaces devient un jeu d&rsquo;enfant, tandis que la poign\u00e9e int\u00e9gr\u00e9e offre une prise en main confortable pour une manoeuvrabilit\u00e9 accrue. Ce chariot n&rsquo;est pas seulement pratique, il est \u00e9galement con\u00e7u dans le respect des normes de s\u00e9curit\u00e9 les plus strictes, \u00e9tant non concern\u00e9 par les pr\u00e9cautions d&rsquo;utilisation li\u00e9es aux produits dangereux. Ainsi, il assure une exp\u00e9rience culinaire en ext\u00e9rieur \u00e0 la fois agr\u00e9able et s\u00fbre, sans les risques associ\u00e9s aux produits toxiques, inflammables ou explosifs.<\/p>\n<\/div>\n<\/div>\n<p><bl-button a11yexpanded=\"false\" arialabel=\"Afficher toute la description\" class=\"read-more__btn\" full=\"false\" link=\"true\"><\/bl-button><\/div>","protected":false},"excerpt":{"rendered":"<div class=\"keypoints\">\n<h3 class=\"keypoints__title\">Les points cl\u00e9s<\/h3>\n<ul role=\"list\">\n<li class=\"keypoints__item\" role=\"listitem\">                                        Chariot barbecue                      <\/li>\n<li class=\"keypoints__item\" role=\"listitem\">                                        Barbecue(s) compatible(s) : M\u00e9dium                      <\/li>\n<li class=\"keypoints__item keypoints__item--advantage\" role=\"listitem\"><strong>Le + :<\/strong> Solide, stable et \u00e9quip\u00e9 de grosses roulettes robustes multidirectionnelles      <\/li>\n<\/ul>","protected":false},"featured_media":52256,"template":"","meta":{"_glsr_average":0,"_glsr_ranking":0,"_glsr_reviews":0},"product_cat":[364],"product_tag":[366,365,230],"class_list":{"0":"post-99875","1":"product","2":"type-product","3":"status-publish","4":"has-post-thumbnail","6":"product_cat-accessoire-barbecue-plancha","7":"product_tag-accessoire-barbecue-plancha","8":"product_tag-accessoire-cuisine-et-cuisson","9":"product_tag-cuisine-et-cuisson","11":"first","12":"instock","13":"sale","14":"shipping-taxable","15":"purchasable","16":"product-type-simple"},"_links":{"self":[{"href":"https:\/\/electromenagerexpress.com\/en\/wp-json\/wp\/v2\/product\/99875","targetHints":{"allow":["GET"]}}],"collection":[{"href":"https:\/\/electromenagerexpress.com\/en\/wp-json\/wp\/v2\/product"}],"about":[{"href":"https:\/\/electromenagerexpress.com\/en\/wp-json\/wp\/v2\/types\/product"}],"wp:featuredmedia":[{"embeddable":true,"href":"https:\/\/electromenagerexpress.com\/en\/wp-json\/wp\/v2\/media\/52256"}],"wp:attachment":[{"href":"https:\/\/electromenagerexpress.com\/en\/wp-json\/wp\/v2\/media?parent=99875"}],"wp:term":[{"taxonomy":"product_cat","embeddable":true,"href":"https:\/\/electromenagerexpress.com\/en\/wp-json\/wp\/v2\/product_cat?post=99875"},{"taxonomy":"product_tag","embeddable":true,"href":"https:\/\/electromenagerexpress.com\/en\/wp-json\/wp\/v2\/product_tag?post=99875"}],"curies":[{"name":"wp","href":"https:\/\/api.w.org\/{rel}","templated":true}]}}