{"id":99870,"date":"2024-11-28T11:52:47","date_gmt":"2024-11-28T11:52:47","guid":{"rendered":"https:\/\/electromenagerexpress.com\/product\/couvercle-planchaforge-adourcpipc-60-pour-chariot-premium-60\/"},"modified":"2024-11-28T11:52:48","modified_gmt":"2024-11-28T11:52:48","slug":"couvercle-planchaforge-adourcpipc-60-pour-chariot-premium-60","status":"publish","type":"product","link":"https:\/\/electromenagerexpress.com\/en\/product\/couvercle-planchaforge-adourcpipc-60-pour-chariot-premium-60\/","title":{"rendered":"Couvercle plancha\t\t\t\t\t\t\tFORGE ADOUR\t\t\t\tCPIPC 60 pour chariot Premium 60"},"content":{"rendered":"<div class=\"product-features__content\">\n<ul role=\"list\">\n<li class=\"product-features__item\" role=\"listitem\">\n<h3 class=\"product-features__label\">Descriptif de l&rsquo;accessoire<\/h3>\n<ul role=\"list\">\n<li class=\"product-features__item-list__item\" role=\"listitem\"><span class=\"is--medium\">Type de produit :<\/span> Couvercle plancha\t\t\t\t\t<\/li>\n<li class=\"product-features__item-list__item\" role=\"listitem\"><span class=\"is--medium\">Usage :<\/span> POUR PROTEGER LA PLANCHA\t\t\t\t\t<\/li>\n<li class=\"product-features__item-list__item\" role=\"listitem\"><span class=\"is--medium\">Mati\u00e8re de l&rsquo;accessoire :<\/span> INOX\t\t\t\t\t<\/li>\n<\/ul>\n<\/li>\n<li class=\"product-features__item\" role=\"listitem\">\n<h3 class=\"product-features__label\">Compatibilit\u00e9 de l&rsquo;accessoire<\/h3>\n<ul role=\"list\">\n<li class=\"product-features__item-list__item\" role=\"listitem\"><span class=\"is--medium\">Plancha(s) compatible(s) :<\/span> Premium G60 I\t\t\t\t\t<\/li>\n<\/ul>\n<\/li>\n<li class=\"product-features__item\" role=\"listitem\">\n<h3 class=\"product-features__label\">Dimensions<\/h3>\n<ul role=\"list\">\n<li class=\"product-features__item-list__item\" role=\"listitem\"><span class=\"is--medium\">Dimensions l x h x p :<\/span> 55.6 x 24.5 x 87.5 cm\t\t\t\t\t<\/li>\n<li class=\"product-features__item-list__item\" role=\"listitem\"><span class=\"is--medium\">Poids net :<\/span> 11,00 Kg\t\t\t\t\t<\/li>\n<li class=\"product-features__item-list__item\" role=\"listitem\"><span class=\"is--medium\">Poids Brut (kg) :<\/span> 10.3\t\t\t\t\t<\/li>\n<\/ul>\n<\/li>\n<li class=\"product-features__item\" role=\"listitem\">\n<h3 class=\"product-features__label\">Pr\u00e9cautions d&rsquo;utilisation du produit<\/h3>\n<ul role=\"list\">\n<li class=\"product-features__item-list__item\" role=\"listitem\"><span class=\"is--medium\">Produit canc\u00e9rog\u00e8ne :<\/span> Non\t\t\t\t\t<\/li>\n<li class=\"product-features__item-list__item\" role=\"listitem\"><span class=\"is--medium\">Produit comburant (facilite la combustion) :<\/span> Non\t\t\t\t\t<\/li>\n<li class=\"product-features__item-list__item\" role=\"listitem\"><span class=\"is--medium\">Produit corrosif :<\/span> Non\t\t\t\t\t<\/li>\n<li class=\"product-features__item-list__item\" role=\"listitem\"><span class=\"is--medium\">Produit dangereux en milieu aquatique :<\/span> Non\t\t\t\t\t<\/li>\n<li class=\"product-features__item-list__item\" role=\"listitem\"><span class=\"is--medium\">Produit explosif :<\/span> Non\t\t\t\t\t<\/li>\n<li class=\"product-features__item-list__item\" role=\"listitem\"><span class=\"is--medium\">Produit avec gaz sous pression :<\/span> Non\t\t\t\t\t<\/li>\n<li class=\"product-features__item-list__item\" role=\"listitem\"><span class=\"is--medium\">Produit inflammable :<\/span> Non\t\t\t\t\t<\/li>\n<li class=\"product-features__item-list__item\" role=\"listitem\"><span class=\"is--medium\">Produit toxique :<\/span> Non\t\t\t\t\t<\/li>\n<li class=\"product-features__item-list__item\" role=\"listitem\"><span class=\"is--medium\">Produit toxique et irritant :<\/span> Non\t\t\t\t\t<\/li>\n<\/ul>\n<\/li>\n<li class=\"product-features__item\" role=\"listitem\">\n<h3 class=\"product-features__label\">Informations compl\u00e9mentaires<\/h3>\n<ul role=\"list\">\n<li class=\"product-features__item-list__item\" role=\"listitem\"><span class=\"is--medium\">Fabriqu\u00e9 en :<\/span> Espagne\t\t\t\t\t<\/li>\n<li class=\"product-features__item-list__item\" role=\"listitem\"><span class=\"is--medium\">Disponibilit\u00e9 des pi\u00e8ces d\u00e9tach\u00e9es (donn\u00e9es fournisseur) :<\/span> Non concern\u00e9\t\t\t\t\t<\/li>\n<li class=\"product-features__item-list__item\" role=\"listitem\"><span class=\"is--medium\">Garantie :<\/span> 2 ans\t\t\t\t\t<\/li>\n<li class=\"product-features__item-list__item\" role=\"listitem\"><span class=\"is--medium\">R\u00e9f\u00e9rence constructeur :<\/span> CPIPC 60 pour chariot Premium 60\t\t\t\t\t<\/li>\n<li class=\"product-features__item-list__item\" role=\"listitem\"><span class=\"is--medium\">Marque :<\/span> FORGE ADOUR\t\t\t\t\t<\/li>\n<\/ul>\n<\/li>\n<li class=\"product-features__item\" role=\"listitem\">\n<h3 class=\"product-features__label\">Facette type de produit<\/h3>\n<ul role=\"list\">\n<li class=\"product-features__item-list__item\" role=\"listitem\"><span class=\"is--medium\">Type de produit :<\/span> Accessoire de cuisine\t\t\t\t\t<\/li>\n<\/ul>\n<\/li>\n<\/ul>\n<\/div>\n<div class=\"product__disclosure-content\">\n<div class=\"js-read-more product-description__content read-more read-more--truncated\" data-read-more-name=\"description\" style=\"max-height: 500px; overflow: hidden;\">\n<p>Le capot FORGE ADOUR CPIPC 60 fait office de protection et d&rsquo;amplificateur de cuisson sur votre appareil de plancha. Compatible avec le Premium G60 I, il deviendra incontournable pour tirer profit de toutes les performances de votre appareil.<\/p>\n<h3><img fetchpriority=\"high\" decoding=\"async\" ,=\"\" alt=\"Capot FORGE ADOUR CPIPC 60 pour chariot\" class=\"wy_tableau_gauche\" height=\"270\" src=\"https:\/\/boulanger.scene7.com\/is\/image\/Boulanger\/8436550204957_h_f_l_0?wid=400&amp;hei=270\" width=\"400\"\/>L&rsquo;accessoire id\u00e9al pour les planchas Premium G60 I<\/h3>\n<p>Ce couvercle s&rsquo;accorde avec la plancha Premium G60 I, particuli\u00e8rement r\u00e9put\u00e9e pour sa simplicit\u00e9 d&rsquo;utilisation et sa grande surface de cuisson. Le capot FORGE ADOUR CPIPC 60 vous permettra <b>d&rsquo;allonger la dur\u00e9e de vie de votre appareil.<\/b> Vous pourrez aussi <b>l&rsquo;utiliser \u00e0 tout moment,<\/b> sans n\u00e9cessit\u00e9 de le nettoyer apr\u00e8s une longue p\u00e9riode d&rsquo;inactivit\u00e9.<\/p>\n<p>Le capot FORGE ADOUR CPIPC 60 vous prot\u00e9gera contre d&rsquo;\u00e9ventuelles projections de graisse et les br\u00fblures qu&rsquo;elles peuvent causer : id\u00e9al pour garder les cuisiniers en herbe en s\u00e9curit\u00e9. Compos\u00e9 d&rsquo;inox, il est \u00e9galement r\u00e9sistant \u00e0 la chaleur pour vous assurer plus de tranquillit\u00e9 d&rsquo;esprit lorsqu&rsquo;il est en \u00e9tat de marche.<\/p>\n<h3><img decoding=\"async\" ,=\"\" alt=\"Capot FORGE ADOUR CPIPC 60 pour chariot\" class=\"wy_tableau_right\" height=\"270\" src=\"https:\/\/boulanger.scene7.com\/is\/image\/Boulanger\/8436550204957_h_f_l_1?wid=400&amp;hei=270\" width=\"400\"\/>D\u00e9cuplez les capacit\u00e9s d&rsquo;utilisation de votre plancha<\/h3>\n<p>Le capot FORGE ADOUR CPIPC 60 <b>garantit une cuisson plus harmonieuse<\/b> et vous autorise \u00e0 varier les techniques culinaires : pratique pour cuire un poisson \u00e0 l&rsquo;\u00e9touff\u00e9e, faire fondre du fromage ou encore chauffer une pi\u00e8ce \u00e9paisse de viande. Pour <b>conserver vos aliments au chaud,<\/b> il vous suffira de baisser le niveau de chaleur de la plaque avant de rabattre le couvercle.<\/p>\n<p>Le couvercle FORGE ADOUR CPIPC 60 vous pr\u00e9munira aussi <b>contre les salissures et le froid<b> : optimal pour prot\u00e9ger votre plancha des intemp\u00e9ries ou de la poussi\u00e8re lorsqu&rsquo;elle est \u00e0 l&rsquo;arr\u00eat, notamment pendant l&rsquo;hiver. En plus, en prot\u00e9geant votre plancha, son hygi\u00e8ne g\u00e9n\u00e9rale sera am\u00e9lior\u00e9e, et elle sera plus facile \u00e0 entretenir.<\/b><\/b><\/p>\n<\/p>\n<p><b><b><\/b><\/b><\/div>\n<p><b><b><\/b><\/b><bl-button a11yexpanded=\"false\" arialabel=\"Afficher toute la description\" class=\"read-more__btn\" full=\"false\" link=\"true\"><\/bl-button><\/div>","protected":false},"excerpt":{"rendered":"<div class=\"keypoints\">\n<h3 class=\"keypoints__title\">Les points cl\u00e9s<\/h3>\n<ul role=\"list\">\n<li class=\"keypoints__item\" role=\"listitem\">                                        Couvercle plancha                      <\/li>\n<li class=\"keypoints__item\" role=\"listitem\">                                        Plancha(s) compatible(s) : Premium G60 I                      <\/li>\n<li class=\"keypoints__item keypoints__item--advantage\" role=\"listitem\"><strong>Le + :<\/strong> Con\u00e7u avec les m\u00eames mat\u00e9riaux et rev\u00eatement que les produits de la gamme Premium      <\/li>\n<\/ul>","protected":false},"featured_media":52201,"template":"","meta":{"_glsr_average":0,"_glsr_ranking":0,"_glsr_reviews":0},"product_cat":[364],"product_tag":[366,365,230],"class_list":{"0":"post-99870","1":"product","2":"type-product","3":"status-publish","4":"has-post-thumbnail","6":"product_cat-accessoire-barbecue-plancha","7":"product_tag-accessoire-barbecue-plancha","8":"product_tag-accessoire-cuisine-et-cuisson","9":"product_tag-cuisine-et-cuisson","11":"first","12":"instock","13":"sale","14":"shipping-taxable","15":"purchasable","16":"product-type-simple"},"_links":{"self":[{"href":"https:\/\/electromenagerexpress.com\/en\/wp-json\/wp\/v2\/product\/99870","targetHints":{"allow":["GET"]}}],"collection":[{"href":"https:\/\/electromenagerexpress.com\/en\/wp-json\/wp\/v2\/product"}],"about":[{"href":"https:\/\/electromenagerexpress.com\/en\/wp-json\/wp\/v2\/types\/product"}],"wp:featuredmedia":[{"embeddable":true,"href":"https:\/\/electromenagerexpress.com\/en\/wp-json\/wp\/v2\/media\/52201"}],"wp:attachment":[{"href":"https:\/\/electromenagerexpress.com\/en\/wp-json\/wp\/v2\/media?parent=99870"}],"wp:term":[{"taxonomy":"product_cat","embeddable":true,"href":"https:\/\/electromenagerexpress.com\/en\/wp-json\/wp\/v2\/product_cat?post=99870"},{"taxonomy":"product_tag","embeddable":true,"href":"https:\/\/electromenagerexpress.com\/en\/wp-json\/wp\/v2\/product_tag?post=99870"}],"curies":[{"name":"wp","href":"https:\/\/api.w.org\/{rel}","templated":true}]}}