{"id":99866,"date":"2024-11-28T11:52:33","date_gmt":"2024-11-28T11:52:33","guid":{"rendered":"https:\/\/electromenagerexpress.com\/product\/desserte-planchaforge-adourtrcaf-n-roulante-credence-acier-ferme-no\/"},"modified":"2024-11-28T11:52:34","modified_gmt":"2024-11-28T11:52:34","slug":"desserte-planchaforge-adourtrcaf-n-roulante-credence-acier-ferme-no","status":"publish","type":"product","link":"https:\/\/electromenagerexpress.com\/en\/product\/desserte-planchaforge-adourtrcaf-n-roulante-credence-acier-ferme-no\/","title":{"rendered":"Desserte plancha\t\t\t\t\t\t\tFORGE ADOUR\t\t\t\tTRCAF N roulante cr\u00e9dence acier ferm\u00e9 no"},"content":{"rendered":"<div class=\"product-features__content\">\n<ul role=\"list\">\n<li class=\"product-features__item\" role=\"listitem\">\n<h3 class=\"product-features__label\">Descriptif de l&rsquo;accessoire<\/h3>\n<ul role=\"list\">\n<li class=\"product-features__item-list__item\" role=\"listitem\"><span class=\"is--medium\">Type de produit :<\/span> Desserte\t\t\t\t\t<\/li>\n<li class=\"product-features__item-list__item\" role=\"listitem\"><span class=\"is--medium\">Usage :<\/span> Pour poser la plancha\t\t\t\t\t<\/li>\n<li class=\"product-features__item-list__item\" role=\"listitem\"><span class=\"is--medium\">Mati\u00e8re de l&rsquo;accessoire :<\/span> Acier Rev\u00eatement 3 couches\t\t\t\t\t<\/li>\n<\/ul>\n<\/li>\n<li class=\"product-features__item\" role=\"listitem\">\n<h3 class=\"product-features__label\">Compatibilit\u00e9 de l&rsquo;accessoire<\/h3>\n<ul role=\"list\">\n<li class=\"product-features__item-list__item\" role=\"listitem\"><span class=\"is--medium\">Plancha(s) compatible(s) :<\/span> Tous mod\u00e8les\t\t\t\t\t<\/li>\n<\/ul>\n<\/li>\n<li class=\"product-features__item\" role=\"listitem\">\n<h3 class=\"product-features__label\">Dimensions<\/h3>\n<ul role=\"list\">\n<li class=\"product-features__item-list__item\" role=\"listitem\"><span class=\"is--medium\">Dimensions l x h x p :<\/span> 164 x 112.5 x 65.7 cm\t\t\t\t\t<\/li>\n<li class=\"product-features__item-list__item\" role=\"listitem\"><span class=\"is--medium\">Poids net :<\/span> 57,00 Kg\t\t\t\t\t<\/li>\n<li class=\"product-features__item-list__item\" role=\"listitem\"><span class=\"is--medium\">Poids Brut (kg) :<\/span> 63\t\t\t\t\t<\/li>\n<\/ul>\n<\/li>\n<li class=\"product-features__item\" role=\"listitem\">\n<h3 class=\"product-features__label\">Pr\u00e9cautions d&rsquo;utilisation du produit<\/h3>\n<ul role=\"list\">\n<li class=\"product-features__item-list__item\" role=\"listitem\"><span class=\"is--medium\">Conseil de s\u00e9curit\u00e9 :<\/span> Selon la notice d&rsquo;utilisation.\t\t\t\t\t<\/li>\n<li class=\"product-features__item-list__item\" role=\"listitem\"><span class=\"is--medium\">Produit canc\u00e9rog\u00e8ne :<\/span> Non\t\t\t\t\t<\/li>\n<li class=\"product-features__item-list__item\" role=\"listitem\"><span class=\"is--medium\">Produit comburant (facilite la combustion) :<\/span> Non\t\t\t\t\t<\/li>\n<li class=\"product-features__item-list__item\" role=\"listitem\"><span class=\"is--medium\">Produit corrosif :<\/span> Non\t\t\t\t\t<\/li>\n<li class=\"product-features__item-list__item\" role=\"listitem\"><span class=\"is--medium\">Produit dangereux en milieu aquatique :<\/span> Non\t\t\t\t\t<\/li>\n<li class=\"product-features__item-list__item\" role=\"listitem\"><span class=\"is--medium\">Produit explosif :<\/span> Non\t\t\t\t\t<\/li>\n<li class=\"product-features__item-list__item\" role=\"listitem\"><span class=\"is--medium\">Produit avec gaz sous pression :<\/span> Non\t\t\t\t\t<\/li>\n<li class=\"product-features__item-list__item\" role=\"listitem\"><span class=\"is--medium\">Produit inflammable :<\/span> Non\t\t\t\t\t<\/li>\n<li class=\"product-features__item-list__item\" role=\"listitem\"><span class=\"is--medium\">Produit toxique :<\/span> Non\t\t\t\t\t<\/li>\n<li class=\"product-features__item-list__item\" role=\"listitem\"><span class=\"is--medium\">Produit toxique et irritant :<\/span> Non\t\t\t\t\t<\/li>\n<\/ul>\n<\/li>\n<li class=\"product-features__item\" role=\"listitem\">\n<h3 class=\"product-features__label\">Informations compl\u00e9mentaires<\/h3>\n<ul role=\"list\">\n<li class=\"product-features__item-list__item\" role=\"listitem\"><span class=\"is--medium\">Fabriqu\u00e9 en :<\/span> Espagne\t\t\t\t\t<\/li>\n<li class=\"product-features__item-list__item\" role=\"listitem\"><span class=\"is--medium\">Disponibilit\u00e9 des pi\u00e8ces d\u00e9tach\u00e9es (donn\u00e9es fournisseur) :<\/span> Pendant 10 ans, \u00e0 compter de la date fin de commercialisation\t\t\t\t\t<\/li>\n<li class=\"product-features__item-list__item\" role=\"listitem\"><span class=\"is--medium\">Garantie :<\/span> 2 ans\t\t\t\t\t<\/li>\n<li class=\"product-features__item-list__item\" role=\"listitem\"><span class=\"is--medium\">R\u00e9f\u00e9rence constructeur :<\/span> TRCAF N roulante cr\u00e9dence acier ferm\u00e9 no\t\t\t\t\t<\/li>\n<li class=\"product-features__item-list__item\" role=\"listitem\"><span class=\"is--medium\">Marque :<\/span> FORGE ADOUR\t\t\t\t\t<\/li>\n<\/ul>\n<\/li>\n<li class=\"product-features__item\" role=\"listitem\">\n<h3 class=\"product-features__label\">Facette type de produit<\/h3>\n<ul role=\"list\">\n<li class=\"product-features__item-list__item\" role=\"listitem\"><span class=\"is--medium\">Type de produit :<\/span> Accessoire de cuisine\t\t\t\t\t<\/li>\n<\/ul>\n<\/li>\n<\/ul>\n<\/div>\n<div class=\"product__disclosure-content\">\n<div class=\"js-read-more product-description__content read-more read-more--truncated\" data-read-more-name=\"description\" style=\"max-height: 500px; overflow: hidden;\">\n<div class=\"product__description-content read-more\" style=\"\">\n<p>Desserte Plancha FORGE ADOUR TRCAF N : L&rsquo;alli\u00e9e parfaite pour vos cuissons ext\u00e9rieures<\/p>\n<h3> <img fetchpriority=\"high\" decoding=\"async\" ,=\"\" alt=\"Desserte plancha FORGE ADOUR TRCAF N roulante cr\u00e9dence acier ferm\u00e9 no\" class=\"wy_tableau_gauche\" height=\"270\" src=\"https:\/\/boulanger.scene7.com\/is\/image\/Boulanger\/8436555025694_h_f_l_0?wid=400&amp;hei=270\" width=\"400\"\/>Conception robuste et fonctionnalit\u00e9s pratiques <\/h3>\n<p> La Desserte Plancha FORGE ADOUR TRCAF N est con\u00e7ue pour accueillir les planchas de tailles 45, 60 et 75, offrant ainsi une polyvalence appr\u00e9ciable pour les amateurs de cuisine en plein air. Avec son rev\u00eatement en trois couches, cette desserte garantit une r\u00e9sistance optimale face aux intemp\u00e9ries et \u00e0 l&rsquo;usure du temps. L&rsquo;espace de rangement est maximis\u00e9 gr\u00e2ce \u00e0 deux portes battantes dissimulant un emplacement d\u00e9di\u00e9 \u00e0 la bouteille de gaz, ainsi qu&rsquo;un bac de rangement pratique pour vos ustensiles et condiments. La tablette lat\u00e9rale rabattable, interchangeable \u00e0 droite ou \u00e0 gauche, offre une surface de travail suppl\u00e9mentaire ou peut se replier pour un gain de place lorsqu&rsquo;elle n&rsquo;est pas utilis\u00e9e. <\/p>\n<\/p>\n<h3> <img decoding=\"async\" ,=\"\" alt=\"Desserte plancha FORGE ADOUR TRCAF N roulante cr\u00e9dence acier ferm\u00e9 no\" class=\"wy_tableau_right\" height=\"270\" src=\"https:\/\/boulanger.scene7.com\/is\/image\/Boulanger\/8436555025694_h_f_l_1?wid=400&amp;hei=270\" width=\"400\"\/>Mobilit\u00e9 et dimensions adapt\u00e9es <\/h3>\n<p> La mobilit\u00e9 est un atout cl\u00e9 de la Desserte FORGE ADOUR TRCAF N, gr\u00e2ce \u00e0 ses deux roues robustes et ses deux pieds r\u00e9glables qui facilitent le d\u00e9placement et assurent une stabilit\u00e9 parfaite sur tout type de terrain. Les dimensions de la desserte, L 120 cm x P 65.7 cm x H 112.5 cm avec les tablettes rabattues, et L 164 cm x P 65.7 cm x H 112.5 cm avec les tablettes ouvertes, la rendent id\u00e9ale pour les espaces ext\u00e9rieurs, qu&rsquo;ils soient vastes ou plus restreints. Avec un poids de 57 Kg et une surface de cuisson de 59.5 x 39.5 cm, elle est con\u00e7ue pour \u00eatre \u00e0 la fois stable et spacieuse, tout en restant facile \u00e0 man\u0153uvrer. Compatible avec tous les capots de la marque, \u00e0 l&rsquo;exception de ceux de la gamme Origin, elle s&rsquo;adapte parfaitement \u00e0 votre \u00e9quipement FORGE ADOUR existant. <\/p>\n<\/p><\/div>\n<\/p>\n<\/div>\n<p><bl-button a11yexpanded=\"false\" arialabel=\"Afficher toute la description\" class=\"read-more__btn\" full=\"false\" link=\"true\"><\/bl-button><\/div>","protected":false},"excerpt":{"rendered":"<div class=\"keypoints\">\n<h3 class=\"keypoints__title\">Les points cl\u00e9s<\/h3>\n<ul role=\"list\">\n<li class=\"keypoints__item\" role=\"listitem\">                                        Desserte                      <\/li>\n<li class=\"keypoints__item\" role=\"listitem\">                                        Plancha(s) compatible(s) : Tous mod\u00e8les                      <\/li>\n<li class=\"keypoints__item keypoints__item--advantage\" role=\"listitem\"><strong>Le + :<\/strong> Cr\u00e9dence, rangements, de par sa taille permet de cuisiner confortablement      <\/li>\n<\/ul>","protected":false},"featured_media":52163,"template":"","meta":{"_glsr_average":0,"_glsr_ranking":0,"_glsr_reviews":0},"product_cat":[364],"product_tag":[366,365,230],"class_list":{"0":"post-99866","1":"product","2":"type-product","3":"status-publish","4":"has-post-thumbnail","6":"product_cat-accessoire-barbecue-plancha","7":"product_tag-accessoire-barbecue-plancha","8":"product_tag-accessoire-cuisine-et-cuisson","9":"product_tag-cuisine-et-cuisson","11":"first","12":"instock","13":"sale","14":"shipping-taxable","15":"purchasable","16":"product-type-simple"},"_links":{"self":[{"href":"https:\/\/electromenagerexpress.com\/en\/wp-json\/wp\/v2\/product\/99866","targetHints":{"allow":["GET"]}}],"collection":[{"href":"https:\/\/electromenagerexpress.com\/en\/wp-json\/wp\/v2\/product"}],"about":[{"href":"https:\/\/electromenagerexpress.com\/en\/wp-json\/wp\/v2\/types\/product"}],"wp:featuredmedia":[{"embeddable":true,"href":"https:\/\/electromenagerexpress.com\/en\/wp-json\/wp\/v2\/media\/52163"}],"wp:attachment":[{"href":"https:\/\/electromenagerexpress.com\/en\/wp-json\/wp\/v2\/media?parent=99866"}],"wp:term":[{"taxonomy":"product_cat","embeddable":true,"href":"https:\/\/electromenagerexpress.com\/en\/wp-json\/wp\/v2\/product_cat?post=99866"},{"taxonomy":"product_tag","embeddable":true,"href":"https:\/\/electromenagerexpress.com\/en\/wp-json\/wp\/v2\/product_tag?post=99866"}],"curies":[{"name":"wp","href":"https:\/\/api.w.org\/{rel}","templated":true}]}}