{"id":99865,"date":"2024-11-28T11:52:24","date_gmt":"2024-11-28T11:52:24","guid":{"rendered":"https:\/\/electromenagerexpress.com\/product\/chariot-barbecuebig-green-eggchariot-a-roulettespoignee-integree-xl\/"},"modified":"2024-11-28T11:52:26","modified_gmt":"2024-11-28T11:52:26","slug":"chariot-barbecuebig-green-eggchariot-a-roulettespoignee-integree-xl","status":"publish","type":"product","link":"https:\/\/electromenagerexpress.com\/en\/product\/chariot-barbecuebig-green-eggchariot-a-roulettespoignee-integree-xl\/","title":{"rendered":"Chariot barbecue\t\t\t\t\t\t\tBIG GREEN EGG\t\t\t\tchariot \u00e0 roulettes+poign\u00e9e int\u00e9gr\u00e9e XL"},"content":{"rendered":"<div class=\"product-features__content\">\n<ul role=\"list\">\n<li class=\"product-features__item\" role=\"listitem\">\n<h3 class=\"product-features__label\">Descriptif de l&rsquo;accessoire<\/h3>\n<ul role=\"list\">\n<li class=\"product-features__item-list__item\" role=\"listitem\"><span class=\"is--medium\">Type de produit :<\/span> Chariot barbecue\t\t\t\t\t<\/li>\n<li class=\"product-features__item-list__item\" role=\"listitem\"><span class=\"is--medium\">Usage :<\/span> NC\t\t\t\t\t<\/li>\n<li class=\"product-features__item-list__item\" role=\"listitem\"><span class=\"is--medium\">Mati\u00e8re de l&rsquo;accessoire :<\/span> NC\t\t\t\t\t<\/li>\n<\/ul>\n<\/li>\n<li class=\"product-features__item\" role=\"listitem\">\n<h3 class=\"product-features__label\">Compatibilit\u00e9 de l&rsquo;accessoire<\/h3>\n<ul role=\"list\">\n<li class=\"product-features__item-list__item\" role=\"listitem\"><span class=\"is--medium\">Barbecue(s) compatible(s) :<\/span> Barbecue Big Green Egg XL\t\t\t\t\t<\/li>\n<\/ul>\n<\/li>\n<li class=\"product-features__item\" role=\"listitem\">\n<h3 class=\"product-features__label\">Pr\u00e9cautions d&rsquo;utilisation du produit<\/h3>\n<ul role=\"list\">\n<li class=\"product-features__item-list__item\" role=\"listitem\"><span class=\"is--medium\">Conseil de s\u00e9curit\u00e9 :<\/span> Produit non concern\u00e9\t\t\t\t\t<\/li>\n<li class=\"product-features__item-list__item\" role=\"listitem\"><span class=\"is--medium\">Produit canc\u00e9rig\u00e8ne :<\/span> Non\t\t\t\t\t<\/li>\n<li class=\"product-features__item-list__item\" role=\"listitem\"><span class=\"is--medium\">Produit comburant (facilite la combustion) :<\/span> Non\t\t\t\t\t<\/li>\n<li class=\"product-features__item-list__item\" role=\"listitem\"><span class=\"is--medium\">Produit corrosif :<\/span> Non\t\t\t\t\t<\/li>\n<li class=\"product-features__item-list__item\" role=\"listitem\"><span class=\"is--medium\">Produit dangereux en milieu aquatique :<\/span> Non\t\t\t\t\t<\/li>\n<li class=\"product-features__item-list__item\" role=\"listitem\"><span class=\"is--medium\">Produit explosif :<\/span> Non\t\t\t\t\t<\/li>\n<li class=\"product-features__item-list__item\" role=\"listitem\"><span class=\"is--medium\">Produit avec gaz sous pression :<\/span> Non\t\t\t\t\t<\/li>\n<li class=\"product-features__item-list__item\" role=\"listitem\"><span class=\"is--medium\">Produit inflammable :<\/span> Non\t\t\t\t\t<\/li>\n<li class=\"product-features__item-list__item\" role=\"listitem\"><span class=\"is--medium\">Produit toxique :<\/span> Non\t\t\t\t\t<\/li>\n<li class=\"product-features__item-list__item\" role=\"listitem\"><span class=\"is--medium\">Produit toxique et irritant :<\/span> Non\t\t\t\t\t<\/li>\n<\/ul>\n<\/li>\n<li class=\"product-features__item\" role=\"listitem\">\n<h3 class=\"product-features__label\">Informations compl\u00e9mentaires<\/h3>\n<ul role=\"list\">\n<li class=\"product-features__item-list__item\" role=\"listitem\"><span class=\"is--medium\">Fabriqu\u00e9 en :<\/span> Chine\t\t\t\t\t<\/li>\n<li class=\"product-features__item-list__item\" role=\"listitem\"><span class=\"is--medium\">Disponibilit\u00e9 des pi\u00e8ces d\u00e9tach\u00e9es (donn\u00e9es fournisseur) :<\/span> Non concern\u00e9\t\t\t\t\t<\/li>\n<li class=\"product-features__item-list__item\" role=\"listitem\"><span class=\"is--medium\">R\u00e9f\u00e9rence constructeur :<\/span> chariot \u00e0 roulettes+poign\u00e9e int\u00e9gr\u00e9e XL\t\t\t\t\t<\/li>\n<li class=\"product-features__item-list__item\" role=\"listitem\"><span class=\"is--medium\">Marque :<\/span> BIG GREEN EGG\t\t\t\t\t<\/li>\n<\/ul>\n<\/li>\n<li class=\"product-features__item\" role=\"listitem\">\n<h3 class=\"product-features__label\">Facette type de produit<\/h3>\n<ul role=\"list\">\n<li class=\"product-features__item-list__item\" role=\"listitem\"><span class=\"is--medium\">Type de produit :<\/span> Accessoire de cuisine\t\t\t\t\t<\/li>\n<\/ul>\n<\/li>\n<\/ul>\n<\/div>\n<div class=\"product__disclosure-content\">\n<div class=\"js-read-more product-description__content read-more read-more--truncated\" data-read-more-name=\"description\" style=\"max-height: 500px; overflow: hidden;\">\n<div class=\"product__description-content read-more\">\n<p>Chariot barbecue BIG GREEN EGG : Mobilit\u00e9 et Praticit\u00e9 pour votre Barbecue XL<\/p>\n<h3><img fetchpriority=\"high\" decoding=\"async\" alt=\"Chariot barbecue BIG GREEN EGG chariot \u00e0 roulettes+poign\u00e9e int\u00e9gr\u00e9e XL\" class=\"wy_tableau_gauche\" height=\"270\" src=\"https:\/\/boulanger.scene7.com\/is\/image\/Boulanger\/0665719121158_h_f_l_0?wid=400&amp;hei=270\" width=\"400\"\/>Conception sur mesure pour le Big Green Egg XL<\/h3>\n<p>Le Chariot barbecue BIG GREEN EGG est l&rsquo;accessoire incontournable pour les amateurs de grillades \u00e0 la recherche d&rsquo;une solution pratique et adapt\u00e9e \u00e0 leur barbecue au charbon de la gamme KAMADO Big Green Egg. Sp\u00e9cialement con\u00e7u pour le mod\u00e8le XL, ce chariot \u00e0 roulettes avec poign\u00e9e int\u00e9gr\u00e9e assure une compatibilit\u00e9 parfaite, offrant ainsi une stabilit\u00e9 et une s\u00e9curit\u00e9 optimales lors de son utilisation.\u00a0<\/p>\n<p>\u00a0<\/p>\n<p>\u00a0<\/p>\n<h3><img decoding=\"async\" alt=\"Chariot barbecue BIG GREEN EGG chariot \u00e0 roulettes+poign\u00e9e int\u00e9gr\u00e9e XL\" class=\"wy_tableau_right\" height=\"270\" src=\"https:\/\/boulanger.scene7.com\/is\/image\/Boulanger\/0665719121158_h_f_l_1?wid=400&amp;hei=270\" width=\"400\"\/>Mobilit\u00e9 et facilit\u00e9 d&rsquo;utilisation<\/h3>\n<p>Gr\u00e2ce \u00e0 ses roulettes solides et sa poign\u00e9e int\u00e9gr\u00e9e, le Chariot barbecue BIG GREEN EGG XL permet de d\u00e9placer ais\u00e9ment votre barbecue charbon sans effort. Que ce soit pour changer de lieu selon les saisons ou simplement pour ranger votre \u00e9quipement apr\u00e8s usage, ce chariot rend le d\u00e9placement de votre barbecue Big Green Egg XL aussi simple que pratique. Il est \u00e0 noter que ce produit est exempt de toute substance dangereuse, ne pr\u00e9sentant aucun risque pour la sant\u00e9 ou l&rsquo;environnement, et qu&rsquo;il ne n\u00e9cessite pas de notice sp\u00e9cifique pour son utilisation. Ce chariot est donc une solution s\u00fbre et efficace pour profiter pleinement de votre barbecue, o\u00f9 que vous soyez.<\/p>\n<\/div>\n<\/div>\n<p><bl-button a11yexpanded=\"false\" arialabel=\"Afficher toute la description\" class=\"read-more__btn\" full=\"false\" link=\"true\"><\/bl-button><\/div>","protected":false},"excerpt":{"rendered":"<div class=\"keypoints\">\n<h3 class=\"keypoints__title\">Les points cl\u00e9s<\/h3>\n<ul role=\"list\">\n<li class=\"keypoints__item\" role=\"listitem\">                                        Chariot barbecue                      <\/li>\n<li class=\"keypoints__item\" role=\"listitem\">                                        Barbecue(s) compatible(s) : Barbecue Big Green Egg XL                      <\/li>\n<li class=\"keypoints__item keypoints__item--advantage\" role=\"listitem\"><strong>Le + :<\/strong> Solide, stable et \u00e9quip\u00e9 de grosses roulettes robustes multidirectionnelles      <\/li>\n<\/ul>","protected":false},"featured_media":52137,"template":"","meta":{"_glsr_average":0,"_glsr_ranking":0,"_glsr_reviews":0},"product_cat":[364],"product_tag":[366,365,230],"class_list":{"0":"post-99865","1":"product","2":"type-product","3":"status-publish","4":"has-post-thumbnail","6":"product_cat-accessoire-barbecue-plancha","7":"product_tag-accessoire-barbecue-plancha","8":"product_tag-accessoire-cuisine-et-cuisson","9":"product_tag-cuisine-et-cuisson","11":"first","12":"instock","13":"sale","14":"shipping-taxable","15":"purchasable","16":"product-type-simple"},"_links":{"self":[{"href":"https:\/\/electromenagerexpress.com\/en\/wp-json\/wp\/v2\/product\/99865","targetHints":{"allow":["GET"]}}],"collection":[{"href":"https:\/\/electromenagerexpress.com\/en\/wp-json\/wp\/v2\/product"}],"about":[{"href":"https:\/\/electromenagerexpress.com\/en\/wp-json\/wp\/v2\/types\/product"}],"wp:featuredmedia":[{"embeddable":true,"href":"https:\/\/electromenagerexpress.com\/en\/wp-json\/wp\/v2\/media\/52137"}],"wp:attachment":[{"href":"https:\/\/electromenagerexpress.com\/en\/wp-json\/wp\/v2\/media?parent=99865"}],"wp:term":[{"taxonomy":"product_cat","embeddable":true,"href":"https:\/\/electromenagerexpress.com\/en\/wp-json\/wp\/v2\/product_cat?post=99865"},{"taxonomy":"product_tag","embeddable":true,"href":"https:\/\/electromenagerexpress.com\/en\/wp-json\/wp\/v2\/product_tag?post=99865"}],"curies":[{"name":"wp","href":"https:\/\/api.w.org\/{rel}","templated":true}]}}