{"id":99862,"date":"2024-11-28T11:51:50","date_gmt":"2024-11-28T11:51:50","guid":{"rendered":"https:\/\/electromenagerexpress.com\/product\/support-barbecuebig-green-eggeucalyptus-large-sans-roue\/"},"modified":"2024-11-28T11:51:52","modified_gmt":"2024-11-28T11:51:52","slug":"support-barbecuebig-green-eggeucalyptus-large-sans-roue","status":"publish","type":"product","link":"https:\/\/electromenagerexpress.com\/en\/product\/support-barbecuebig-green-eggeucalyptus-large-sans-roue\/","title":{"rendered":"Support barbecue\t\t\t\t\t\t\tBIG GREEN EGG\t\t\t\teucalyptus large sans roue"},"content":{"rendered":"<div class=\"product-features__content\">\n<ul role=\"list\">\n<li class=\"product-features__item\" role=\"listitem\">\n<h3 class=\"product-features__label\">Descriptif de l&rsquo;accessoire<\/h3>\n<ul role=\"list\">\n<li class=\"product-features__item-list__item\" role=\"listitem\"><span class=\"is--medium\">Type de produit :<\/span> Support barbecue\t\t\t\t\t<\/li>\n<\/ul>\n<\/li>\n<li class=\"product-features__item\" role=\"listitem\">\n<h3 class=\"product-features__label\">Compatibilit\u00e9 de l&rsquo;accessoire<\/h3>\n<ul role=\"list\">\n<li class=\"product-features__item-list__item\" role=\"listitem\"><span class=\"is--medium\">Barbecue(s) compatible(s) :<\/span> Barbecue Big Green Egg Large\t\t\t\t\t<\/li>\n<\/ul>\n<\/li>\n<li class=\"product-features__item\" role=\"listitem\">\n<h3 class=\"product-features__label\">Dimensions<\/h3>\n<ul role=\"list\">\n<li class=\"product-features__item-list__item\" role=\"listitem\"><span class=\"is--medium\">Dimensions l x h x p :<\/span> 150 x 60 x 80 cm\t\t\t\t\t<\/li>\n<\/ul>\n<\/li>\n<li class=\"product-features__item\" role=\"listitem\">\n<h3 class=\"product-features__label\">Informations compl\u00e9mentaires<\/h3>\n<ul role=\"list\">\n<li class=\"product-features__item-list__item\" role=\"listitem\"><span class=\"is--medium\">Disponibilit\u00e9 des pi\u00e8ces d\u00e9tach\u00e9es (donn\u00e9es fournisseur) :<\/span> Pas de pi\u00e8ce disponible\t\t\t\t\t<\/li>\n<li class=\"product-features__item-list__item\" role=\"listitem\"><span class=\"is--medium\">R\u00e9f\u00e9rence constructeur :<\/span> eucalyptus large sans roue\t\t\t\t\t<\/li>\n<li class=\"product-features__item-list__item\" role=\"listitem\"><span class=\"is--medium\">Marque :<\/span> BIG GREEN EGG\t\t\t\t\t<\/li>\n<\/ul>\n<\/li>\n<li class=\"product-features__item\" role=\"listitem\">\n<h3 class=\"product-features__label\">Facette type de produit<\/h3>\n<ul role=\"list\">\n<li class=\"product-features__item-list__item\" role=\"listitem\"><span class=\"is--medium\">Type de produit :<\/span> Accessoire de cuisine\t\t\t\t\t<\/li>\n<\/ul>\n<\/li>\n<\/ul>\n<\/div>\n<div class=\"product__disclosure-content\">\n<div class=\"js-read-more product-description__content read-more read-more--truncated\" data-read-more-name=\"description\" style=\"max-height: 500px; overflow: hidden;\">\n<div class=\"product__description-content read-more\">\n<p>Support barbecue BIG GREEN EGG eucalyptus large sans roue<\/p>\n<h3><img fetchpriority=\"high\" decoding=\"async\" alt=\"Support barbecue BIG GREEN EGG eucalyptus large sans roue\" class=\"wy_tableau_gauche\" height=\"270\" src=\"https:\/\/boulanger.scene7.com\/is\/image\/Boulanger\/0665719127624_h_f_l_0?wid=400&amp;hei=270\" width=\"400\"\/>Conception sur-mesure pour Big Green Egg Large<\/h3>\n<p>Le support barbecue BIG GREEN EGG eucalyptus large sans roue est l&rsquo;\u00e9quipement id\u00e9al pour les amateurs de grillades perfectionnistes poss\u00e9dant un Big Green Egg mod\u00e8le Large. Con\u00e7u sp\u00e9cifiquement pour ce barbecue \u00e0 charbon de renom, ce support assure une stabilit\u00e9 in\u00e9gal\u00e9e et une durabilit\u00e9 gr\u00e2ce \u00e0 sa fabrication de haute qualit\u00e9. Ses dimensions g\u00e9n\u00e9reuses de 150 x 60 x 80 cm offrent une surface de travail confortable et adapt\u00e9e \u00e0 l&rsquo;envergure du Big Green Egg Large, permettant ainsi aux utilisateurs de cuisiner avec aisance et de profiter pleinement de l&rsquo;exp\u00e9rience culinaire en plein air.<\/p>\n<p>\u00a0<\/p>\n<p>\u00a0<\/p>\n<h3><img decoding=\"async\" alt=\"Support barbecue BIG GREEN EGG eucalyptus large sans roue\" class=\"wy_tableau_right\" height=\"270\" src=\"https:\/\/boulanger.scene7.com\/is\/image\/Boulanger\/0665719127624_h_f_l_1?wid=400&amp;hei=270\" width=\"400\"\/>Robustesse et esth\u00e9tique naturelle<\/h3>\n<p>Fabriqu\u00e9 en eucalyptus, un bois reconnu pour sa robustesse et sa r\u00e9sistance aux intemp\u00e9ries, le support barbecue BIG GREEN EGG sans roue est non seulement fonctionnel mais aussi esth\u00e9tiquement plaisant. L&rsquo;absence de roues met l&rsquo;accent sur une installation fixe et s\u00e9curis\u00e9e, id\u00e9ale pour les espaces ext\u00e9rieurs o\u00f9 le barbecue occupe une place centrale. Ce support est exclusivement compatible avec les barbecues \u00e0 charbon, et ne convient pas aux barbecues \u00e9lectriques, \u00e0 gaz, \u00e0 pellets, aux fours \u00e0 pizza ou aux planchas, ce qui en fait un choix cibl\u00e9 pour les d\u00e9tenteurs d&rsquo;un Big Green Egg Large \u00e0 la recherche d&rsquo;un \u00e9quipement adapt\u00e9 et de qualit\u00e9.<\/p>\n<\/div>\n<\/div>\n<p><bl-button a11yexpanded=\"false\" arialabel=\"Afficher toute la description\" class=\"read-more__btn\" full=\"false\" link=\"true\"><\/bl-button><\/div>","protected":false},"excerpt":{"rendered":"<div class=\"keypoints\">\n<h3 class=\"keypoints__title\">Les points cl\u00e9s<\/h3>\n<ul role=\"list\">\n<li class=\"keypoints__item\" role=\"listitem\">                                        Support barbecue                      <\/li>\n<li class=\"keypoints__item\" role=\"listitem\">                                        Barbecue(s) compatible(s) : Barbecue Big Green Egg Large                      <\/li>\n<li class=\"keypoints__item keypoints__item--advantage\" role=\"listitem\"><strong>Le + :<\/strong> Fabriqu\u00e9e de fa\u00e7on artisanale, elle et constitu\u00e9e de planches de bois d\u2019eucalyptus massif      <\/li>\n<\/ul>","protected":false},"featured_media":52009,"template":"","meta":{"_glsr_average":0,"_glsr_ranking":0,"_glsr_reviews":0},"product_cat":[364],"product_tag":[366,365,230],"class_list":{"0":"post-99862","1":"product","2":"type-product","3":"status-publish","4":"has-post-thumbnail","6":"product_cat-accessoire-barbecue-plancha","7":"product_tag-accessoire-barbecue-plancha","8":"product_tag-accessoire-cuisine-et-cuisson","9":"product_tag-cuisine-et-cuisson","11":"first","12":"instock","13":"sale","14":"shipping-taxable","15":"purchasable","16":"product-type-simple"},"_links":{"self":[{"href":"https:\/\/electromenagerexpress.com\/en\/wp-json\/wp\/v2\/product\/99862","targetHints":{"allow":["GET"]}}],"collection":[{"href":"https:\/\/electromenagerexpress.com\/en\/wp-json\/wp\/v2\/product"}],"about":[{"href":"https:\/\/electromenagerexpress.com\/en\/wp-json\/wp\/v2\/types\/product"}],"wp:featuredmedia":[{"embeddable":true,"href":"https:\/\/electromenagerexpress.com\/en\/wp-json\/wp\/v2\/media\/52009"}],"wp:attachment":[{"href":"https:\/\/electromenagerexpress.com\/en\/wp-json\/wp\/v2\/media?parent=99862"}],"wp:term":[{"taxonomy":"product_cat","embeddable":true,"href":"https:\/\/electromenagerexpress.com\/en\/wp-json\/wp\/v2\/product_cat?post=99862"},{"taxonomy":"product_tag","embeddable":true,"href":"https:\/\/electromenagerexpress.com\/en\/wp-json\/wp\/v2\/product_tag?post=99862"}],"curies":[{"name":"wp","href":"https:\/\/api.w.org\/{rel}","templated":true}]}}