{"id":99859,"date":"2024-11-28T11:51:35","date_gmt":"2024-11-28T11:51:35","guid":{"rendered":"https:\/\/electromenagerexpress.com\/product\/tablebig-green-eggegg-frame-table-modulaire-pour-egg-xl\/"},"modified":"2024-11-28T11:51:36","modified_gmt":"2024-11-28T11:51:36","slug":"tablebig-green-eggegg-frame-table-modulaire-pour-egg-xl","status":"publish","type":"product","link":"https:\/\/electromenagerexpress.com\/en\/product\/tablebig-green-eggegg-frame-table-modulaire-pour-egg-xl\/","title":{"rendered":"Table\t\t\t\t\t\t\tBIG GREEN EGG\t\t\t\tegg frame table modulaire pour egg XL"},"content":{"rendered":"<div class=\"product-features__content\">\n<ul role=\"list\">\n<li class=\"product-features__item\" role=\"listitem\">\n<h3 class=\"product-features__label\">Descriptif de l&rsquo;accessoire<\/h3>\n<ul role=\"list\">\n<li class=\"product-features__item-list__item\" role=\"listitem\"><span class=\"is--medium\">Type de produit :<\/span> Table modulaire\t\t\t\t\t<\/li>\n<li class=\"product-features__item-list__item\" role=\"listitem\"><span class=\"is--medium\">Usage :<\/span> NC\t\t\t\t\t<\/li>\n<li class=\"product-features__item-list__item\" role=\"listitem\"><span class=\"is--medium\">Mati\u00e8re de l&rsquo;accessoire :<\/span> NC\t\t\t\t\t<\/li>\n<\/ul>\n<\/li>\n<li class=\"product-features__item\" role=\"listitem\">\n<h3 class=\"product-features__label\">Compatibilit\u00e9 de l&rsquo;accessoire<\/h3>\n<ul role=\"list\">\n<li class=\"product-features__item-list__item\" role=\"listitem\"><span class=\"is--medium\">Barbecue(s) compatible(s) :<\/span> KAMADO\t\t\t\t\t<\/li>\n<\/ul>\n<\/li>\n<li class=\"product-features__item\" role=\"listitem\">\n<h3 class=\"product-features__label\">Pr\u00e9cautions d&rsquo;utilisation du produit<\/h3>\n<ul role=\"list\">\n<li class=\"product-features__item-list__item\" role=\"listitem\"><span class=\"is--medium\">Conseil de s\u00e9curit\u00e9 :<\/span> Produit non concern\u00e9\t\t\t\t\t<\/li>\n<li class=\"product-features__item-list__item\" role=\"listitem\"><span class=\"is--medium\">Produit canc\u00e9rig\u00e8ne :<\/span> Non\t\t\t\t\t<\/li>\n<li class=\"product-features__item-list__item\" role=\"listitem\"><span class=\"is--medium\">Produit comburant (facilite la combustion) :<\/span> Non\t\t\t\t\t<\/li>\n<li class=\"product-features__item-list__item\" role=\"listitem\"><span class=\"is--medium\">Produit corrosif :<\/span> Non\t\t\t\t\t<\/li>\n<li class=\"product-features__item-list__item\" role=\"listitem\"><span class=\"is--medium\">Produit dangereux en milieu aquatique :<\/span> Non\t\t\t\t\t<\/li>\n<li class=\"product-features__item-list__item\" role=\"listitem\"><span class=\"is--medium\">Produit explosif :<\/span> Non\t\t\t\t\t<\/li>\n<li class=\"product-features__item-list__item\" role=\"listitem\"><span class=\"is--medium\">Produit avec gaz sous pression :<\/span> Non\t\t\t\t\t<\/li>\n<li class=\"product-features__item-list__item\" role=\"listitem\"><span class=\"is--medium\">Produit inflammable :<\/span> Non\t\t\t\t\t<\/li>\n<li class=\"product-features__item-list__item\" role=\"listitem\"><span class=\"is--medium\">Produit toxique :<\/span> Non\t\t\t\t\t<\/li>\n<li class=\"product-features__item-list__item\" role=\"listitem\"><span class=\"is--medium\">Produit toxique et irritant :<\/span> Non\t\t\t\t\t<\/li>\n<\/ul>\n<\/li>\n<li class=\"product-features__item\" role=\"listitem\">\n<h3 class=\"product-features__label\">Informations compl\u00e9mentaires<\/h3>\n<ul role=\"list\">\n<li class=\"product-features__item-list__item\" role=\"listitem\"><span class=\"is--medium\">Fabriqu\u00e9 en :<\/span> Chine\t\t\t\t\t<\/li>\n<li class=\"product-features__item-list__item\" role=\"listitem\"><span class=\"is--medium\">Garantie :<\/span> 2 ans\t\t\t\t\t<\/li>\n<li class=\"product-features__item-list__item\" role=\"listitem\"><span class=\"is--medium\">Disponibilit\u00e9 des pi\u00e8ces d\u00e9tach\u00e9es (donn\u00e9es fournisseur) :<\/span> Pas de pi\u00e8ce disponible\t\t\t\t\t<\/li>\n<li class=\"product-features__item-list__item\" role=\"listitem\"><span class=\"is--medium\">R\u00e9f\u00e9rence constructeur :<\/span> egg frame table modulaire pour egg XL\t\t\t\t\t<\/li>\n<li class=\"product-features__item-list__item\" role=\"listitem\"><span class=\"is--medium\">Marque :<\/span> BIG GREEN EGG\t\t\t\t\t<\/li>\n<\/ul>\n<\/li>\n<li class=\"product-features__item\" role=\"listitem\">\n<h3 class=\"product-features__label\">Facette type de produit<\/h3>\n<ul role=\"list\">\n<li class=\"product-features__item-list__item\" role=\"listitem\"><span class=\"is--medium\">Type de produit :<\/span> Accessoire de cuisine\t\t\t\t\t<\/li>\n<\/ul>\n<\/li>\n<\/ul>\n<\/div>\n<div class=\"product__disclosure-content\">\n<div class=\"js-read-more product-description__content read-more read-more--truncated\" data-read-more-name=\"description\" style=\"max-height: 500px; overflow: hidden;\">\n<div class=\"product__description-content read-more\" style=\"\">\n<p>Table modulaire BIG GREEN EGG pour barbecue charbon XL<\/p>\n<h3> <img fetchpriority=\"high\" decoding=\"async\" ,=\"\" alt=\"Table BIG GREEN EGG egg frame table modulaire pour egg XL\" class=\"wy_tableau_gauche\" height=\"270\" src=\"https:\/\/boulanger.scene7.com\/is\/image\/Boulanger\/0665719120229_h_f_l_0?wid=400&amp;hei=270\" width=\"400\"\/>Conception modulaire pour une exp\u00e9rience culinaire optimis\u00e9e <\/h3>\n<p> La table modulaire BIG GREEN EGG est l&rsquo;accessoire indispensable pour les amateurs de barbecue au charbon qui recherchent praticit\u00e9 et \u00e9l\u00e9gance. Con\u00e7ue sp\u00e9cifiquement pour le mod\u00e8le KAMADO Big green egg XL, cette table offre une surface de travail et de rangement adapt\u00e9e \u00e0 vos besoins culinaires en ext\u00e9rieur. Sa structure modulaire permet une personnalisation selon les pr\u00e9f\u00e9rences de chaque utilisateur, offrant ainsi une flexibilit\u00e9 sans pr\u00e9c\u00e9dent pour pr\u00e9parer et organiser vos grillades avec aisance. <\/p>\n<\/p>\n<h3> <img decoding=\"async\" ,=\"\" alt=\"Table BIG GREEN EGG egg frame table modulaire pour egg XL\" class=\"wy_tableau_right\" height=\"270\" src=\"https:\/\/boulanger.scene7.com\/is\/image\/Boulanger\/0665719120229_h_f_l_1?wid=400&amp;hei=270\" width=\"400\"\/>Compatibilit\u00e9 et s\u00e9curit\u00e9, des atouts majeurs <\/h3>\n<p> La table modulaire BIG GREEN EGG est compatible exclusivement avec les barbecues \u00e0 charbon, en particulier le mod\u00e8le KAMADO Big green egg XL, garantissant ainsi une int\u00e9gration parfaite et s\u00e9curis\u00e9e de votre barbecue. Fabriqu\u00e9e en Chine, elle r\u00e9pond \u00e0 des normes strictes de qualit\u00e9 et de s\u00e9curit\u00e9, excluant toute substance dangereuse telle que les produits canc\u00e9rog\u00e8nes, comburants, corrosifs, toxiques ou inflammables. De plus, la marque BIG GREEN EGG est reconnue pour son engagement envers la durabilit\u00e9, ne fournissant pas de pi\u00e8ces d\u00e9tach\u00e9es pour ce produit, soulignant ainsi sa robustesse et sa long\u00e9vit\u00e9. <\/p>\n<\/p><\/div>\n<\/p>\n<\/div>\n<p><bl-button a11yexpanded=\"false\" arialabel=\"Afficher toute la description\" class=\"read-more__btn\" full=\"false\" link=\"true\"><\/bl-button><\/div>","protected":false},"excerpt":{"rendered":"<div class=\"keypoints\">\n<h3 class=\"keypoints__title\">Les points cl\u00e9s<\/h3>\n<ul role=\"list\">\n<li class=\"keypoints__item\" role=\"listitem\">                                        Table modulaire                      <\/li>\n<li class=\"keypoints__item\" role=\"listitem\">                                        Barbecue(s) compatible(s) : KAMADO                      <\/li>\n<li class=\"keypoints__item keypoints__item--advantage\" role=\"listitem\"><strong>Le + :<\/strong> Il est possible de monter des roulettes sur les 4 pieds      <\/li>\n<\/ul>","protected":false},"featured_media":51986,"template":"","meta":{"_glsr_average":0,"_glsr_ranking":0,"_glsr_reviews":0},"product_cat":[364],"product_tag":[366,365,230],"class_list":{"0":"post-99859","1":"product","2":"type-product","3":"status-publish","4":"has-post-thumbnail","6":"product_cat-accessoire-barbecue-plancha","7":"product_tag-accessoire-barbecue-plancha","8":"product_tag-accessoire-cuisine-et-cuisson","9":"product_tag-cuisine-et-cuisson","11":"first","12":"instock","13":"sale","14":"shipping-taxable","15":"purchasable","16":"product-type-simple"},"_links":{"self":[{"href":"https:\/\/electromenagerexpress.com\/en\/wp-json\/wp\/v2\/product\/99859","targetHints":{"allow":["GET"]}}],"collection":[{"href":"https:\/\/electromenagerexpress.com\/en\/wp-json\/wp\/v2\/product"}],"about":[{"href":"https:\/\/electromenagerexpress.com\/en\/wp-json\/wp\/v2\/types\/product"}],"wp:featuredmedia":[{"embeddable":true,"href":"https:\/\/electromenagerexpress.com\/en\/wp-json\/wp\/v2\/media\/51986"}],"wp:attachment":[{"href":"https:\/\/electromenagerexpress.com\/en\/wp-json\/wp\/v2\/media?parent=99859"}],"wp:term":[{"taxonomy":"product_cat","embeddable":true,"href":"https:\/\/electromenagerexpress.com\/en\/wp-json\/wp\/v2\/product_cat?post=99859"},{"taxonomy":"product_tag","embeddable":true,"href":"https:\/\/electromenagerexpress.com\/en\/wp-json\/wp\/v2\/product_tag?post=99859"}],"curies":[{"name":"wp","href":"https:\/\/api.w.org\/{rel}","templated":true}]}}