{"id":99842,"date":"2024-11-28T11:49:57","date_gmt":"2024-11-28T11:49:57","guid":{"rendered":"https:\/\/electromenagerexpress.com\/product\/barbecue-gazwebergenesis-sx-435\/"},"modified":"2024-11-28T11:50:02","modified_gmt":"2024-11-28T11:50:02","slug":"barbecue-gazwebergenesis-sx-435","status":"publish","type":"product","link":"https:\/\/electromenagerexpress.com\/en\/product\/barbecue-gazwebergenesis-sx-435\/","title":{"rendered":"Barbecue gaz\t\t\t\t\t\t\tWEBER\t\t\t\tGenesis SX-435"},"content":{"rendered":"<div class=\"product-features__content\">\n<ul role=\"list\">\n<li class=\"product-features__item\" role=\"listitem\">\n<h3 class=\"product-features__label\">Cuisson<\/h3>\n<ul role=\"list\">\n<li class=\"product-features__item-list__item\" role=\"listitem\"><span class=\"is--medium\">Nombre de personnes :<\/span> De 12 \u00e0 18 personnes\t\t\t\t\t<\/li>\n<li class=\"product-features__item-list__item\" role=\"listitem\"><span class=\"is--medium\">Energie :<\/span> Gaz\t\t\t\t\t<\/li>\n<li class=\"product-features__item-list__item\" role=\"listitem\"><span class=\"is--medium\">Type de gaz :<\/span> Butane ou propane\t\t\t\t\t<\/li>\n<li class=\"product-features__item-list__item\" role=\"listitem\"><span class=\"is--medium\">Type de cuisson :<\/span> Grill, four\t\t\t\t\t<\/li>\n<li class=\"product-features__item-list__item\" role=\"listitem\"><span class=\"is--medium\">Zone de cuisson :<\/span> 1 zone\t\t\t\t\t<\/li>\n<li class=\"product-features__item-list__item\" role=\"listitem\"><span class=\"is--medium\">Thermostat r\u00e9glable :<\/span> Oui\t\t\t\t\t<\/li>\n<li class=\"product-features__item-list__item\" role=\"listitem\"><span class=\"is--medium\">Temp\u00e9rature maximum de cuisson :<\/span> 220\u00b0C\t\t\t\t\t<\/li>\n<\/ul>\n<\/li>\n<li class=\"product-features__item\" role=\"listitem\">\n<h3 class=\"product-features__label\">Equipement<\/h3>\n<ul role=\"list\">\n<li class=\"product-features__item-list__item\" role=\"listitem\"><span class=\"is--medium\">Nombre de grilles \/ plaques :<\/span> 2 grilles\t\t\t\t\t<\/li>\n<li class=\"product-features__item-list__item\" role=\"listitem\"><span class=\"is--medium\">Grille :<\/span> Crafted et GBS\t\t\t\t\t<\/li>\n<li class=\"product-features__item-list__item\" role=\"listitem\"><span class=\"is--medium\">Grille maintien au chaud :<\/span> Oui\t\t\t\t\t<\/li>\n<li class=\"product-features__item-list__item\" role=\"listitem\"><span class=\"is--medium\">Nombre de br\u00fbleurs :<\/span> 4 br\u00fbleurs\t\t\t\t\t<\/li>\n<li class=\"product-features__item-list__item\" role=\"listitem\"><span class=\"is--medium\">Syst\u00e8me d&rsquo;allumage :<\/span> Facile et rapide avec le piezzo\t\t\t\t\t<\/li>\n<li class=\"product-features__item-list__item\" role=\"listitem\"><span class=\"is--medium\">Thermom\u00e8tre :<\/span> Non\t\t\t\t\t<\/li>\n<li class=\"product-features__item-list__item\" role=\"listitem\"><span class=\"is--medium\">Sonde de cuisson :<\/span> Oui\t\t\t\t\t<\/li>\n<li class=\"product-features__item-list__item\" role=\"listitem\"><span class=\"is--medium\">Avantage de la sonde de cuisson :<\/span> La sonde de cuisson permet de maitriser la cuisson de votre viande.\t\t\t\t\t<\/li>\n<li class=\"product-features__item-list__item\" role=\"listitem\"><span class=\"is--medium\">Commande \u00e0 distance :<\/span> Oui\t\t\t\t\t<\/li>\n<li class=\"product-features__item-list__item\" role=\"listitem\"><span class=\"is--medium\">Avantage de la commande \u00e0 distance :<\/span> L&rsquo;application commande \u00e0 distance le barbecue et vous permet de b\u00e9n\u00e9ficier de recettes, de g\u00e9rer votre cuisson et d&rsquo;\u00eatre guid\u00e9 pas \u00e0 pas.\t\t\t\t\t<\/li>\n<li class=\"product-features__item-list__item\" role=\"listitem\"><span class=\"is--medium\">R\u00e9chaud lat\u00e9ral :<\/span> R\u00e9chauffe vos accompagnements\t\t\t\t\t<\/li>\n<li class=\"product-features__item-list__item\" role=\"listitem\"><span class=\"is--medium\">Crochets de suspension :<\/span> 6 crochets porte-ustensiles\t\t\t\t\t<\/li>\n<li class=\"product-features__item-list__item\" role=\"listitem\"><span class=\"is--medium\">Eclairage :<\/span> Non\t\t\t\t\t<\/li>\n<\/ul>\n<\/li>\n<li class=\"product-features__item\" role=\"listitem\">\n<h3 class=\"product-features__label\">Mati\u00e8re et coloris<\/h3>\n<ul role=\"list\">\n<li class=\"product-features__item-list__item\" role=\"listitem\"><span class=\"is--medium\">De la surface de cuisson :<\/span> Fonte d&rsquo;acier \u00e9maill\u00e9e\t\t\t\t\t<\/li>\n<li class=\"product-features__item-list__item\" role=\"listitem\"><span class=\"is--medium\">De la cuve :<\/span> Fonte d&rsquo;aluminium\t\t\t\t\t<\/li>\n<li class=\"product-features__item-list__item\" role=\"listitem\"><span class=\"is--medium\">Du couvercle :<\/span> Inox\t\t\t\t\t<\/li>\n<li class=\"product-features__item-list__item\" role=\"listitem\"><span class=\"is--medium\">Coloris :<\/span> Inox\t\t\t\t\t<\/li>\n<\/ul>\n<\/li>\n<li class=\"product-features__item\" role=\"listitem\">\n<h3 class=\"product-features__label\">Facilit\u00e9 de nettoyage<\/h3>\n<ul role=\"list\">\n<li class=\"product-features__item-list__item\" role=\"listitem\"><span class=\"is--medium\">Grille\/plaque amovible :<\/span> Oui\t\t\t\t\t<\/li>\n<li class=\"product-features__item-list__item\" role=\"listitem\"><span class=\"is--medium\">Fond de cuve amovible :<\/span> Non\t\t\t\t\t<\/li>\n<li class=\"product-features__item-list__item\" role=\"listitem\"><span class=\"is--medium\">Enti\u00e8rement d\u00e9montable :<\/span> Oui\t\t\t\t\t<\/li>\n<li class=\"product-features__item-list__item\" role=\"listitem\"><span class=\"is--medium\">R\u00e9cup\u00e9rateur de jus \/ graisse :<\/span> Oui\t\t\t\t\t<\/li>\n<\/ul>\n<\/li>\n<li class=\"product-features__item\" role=\"listitem\">\n<h3 class=\"product-features__label\">Agencement<\/h3>\n<ul role=\"list\">\n<li class=\"product-features__item-list__item\" role=\"listitem\"><span class=\"is--medium\">Mobilit\u00e9 :<\/span> Sur chariot\t\t\t\t\t<\/li>\n<li class=\"product-features__item-list__item\" role=\"listitem\"><span class=\"is--medium\">Avantage de la mobilit\u00e9 :<\/span> Facile \u00e0 d\u00e9placer avec ses roues pour plus de s\u00e9curit\u00e9\t\t\t\t\t<\/li>\n<li class=\"product-features__item-list__item\" role=\"listitem\"><span class=\"is--medium\">Chariot pliable :<\/span> Non\t\t\t\t\t<\/li>\n<li class=\"product-features__item-list__item\" role=\"listitem\"><span class=\"is--medium\">Pieds r\u00e9glables :<\/span> Non\t\t\t\t\t<\/li>\n<li class=\"product-features__item-list__item\" role=\"listitem\"><span class=\"is--medium\">Couvercle :<\/span> Oui\t\t\t\t\t<\/li>\n<li class=\"product-features__item-list__item\" role=\"listitem\"><span class=\"is--medium\">Avantage du couvercle :<\/span> Le couvercle permet une chaleur uniforme et rend vos aliments plus tendre\t\t\t\t\t<\/li>\n<li class=\"product-features__item-list__item\" role=\"listitem\"><span class=\"is--medium\">Pare-vent :<\/span> Non\t\t\t\t\t<\/li>\n<li class=\"product-features__item-list__item\" role=\"listitem\"><span class=\"is--medium\">Tablette de travail :<\/span> Bilat\u00e9rale\t\t\t\t\t<\/li>\n<li class=\"product-features__item-list__item\" role=\"listitem\"><span class=\"is--medium\">Poign\u00e9es de transport :<\/span> Non\t\t\t\t\t<\/li>\n<li class=\"product-features__item-list__item\" role=\"listitem\"><span class=\"is--medium\">Espace de rangement :<\/span> Pour vos accessoires et votre bouteille de gaz\t\t\t\t\t<\/li>\n<li class=\"product-features__item-list__item\" role=\"listitem\"><span class=\"is--medium\">Montage barbecue\/chariot :<\/span> En kit\u00a0\u00e0 monter soi-m\u00eame\t\t\t\t\t<\/li>\n<\/ul>\n<\/li>\n<li class=\"product-features__item\" role=\"listitem\">\n<h3 class=\"product-features__label\">S\u00e9curit\u00e9<\/h3>\n<ul role=\"list\">\n<li class=\"product-features__item-list__item\" role=\"listitem\"><span class=\"is--medium\">Poign\u00e9e froide :<\/span> Non\t\t\t\t\t<\/li>\n<li class=\"product-features__item-list__item\" role=\"listitem\"><span class=\"is--medium\">Voyant lumineux de fonctionnement :<\/span> Non\t\t\t\t\t<\/li>\n<li class=\"product-features__item-list__item\" role=\"listitem\"><span class=\"is--medium\">Pieds antid\u00e9rapants :<\/span> Non\t\t\t\t\t<\/li>\n<\/ul>\n<\/li>\n<li class=\"product-features__item\" role=\"listitem\">\n<h3 class=\"product-features__label\">Dimensions<\/h3>\n<ul role=\"list\">\n<li class=\"product-features__item-list__item\" role=\"listitem\"><span class=\"is--medium\">Dimension de la surface de cuisson :<\/span> 86 x 48 cm\t\t\t\t\t<\/li>\n<li class=\"product-features__item-list__item\" role=\"listitem\"><span class=\"is--medium\">Dimensions l x h x p :<\/span> 173.99 x 122.17 x 68.58 cm\t\t\t\t\t<\/li>\n<li class=\"product-features__item-list__item\" role=\"listitem\"><span class=\"is--medium\">Dimension du carton l x h x p :<\/span> 115 x 66 x 91 cm\t\t\t\t\t<\/li>\n<li class=\"product-features__item-list__item\" role=\"listitem\"><span class=\"is--medium\">Poids Net :<\/span> 88,68 Kg\t\t\t\t\t<\/li>\n<\/ul>\n<\/li>\n<li class=\"product-features__item\" role=\"listitem\">\n<h3 class=\"product-features__label\">Informations compl\u00e9mentaires<\/h3>\n<ul role=\"list\">\n<li class=\"product-features__item-list__item\" role=\"listitem\"><span class=\"is--medium\">Fabriqu\u00e9 en :<\/span> Chine\t\t\t\t\t<\/li>\n<li class=\"product-features__item-list__item\" role=\"listitem\"><span class=\"is--medium\">Garantie :<\/span> 2 ans\t\t\t\t\t<\/li>\n<li class=\"product-features__item-list__item\" role=\"listitem\"><span class=\"is--medium\">Disponibilit\u00e9 des pi\u00e8ces d\u00e9tach\u00e9es (donn\u00e9es fournisseur) :<\/span> Pendant 12 ans, \u00e0 compter de la date d&rsquo;achat\t\t\t\t\t<\/li>\n<li class=\"product-features__item-list__item\" role=\"listitem\"><span class=\"is--medium\">R\u00e9f\u00e9rence constructeur :<\/span> Genesis SX-435\t\t\t\t\t<\/li>\n<li class=\"product-features__item-list__item\" role=\"listitem\"><span class=\"is--medium\">Marque :<\/span> WEBER\t\t\t\t\t<\/li>\n<\/ul>\n<\/li>\n<\/ul>\n<\/div>\n<div class=\"product__disclosure-content\">\n<div class=\"js-read-more product-description__content read-more read-more--truncated\" data-read-more-name=\"description\" style=\"max-height: 500px; overflow: hidden;\">\n<p>R\u00e9alisez de d\u00e9licieux barbecues gr\u00e2ce \u00e0 un appareil performant, pratique et pens\u00e9 sp\u00e9cifiquement pour simplifier votre quotidien et vos repas estivaux ! Connect\u00e9, robuste et con\u00e7u avec des mat\u00e9riaux de grande qualit\u00e9, il dispose \u00e9galement de technologies utiles et d&rsquo;accessoires particuli\u00e8rement pratiques lorsque vous recevez vos proches ! <\/p>\n<h3><img fetchpriority=\"high\" decoding=\"async\" ,=\"\" alt=\"Barbecue WEBER Genesis SX-435\" class=\"wy_tableau_gauche\" height=\"270\" src=\"https:\/\/boulanger.scene7.com\/is\/image\/Boulanger\/0077924176357_h_f_l_0?wid=400&amp;hei=270\" width=\"400\"\/>Un barbecue performant et connect\u00e9<\/h3>\n<p><b>Performant et rapide \u00e0 chauffer<\/b>, le Barbecue WEBER Genesis SX-435 est un <b>barbecue au gaz<\/b> vous permettant de b\u00e9n\u00e9ficier d&rsquo;une grande efficacit\u00e9 de chauffe, pour <b>cuisiner rapidement et simplement<\/b> toutes vos grillades en un temps record ! La cuisson est pr\u00e9cise et facile, pour des pr\u00e9parations toujours r\u00e9ussies.  <\/p>\n<p>Le Barbecue WEBER Genesis SX-435 est \u00e9galement dot\u00e9 de la <b>technologie WEBER CONNECT<\/b>. Connect\u00e9 \u00e0 votre <b>smartphone<\/b>, il vous envoie <b>en temps r\u00e9el des alertes<\/b> concernant la cuisson de vos grillades et des accompagnements. De cette fa\u00e7on, vous savez <b>quand retourner ou servir vos plats<\/b>, gr\u00e2ce \u00e0 une cuisson intelligente.<\/p>\n<h3><img decoding=\"async\" ,=\"\" alt=\"Barbecue WEBER Genesis SX-435\" class=\"wy_tableau_right\" height=\"270\" src=\"https:\/\/boulanger.scene7.com\/is\/image\/Boulanger\/0077924176357_h_f_l_1?wid=400&amp;hei=270\" width=\"400\"\/><\/h3>\n<p>Saisissez <b>plusieurs steaks \u00e0 la fois<\/b> et augmentez votre efficacit\u00e9 et votre rapidit\u00e9 de cuisson gr\u00e2ce \u00e0 la <b>zone de saisie extra-large<\/b> disponible sur votre Barbecue WEBER Genesis SX-435. Devenez un as du barbecue et impressionnez tous vos proches, vos amis et votre famille, pour un repas r\u00e9ussi ! <\/p>\n<p>Gr\u00e2ce \u00e0 une capacit\u00e9 de cuisson pr\u00e9vue pour <b>8 \u00e0 12 personnes<\/b>, le Barbecue WEBER Genesis SX-435 dispose \u00e9galement d&rsquo;une <b>grille de cuisson sup\u00e9rieure extensible<\/b>, qui ajoute un <b>deuxi\u00e8me niveau \u00e0 votre appareil<\/b> pour encore plus d&rsquo;efficacit\u00e9. Vous pouvez ainsi s\u00e9parer les cuissons, les grillades d&rsquo;un c\u00f4t\u00e9 et les accompagnements de l&rsquo;autre.<\/p>\n<\/p>\n<\/div>\n<p><bl-button a11yexpanded=\"false\" arialabel=\"Afficher toute la description\" class=\"read-more__btn\" full=\"false\" link=\"true\">Voir plus<\/bl-button><\/div>","protected":false},"excerpt":{"rendered":"<div class=\"keypoints\">\n<h3 class=\"keypoints__title\">Les points cl\u00e9s<\/h3>\n<ul role=\"list\">\n<li class=\"keypoints__item\" role=\"listitem\">                                        Le gaz pour une chaleur imm\u00e9diate et r\u00e9glable pour une cuisson rapide et pr\u00e9cise                      <\/li>\n<li class=\"keypoints__item\" role=\"listitem\">                          De 12 \u00e0 18 personnes &#8211;                                                      Sur chariot                      <\/li>\n<li class=\"keypoints__item\" role=\"listitem\">                                        Mati\u00e8re de la cuve : en fonte d&rsquo;aluminium                      <\/li>\n<li class=\"keypoints__item\" role=\"listitem\">                          4 br\u00fbleurs &#8211;                                                      Dimension de la surface de cuisson : 86 x 48 cm                      <\/li>\n<li class=\"keypoints__item keypoints__item--advantage\" role=\"listitem\"><strong>Le + :<\/strong> Savoir quand retourner et servir avec la technologie intelligente WEBER CONNECT      <\/li>\n<\/ul>","protected":false},"featured_media":51744,"template":"","meta":{"_glsr_average":0,"_glsr_ranking":0,"_glsr_reviews":0},"product_cat":[381],"product_tag":[361,382,230],"class_list":{"0":"post-99842","1":"product","2":"type-product","3":"status-publish","4":"has-post-thumbnail","6":"product_cat-barbecue-gaz","7":"product_tag-barbecue","8":"product_tag-barbecue-gaz","9":"product_tag-cuisine-et-cuisson","11":"first","12":"instock","13":"sale","14":"shipping-taxable","15":"purchasable","16":"product-type-simple"},"_links":{"self":[{"href":"https:\/\/electromenagerexpress.com\/en\/wp-json\/wp\/v2\/product\/99842","targetHints":{"allow":["GET"]}}],"collection":[{"href":"https:\/\/electromenagerexpress.com\/en\/wp-json\/wp\/v2\/product"}],"about":[{"href":"https:\/\/electromenagerexpress.com\/en\/wp-json\/wp\/v2\/types\/product"}],"wp:featuredmedia":[{"embeddable":true,"href":"https:\/\/electromenagerexpress.com\/en\/wp-json\/wp\/v2\/media\/51744"}],"wp:attachment":[{"href":"https:\/\/electromenagerexpress.com\/en\/wp-json\/wp\/v2\/media?parent=99842"}],"wp:term":[{"taxonomy":"product_cat","embeddable":true,"href":"https:\/\/electromenagerexpress.com\/en\/wp-json\/wp\/v2\/product_cat?post=99842"},{"taxonomy":"product_tag","embeddable":true,"href":"https:\/\/electromenagerexpress.com\/en\/wp-json\/wp\/v2\/product_tag?post=99842"}],"curies":[{"name":"wp","href":"https:\/\/api.w.org\/{rel}","templated":true}]}}