{"id":99834,"date":"2024-11-28T11:49:12","date_gmt":"2024-11-28T11:49:12","guid":{"rendered":"https:\/\/electromenagerexpress.com\/product\/laminoirkenwoodkax99a9me-laminoir-xl\/"},"modified":"2024-11-28T11:49:17","modified_gmt":"2024-11-28T11:49:17","slug":"laminoirkenwoodkax99a9me-laminoir-xl","status":"publish","type":"product","link":"https:\/\/electromenagerexpress.com\/en\/product\/laminoirkenwoodkax99a9me-laminoir-xl\/","title":{"rendered":"Laminoir\t\t\t\t\t\t\tKENWOOD\t\t\t\tKAX99A9ME laminoir XL"},"content":{"rendered":"<div class=\"product-features__content\">\n<ul role=\"list\">\n<li class=\"product-features__item\" role=\"listitem\">\n<h3 class=\"product-features__label\">Caract\u00e9ristiques g\u00e9n\u00e9rales<\/h3>\n<ul role=\"list\">\n<li class=\"product-features__item-list__item\" role=\"listitem\"><span class=\"is--medium\">Type de produit :<\/span> Laminoir\t\t\t\t\t<\/li>\n<li class=\"product-features__item-list__item\" role=\"listitem\"><span class=\"is--medium\">Coloris :<\/span> Acier\t\t\t\t\t<\/li>\n<li class=\"product-features__item-list__item\" role=\"listitem\"><span class=\"is--medium\">Mati\u00e8re :<\/span> Acier inoxydable\t\t\t\t\t<\/li>\n<li class=\"product-features__item-list__item\" role=\"listitem\"><span class=\"is--medium\">Compatible pour :<\/span> Robot p\u00e2tissier\t\t\t\t\t<\/li>\n<li class=\"product-features__item-list__item\" role=\"listitem\"><span class=\"is--medium\">Marque compatible :<\/span> Kenwood\t\t\t\t\t<\/li>\n<li class=\"product-features__item-list__item\" role=\"listitem\"><span class=\"is--medium\">Sortie :<\/span> Lente\t\t\t\t\t<\/li>\n<li class=\"product-features__item-list__item\" role=\"listitem\"><span class=\"is--medium\">Adaptateur obligatoire :<\/span> Non\t\t\t\t\t<\/li>\n<li class=\"product-features__item-list__item\" role=\"listitem\"><span class=\"is--medium\">D\u00e9montable :<\/span> Non\t\t\t\t\t<\/li>\n<\/ul>\n<\/li>\n<li class=\"product-features__item\" role=\"listitem\">\n<h3 class=\"product-features__label\">Produit<\/h3>\n<ul role=\"list\">\n<li class=\"product-features__item-list__item\" role=\"listitem\"><span class=\"is--medium\">Composition :<\/span> Acier inoxydable\t\t\t\t\t<\/li>\n<li class=\"product-features__item-list__item\" role=\"listitem\"><span class=\"is--medium\">Particularit\u00e9 :<\/span> garantie 10 ans\t\t\t\t\t<\/li>\n<\/ul>\n<\/li>\n<li class=\"product-features__item\" role=\"listitem\">\n<h3 class=\"product-features__label\">Type de p\u00e2tes<\/h3>\n<ul role=\"list\">\n<li class=\"product-features__item-list__item\" role=\"listitem\"><span class=\"is--medium\">Type de p\u00e2tes :<\/span> Lasagne\t\t\t\t\t<\/li>\n<\/ul>\n<\/li>\n<li class=\"product-features__item\" role=\"listitem\">\n<h3 class=\"product-features__label\">Gamme compatible<\/h3>\n<ul role=\"list\">\n<li class=\"product-features__item-list__item\" role=\"listitem\"><span class=\"is--medium\">Gamme(s) compatible(s) robot :<\/span> Chef Titanium, Kmix, Chef Elite, Chef Titanium, Chef Elite, Chef, Chef XL, Chef XL Titanium, Cooking Chef Experience, Titanium Chef P\u00e2tissier XL\t\t\t\t\t<\/li>\n<\/ul>\n<\/li>\n<li class=\"product-features__item\" role=\"listitem\">\n<h3 class=\"product-features__label\">Dimensions<\/h3>\n<ul role=\"list\">\n<li class=\"product-features__item-list__item\" role=\"listitem\"><span class=\"is--medium\">Dimensions l x h x p :<\/span> 32 x 5.4 x 8.6 cm\t\t\t\t\t<\/li>\n<li class=\"product-features__item-list__item\" role=\"listitem\"><span class=\"is--medium\">Poids Net (kg) :<\/span> 2,00 kg\t\t\t\t\t<\/li>\n<li class=\"product-features__item-list__item\" role=\"listitem\"><span class=\"is--medium\">Poids Brut (kg) :<\/span> 2,40 kg\t\t\t\t\t<\/li>\n<\/ul>\n<\/li>\n<li class=\"product-features__item\" role=\"listitem\">\n<h3 class=\"product-features__label\">Informations compl\u00e9mentaires<\/h3>\n<ul role=\"list\">\n<li class=\"product-features__item-list__item\" role=\"listitem\"><span class=\"is--medium\">Fabriqu\u00e9 en :<\/span> Italie\t\t\t\t\t<\/li>\n<li class=\"product-features__item-list__item\" role=\"listitem\"><span class=\"is--medium\">Garantie :<\/span> 2 ans\t\t\t\t\t<\/li>\n<li class=\"product-features__item-list__item\" role=\"listitem\"><span class=\"is--medium\">Disponibilit\u00e9 des pi\u00e8ces d\u00e9tach\u00e9es (donn\u00e9es fournisseur) :<\/span> Non concern\u00e9\t\t\t\t\t<\/li>\n<li class=\"product-features__item-list__item\" role=\"listitem\"><span class=\"is--medium\">R\u00e9f\u00e9rence constructeur :<\/span> KAX99A9ME Laminoir XXL\t\t\t\t\t<\/li>\n<li class=\"product-features__item-list__item\" role=\"listitem\"><span class=\"is--medium\">Marque :<\/span> KENWOOD\t\t\t\t\t<\/li>\n<\/ul>\n<\/li>\n<\/ul>\n<\/div>\n<div class=\"product__disclosure-content\">\n<div class=\"js-read-more product-description__content read-more read-more--truncated\" data-read-more-name=\"description\" style=\"max-height: 500px; overflow: hidden;\">\n<div class=\"product__description-content read-more\">\n<p>Laminoir KENWOOD KAX99A9ME : L&rsquo;Excellence en P\u00e2tes Fra\u00eeches<\/p>\n<h3><img fetchpriority=\"high\" decoding=\"async\" alt=\"Laminoir KENWOOD KAX99A9ME laminoir XL\" class=\"wy_tableau_gauche\" height=\"270\" src=\"https:\/\/boulanger.scene7.com\/is\/image\/Boulanger\/5011423204147_h_f_l_0?wid=400&amp;hei=270\" width=\"400\"\/>Un Accessoire de Haute Qualit\u00e9 pour des P\u00e2tes Maison<\/h3>\n<p>Le Laminoir KENWOOD KAX99A9ME XL, fabriqu\u00e9 en Italie, est l&rsquo;outil indispensable pour les amateurs de p\u00e2tes fra\u00eeches. Con\u00e7u en acier inoxydable, cet accessoire robuste et durable s&rsquo;adapte parfaitement aux robots kMix, Chef &amp; Chef XL et Cooking Chef Gourmet. Avec une largeur exceptionnelle de 22 cm, il permet de pr\u00e9parer une grande vari\u00e9t\u00e9 de p\u00e2tes : lasagnes, cannellonis, ravioles, raviolis, mais aussi des feuilles de p\u00e2te pour tagliatelles et spaghettis. Sa capacit\u00e9 \u00e0 \u00e9taler des p\u00e2tes \u00e0 tartes de mani\u00e8re uniforme garantit une cuisson parfaite. Le variateur m\u00e9canique \u00e0 10 positions offre une pr\u00e9cision in\u00e9gal\u00e9e pour ajuster l&rsquo;\u00e9paisseur des p\u00e2tes selon les besoins de chaque recette.<\/p>\n<p>\u00a0<\/p>\n<p>\u00a0<\/p>\n<h3><img decoding=\"async\" alt=\"Laminoir KENWOOD KAX99A9ME laminoir XL\" class=\"wy_tableau_right\" height=\"270\" src=\"https:\/\/boulanger.scene7.com\/is\/image\/Boulanger\/5011423204147_h_f_l_1?wid=400&amp;hei=270\" width=\"400\"\/>Facilit\u00e9 d&rsquo;Utilisation et Polyvalence<\/h3>\n<p>Le laminoir XL KENWOOD KAX99A9ME se distingue par sa simplicit\u00e9 d&rsquo;utilisation gr\u00e2ce \u00e0 son variateur m\u00e9canique intuitif. S\u00e9lectionnez l&rsquo;une des 10 \u00e9paisseurs disponibles pour obtenir la consistance d\u00e9sir\u00e9e, que ce soit pour des p\u00e2tes plus larges ou des pains pitta. En outre, cet accessoire est accompagn\u00e9 de 4 fili\u00e8res compl\u00e9mentaires permettant de r\u00e9aliser des Fettuccines, Tagliolinis, Trenettes et Spaghettis.\u00a0 De plus, il est fourni avec une brosse de nettoyage, un livre de recettes pour inspirer vos cr\u00e9ations culinaires et b\u00e9n\u00e9ficie d&rsquo;une garantie de 10 ans, t\u00e9moignant de la confiance de KENWOOD dans la qualit\u00e9 de son produit.<\/p>\n<\/div>\n<\/div>\n<p><bl-button a11yexpanded=\"false\" arialabel=\"Afficher toute la description\" class=\"read-more__btn\" full=\"false\" link=\"true\"><\/bl-button><\/div>","protected":false},"excerpt":{"rendered":"<div class=\"keypoints\">\n<h3 class=\"keypoints__title\">Les points cl\u00e9s<\/h3>\n<ul role=\"list\">\n<li class=\"keypoints__item\" role=\"listitem\">                                        Compatible pour : Robot p\u00e2tissier                      <\/li>\n<li class=\"keypoints__item\" role=\"listitem\">                                        Chef Titanium, Kmix, Chef Elite, Chef Titanium, Chef Elite, Chef, Chef XL, Chef XL Titanium, Cooking Chef Experience, Titanium Chef P\u00e2tissier XL                      <\/li>\n<li class=\"keypoints__item keypoints__item--advantage\" role=\"listitem\"><strong>Le + :<\/strong> Laminoir XL est id\u00e9al pour r\u00e9aliser des p\u00e2tes plus larges que les rouleaux standards      <\/li>\n<\/ul>","protected":false},"featured_media":51666,"template":"","meta":{"_glsr_average":0,"_glsr_ranking":0,"_glsr_reviews":0},"product_cat":[375],"product_tag":[365,376,230],"class_list":{"0":"post-99834","1":"product","2":"type-product","3":"status-publish","4":"has-post-thumbnail","6":"product_cat-accessoire-robot-de-cuisine","7":"product_tag-accessoire-cuisine-et-cuisson","8":"product_tag-accessoire-robot-de-cuisine","9":"product_tag-cuisine-et-cuisson","11":"first","12":"instock","13":"sale","14":"shipping-taxable","15":"purchasable","16":"product-type-simple"},"_links":{"self":[{"href":"https:\/\/electromenagerexpress.com\/en\/wp-json\/wp\/v2\/product\/99834","targetHints":{"allow":["GET"]}}],"collection":[{"href":"https:\/\/electromenagerexpress.com\/en\/wp-json\/wp\/v2\/product"}],"about":[{"href":"https:\/\/electromenagerexpress.com\/en\/wp-json\/wp\/v2\/types\/product"}],"wp:featuredmedia":[{"embeddable":true,"href":"https:\/\/electromenagerexpress.com\/en\/wp-json\/wp\/v2\/media\/51666"}],"wp:attachment":[{"href":"https:\/\/electromenagerexpress.com\/en\/wp-json\/wp\/v2\/media?parent=99834"}],"wp:term":[{"taxonomy":"product_cat","embeddable":true,"href":"https:\/\/electromenagerexpress.com\/en\/wp-json\/wp\/v2\/product_cat?post=99834"},{"taxonomy":"product_tag","embeddable":true,"href":"https:\/\/electromenagerexpress.com\/en\/wp-json\/wp\/v2\/product_tag?post=99834"}],"curies":[{"name":"wp","href":"https:\/\/api.w.org\/{rel}","templated":true}]}}