{"id":99832,"date":"2024-11-28T11:49:07","date_gmt":"2024-11-28T11:49:07","guid":{"rendered":"https:\/\/electromenagerexpress.com\/product\/laminoirkenwoodmax94a9me-kit-laminoir-raviolis\/"},"modified":"2024-11-28T11:49:07","modified_gmt":"2024-11-28T11:49:07","slug":"laminoirkenwoodmax94a9me-kit-laminoir-raviolis","status":"publish","type":"product","link":"https:\/\/electromenagerexpress.com\/en\/product\/laminoirkenwoodmax94a9me-kit-laminoir-raviolis\/","title":{"rendered":"Laminoir\t\t\t\t\t\t\tKENWOOD\t\t\t\tMAX94A9ME Kit Laminoir + raviolis"},"content":{"rendered":"<div class=\"product-features__content\">\n<ul role=\"list\">\n<li class=\"product-features__item\" role=\"listitem\">\n<h3 class=\"product-features__label\">Caract\u00e9ristiques g\u00e9n\u00e9rales<\/h3>\n<ul role=\"list\">\n<li class=\"product-features__item-list__item\" role=\"listitem\"><span class=\"is--medium\">Type de produit :<\/span> Laminoir et fili\u00e8re\t\t\t\t\t<\/li>\n<li class=\"product-features__item-list__item\" role=\"listitem\"><span class=\"is--medium\">Coloris :<\/span> Acier\t\t\t\t\t<\/li>\n<li class=\"product-features__item-list__item\" role=\"listitem\"><span class=\"is--medium\">Mati\u00e8re :<\/span> Acier inoxydable\t\t\t\t\t<\/li>\n<li class=\"product-features__item-list__item\" role=\"listitem\"><span class=\"is--medium\">Composition du coffret\/kit :<\/span> 1 laminoir de 20 L x 9 p x 5 H cm,1 raviolis de 22.6 L x 11,3 P x 18 H cm\t\t\t\t\t<\/li>\n<li class=\"product-features__item-list__item\" role=\"listitem\"><span class=\"is--medium\">Compatible pour :<\/span> Robot p\u00e2tissier\t\t\t\t\t<\/li>\n<li class=\"product-features__item-list__item\" role=\"listitem\"><span class=\"is--medium\">Marque compatible :<\/span> Kenwood\t\t\t\t\t<\/li>\n<li class=\"product-features__item-list__item\" role=\"listitem\"><span class=\"is--medium\">Sortie :<\/span> Lente\t\t\t\t\t<\/li>\n<li class=\"product-features__item-list__item\" role=\"listitem\"><span class=\"is--medium\">Adaptateur obligatoire :<\/span> Non\t\t\t\t\t<\/li>\n<li class=\"product-features__item-list__item\" role=\"listitem\"><span class=\"is--medium\">D\u00e9montable :<\/span> Non\t\t\t\t\t<\/li>\n<\/ul>\n<\/li>\n<li class=\"product-features__item\" role=\"listitem\">\n<h3 class=\"product-features__label\">Produit<\/h3>\n<ul role=\"list\">\n<li class=\"product-features__item-list__item\" role=\"listitem\"><span class=\"is--medium\">Composition :<\/span> Acier inoxydable\t\t\t\t\t<\/li>\n<li class=\"product-features__item-list__item\" role=\"listitem\"><span class=\"is--medium\">Particularit\u00e9 :<\/span> garantie 10 ans\t\t\t\t\t<\/li>\n<\/ul>\n<\/li>\n<li class=\"product-features__item\" role=\"listitem\">\n<h3 class=\"product-features__label\">Type de p\u00e2tes<\/h3>\n<ul role=\"list\">\n<li class=\"product-features__item-list__item\" role=\"listitem\"><span class=\"is--medium\">Type de p\u00e2tes :<\/span> Ravioli, Lasagne\t\t\t\t\t<\/li>\n<\/ul>\n<\/li>\n<li class=\"product-features__item\" role=\"listitem\">\n<h3 class=\"product-features__label\">Gamme compatible<\/h3>\n<ul role=\"list\">\n<li class=\"product-features__item-list__item\" role=\"listitem\"><span class=\"is--medium\">Gamme(s) compatible(s) robot :<\/span> Cooking Chef, Kmix, Chef, Chef XL, Chef Elite, Chef XL Elite, Chef Titanium, Chef XL Titanium\t\t\t\t\t<\/li>\n<\/ul>\n<\/li>\n<li class=\"product-features__item\" role=\"listitem\">\n<h3 class=\"product-features__label\">Dimensions<\/h3>\n<ul role=\"list\">\n<li class=\"product-features__item-list__item\" role=\"listitem\"><span class=\"is--medium\">Dimensions l x h x p :<\/span> 33.5 x 26 x 15.5 cm\t\t\t\t\t<\/li>\n<li class=\"product-features__item-list__item\" role=\"listitem\"><span class=\"is--medium\">Poids Net (kg) :<\/span> 4,10 kg\t\t\t\t\t<\/li>\n<li class=\"product-features__item-list__item\" role=\"listitem\"><span class=\"is--medium\">Poids Brut (kg) :<\/span> 4,10 kg\t\t\t\t\t<\/li>\n<\/ul>\n<\/li>\n<li class=\"product-features__item\" role=\"listitem\">\n<h3 class=\"product-features__label\">Informations compl\u00e9mentaires<\/h3>\n<ul role=\"list\">\n<li class=\"product-features__item-list__item\" role=\"listitem\"><span class=\"is--medium\">Fabriqu\u00e9 en :<\/span> Italie\t\t\t\t\t<\/li>\n<li class=\"product-features__item-list__item\" role=\"listitem\"><span class=\"is--medium\">Garantie :<\/span> 2 ans\t\t\t\t\t<\/li>\n<li class=\"product-features__item-list__item\" role=\"listitem\"><span class=\"is--medium\">Disponibilit\u00e9 des pi\u00e8ces d\u00e9tach\u00e9es (donn\u00e9es fournisseur) :<\/span> Non concern\u00e9\t\t\t\t\t<\/li>\n<li class=\"product-features__item-list__item\" role=\"listitem\"><span class=\"is--medium\">R\u00e9f\u00e9rence constructeur :<\/span> MAX94A9ME Kit Laminoir + raviolis\t\t\t\t\t<\/li>\n<li class=\"product-features__item-list__item\" role=\"listitem\"><span class=\"is--medium\">Marque :<\/span> KENWOOD\t\t\t\t\t<\/li>\n<\/ul>\n<\/li>\n<\/ul>\n<\/div>\n<div class=\"product__disclosure-content\">\n<div class=\"js-read-more product-description__content read-more read-more--truncated\" data-read-more-name=\"description\" style=\"max-height: 500px; overflow: hidden;\">\n<p>R\u00e9alisez de savoureuses p\u00e2tes et raviolis avec le kit machine \u00e0 raviolis et laminoir MAX94A9ME de Kenwood.<\/p>\n<h3><img fetchpriority=\"high\" decoding=\"async\" ,=\"\" alt=\"ACC. KENWOOD MAX94A9ME Kit Laminoir XL + raviolis\" class=\"wy_tableau_gauche\" height=\"270\" src=\"https:\/\/boulanger.scene7.com\/is\/image\/Boulanger\/5011423204109_h_f_l_0?wid=400&amp;hei=270\" width=\"400\"\/>Les saveurs de l&rsquo;Italie<\/h3>\n<p>Le kit MAX94A9ME de Kenwood se compose de deux accessoires pour <b>lib\u00e9rer votre cr\u00e9ativit\u00e9 et vos id\u00e9es en cuisine<\/b> ! Retrouvez <b>un laminoir et une machine \u00e0 raviolis de qualit\u00e9 professionnelle<\/b> sign\u00e9s Kenwood. Con\u00e7us dans un <b>acier inoxydable solide et durable<\/b>, ces accessoires arrivent tout droit d&rsquo;Italie et vous garantissent la r\u00e9alisation de savoureux raviolis, p\u00e2tes, lasagnes et p\u00e2tes \u00e0 tarte en quelques gestes.<\/p>\n<p>Une utilisation simplissime fait de l&rsquo;appareil MAX94A9ME de Kenwood <b>l&rsquo;accessoire id\u00e9al pour r\u00e9aliser de d\u00e9licieux raviolis sucr\u00e9s ou sal\u00e9s<\/b>. Il vous suffit de glisser une feuille de p\u00e2te dans l&rsquo;accessoire, d&rsquo;ajouter la farce et de tourner doucement la molette de l&rsquo;appareil : <b>vos raviolis apparaissent en rang\u00e9es de trois, pr\u00eats \u00e0 \u00eatre cuits et d\u00e9gust\u00e9s !<\/b> La partie laminoir de l&rsquo;appareil, quant \u00e0 elle, vous permet de <b>r\u00e9aliser tous types de p\u00e2tes<\/b> (tartes, cannellonis, tagliatelles, spaghettis&#8230;) en quelques gestes.<\/p>\n<h3><img decoding=\"async\" ,=\"\" alt=\"ACC. KENWOOD MAX94A9ME Kit Laminoir XL + raviolis\" class=\"wy_tableau_right\" height=\"270\" src=\"https:\/\/boulanger.scene7.com\/is\/image\/Boulanger\/5011423204109_h_f_l_1?wid=400&amp;hei=270\" width=\"400\"\/>Con\u00e7us pour durer<\/h3>\n<p>C\u00f4t\u00e9 design, Kenwood a puis\u00e9 ses inspirations dans les appareils traditionnels, r\u00e9f\u00e9rences culinaires de l&rsquo;Italie. <b>Le corps en m\u00e9tal chrom\u00e9 des deux accessoires du kit<\/b> MAX94A9ME et la <b>capacit\u00e9 illimit\u00e9e des deux appareils<\/b> en font <b>des ustensiles robustes et \u00e9l\u00e9gants<\/b> \u00e0 utiliser au quotidien pour de savoureux repas en quelques gestes.<\/p>\n<p>Les accessoires du kit laminoir et raviolis MAX94A9ME de Kenwood disposent d&rsquo;une <b>conception \u00e0 l&rsquo;\u00e9preuve du temps<\/b>. <b>Fabriqu\u00e9s en Italie, les deux accessoires du kit<\/b>, le laminoir et la machine \u00e0 raviolis, int\u00e8grent tout le savoir-faire culinaire de ce pays reconnu pour ses sp\u00e9cialit\u00e9s savoureuses. Pour plus de flexibilit\u00e9, la partie laminoir du kit vous offre un <b>variateur de 10 \u00e9paisseurs pour r\u00e9aliser tous les types de p\u00e2tes<\/b>.<\/p>\n<\/p>\n<\/div>\n<p><bl-button a11yexpanded=\"false\" arialabel=\"Afficher toute la description\" class=\"read-more__btn\" full=\"false\" link=\"true\"><\/bl-button><\/div>","protected":false},"excerpt":{"rendered":"<div class=\"keypoints\">\n<h3 class=\"keypoints__title\">Les points cl\u00e9s<\/h3>\n<ul role=\"list\">\n<li class=\"keypoints__item\" role=\"listitem\">                                        Compatible pour : Robot p\u00e2tissier                      <\/li>\n<li class=\"keypoints__item\" role=\"listitem\">                                        Cooking Chef, Kmix, Chef, Chef XL, Chef Elite, Chef XL Elite, Chef Titanium, Chef XL Titanium                      <\/li>\n<li class=\"keypoints__item keypoints__item--advantage\" role=\"listitem\"><strong>Le + :<\/strong> Machine de qualit\u00e9 professionnelle      <\/li>\n<\/ul>","protected":false},"featured_media":51657,"template":"","meta":{"_glsr_average":0,"_glsr_ranking":0,"_glsr_reviews":0},"product_cat":[375],"product_tag":[365,376,230],"class_list":{"0":"post-99832","1":"product","2":"type-product","3":"status-publish","4":"has-post-thumbnail","6":"product_cat-accessoire-robot-de-cuisine","7":"product_tag-accessoire-cuisine-et-cuisson","8":"product_tag-accessoire-robot-de-cuisine","9":"product_tag-cuisine-et-cuisson","11":"first","12":"instock","13":"sale","14":"shipping-taxable","15":"purchasable","16":"product-type-simple"},"_links":{"self":[{"href":"https:\/\/electromenagerexpress.com\/en\/wp-json\/wp\/v2\/product\/99832","targetHints":{"allow":["GET"]}}],"collection":[{"href":"https:\/\/electromenagerexpress.com\/en\/wp-json\/wp\/v2\/product"}],"about":[{"href":"https:\/\/electromenagerexpress.com\/en\/wp-json\/wp\/v2\/types\/product"}],"wp:featuredmedia":[{"embeddable":true,"href":"https:\/\/electromenagerexpress.com\/en\/wp-json\/wp\/v2\/media\/51657"}],"wp:attachment":[{"href":"https:\/\/electromenagerexpress.com\/en\/wp-json\/wp\/v2\/media?parent=99832"}],"wp:term":[{"taxonomy":"product_cat","embeddable":true,"href":"https:\/\/electromenagerexpress.com\/en\/wp-json\/wp\/v2\/product_cat?post=99832"},{"taxonomy":"product_tag","embeddable":true,"href":"https:\/\/electromenagerexpress.com\/en\/wp-json\/wp\/v2\/product_tag?post=99832"}],"curies":[{"name":"wp","href":"https:\/\/api.w.org\/{rel}","templated":true}]}}