{"id":99831,"date":"2024-11-28T11:49:04","date_gmt":"2024-11-28T11:49:04","guid":{"rendered":"https:\/\/electromenagerexpress.com\/product\/panier-vapeurmagimix17277-panier-vapeur-xxl-cook-expert\/"},"modified":"2024-11-28T11:49:05","modified_gmt":"2024-11-28T11:49:05","slug":"panier-vapeurmagimix17277-panier-vapeur-xxl-cook-expert","status":"publish","type":"product","link":"https:\/\/electromenagerexpress.com\/en\/product\/panier-vapeurmagimix17277-panier-vapeur-xxl-cook-expert\/","title":{"rendered":"Panier vapeur\t\t\t\t\t\t\tMAGIMIX\t\t\t\t17277 Panier Vapeur XXL Cook Expert"},"content":{"rendered":"<div class=\"product-features__content\">\n<ul role=\"list\">\n<li class=\"product-features__item\" role=\"listitem\">\n<h3 class=\"product-features__label\">Caract\u00e9ristiques g\u00e9n\u00e9rales<\/h3>\n<ul role=\"list\">\n<li class=\"product-features__item-list__item\" role=\"listitem\"><span class=\"is--medium\">Type de produit :<\/span> Cuiseur vapeur\t\t\t\t\t<\/li>\n<li class=\"product-features__item-list__item\" role=\"listitem\"><span class=\"is--medium\">Coloris :<\/span> Inox\t\t\t\t\t<\/li>\n<li class=\"product-features__item-list__item\" role=\"listitem\"><span class=\"is--medium\">Mati\u00e8re :<\/span> Inox et plastique\t\t\t\t\t<\/li>\n<li class=\"product-features__item-list__item\" role=\"listitem\"><span class=\"is--medium\">Compatible pour :<\/span> Robot cuiseur\t\t\t\t\t<\/li>\n<li class=\"product-features__item-list__item\" role=\"listitem\"><span class=\"is--medium\">Marque compatible :<\/span> Magimix\t\t\t\t\t<\/li>\n<li class=\"product-features__item-list__item\" role=\"listitem\"><span class=\"is--medium\">Adaptateur obligatoire :<\/span> Non\t\t\t\t\t<\/li>\n<\/ul>\n<\/li>\n<li class=\"product-features__item\" role=\"listitem\">\n<h3 class=\"product-features__label\">Produit<\/h3>\n<ul role=\"list\">\n<li class=\"product-features__item-list__item\" role=\"listitem\"><span class=\"is--medium\">Composition :<\/span> Panier vapeur XXL\t\t\t\t\t<\/li>\n<li class=\"product-features__item-list__item\" role=\"listitem\"><span class=\"is--medium\">Capacit\u00e9 :<\/span> 5,5 L\t\t\t\t\t<\/li>\n<\/ul>\n<\/li>\n<li class=\"product-features__item\" role=\"listitem\">\n<h3 class=\"product-features__label\">Gamme compatible<\/h3>\n<ul role=\"list\">\n<li class=\"product-features__item-list__item\" role=\"listitem\"><span class=\"is--medium\">Gamme(s) compatible(s) robot :<\/span> Cook expert\t\t\t\t\t<\/li>\n<\/ul>\n<\/li>\n<li class=\"product-features__item\" role=\"listitem\">\n<h3 class=\"product-features__label\">Dimensions<\/h3>\n<ul role=\"list\">\n<li class=\"product-features__item-list__item\" role=\"listitem\"><span class=\"is--medium\">Dimensions l x h x p :<\/span> 40.2 x 21.8 x 26.3 cm\t\t\t\t\t<\/li>\n<li class=\"product-features__item-list__item\" role=\"listitem\"><span class=\"is--medium\">Poids Net (kg) :<\/span> 2,50 kg\t\t\t\t\t<\/li>\n<li class=\"product-features__item-list__item\" role=\"listitem\"><span class=\"is--medium\">Poids Brut (kg) :<\/span> 2,90 kg\t\t\t\t\t<\/li>\n<\/ul>\n<\/li>\n<li class=\"product-features__item\" role=\"listitem\">\n<h3 class=\"product-features__label\">Informations compl\u00e9mentaires<\/h3>\n<ul role=\"list\">\n<li class=\"product-features__item-list__item\" role=\"listitem\"><span class=\"is--medium\">Fabriqu\u00e9 en :<\/span> Chine\t\t\t\t\t<\/li>\n<li class=\"product-features__item-list__item\" role=\"listitem\"><span class=\"is--medium\">Garantie :<\/span> 2 ans\t\t\t\t\t<\/li>\n<li class=\"product-features__item-list__item\" role=\"listitem\"><span class=\"is--medium\">Disponibilit\u00e9 des pi\u00e8ces d\u00e9tach\u00e9es (donn\u00e9es fournisseur) :<\/span> Non concern\u00e9\t\t\t\t\t<\/li>\n<li class=\"product-features__item-list__item\" role=\"listitem\"><span class=\"is--medium\">R\u00e9f\u00e9rence constructeur :<\/span> 17277 Panier Vapeur XXL Cook Expert\t\t\t\t\t<\/li>\n<li class=\"product-features__item-list__item\" role=\"listitem\"><span class=\"is--medium\">Marque :<\/span> MAGIMIX\t\t\t\t\t<\/li>\n<\/ul>\n<\/li>\n<\/ul>\n<\/div>\n<div class=\"product__disclosure-content\">\n<div class=\"js-read-more product-description__content read-more read-more--truncated\" data-read-more-name=\"description\" style=\"max-height: 500px; overflow: hidden;\">\n<div class=\"product__description-content read-more\">\n<p>Panier vapeur MAGIMIX 17277 : L&rsquo;art de la cuisson vapeur avec Cook Expert<\/p>\n<h3><img fetchpriority=\"high\" decoding=\"async\" alt=\"Panier vapeur MAGIMIX 17277 Panier Vapeur XXL Cook Expert\" class=\"wy_tableau_gauche\" height=\"270\" src=\"https:\/\/boulanger.scene7.com\/is\/image\/Boulanger\/3519280172774_h_f_l_0?wid=400&amp;hei=270\" width=\"400\"\/>Une capacit\u00e9 XXL pour des repas sains et savoureux<\/h3>\n<p>Le Panier vapeur MAGIMIX 17277 est une r\u00e9volution pour les amateurs de cuisine vapeur. Avec une capacit\u00e9 impressionnante de 5,5 L, extensible \u00e0 8 L lorsqu&rsquo;il est combin\u00e9 avec le panier vapeur interne, cet accessoire permet de pr\u00e9parer des poissons entiers et des l\u00e9gumes en grande quantit\u00e9, en une seule fois. La possibilit\u00e9 de r\u00e9aliser jusqu&rsquo;\u00e0 trois pr\u00e9parations diff\u00e9rentes simultan\u00e9ment ouvre la porte \u00e0 une cr\u00e9ativit\u00e9 culinaire sans limites. Imaginez une sauce mijotant dans la cuve m\u00e9tal, des l\u00e9gumes croquants dans le panier vapeur interne, et un poisson d\u00e9licatement cuit dans le Cuiseur Vapeur XL : un festin complet et \u00e9quilibr\u00e9 pr\u00e9par\u00e9 avec une facilit\u00e9 d\u00e9concertante.<\/p>\n<p>\u00a0<\/p>\n<p>\u00a0<\/p>\n<h3><img decoding=\"async\" alt=\"Panier vapeur MAGIMIX 17277 Panier Vapeur XXL Cook Expert\" class=\"wy_tableau_right\" height=\"270\" src=\"https:\/\/boulanger.scene7.com\/is\/image\/Boulanger\/3519280172774_h_f_l_1?wid=400&amp;hei=270\" width=\"400\"\/>Conception de qualit\u00e9 et s\u00e9curit\u00e9 optimale<\/h3>\n<p>Le MAGIMIX 17277 n&rsquo;est pas seulement spacieux, il est \u00e9galement con\u00e7u avec des mat\u00e9riaux haut de gamme pour une durabilit\u00e9 et une facilit\u00e9 d&rsquo;entretien maximales. Le panier vapeur est enti\u00e8rement en inox, accompagn\u00e9 d&rsquo;un couvercle en verre offrant une vision \u00e0 360\u00b0 pour surveiller ais\u00e9ment la cuisson. La s\u00e9curit\u00e9 n&rsquo;est pas en reste, gr\u00e2ce \u00e0 un m\u00e9canisme de verrouillage du socle et des poign\u00e9es isolantes en silicone, garantissant une manipulation sans risque. Le bol multifonction de 2 L en inox, avec son couvercle thermor\u00e9sistant, ajoute une polyvalence appr\u00e9ciable, permettant aussi bien la cuisson du riz que la conservation des pr\u00e9parations au r\u00e9frig\u00e9rateur.<\/p>\n<\/div>\n<p><video class=\"s7Video\" controls=\"\" controlslist=\"nodownload\" poster=\"https:\/\/boulanger.scene7.com\/is\/image\/Boulanger\/3519280172774_v_0?scl=1\" preload=\"metadata\" src=\"https:\/\/boulanger.scene7.com\/is\/content\/Boulanger\/3519280172774_v_0\" width=\"100%\"><\/video><\/p>\n<\/div>\n<p><bl-button a11yexpanded=\"false\" arialabel=\"Afficher toute la description\" class=\"read-more__btn\" full=\"false\" link=\"true\"><\/bl-button><\/div>","protected":false},"excerpt":{"rendered":"<div class=\"keypoints\">\n<h3 class=\"keypoints__title\">Les points cl\u00e9s<\/h3>\n<ul role=\"list\">\n<li class=\"keypoints__item\" role=\"listitem\">                                        Compatible pour : Robot cuiseur                      <\/li>\n<li class=\"keypoints__item\" role=\"listitem\">                                        Cook expert                      <\/li>\n<li class=\"keypoints__item keypoints__item--advantage\" role=\"listitem\"><strong>Le + :<\/strong> Faites cuire des poissons entiers et l\u00e9gumes&#8230;en une seule fois      <\/li>\n<\/ul>","protected":false},"featured_media":51654,"template":"","meta":{"_glsr_average":0,"_glsr_ranking":0,"_glsr_reviews":0},"product_cat":[375],"product_tag":[365,376,230],"class_list":{"0":"post-99831","1":"product","2":"type-product","3":"status-publish","4":"has-post-thumbnail","6":"product_cat-accessoire-robot-de-cuisine","7":"product_tag-accessoire-cuisine-et-cuisson","8":"product_tag-accessoire-robot-de-cuisine","9":"product_tag-cuisine-et-cuisson","11":"first","12":"instock","13":"sale","14":"shipping-taxable","15":"purchasable","16":"product-type-simple"},"_links":{"self":[{"href":"https:\/\/electromenagerexpress.com\/en\/wp-json\/wp\/v2\/product\/99831","targetHints":{"allow":["GET"]}}],"collection":[{"href":"https:\/\/electromenagerexpress.com\/en\/wp-json\/wp\/v2\/product"}],"about":[{"href":"https:\/\/electromenagerexpress.com\/en\/wp-json\/wp\/v2\/types\/product"}],"wp:featuredmedia":[{"embeddable":true,"href":"https:\/\/electromenagerexpress.com\/en\/wp-json\/wp\/v2\/media\/51654"}],"wp:attachment":[{"href":"https:\/\/electromenagerexpress.com\/en\/wp-json\/wp\/v2\/media?parent=99831"}],"wp:term":[{"taxonomy":"product_cat","embeddable":true,"href":"https:\/\/electromenagerexpress.com\/en\/wp-json\/wp\/v2\/product_cat?post=99831"},{"taxonomy":"product_tag","embeddable":true,"href":"https:\/\/electromenagerexpress.com\/en\/wp-json\/wp\/v2\/product_tag?post=99831"}],"curies":[{"name":"wp","href":"https:\/\/api.w.org\/{rel}","templated":true}]}}