{"id":99830,"date":"2024-11-28T11:48:59","date_gmt":"2024-11-28T11:48:59","guid":{"rendered":"https:\/\/electromenagerexpress.com\/product\/laminoirkitchenaid5ksmpra-machine-a-pates-de-luxe\/"},"modified":"2024-11-28T11:49:03","modified_gmt":"2024-11-28T11:49:03","slug":"laminoirkitchenaid5ksmpra-machine-a-pates-de-luxe","status":"publish","type":"product","link":"https:\/\/electromenagerexpress.com\/en\/product\/laminoirkitchenaid5ksmpra-machine-a-pates-de-luxe\/","title":{"rendered":"Laminoir\t\t\t\t\t\t\tKITCHENAID\t\t\t\t5KSMPRA Machine \u00e0 pates de luxe"},"content":{"rendered":"<div class=\"product-features__content\">\n<ul role=\"list\">\n<li class=\"product-features__item\" role=\"listitem\">\n<h3 class=\"product-features__label\">Caract\u00e9ristiques g\u00e9n\u00e9rales<\/h3>\n<ul role=\"list\">\n<li class=\"product-features__item-list__item\" role=\"listitem\"><span class=\"is--medium\">Type de produit :<\/span> Laminoir\t\t\t\t\t<\/li>\n<li class=\"product-features__item-list__item\" role=\"listitem\"><span class=\"is--medium\">Coloris :<\/span> Gris\t\t\t\t\t<\/li>\n<li class=\"product-features__item-list__item\" role=\"listitem\"><span class=\"is--medium\">Mati\u00e8re :<\/span> M\u00e9tal\t\t\t\t\t<\/li>\n<li class=\"product-features__item-list__item\" role=\"listitem\"><span class=\"is--medium\">Compatible pour :<\/span> Robot p\u00e2tissier\t\t\t\t\t<\/li>\n<li class=\"product-features__item-list__item\" role=\"listitem\"><span class=\"is--medium\">Marque compatible :<\/span> Kitchenaid\t\t\t\t\t<\/li>\n<li class=\"product-features__item-list__item\" role=\"listitem\"><span class=\"is--medium\">Adaptateur obligatoire :<\/span> Non\t\t\t\t\t<\/li>\n<\/ul>\n<\/li>\n<li class=\"product-features__item\" role=\"listitem\">\n<h3 class=\"product-features__label\">Type de p\u00e2tes<\/h3>\n<ul role=\"list\">\n<li class=\"product-features__item-list__item\" role=\"listitem\"><span class=\"is--medium\">Type de p\u00e2tes :<\/span> Tagliatelle, Spaghetti, Lasagne\t\t\t\t\t<\/li>\n<\/ul>\n<\/li>\n<li class=\"product-features__item\" role=\"listitem\">\n<h3 class=\"product-features__label\">Gamme compatible<\/h3>\n<ul role=\"list\">\n<li class=\"product-features__item-list__item\" role=\"listitem\"><span class=\"is--medium\">Gamme(s) compatible(s) robot :<\/span> Artisan 4.8L, Classic 4.3L, Mini 3.3L, Professionnel, Artisan 6.9L, Artisan 5.6L, Artisan 6.6L, 5KSM95\t\t\t\t\t<\/li>\n<\/ul>\n<\/li>\n<li class=\"product-features__item\" role=\"listitem\">\n<h3 class=\"product-features__label\">Informations compl\u00e9mentaires<\/h3>\n<ul role=\"list\">\n<li class=\"product-features__item-list__item\" role=\"listitem\"><span class=\"is--medium\">Fabriqu\u00e9 en :<\/span> Italie\t\t\t\t\t<\/li>\n<li class=\"product-features__item-list__item\" role=\"listitem\"><span class=\"is--medium\">Disponibilit\u00e9 des pi\u00e8ces d\u00e9tach\u00e9es (donn\u00e9es fournisseur) :<\/span> Pendant 2 ans, \u00e0 compter de la date d&rsquo;achat\t\t\t\t\t<\/li>\n<li class=\"product-features__item-list__item\" role=\"listitem\"><span class=\"is--medium\">R\u00e9f\u00e9rence constructeur :<\/span> 5KSMPRA Machine \u00e0 pates de luxe\t\t\t\t\t<\/li>\n<li class=\"product-features__item-list__item\" role=\"listitem\"><span class=\"is--medium\">Marque :<\/span> KITCHENAID\t\t\t\t\t<\/li>\n<\/ul>\n<\/li>\n<\/ul>\n<\/div>\n<div class=\"product__disclosure-content\">\n<div class=\"js-read-more product-description__content read-more read-more--truncated\" data-read-more-name=\"description\" style=\"max-height: 500px; overflow: hidden;\">\n<div class=\"product__description-content read-more\">\n<p>Laminoir KITCHENAID 5KSMPRA : l&rsquo;atout luxe pour des p\u00e2tes maison<\/p>\n<h3><img fetchpriority=\"high\" decoding=\"async\" alt=\"Laminoir KITCHENAID 5KSMPRA Machine \u00e0 pates de luxe\" class=\"wy_tableau_gauche\" height=\"270\" src=\"https:\/\/boulanger.scene7.com\/is\/image\/Boulanger\/5413184400019_h_f_l_0?wid=400&amp;hei=270\" width=\"400\"\/>Un accessoire polyvalent pour des p\u00e2tes fra\u00eeches<\/h3>\n<p>Le Laminoir KITCHENAID 5KSMPRA incarne l&rsquo;excellence dans la pr\u00e9paration de p\u00e2tes maison. Con\u00e7u pour s&rsquo;adapter parfaitement aux robots p\u00e2tissiers de la marque, cet ustensile \u00e0 p\u00e2tes de la gamme Artisan est un incontournable pour les amateurs de cuisine italienne. Sa structure en m\u00e9tal robuste, fabriqu\u00e9e en Italie, garantit une durabilit\u00e9 et une performance \u00e0 la hauteur des attentes les plus exigeantes. Avec la possibilit\u00e9 de r\u00e9aliser des tagliatelles, des spaghettis et des lasagnes, cet accessoire offre une polyvalence qui enrichira sans aucun doute votre r\u00e9pertoire culinaire.<\/p>\n<p>\u00a0<\/p>\n<p>\u00a0<\/p>\n<h3><img decoding=\"async\" alt=\"Laminoir KITCHENAID 5KSMPRA Machine \u00e0 pates de luxe\" class=\"wy_tableau_right\" height=\"270\" src=\"https:\/\/boulanger.scene7.com\/is\/image\/Boulanger\/5413184400019_h_f_l_1?wid=400&amp;hei=270\" width=\"400\"\/>Compatibilit\u00e9 \u00e9tendue et utilisation simplifi\u00e9e<\/h3>\n<p>Le Laminoir KITCHENAID 5KSMPRA est compatible avec une large gamme de robots p\u00e2tissiers KitchenAid, incluant les mod\u00e8les Artisan 4.8L, Classic 4.3L, Mini 3.3L, Professionnel, ainsi que les versions Artisan 6.9L, 5.6L, 6.6L et 5KSM95. Sa couleur grise \u00e9l\u00e9gante s&rsquo;int\u00e8gre harmonieusement \u00e0 l&rsquo;esth\u00e9tique de ces appareils. L&rsquo;absence d&rsquo;adaptateur n\u00e9cessaire et la notice incluse assurent une mise en route rapide et ais\u00e9e.\u00a0<\/p>\n<\/div>\n<p><video class=\"s7Video\" controls=\"\" controlslist=\"nodownload\" poster=\"https:\/\/boulanger.scene7.com\/is\/image\/Boulanger\/5413184400309_v_0?scl=1\" preload=\"metadata\" src=\"https:\/\/boulanger.scene7.com\/is\/content\/Boulanger\/5413184400309_v_0\" width=\"100%\"><\/video><\/p>\n<\/div>\n<p><bl-button a11yexpanded=\"false\" arialabel=\"Afficher toute la description\" class=\"read-more__btn\" full=\"false\" link=\"true\"><\/bl-button><\/div>","protected":false},"excerpt":{"rendered":"<div class=\"keypoints\">\n<h3 class=\"keypoints__title\">Les points cl\u00e9s<\/h3>\n<ul role=\"list\">\n<li class=\"keypoints__item\" role=\"listitem\">                                        Compatible pour : Robot p\u00e2tissier                      <\/li>\n<li class=\"keypoints__item\" role=\"listitem\">                                        Artisan 4.8L, Classic 4.3L, Mini 3.3L, Professionnel, Artisan 6.9L, Artisan 5.6L, Artisan 6.6L, 5KSM95                      <\/li>\n<li class=\"keypoints__item keypoints__item--advantage\" role=\"listitem\"><strong>Le + :<\/strong> Laminoir \u00e0 p\u00e2tes avec 8 r\u00e9glages d\u2019\u00e9paisseur      <\/li>\n<\/ul>","protected":false},"featured_media":51644,"template":"","meta":{"_glsr_average":0,"_glsr_ranking":0,"_glsr_reviews":0},"product_cat":[375],"product_tag":[365,376,230],"class_list":{"0":"post-99830","1":"product","2":"type-product","3":"status-publish","4":"has-post-thumbnail","6":"product_cat-accessoire-robot-de-cuisine","7":"product_tag-accessoire-cuisine-et-cuisson","8":"product_tag-accessoire-robot-de-cuisine","9":"product_tag-cuisine-et-cuisson","11":"first","12":"instock","13":"sale","14":"shipping-taxable","15":"purchasable","16":"product-type-simple"},"_links":{"self":[{"href":"https:\/\/electromenagerexpress.com\/en\/wp-json\/wp\/v2\/product\/99830","targetHints":{"allow":["GET"]}}],"collection":[{"href":"https:\/\/electromenagerexpress.com\/en\/wp-json\/wp\/v2\/product"}],"about":[{"href":"https:\/\/electromenagerexpress.com\/en\/wp-json\/wp\/v2\/types\/product"}],"wp:featuredmedia":[{"embeddable":true,"href":"https:\/\/electromenagerexpress.com\/en\/wp-json\/wp\/v2\/media\/51644"}],"wp:attachment":[{"href":"https:\/\/electromenagerexpress.com\/en\/wp-json\/wp\/v2\/media?parent=99830"}],"wp:term":[{"taxonomy":"product_cat","embeddable":true,"href":"https:\/\/electromenagerexpress.com\/en\/wp-json\/wp\/v2\/product_cat?post=99830"},{"taxonomy":"product_tag","embeddable":true,"href":"https:\/\/electromenagerexpress.com\/en\/wp-json\/wp\/v2\/product_tag?post=99830"}],"curies":[{"name":"wp","href":"https:\/\/api.w.org\/{rel}","templated":true}]}}