{"id":99829,"date":"2024-11-28T11:48:55","date_gmt":"2024-11-28T11:48:55","guid":{"rendered":"https:\/\/electromenagerexpress.com\/product\/rapekitchenaid5ksm2fpa-trancheur-rapeur\/"},"modified":"2024-11-28T11:48:57","modified_gmt":"2024-11-28T11:48:57","slug":"rapekitchenaid5ksm2fpa-trancheur-rapeur","status":"publish","type":"product","link":"https:\/\/electromenagerexpress.com\/en\/product\/rapekitchenaid5ksm2fpa-trancheur-rapeur\/","title":{"rendered":"R\u00e2pe\t\t\t\t\t\t\tKITCHENAID\t\t\t\t5KSM2FPA TRANCHEUR RAPEUR"},"content":{"rendered":"<div class=\"product-features__content\">\n<ul role=\"list\">\n<li class=\"product-features__item\" role=\"listitem\">\n<h3 class=\"product-features__label\">Caract\u00e9ristiques g\u00e9n\u00e9rales<\/h3>\n<ul role=\"list\">\n<li class=\"product-features__item-list__item\" role=\"listitem\"><span class=\"is--medium\">Type de produit :<\/span> Trancheur\t\t\t\t\t<\/li>\n<li class=\"product-features__item-list__item\" role=\"listitem\"><span class=\"is--medium\">Coloris :<\/span> Argent\t\t\t\t\t<\/li>\n<li class=\"product-features__item-list__item\" role=\"listitem\"><span class=\"is--medium\">Mati\u00e8re :<\/span> Plastique\t\t\t\t\t<\/li>\n<li class=\"product-features__item-list__item\" role=\"listitem\"><span class=\"is--medium\">Compatible pour :<\/span> Robot p\u00e2tissier\t\t\t\t\t<\/li>\n<li class=\"product-features__item-list__item\" role=\"listitem\"><span class=\"is--medium\">Marque compatible :<\/span> Kitchenaid\t\t\t\t\t<\/li>\n<li class=\"product-features__item-list__item\" role=\"listitem\"><span class=\"is--medium\">Adaptateur obligatoire :<\/span> Non\t\t\t\t\t<\/li>\n<\/ul>\n<\/li>\n<li class=\"product-features__item\" role=\"listitem\">\n<h3 class=\"product-features__label\">Produit<\/h3>\n<ul role=\"list\">\n<li class=\"product-features__item-list__item\" role=\"listitem\"><span class=\"is--medium\">Composition :<\/span> Disque \u00e0 trancher (\u00e9paisseur de tranchage r\u00e9glable), Disque \u00e0 r\u00e2per r\u00e9versible, Disque \u00e0 julienne et disque \u00e0 d\u00e9couper en d\u00e9s\t\t\t\t\t<\/li>\n<\/ul>\n<\/li>\n<li class=\"product-features__item\" role=\"listitem\">\n<h3 class=\"product-features__label\">Gamme compatible<\/h3>\n<ul role=\"list\">\n<li class=\"product-features__item-list__item\" role=\"listitem\"><span class=\"is--medium\">Gamme(s) compatible(s) robot :<\/span> Artisan 4.8L, Classic 4.3L, Mini 3.3L, Professionnel, Artisan 6.9L, Artisan 5.6L, Artisan 6.6L, 5KSM95\t\t\t\t\t<\/li>\n<\/ul>\n<\/li>\n<li class=\"product-features__item\" role=\"listitem\">\n<h3 class=\"product-features__label\">Dimensions<\/h3>\n<ul role=\"list\">\n<li class=\"product-features__item-list__item\" role=\"listitem\"><span class=\"is--medium\">Dimensions l x h x p :<\/span> 25.9 x 24.6 x 17.5 cm\t\t\t\t\t<\/li>\n<li class=\"product-features__item-list__item\" role=\"listitem\"><span class=\"is--medium\">Poids Net (kg) :<\/span> 3,20 kg\t\t\t\t\t<\/li>\n<li class=\"product-features__item-list__item\" role=\"listitem\"><span class=\"is--medium\">Poids Brut (kg) :<\/span> 3,80 kg\t\t\t\t\t<\/li>\n<\/ul>\n<\/li>\n<li class=\"product-features__item\" role=\"listitem\">\n<h3 class=\"product-features__label\">Informations compl\u00e9mentaires<\/h3>\n<ul role=\"list\">\n<li class=\"product-features__item-list__item\" role=\"listitem\"><span class=\"is--medium\">Fabriqu\u00e9 en :<\/span> Chine\t\t\t\t\t<\/li>\n<li class=\"product-features__item-list__item\" role=\"listitem\"><span class=\"is--medium\">Garantie :<\/span> 2 ans\t\t\t\t\t<\/li>\n<li class=\"product-features__item-list__item\" role=\"listitem\"><span class=\"is--medium\">Disponibilit\u00e9 des pi\u00e8ces d\u00e9tach\u00e9es (donn\u00e9es fournisseur) :<\/span> Pas de pi\u00e8ce disponible\t\t\t\t\t<\/li>\n<li class=\"product-features__item-list__item\" role=\"listitem\"><span class=\"is--medium\">R\u00e9f\u00e9rence constructeur :<\/span> 5KSM2FPA TRANCHEUR RAPEUR\t\t\t\t\t<\/li>\n<li class=\"product-features__item-list__item\" role=\"listitem\"><span class=\"is--medium\">Marque :<\/span> KITCHENAID\t\t\t\t\t<\/li>\n<\/ul>\n<\/li>\n<\/ul>\n<\/div>\n<div class=\"product__disclosure-content\">\n<div class=\"js-read-more product-description__content read-more read-more--truncated\" data-read-more-name=\"description\" style=\"max-height: 500px; overflow: hidden;\">\n<div class=\"product__description-content read-more\">\n<p>Optimisez votre cuisine avec le R\u00e2pe KitchenAid 5KSM2FPA Trancheur R\u00e2peur<\/p>\n<h3><img fetchpriority=\"high\" decoding=\"async\" alt=\"R\u00e2pe KITCHENAID 5KSM2FPA TRANCHEUR RAPEUR\" class=\"wy_tableau_gauche\" height=\"270\" src=\"https:\/\/boulanger.scene7.com\/is\/image\/Boulanger\/5413184100308_h_f_l_0?wid=400&amp;hei=270\" width=\"400\"\/>Polyvalence et compatibilit\u00e9 \u00e9tendue<\/h3>\n<p>Le R\u00e2pe KitchenAid 5KSM2FPA Trancheur R\u00e2peur est l&rsquo;accessoire indispensable pour les amateurs de cuisine souhaitant exploiter au maximum leur robot p\u00e2tissier KitchenAid. Compatible avec une large gamme de robots, dont les s\u00e9ries Artisan 4.8L, Classic 4.3L, Mini 3.3L, Professionnel, Artisan 6.9L, Artisan 5.6L, Artisan 6.6L et 5KSM95, cet accessoire polyvalent permet de r\u00e2per et de trancher avec une facilit\u00e9 d\u00e9concertante. Con\u00e7u en plastique robuste avec des finitions en inox, il allie durabilit\u00e9 et esth\u00e9tique, se fondant parfaitement dans l&rsquo;univers des cuisines modernes.<\/p>\n<p>\u00a0<\/p>\n<p>\u00a0<\/p>\n<h3><img decoding=\"async\" alt=\"R\u00e2pe KITCHENAID 5KSM2FPA TRANCHEUR RAPEUR\" class=\"wy_tableau_right\" height=\"270\" src=\"https:\/\/boulanger.scene7.com\/is\/image\/Boulanger\/5413184100308_h_f_l_1?wid=400&amp;hei=270\" width=\"400\"\/>Conception intelligente et utilisation simplifi\u00e9e<\/h3>\n<p>Ce trancheur r\u00e2peur de la gamme Artisan de KitchenAid est fourni avec une s\u00e9rie de disques pour r\u00e9pondre \u00e0 tous vos besoins : un disque \u00e0 trancher r\u00e9glable pour des coupes pr\u00e9cises, un disque \u00e0 r\u00e2per r\u00e9versible, un disque \u00e0 julienne et un disque \u00e0 d\u00e9couper en d\u00e9s. Chaque disque est con\u00e7u pour transformer fruits et l\u00e9gumes en ingr\u00e9dients pr\u00eats \u00e0 l&#8217;emploi, optimisant ainsi le temps pass\u00e9 en cuisine. Enfin, une notice est incluse pour vous guider pas \u00e0 pas dans l&rsquo;utilisation de cet accessoire de cuisine essentiel.<\/p>\n<\/div>\n<p><video class=\"s7Video\" controls=\"\" controlslist=\"nodownload\" poster=\"https:\/\/boulanger.scene7.com\/is\/image\/Boulanger\/5413184100308_v_0?scl=1\" preload=\"metadata\" src=\"https:\/\/boulanger.scene7.com\/is\/content\/Boulanger\/5413184100308_v_0\" width=\"100%\"><\/video><\/p>\n<\/div>\n<p><bl-button a11yexpanded=\"false\" arialabel=\"Afficher toute la description\" class=\"read-more__btn\" full=\"false\" link=\"true\"><\/bl-button><\/div>","protected":false},"excerpt":{"rendered":"<div class=\"keypoints\">\n<h3 class=\"keypoints__title\">Les points cl\u00e9s<\/h3>\n<ul role=\"list\">\n<li class=\"keypoints__item\" role=\"listitem\">                                        Compatible pour : Robot p\u00e2tissier                      <\/li>\n<li class=\"keypoints__item\" role=\"listitem\">                                        Artisan 4.8L, Classic 4.3L, Mini 3.3L, Professionnel, Artisan 6.9L, Artisan 5.6L, Artisan 6.6L, 5KSM95                      <\/li>\n<li class=\"keypoints__item keypoints__item--advantage\" role=\"listitem\"><strong>Le + :<\/strong> \u00c9mincer, r\u00e2per, tailler en d\u00e9s, en juliennes avec le syst\u00e8me exclusif ExactSlice.      <\/li>\n<\/ul>","protected":false},"featured_media":51639,"template":"","meta":{"_glsr_average":0,"_glsr_ranking":0,"_glsr_reviews":0},"product_cat":[375],"product_tag":[365,376,230],"class_list":{"0":"post-99829","1":"product","2":"type-product","3":"status-publish","4":"has-post-thumbnail","6":"product_cat-accessoire-robot-de-cuisine","7":"product_tag-accessoire-cuisine-et-cuisson","8":"product_tag-accessoire-robot-de-cuisine","9":"product_tag-cuisine-et-cuisson","11":"first","12":"instock","13":"sale","14":"shipping-taxable","15":"purchasable","16":"product-type-simple"},"_links":{"self":[{"href":"https:\/\/electromenagerexpress.com\/en\/wp-json\/wp\/v2\/product\/99829","targetHints":{"allow":["GET"]}}],"collection":[{"href":"https:\/\/electromenagerexpress.com\/en\/wp-json\/wp\/v2\/product"}],"about":[{"href":"https:\/\/electromenagerexpress.com\/en\/wp-json\/wp\/v2\/types\/product"}],"wp:featuredmedia":[{"embeddable":true,"href":"https:\/\/electromenagerexpress.com\/en\/wp-json\/wp\/v2\/media\/51639"}],"wp:attachment":[{"href":"https:\/\/electromenagerexpress.com\/en\/wp-json\/wp\/v2\/media?parent=99829"}],"wp:term":[{"taxonomy":"product_cat","embeddable":true,"href":"https:\/\/electromenagerexpress.com\/en\/wp-json\/wp\/v2\/product_cat?post=99829"},{"taxonomy":"product_tag","embeddable":true,"href":"https:\/\/electromenagerexpress.com\/en\/wp-json\/wp\/v2\/product_tag?post=99829"}],"curies":[{"name":"wp","href":"https:\/\/api.w.org\/{rel}","templated":true}]}}