{"id":99825,"date":"2024-11-28T11:48:35","date_gmt":"2024-11-28T11:48:35","guid":{"rendered":"https:\/\/electromenagerexpress.com\/product\/robot-multifonctionklarsteinrenata-rossa-2000w-10l-rouge\/"},"modified":"2024-11-28T11:48:39","modified_gmt":"2024-11-28T11:48:39","slug":"robot-multifonctionklarsteinrenata-rossa-2000w-10l-rouge","status":"publish","type":"product","link":"https:\/\/electromenagerexpress.com\/en\/product\/robot-multifonctionklarsteinrenata-rossa-2000w-10l-rouge\/","title":{"rendered":"Robot multifonction\t\t\t\t\t\t\tKLARSTEIN\t\t\t\tRenata Rossa 2000W 10L Rouge"},"content":{"rendered":"<div class=\"product-features__content\">\n<ul role=\"list\">\n<li class=\"product-features__item\" role=\"listitem\">\n<h3 class=\"product-features__label\">Choisir ce produit pour quels usages ?<\/h3>\n<ul role=\"list\">\n<li class=\"product-features__item-list__item\" role=\"listitem\"><span class=\"is--medium\">Capacit\u00e9 totale :<\/span> Capacit\u00e9 XXL 10L\t\t\t\t\t<\/li>\n<li class=\"product-features__item-list__item\" role=\"listitem\"><span class=\"is--medium\">\u00c0 quoi \u00e7a sert :<\/span> Battre\/Fouetter, P\u00e9trir, Emulsionner, Emincer, Couper\/Hacher finement, Hacher la viande, Mixer, Pr\u00e9parer les jus\t\t\t\t\t<\/li>\n<\/ul>\n<\/li>\n<li class=\"product-features__item\" role=\"listitem\">\n<h3 class=\"product-features__label\">Fonctions de pr\u00e9paration<\/h3>\n<ul role=\"list\">\n<li class=\"product-features__item-list__item\" role=\"listitem\"><span class=\"is--medium\">Battre\/Fouetter :<\/span> oui, id\u00e9al pour les blancs en neige, la chantilly, la p\u00e2te \u00e0 cr\u00eape.\t\t\t\t\t<\/li>\n<li class=\"product-features__item-list__item\" role=\"listitem\"><span class=\"is--medium\">P\u00e9trir :<\/span> oui, pour pr\u00e9parer les p\u00e2tes \u00e0 pain, pizza, bris\u00e9e.\t\t\t\t\t<\/li>\n<li class=\"product-features__item-list__item\" role=\"listitem\"><span class=\"is--medium\">Emulsionner :<\/span> oui, pour pr\u00e9parer les mayonnaises, sauces vinaigrettes.\t\t\t\t\t<\/li>\n<li class=\"product-features__item-list__item\" role=\"listitem\"><span class=\"is--medium\">Emincer :<\/span> oui, couper en tranches ou lamelles vos l\u00e9gumes.\t\t\t\t\t<\/li>\n<li class=\"product-features__item-list__item\" role=\"listitem\"><span class=\"is--medium\">Couper\/Hacher finement :<\/span> oui, pour pr\u00e9parer des tartares, hacher ail et fines herbes.\t\t\t\t\t<\/li>\n<li class=\"product-features__item-list__item\" role=\"listitem\"><span class=\"is--medium\">Hacher la viande :<\/span> oui, pour pr\u00e9parer les viandes, le chili con carne, les steaks hach\u00e9s maison, la bolognaise avec le hachoir\t\t\t\t\t<\/li>\n<li class=\"product-features__item-list__item\" role=\"listitem\"><span class=\"is--medium\">Mixer :<\/span> oui, pour pr\u00e9parer les coulis, les soupes.\t\t\t\t\t<\/li>\n<li class=\"product-features__item-list__item\" role=\"listitem\"><span class=\"is--medium\">Pr\u00e9parer les jus :<\/span> oui, centrifugeuse pour les fruits et les l\u00e9gumes.\t\t\t\t\t<\/li>\n<li class=\"product-features__item-list__item\" role=\"listitem\"><span class=\"is--medium\">Cuire les aliments :<\/span> non\t\t\t\t\t<\/li>\n<\/ul>\n<\/li>\n<li class=\"product-features__item\" role=\"listitem\">\n<h3 class=\"product-features__label\">Nombre de bols et leurs capacit\u00e9s<\/h3>\n<ul role=\"list\">\n<li class=\"product-features__item-list__item\" role=\"listitem\"><span class=\"is--medium\">Capacit\u00e9 totale du bol principal :<\/span> Capacit\u00e9 XXL 10L\t\t\t\t\t<\/li>\n<li class=\"product-features__item-list__item\" role=\"listitem\"><span class=\"is--medium\">Poids du bol principal :<\/span> 1,25 kg\t\t\t\t\t<\/li>\n<li class=\"product-features__item-list__item\" role=\"listitem\"><span class=\"is--medium\">Mati\u00e8re du bol principal :<\/span> acier inoxydable\t\t\t\t\t<\/li>\n<li class=\"product-features__item-list__item\" role=\"listitem\"><span class=\"is--medium\">Mati\u00e8re du bol principal : :<\/span> acier inoxydable\t\t\t\t\t<\/li>\n<\/ul>\n<\/li>\n<li class=\"product-features__item\" role=\"listitem\">\n<h3 class=\"product-features__label\">Accessoires inclus<\/h3>\n<ul role=\"list\">\n<li class=\"product-features__item-list__item\" role=\"listitem\"><span class=\"is--medium\">Accessoires :<\/span> blender, fouet, m\u00e9langeur\t\t\t\t\t<\/li>\n<\/ul>\n<\/li>\n<li class=\"product-features__item\" role=\"listitem\">\n<h3 class=\"product-features__label\">Confort et performance<\/h3>\n<ul role=\"list\">\n<li class=\"product-features__item-list__item\" role=\"listitem\"><span class=\"is--medium\">Type de moteur :<\/span> classique\t\t\t\t\t<\/li>\n<li class=\"product-features__item-list__item\" role=\"listitem\"><span class=\"is--medium\">Puissance en watts :<\/span> 2.000 W\t\t\t\t\t<\/li>\n<li class=\"product-features__item-list__item\" role=\"listitem\"><span class=\"is--medium\">Nombre de vitesses :<\/span> 8\t\t\t\t\t<\/li>\n<li class=\"product-features__item-list__item\" role=\"listitem\"><span class=\"is--medium\">S\u00e9lecteur de vitesse :<\/span> oui, permet de choisir la vitesse adapt\u00e9e selon les pr\u00e9parations\t\t\t\t\t<\/li>\n<li class=\"product-features__item-list__item\" role=\"listitem\"><span class=\"is--medium\">Touche pulse :<\/span> oui, permet une acc\u00e9l\u00e9ration \u00e0 la demande, id\u00e9al pour piler des gla\u00e7ons, pr\u00e9parer des smoothies avec des fruits surgel\u00e9s\t\t\t\t\t<\/li>\n<li class=\"product-features__item-list__item\" role=\"listitem\"><span class=\"is--medium\">Touche turbo :<\/span> oui, permet de passer rapidement \u00e0 la vitesse maximale\t\t\t\t\t<\/li>\n<li class=\"product-features__item-list__item\" role=\"listitem\"><span class=\"is--medium\">Mat\u00e9riau du corps :<\/span> Plastique\t\t\t\t\t<\/li>\n<li class=\"product-features__item-list__item\" role=\"listitem\"><span class=\"is--medium\">Poids :<\/span> 10,19 Kg\t\t\t\t\t<\/li>\n<li class=\"product-features__item-list__item\" role=\"listitem\"><span class=\"is--medium\">Suivi des recettes pas \u00e0 pas :<\/span> non\t\t\t\t\t<\/li>\n<li class=\"product-features__item-list__item\" role=\"listitem\"><span class=\"is--medium\">Connect\u00e9 :<\/span> non\t\t\t\t\t<\/li>\n<li class=\"product-features__item-list__item\" role=\"listitem\"><span class=\"is--medium\">Balance int\u00e9gr\u00e9e au robot :<\/span> Non\t\t\t\t\t<\/li>\n<li class=\"product-features__item-list__item\" role=\"listitem\"><span class=\"is--medium\">Longueur du cordon d&rsquo;alimentation :<\/span> 0,50 m\t\t\t\t\t<\/li>\n<li class=\"product-features__item-list__item\" role=\"listitem\"><span class=\"is--medium\">Minuteur :<\/span> Non\t\t\t\t\t<\/li>\n<\/ul>\n<\/li>\n<li class=\"product-features__item\" role=\"listitem\">\n<h3 class=\"product-features__label\">Nettoyage<\/h3>\n<ul role=\"list\">\n<li class=\"product-features__item-list__item\" role=\"listitem\"><span class=\"is--medium\">Programme de rin\u00e7age :<\/span> Non\t\t\t\t\t<\/li>\n<\/ul>\n<\/li>\n<li class=\"product-features__item\" role=\"listitem\">\n<h3 class=\"product-features__label\">S\u00e9curit\u00e9<\/h3>\n<ul role=\"list\">\n<li class=\"product-features__item-list__item\" role=\"listitem\"><span class=\"is--medium\">Arr\u00eat automatique :<\/span> Oui\t\t\t\t\t<\/li>\n<li class=\"product-features__item-list__item\" role=\"listitem\"><span class=\"is--medium\">S\u00e9curit\u00e9 couvercle :<\/span> Oui\t\t\t\t\t<\/li>\n<li class=\"product-features__item-list__item\" role=\"listitem\"><span class=\"is--medium\">Pieds antid\u00e9rapants :<\/span> Oui\t\t\t\t\t<\/li>\n<\/ul>\n<\/li>\n<li class=\"product-features__item\" role=\"listitem\">\n<h3 class=\"product-features__label\">Informations compl\u00e9mentaires<\/h3>\n<ul role=\"list\">\n<li class=\"product-features__item-list__item\" role=\"listitem\"><span class=\"is--medium\">Disponibilit\u00e9 des pi\u00e8ces d\u00e9tach\u00e9es (donn\u00e9es fournisseur) :<\/span> Non communiqu\u00e9e\t\t\t\t\t<\/li>\n<li class=\"product-features__item-list__item\" role=\"listitem\"><span class=\"is--medium\">Fabriqu\u00e9 en :<\/span> Chine\t\t\t\t\t<\/li>\n<li class=\"product-features__item-list__item\" role=\"listitem\"><span class=\"is--medium\">R\u00e9f\u00e9rence constructeur :<\/span> Renata Rossa 2000W 10L Rouge\t\t\t\t\t<\/li>\n<li class=\"product-features__item-list__item\" role=\"listitem\"><span class=\"is--medium\">Marque :<\/span> KLARSTEIN\t\t\t\t\t<\/li>\n<\/ul>\n<\/li>\n<li class=\"product-features__item\" role=\"listitem\">\n<h3 class=\"product-features__label\">Dimensions<\/h3>\n<ul role=\"list\">\n<li class=\"product-features__item-list__item\" role=\"listitem\"><span class=\"is--medium\">Dimensions l x h x p :<\/span> 29 x 38.5 x 43.5 cm\t\t\t\t\t<\/li>\n<\/ul>\n<\/li>\n<\/ul>\n<\/div>\n<div class=\"product__disclosure-content\">\n<div class=\"js-read-more product-description__content read-more read-more--truncated\" data-read-more-name=\"description\" style=\"max-height: 500px; overflow: hidden;\">\n<p>Polyvalent\u00a0: en taille XL. Le <b>robot m\u00e9nager <\/b>Renata de <b>Klarstein <\/b>est une merveille<br \/>d&rsquo;\u00e9l\u00e9gance pour ta cuisine. Tr\u00e8s pratique, il combine en un seul appareil un<br \/>agitateur, un batteur sur socle et un hachoir. Avec une puissance de 2000\u00a0watts \u00e0<br \/>8\u00a0niveaux, un syst\u00e8me agitateur plan\u00e9taire et un \u00e9norme bol en acier inoxydable de<br \/>10\u00a0litres, il rel\u00e8ve tous les d\u00e9fis de l&rsquo;art moderne du m\u00e9lange, de la p\u00e2te \u00e0 pain<br \/>jusqu&rsquo;\u00e0 la cr\u00e8me fouett\u00e9e. L&rsquo;accessoire mixeur de 1,5\u00a0litre vous permet de cr\u00e9er des<br \/>smoothies frais et de d\u00e9licieux shakes. Et pour les amateurs de la viande hach\u00e9e<br \/>fra\u00eeche ou des p\u00e2tes, l&rsquo;accessoire hachoir \u00e0 viande en acier inoxydable est le<br \/>compl\u00e9ment id\u00e9al. L&rsquo;affichage num\u00e9rique int\u00e9gr\u00e9 avec bouton rotatif permet de r\u00e9gler<br \/>facilement la vitesse et vous indique le temps de fonctionnement pour que vous<br \/>puissiez m\u00e9langer et mixer avec pr\u00e9cision. Le design color\u00e9 de votre nouveau <b>robot de<br \/>cuisine 3 en 1 Renata <b><\/b>de Klarstein <\/b>est \u00e9galement puissant. Il reste ainsi la star de<br \/>votre cuisine, m\u00eame apr\u00e8s usage\u00a0!<\/p>\n<p><b>Top Features:<\/b><\/p>\n<p>\u2022 <b>Robot de cuisine 3 en 1\u00a0: <\/b>batteur, mixeur et hachoir \u00e0 viande en un seul<br \/>appareil<b>Facile \u00e0 utiliser\u00a0: <\/b>affichage num\u00e9rique avec bouton rotatif pour la vitesse<br \/>et le temps de fonctionnement<b>Technologie robuste\u00a0: <\/b>engrenage enti\u00e8rement m\u00e9tallique<br \/>et moteur en cuivre dans un bo\u00eetier en plastique ABS<b>3\u00a0accessoires\u00a0: <\/b> pour m\u00e9langer,<br \/>p\u00e9trir et mixer.<b>2000\u00a0watts et 8\u00a0vitesses\u00a0: <\/b>puissant pour tous les travaux<b>Hachoir \u00e0<br \/>viande\u00a0: <\/b>en acier inoxydable avec trois accessoires pour diff\u00e9rentes consistances de<br \/>hach\u00e9<b>Mixeur de 1,5 litre\u00a0: <\/b> accessoire en verre pour broyer et r\u00e9duire en<br \/>pur\u00e9e<b>Gigantesque\u00a0: <\/b>bol en inox de 10\u00a0litres pour jusqu&rsquo;\u00e0 2,4\u00a0kg de p\u00e2te<b>Syst\u00e8me<br \/>agitateur plan\u00e9taire\u00a0: <\/b> pour un m\u00e9lange optimal<\/p>\n<p><b>Caract\u00e9ristiques:<\/b><\/p>\n<p> \u2022 Niveaux de puissance\u00a0: 8<br \/> \u2022 Fonction Puls<br \/> \u2022 Quantit\u00e9 maximale de p\u00e2te\u00a0: 2,4\u00a0kg<br \/> \u2022 3\u00a0\u00e9l\u00e9ments agitateurs\u00a0: crochet p\u00e9trisseur \/ batteur plat \/ fouet<br \/> \u2022 Crochet agitateur moul\u00e9\u00a0: m\u00e9lange homog\u00e8ne de grandes quantit\u00e9s de p\u00e2te<br \/> \u2022 Crochet p\u00e9trisseur moul\u00e9\u00a0: pour les p\u00e2tes lourdes, telles que les p\u00e2tes \u00e0 levure<br \/>ou \u00e0 pain.<br \/> \u2022 Fouet pour obtenir des masses a\u00e9r\u00e9es, comme des blancs d&rsquo;oeufs battus ou une p\u00e2te \u00e0<br \/>g\u00e9noise.<br \/> \u2022 M\u00e9canisme de lib\u00e9ration du bras multifonction\u00a0: se replie pour faciliter la<br \/>fixation et la manipulation du bol<br \/> \u2022 Engrenage sp\u00e9cial enti\u00e8rement en m\u00e9tal<br \/> \u2022 moteur en cuivre silencieux et durable<br \/> \u2022 bruit de fonctionnement max.\u00a0: 74\u00a0dB<br \/> \u2022 Support s\u00fbr gr\u00e2ce aux pieds \u00e0 ventouse<br \/> \u2022 <b>Remarque\u00a0: les \u00e9l\u00e9ments agitateurs ne peuvent pas \u00eatre nettoy\u00e9s au lave-vaisselle,<br \/>car cela pourrait entra\u00eener une d\u00e9coloration du mat\u00e9riau.<\/b><\/p>\n<p><b>Inclus dans la livraison:<\/b><\/p>\n<p>\u2022 1 x robot m\u00e9nager1 x bol en acier inoxydable1 x crochet p\u00e9trisseur 1 x batteur<br \/>plat1 x fouet1 x protection anti-projections1 x accessoire pour shaker1 x accessoire<br \/>pour hachoir \u00e0 viande (y compris 3\u00a0disques d&rsquo;\u00e9paisseur\u00a0: 3 \/ 5 \/ 7\u00a0mm)Mode d&#8217;emploi<br \/>en fran\u00e7ais<\/p>\n<p><b>Dimensions:<\/b><\/p>\n<p> \u2022 Dimensions (sans accessoires \/ bol)\u00a0: env. 22,5 x 38,5 x 43,5\u00a0cm (LxHxP)<br \/> \u2022 Dimensions (en tant que m\u00e9langeur, bol inclus)\u00a0: env. 29 x 38,5 x 43,5\u00a0cm (LxHxP)<br \/> \u2022 Poids (agitateur seul)\u00a0: env. 6,4\u00a0kg<br \/> \u2022 Poids (total, y compris toutes les pi\u00e8ces)\u00a0: env. 10,2\u00a0kg<br \/> \u2022 Longueur du c\u00e2ble\u00a0: env. 1\u00a0m<br \/> \u2022 Puissance\u00a0: 2000\u00a0Watts \/ 2,7\u00a0ch<br \/> \u2022 Capacit\u00e9 du bol \u00e0 m\u00e9langer\u00a0: 10\u00a0litres<br \/> \u2022 Capacit\u00e9 du shaker\u00a0: 1,5\u00a0litre<br \/> \u2022 Mat\u00e9riau des \u00e9l\u00e9ments agitateurs\u00a0: fonte d&rsquo;aluminium \/ acier inoxydable<br \/> \u2022 Mat\u00e9riau du bol\u00a0: acier inoxydable<br \/> \u2022 Mat\u00e9riau du shaker\u00a0: verre<br \/> \u2022 Mat\u00e9riau du hachoir\u00a0: acier inoxydable<br \/> \u2022 Mat\u00e9riau de la protection anti-projections\u00a0: plastique (sans BPA)<br \/> \u2022 Mat\u00e9riau du bo\u00eetier\u00a0: plastique ABS<br \/> \u2022 Alimentation\u00a0: 220 &#8211; 240\u00a0V~ | 50\/60\u00a0Hz<\/p>\n<\/div>\n<p><bl-button a11yexpanded=\"false\" arialabel=\"Afficher toute la description\" class=\"read-more__btn\" full=\"false\" link=\"true\">Voir plus<\/bl-button><\/div>","protected":false},"excerpt":{"rendered":"<div class=\"keypoints\">\n<h3 class=\"keypoints__title\">Les points cl\u00e9s<\/h3>\n<ul role=\"list\">\n<li class=\"keypoints__item\" role=\"listitem\">                                        Battre\/Fouetter, P\u00e9trir, Emulsionner, Emincer, Couper\/Hacher finement, Hacher la viande, Mixer, Pr\u00e9parer les jus                      <\/li>\n<li class=\"keypoints__item\" role=\"listitem\">                          Capacit\u00e9 XXL 10L &#8211;                                                      Bol en : inox                      <\/li>\n<li class=\"keypoints__item\" role=\"listitem\">                          Dimensions l x h x p : 29 x 38.5 x 43.5 cm &#8211;                                                      10,19 Kg                      <\/li>\n<li class=\"keypoints__item\" role=\"listitem\">                                        Pr\u00e9cision de chauffe: : Non concern\u00e9                      <\/li>\n<\/ul>","protected":false},"featured_media":51605,"template":"","meta":{"_glsr_average":0,"_glsr_ranking":0,"_glsr_reviews":0},"product_cat":[370],"product_tag":[230,371,372],"class_list":{"0":"post-99825","1":"product","2":"type-product","3":"status-publish","4":"has-post-thumbnail","6":"product_cat-robot-multifonction","7":"product_tag-cuisine-et-cuisson","8":"product_tag-robot-de-cuisine","9":"product_tag-robot-multifonction","11":"first","12":"instock","13":"sale","14":"shipping-taxable","15":"purchasable","16":"product-type-simple"},"_links":{"self":[{"href":"https:\/\/electromenagerexpress.com\/en\/wp-json\/wp\/v2\/product\/99825","targetHints":{"allow":["GET"]}}],"collection":[{"href":"https:\/\/electromenagerexpress.com\/en\/wp-json\/wp\/v2\/product"}],"about":[{"href":"https:\/\/electromenagerexpress.com\/en\/wp-json\/wp\/v2\/types\/product"}],"wp:featuredmedia":[{"embeddable":true,"href":"https:\/\/electromenagerexpress.com\/en\/wp-json\/wp\/v2\/media\/51605"}],"wp:attachment":[{"href":"https:\/\/electromenagerexpress.com\/en\/wp-json\/wp\/v2\/media?parent=99825"}],"wp:term":[{"taxonomy":"product_cat","embeddable":true,"href":"https:\/\/electromenagerexpress.com\/en\/wp-json\/wp\/v2\/product_cat?post=99825"},{"taxonomy":"product_tag","embeddable":true,"href":"https:\/\/electromenagerexpress.com\/en\/wp-json\/wp\/v2\/product_tag?post=99825"}],"curies":[{"name":"wp","href":"https:\/\/api.w.org\/{rel}","templated":true}]}}