{"id":99824,"date":"2024-11-28T11:48:24","date_gmt":"2024-11-28T11:48:24","guid":{"rendered":"https:\/\/electromenagerexpress.com\/product\/robot-cuiseurmoulinexconnect-i-companion-xl-rose-hf90e700\/"},"modified":"2026-03-19T14:24:12","modified_gmt":"2026-03-19T14:24:12","slug":"robot-cuiseurmoulinexconnect-i-companion-xl-rose-hf90e700","status":"publish","type":"product","link":"https:\/\/electromenagerexpress.com\/en\/product\/robot-cuiseurmoulinexconnect-i-companion-xl-rose-hf90e700\/","title":{"rendered":"Robot cuiseur\t\tMOULINEX\tconnect I-Companion XL Rose HF90E700"},"content":{"rendered":"<div class=\"product-features__content\">\n<ul role=\"list\">\n<li class=\"product-features__item\" role=\"listitem\">\n<h3 class=\"product-features__label\">Choisir ce produit pour quels usages ?<\/h3>\n<ul role=\"list\">\n<li class=\"product-features__item-list__item\" role=\"listitem\"><span class=\"is--medium\">Id\u00e9al pour :<\/span> pour cuisiner sans effort de l&rsquo;entr\u00e9e au dessert<\/li>\n<li class=\"product-features__item-list__item\" role=\"listitem\"><span class=\"is--medium\">Capacit\u00e9 totale :<\/span> Capacit\u00e9 Large 4,5L<\/li>\n<li class=\"product-features__item-list__item\" role=\"listitem\"><span class=\"is--medium\">\u00c0 quoi \u00e7a sert :<\/span> Battre\/Fouetter, P\u00e9trir, M\u00e9langer d\u00e9licatement, Emulsionner, Emincer, Couper\/Hacher finement, Hacher la viande, Mixer, chauffer, mijoter<\/li>\n<\/ul>\n<\/li>\n<li class=\"product-features__item\" role=\"listitem\">\n<h3 class=\"product-features__label\">Fonctions de pr\u00e9paration<\/h3>\n<ul role=\"list\">\n<li class=\"product-features__item-list__item\" role=\"listitem\"><span class=\"is--medium\">Battre\/Fouetter :<\/span> oui, id\u00e9al pour les blancs en neige, la chantilly, la p\u00e2te \u00e0 cr\u00eape.<\/li>\n<li class=\"product-features__item-list__item\" role=\"listitem\"><span class=\"is--medium\">P\u00e9trir :<\/span> oui, pour pr\u00e9parer les p\u00e2tes \u00e0 pain, pizza, bris\u00e9e.<\/li>\n<li class=\"product-features__item-list__item\" role=\"listitem\"><span class=\"is--medium\">M\u00e9langer d\u00e9licatement :<\/span> oui, pour pr\u00e9parer les mousses au chocolat, les souffl\u00e9s (reproduit le geste de la main).<\/li>\n<li class=\"product-features__item-list__item\" role=\"listitem\"><span class=\"is--medium\">Emulsionner :<\/span> oui, pour pr\u00e9parer les mayonnaises, sauces vinaigrettes.<\/li>\n<li class=\"product-features__item-list__item\" role=\"listitem\"><span class=\"is--medium\">Emincer :<\/span> oui, couper en tranches ou lamelles vos l\u00e9gumes.<\/li>\n<li class=\"product-features__item-list__item\" role=\"listitem\"><span class=\"is--medium\">Couper\/Hacher finement :<\/span> oui, pour pr\u00e9parer des tartares, hacher ail et fines herbes.<\/li>\n<li class=\"product-features__item-list__item\" role=\"listitem\"><span class=\"is--medium\">Hacher la viande :<\/span> oui, pour pr\u00e9parer les viandes, le chili con carne, les steaks hach\u00e9s maison, la bolognaise avec le hachoir<\/li>\n<li class=\"product-features__item-list__item\" role=\"listitem\"><span class=\"is--medium\">Mixer :<\/span> oui, pour pr\u00e9parer les coulis, les soupes.<\/li>\n<li class=\"product-features__item-list__item\" role=\"listitem\"><span class=\"is--medium\">Cuire les aliments :<\/span> chauffer, cuire et mijoter<\/li>\n<\/ul>\n<\/li>\n<li class=\"product-features__item\" role=\"listitem\">\n<h3 class=\"product-features__label\">Cuisson<\/h3>\n<ul role=\"list\">\n<li class=\"product-features__item-list__item\" role=\"listitem\"><span class=\"is--medium\">Cuisson vapeur :<\/span> Oui<\/li>\n<li class=\"product-features__item-list__item\" role=\"listitem\"><span class=\"is--medium\">Type de chauffe :<\/span> classique<\/li>\n<li class=\"product-features__item-list__item\" role=\"listitem\"><span class=\"is--medium\">Le saviez-vous ? :<\/span> la cuisson \u00e0 basse temp\u00e9rature permet de pr\u00e9server les vitamines des aliments<\/li>\n<li class=\"product-features__item-list__item\" role=\"listitem\"><span class=\"is--medium\">Maintien au chaud :<\/span> automatique<\/li>\n<li class=\"product-features__item-list__item\" role=\"listitem\"><span class=\"is--medium\">Cuisson bol ouvert :<\/span> oui, permet de rissoler et saisir les aliments<\/li>\n<li class=\"product-features__item-list__item\" role=\"listitem\"><span class=\"is--medium\">Mode de cuisson adapt\u00e9 (manuel) :<\/span> permet de personnaliser les recettes en g\u00e9rant le mode de cuisson, la vitesse, la temp\u00e9rature et le temps de cuisson<\/li>\n<li class=\"product-features__item-list__item\" role=\"listitem\"><span class=\"is--medium\">Pr\u00e9csion de chauffe :<\/span> par 5\u00b0C<\/li>\n<\/ul>\n<\/li>\n<li class=\"product-features__item\" role=\"listitem\">\n<h3 class=\"product-features__label\">Nombre de bols et leurs capacit\u00e9s<\/h3>\n<ul role=\"list\">\n<li class=\"product-features__item-list__item\" role=\"listitem\"><span class=\"is--medium\">Capacit\u00e9 totale du bol principal :<\/span> Capacit\u00e9 Large 4,5L<\/li>\n<li class=\"product-features__item-list__item\" role=\"listitem\"><span class=\"is--medium\">Poign\u00e9e(s) du bol principal :<\/span> 2 sur le dessus id\u00e9al pour les pr\u00e9parations lourdes<\/li>\n<li class=\"product-features__item-list__item\" role=\"listitem\"><span class=\"is--medium\">Poids du bol principal :<\/span> 1,7 kg<\/li>\n<li class=\"product-features__item-list__item\" role=\"listitem\"><span class=\"is--medium\">Mati\u00e8re du bol principal :<\/span> inox<\/li>\n<li class=\"product-features__item-list__item\" role=\"listitem\"><span class=\"is--medium\">Mati\u00e8re du bol principal : :<\/span> inox<\/li>\n<\/ul>\n<\/li>\n<li class=\"product-features__item\" role=\"listitem\">\n<h3 class=\"product-features__label\">Accessoires inclus<\/h3>\n<ul role=\"list\">\n<li class=\"product-features__item-list__item\" role=\"listitem\"><span class=\"is--medium\">Accessoires :<\/span> batteur, bo\u00eete de rangement des accessoires, bol en acier, couteau hachoir, couteau p\u00e9trin\/concasseur, couvercle anti-projections, fouet, m\u00e9langeur, panier vapeur, spatule<\/li>\n<\/ul>\n<\/li>\n<li class=\"product-features__item\" role=\"listitem\">\n<h3 class=\"product-features__label\">Confort et performance<\/h3>\n<ul role=\"list\">\n<li class=\"product-features__item-list__item\" role=\"listitem\"><span class=\"is--medium\">Type de moteur :<\/span> classique<\/li>\n<li class=\"product-features__item-list__item\" role=\"listitem\"><span class=\"is--medium\">Puissance en watts :<\/span> 1.550 W<\/li>\n<li class=\"product-features__item-list__item\" role=\"listitem\"><span class=\"is--medium\">Nombre de vitesses :<\/span> 13<\/li>\n<li class=\"product-features__item-list__item\" role=\"listitem\"><span class=\"is--medium\">S\u00e9lecteur de vitesse :<\/span> oui, permet de choisir la vitesse adapt\u00e9e selon les pr\u00e9parations<\/li>\n<li class=\"product-features__item-list__item\" role=\"listitem\"><span class=\"is--medium\">Touche pulse :<\/span> oui, permet une acc\u00e9l\u00e9ration \u00e0 la demande, id\u00e9al pour piler des gla\u00e7ons, pr\u00e9parer des smoothies avec des fruits surgel\u00e9s<\/li>\n<li class=\"product-features__item-list__item\" role=\"listitem\"><span class=\"is--medium\">Touche turbo :<\/span> oui, permet de passer rapidement \u00e0 la vitesse maximale<\/li>\n<li class=\"product-features__item-list__item\" role=\"listitem\"><span class=\"is--medium\">Mat\u00e9riau du corps :<\/span> inox (robuste)<\/li>\n<li class=\"product-features__item-list__item\" role=\"listitem\"><span class=\"is--medium\">Poids :<\/span> 9,15 Kg<\/li>\n<li class=\"product-features__item-list__item\" role=\"listitem\"><span class=\"is--medium\">Ecran :<\/span> tactile<\/li>\n<li class=\"product-features__item-list__item\" role=\"listitem\"><span class=\"is--medium\">Suivi des recettes pas \u00e0 pas :<\/span> via l&rsquo;application<\/li>\n<li class=\"product-features__item-list__item\" role=\"listitem\"><span class=\"is--medium\">Compatibilit\u00e9 :<\/span> IOS<\/li>\n<li class=\"product-features__item-list__item\" role=\"listitem\"><span class=\"is--medium\">Nom de l&rsquo;application d\u00e9di\u00e9e :<\/span> Companion SEB<\/li>\n<li class=\"product-features__item-list__item\" role=\"listitem\"><span class=\"is--medium\">Balance int\u00e9gr\u00e9e au robot :<\/span> Non<\/li>\n<li class=\"product-features__item-list__item\" role=\"listitem\"><span class=\"is--medium\">Longueur du cordon d&rsquo;alimentation :<\/span> 1,00 m<\/li>\n<li class=\"product-features__item-list__item\" role=\"listitem\"><span class=\"is--medium\">Minuteur :<\/span> Oui<\/li>\n<\/ul>\n<\/li>\n<li class=\"product-features__item\" role=\"listitem\">\n<h3 class=\"product-features__label\">Nettoyage<\/h3>\n<ul role=\"list\">\n<li class=\"product-features__item-list__item\" role=\"listitem\"><span class=\"is--medium\">Programme de rin\u00e7age :<\/span> Non<\/li>\n<li class=\"product-features__item-list__item\" role=\"listitem\"><span class=\"is--medium\">Compatibilit\u00e9 lave vaisselle :<\/span> Toutes les pi\u00e8ces amovibles<\/li>\n<\/ul>\n<\/li>\n<li class=\"product-features__item\" role=\"listitem\">\n<h3 class=\"product-features__label\">S\u00e9curit\u00e9<\/h3>\n<ul role=\"list\">\n<li class=\"product-features__item-list__item\" role=\"listitem\"><span class=\"is--medium\">Arr\u00eat automatique :<\/span> Oui<\/li>\n<li class=\"product-features__item-list__item\" role=\"listitem\"><span class=\"is--medium\">S\u00e9curit\u00e9 couvercle :<\/span> Oui<\/li>\n<li class=\"product-features__item-list__item\" role=\"listitem\"><span class=\"is--medium\">Pieds antid\u00e9rapants :<\/span> Oui<\/li>\n<li class=\"product-features__item-list__item\" role=\"listitem\"><span class=\"is--medium\">Sans Bisph\u00e9nol A (BPA) :<\/span> sans composants chimiques<\/li>\n<\/ul>\n<\/li>\n<li class=\"product-features__item\" role=\"listitem\">\n<h3 class=\"product-features__label\">Informations compl\u00e9mentaires<\/h3>\n<ul role=\"list\">\n<li class=\"product-features__item-list__item\" role=\"listitem\"><span class=\"is--medium\">Disponibilit\u00e9 des pi\u00e8ces d\u00e9tach\u00e9es (donn\u00e9es fournisseur) :<\/span> Pendant 10 ans, \u00e0 compter de la date d&rsquo;achat<\/li>\n<li class=\"product-features__item-list__item\" role=\"listitem\"><span class=\"is--medium\">Garantie :<\/span> 2 ans<\/li>\n<li class=\"product-features__item-list__item\" role=\"listitem\"><span class=\"is--medium\">Fabriqu\u00e9 en :<\/span> France<\/li>\n<li class=\"product-features__item-list__item\" role=\"listitem\"><span class=\"is--medium\">R\u00e9f\u00e9rence constructeur :<\/span> connect I-Companion XL Rose HF90R700<\/li>\n<li class=\"product-features__item-list__item\" role=\"listitem\"><span class=\"is--medium\">Marque :<\/span> MOULINEX<\/li>\n<\/ul>\n<\/li>\n<li class=\"product-features__item\" role=\"listitem\">\n<h3 class=\"product-features__label\">Dimensions<\/h3>\n<ul role=\"list\">\n<li class=\"product-features__item-list__item\" role=\"listitem\"><span class=\"is--medium\">Dimensions l x h x p :<\/span> 35 x 32 x 31 cm<\/li>\n<\/ul>\n<\/li>\n<\/ul>\n<\/div>\n<div class=\"product__disclosure-content\">\n<div class=\"js-read-more product-description__content read-more read-more--truncated\" style=\"max-height: 500px; overflow: hidden;\" data-read-more-name=\"description\">\n<p>Prenez plaisir \u00e0 pr\u00e9parer et \u00e0 d\u00e9guster de d\u00e9licieuses recettes gr\u00e2ce au Robot multifonction Moulinex connect I-Companion XL HF90E700 Rose. Avec sa fonction \u00ab\u00a0Connect\u00e9e\u00a0\u00bb, connectez votre smartphone ou tablette au robot cuiseur et suivez l&rsquo;\u00e9volution de la pr\u00e9paration.<\/p>\n<h3><img fetchpriority=\"high\" decoding=\"async\" class=\"wy_tableau_gauche\" src=\"https:\/\/boulanger.scene7.com\/is\/image\/Boulanger\/3016661165863_h_z_l_0?wid=400&amp;hei=270\" alt=\"Robot MOULINEX connect I-Companion XL YY4418FD\" width=\"400\" height=\"270\" \/>Un robot connect\u00e9 polyvalent<\/h3>\n<p>S\u00e9lection de la recette, pr\u00e9paration, cuisson, le Robot multifonction Moulinex connect I-Companion XL HF90E700 Rose s&rsquo;occupe de tout. Il ne vous reste plus qu&rsquo;\u00e0 profiter du r\u00e9sultat\u00a0! Connectez-vous \u00e0<\/p>\n<\/div>\n<\/div>\n<p>&nbsp;<\/p>\n<div class=\"product__disclosure-content\">\n<div class=\"js-read-more product-description__content read-more read-more--truncated\" style=\"max-height: 500px; overflow: hidden;\" data-read-more-name=\"description\">\n<p>&nbsp;<\/p>\n<p>&nbsp;<\/p>\n<p>l&rsquo;application pour acc\u00e9der \u00e0 une infinit\u00e9 de recettes pour toujours plus d&rsquo;inspiration. Variez les plaisirs et d\u00e9gustez un nouveau plat chaque jour.<\/p>\n<p>Concoctez tout type de plats allant de l&rsquo;entr\u00e9e au dessert en passant par la soupe ou la p\u00e2te \u00e0 pizza avec le Connect I-Companion XL . Le Robot est compatible avec la balance connect\u00e9e (non incluse et en option) pour vous aidez \u00e0 trouver des recettes avec ce que vous avez dans votre frigo.Vous pouvez aussi, feuilleter le livre de recettes inclus pour trouver encore plus d&rsquo;id\u00e9es.<\/p>\n<h3>Une utilisation interactive<\/h3>\n<p>&nbsp;<\/p>\n<p>Transformez le moment de pr\u00e9parer le repas en activit\u00e9 interactive gr\u00e2ce au Robot multifonction Moulinex connect I-Companion XL HF90E700 Rose et<strong> sa fonction\u00a0\u00bb\u00a0reconnaissance vocale\u00a0\u00ab\u00a0<\/strong>. En plus de pouvoir donner les instructions de pr\u00e9paration et suivre l&rsquo;avanc\u00e9e de la recette sur votre smartphone, activez-le simplement \u00e0 la voix.<\/p>\n<\/div>\n<p>&nbsp;<\/p>\n<div class=\"js-read-more product-description__content read-more read-more--truncated\" style=\"max-height: 500px; overflow: hidden;\" data-read-more-name=\"description\">\n<p>&nbsp;<\/p>\n<p>Con\u00e7u pour vous aider dans votre quotidien, le robot Moulinex Connect I-Companion XL dispose d&rsquo;un bol taille XL d&rsquo;une capacit\u00e9 utile de 3 litres pour r\u00e9aliser des plats r\u00e9galant <strong>jusqu&rsquo;\u00e0 10 personnes<\/strong>. Avec le <strong>maintien de temp\u00e9rature<\/strong> apr\u00e8s cuisson, passez \u00e0 table d\u00e8s que vous le voulez. Pour finir, le\u00a0I-Companion XL rose vous offre la possibilit\u00e9 de mettre en avant vos talents de p\u00e2tissier avec <strong>son kit de p\u00e2tisserie inclus<\/strong> (poche \u00e0 douille, mini moule \u00e0 muffin, moule, plaque de p\u00e2tisserie et spatule).<\/p>\n<p>&nbsp;<\/p>\n<\/div>\n<p>&nbsp;<\/p>\n<\/div>","protected":false},"excerpt":{"rendered":"<div class=\"keypoints\">\n<h3 class=\"keypoints__title\">Les points cl\u00e9s<\/h3>\n<ul role=\"list\">\n<li class=\"keypoints__item\" role=\"listitem\">Battre\/Fouetter, P\u00e9trir, M\u00e9langer d\u00e9licatement, Emulsionner, Emincer, Couper\/Hacher finement, Hacher la viande, Mixer, chauffer, mijoter<\/li>\n<li class=\"keypoints__item\" role=\"listitem\">Capacit\u00e9 Large 4,5L &#8211; Bol en : inox<\/li>\n<li class=\"keypoints__item\" role=\"listitem\">Dimensions l x h x p : 35 x 32 x 31 cm &#8211; 9,15 Kg<\/li>\n<li class=\"keypoints__item\" role=\"listitem\">Pr\u00e9cision de chauffe: : par 5\u00b0C<\/li>\n<li class=\"keypoints__item keypoints__item--advantage\" role=\"listitem\"><strong>Le + :<\/strong> Kit de p\u00e2tisserie inclus<\/li>\n<\/ul>\n<\/div>","protected":false},"featured_media":51589,"template":"","meta":{"_glsr_average":0,"_glsr_ranking":0,"_glsr_reviews":0},"product_cat":[370],"product_tag":[230,371,372],"class_list":{"0":"post-99824","1":"product","2":"type-product","3":"status-publish","4":"has-post-thumbnail","6":"product_cat-robot-multifonction","7":"product_tag-cuisine-et-cuisson","8":"product_tag-robot-de-cuisine","9":"product_tag-robot-multifonction","11":"first","12":"instock","13":"sale","14":"shipping-taxable","15":"purchasable","16":"product-type-simple"},"_links":{"self":[{"href":"https:\/\/electromenagerexpress.com\/en\/wp-json\/wp\/v2\/product\/99824","targetHints":{"allow":["GET"]}}],"collection":[{"href":"https:\/\/electromenagerexpress.com\/en\/wp-json\/wp\/v2\/product"}],"about":[{"href":"https:\/\/electromenagerexpress.com\/en\/wp-json\/wp\/v2\/types\/product"}],"wp:featuredmedia":[{"embeddable":true,"href":"https:\/\/electromenagerexpress.com\/en\/wp-json\/wp\/v2\/media\/51589"}],"wp:attachment":[{"href":"https:\/\/electromenagerexpress.com\/en\/wp-json\/wp\/v2\/media?parent=99824"}],"wp:term":[{"taxonomy":"product_cat","embeddable":true,"href":"https:\/\/electromenagerexpress.com\/en\/wp-json\/wp\/v2\/product_cat?post=99824"},{"taxonomy":"product_tag","embeddable":true,"href":"https:\/\/electromenagerexpress.com\/en\/wp-json\/wp\/v2\/product_tag?post=99824"}],"curies":[{"name":"wp","href":"https:\/\/api.w.org\/{rel}","templated":true}]}}