{"id":99820,"date":"2024-11-28T11:48:03","date_gmt":"2024-11-28T11:48:03","guid":{"rendered":"https:\/\/electromenagerexpress.com\/product\/robot-cuiseurboschmcc9555fwc\/"},"modified":"2024-11-28T11:48:08","modified_gmt":"2024-11-28T11:48:08","slug":"robot-cuiseurboschmcc9555fwc","status":"publish","type":"product","link":"https:\/\/electromenagerexpress.com\/en\/product\/robot-cuiseurboschmcc9555fwc\/","title":{"rendered":"Robot cuiseur\t\t\t\t\t\t\tBOSCH\t\t\t\tMCC9555FWC"},"content":{"rendered":"<div class=\"product-features__content\">\n<ul role=\"list\">\n<li class=\"product-features__item\" role=\"listitem\">\n<h3 class=\"product-features__label\">Choisir ce produit pour quels usages ?<\/h3>\n<ul role=\"list\">\n<li class=\"product-features__item-list__item\" role=\"listitem\"><span class=\"is--medium\">Capacit\u00e9 totale :<\/span> Capacit\u00e9 standard 3L\t\t\t\t\t<\/li>\n<li class=\"product-features__item-list__item\" role=\"listitem\"><span class=\"is--medium\">\u00c0 quoi \u00e7a sert :<\/span> Battre\/Fouetter, P\u00e9trir, M\u00e9langer d\u00e9licatement, Emulsionner, Emincer, Couper\/Hacher finement, Hacher la viande, R\u00e2per, Mixer, chauffer, cuire \u00e0 la vapeur, mijoter, rissoler, Peser les aliments\t\t\t\t\t<\/li>\n<\/ul>\n<\/li>\n<li class=\"product-features__item\" role=\"listitem\">\n<h3 class=\"product-features__label\">Fonctions de pr\u00e9paration<\/h3>\n<ul role=\"list\">\n<li class=\"product-features__item-list__item\" role=\"listitem\"><span class=\"is--medium\">Battre\/Fouetter :<\/span> oui, id\u00e9al pour les blancs en neige, la chantilly, la p\u00e2te \u00e0 cr\u00eape.\t\t\t\t\t<\/li>\n<li class=\"product-features__item-list__item\" role=\"listitem\"><span class=\"is--medium\">P\u00e9trir :<\/span> oui, pour pr\u00e9parer les p\u00e2tes \u00e0 pain, pizza, bris\u00e9e.\t\t\t\t\t<\/li>\n<li class=\"product-features__item-list__item\" role=\"listitem\"><span class=\"is--medium\">M\u00e9langer d\u00e9licatement :<\/span> oui, pour pr\u00e9parer les mousses au chocolat, les souffl\u00e9s (reproduit le geste de la main).\t\t\t\t\t<\/li>\n<li class=\"product-features__item-list__item\" role=\"listitem\"><span class=\"is--medium\">Emulsionner :<\/span> oui, pour pr\u00e9parer les mayonnaises, sauces vinaigrettes.\t\t\t\t\t<\/li>\n<li class=\"product-features__item-list__item\" role=\"listitem\"><span class=\"is--medium\">Emincer :<\/span> oui, couper en tranches ou lamelles vos l\u00e9gumes.\t\t\t\t\t<\/li>\n<li class=\"product-features__item-list__item\" role=\"listitem\"><span class=\"is--medium\">Couper\/Hacher finement :<\/span> oui, pour pr\u00e9parer des tartares, hacher ail et fines herbes.\t\t\t\t\t<\/li>\n<li class=\"product-features__item-list__item\" role=\"listitem\"><span class=\"is--medium\">Hacher la viande :<\/span> oui, pour pr\u00e9parer les viandes, le chili con carne, les steaks hach\u00e9s maison, la bolognaise avec le hachoir\t\t\t\t\t<\/li>\n<li class=\"product-features__item-list__item\" role=\"listitem\"><span class=\"is--medium\">R\u00e2per :<\/span> oui, pour les carottes, gruy\u00e8re.\t\t\t\t\t<\/li>\n<li class=\"product-features__item-list__item\" role=\"listitem\"><span class=\"is--medium\">Mixer :<\/span> oui, pour pr\u00e9parer les coulis, les soupes.\t\t\t\t\t<\/li>\n<li class=\"product-features__item-list__item\" role=\"listitem\"><span class=\"is--medium\">Cuire les aliments :<\/span> chauffer, mijoter, rissoler, cuire \u00e0 la vapeur\t\t\t\t\t<\/li>\n<li class=\"product-features__item-list__item\" role=\"listitem\"><span class=\"is--medium\">Peser les aliments :<\/span> oui, pour peser avec pr\u00e9cision directement dans le bol ou dans les diff\u00e9rents accessoires d\u00e9di\u00e9s\t\t\t\t\t<\/li>\n<\/ul>\n<\/li>\n<li class=\"product-features__item\" role=\"listitem\">\n<h3 class=\"product-features__label\">Cuisson<\/h3>\n<ul role=\"list\">\n<li class=\"product-features__item-list__item\" role=\"listitem\"><span class=\"is--medium\">Cuisson vapeur :<\/span> Oui\t\t\t\t\t<\/li>\n<li class=\"product-features__item-list__item\" role=\"listitem\"><span class=\"is--medium\">Type de chauffe :<\/span> classique\t\t\t\t\t<\/li>\n<li class=\"product-features__item-list__item\" role=\"listitem\"><span class=\"is--medium\">Le saviez-vous ? :<\/span> la cuisson \u00e0 basse temp\u00e9rature permet de pr\u00e9server les vitamines des aliments\t\t\t\t\t<\/li>\n<li class=\"product-features__item-list__item\" role=\"listitem\"><span class=\"is--medium\">Maintien au chaud :<\/span> manuel\t\t\t\t\t<\/li>\n<li class=\"product-features__item-list__item\" role=\"listitem\"><span class=\"is--medium\">Cuisson bol ouvert :<\/span> oui, permet de rissoler et saisir les aliments\t\t\t\t\t<\/li>\n<li class=\"product-features__item-list__item\" role=\"listitem\"><span class=\"is--medium\">Recettes pr\u00e9-programm\u00e9es :<\/span> 150\t\t\t\t\t<\/li>\n<li class=\"product-features__item-list__item\" role=\"listitem\"><span class=\"is--medium\">Mode de cuissson automatique :<\/span> mijoter\t\t\t\t\t<\/li>\n<li class=\"product-features__item-list__item\" role=\"listitem\"><span class=\"is--medium\">Mode de cuisson adapt\u00e9 (manuel) :<\/span> permet de personnaliser les recettes en g\u00e9rant le mode de cuisson, la vitesse, la temp\u00e9rature et le temps de cuisson\t\t\t\t\t<\/li>\n<li class=\"product-features__item-list__item\" role=\"listitem\"><span class=\"is--medium\">Pr\u00e9csion de chauffe :<\/span> au degr\u00e9s pr\u00e8s\t\t\t\t\t<\/li>\n<\/ul>\n<\/li>\n<li class=\"product-features__item\" role=\"listitem\">\n<h3 class=\"product-features__label\">Nombre de bols et leurs capacit\u00e9s<\/h3>\n<ul role=\"list\">\n<li class=\"product-features__item-list__item\" role=\"listitem\"><span class=\"is--medium\">Capacit\u00e9 totale du bol principal :<\/span> Capacit\u00e9 standard 3L\t\t\t\t\t<\/li>\n<li class=\"product-features__item-list__item\" role=\"listitem\"><span class=\"is--medium\">Poign\u00e9e(s) du bol principal :<\/span> 2 sur le c\u00f4t\u00e9 id\u00e9al pour les pr\u00e9parations lourdes\t\t\t\t\t<\/li>\n<li class=\"product-features__item-list__item\" role=\"listitem\"><span class=\"is--medium\">Poids du bol principal :<\/span> Non communiqu\u00e9\t\t\t\t\t<\/li>\n<li class=\"product-features__item-list__item\" role=\"listitem\"><span class=\"is--medium\">Mati\u00e8re du bol principal :<\/span> acier inoxydable\t\t\t\t\t<\/li>\n<li class=\"product-features__item-list__item\" role=\"listitem\"><span class=\"is--medium\">Mati\u00e8re du bol principal : :<\/span> acier inoxydable\t\t\t\t\t<\/li>\n<\/ul>\n<\/li>\n<li class=\"product-features__item\" role=\"listitem\">\n<h3 class=\"product-features__label\">Accessoires inclus<\/h3>\n<ul role=\"list\">\n<li class=\"product-features__item-list__item\" role=\"listitem\"><span class=\"is--medium\">Accessoires :<\/span> adaptateur fond plat, batteur, couteau hachoir, couteau p\u00e9trin\/concasseur, couvercle anti-projections, d\u00e9coupe l\u00e9gumes, disque(s) \u00e9minceur, disque(s) r\u00e2peur, fouet, lame de p\u00e9trissage, lame universelle, m\u00e9langeur, panier de cuisson, panier vapeur, poussoir, rapeur\/Eminceur, rapeur\/Trancheur, spatule\t\t\t\t\t<\/li>\n<\/ul>\n<\/li>\n<li class=\"product-features__item\" role=\"listitem\">\n<h3 class=\"product-features__label\">Confort et performance<\/h3>\n<ul role=\"list\">\n<li class=\"product-features__item-list__item\" role=\"listitem\"><span class=\"is--medium\">Type de moteur :<\/span> classique\t\t\t\t\t<\/li>\n<li class=\"product-features__item-list__item\" role=\"listitem\"><span class=\"is--medium\">Puissance en watts :<\/span> 1.750 W\t\t\t\t\t<\/li>\n<li class=\"product-features__item-list__item\" role=\"listitem\"><span class=\"is--medium\">Nombre de vitesses :<\/span> 18\t\t\t\t\t<\/li>\n<li class=\"product-features__item-list__item\" role=\"listitem\"><span class=\"is--medium\">S\u00e9lecteur de vitesse :<\/span> oui, permet de choisir la vitesse adapt\u00e9e selon les pr\u00e9parations\t\t\t\t\t<\/li>\n<li class=\"product-features__item-list__item\" role=\"listitem\"><span class=\"is--medium\">Touche pulse :<\/span> non\t\t\t\t\t<\/li>\n<li class=\"product-features__item-list__item\" role=\"listitem\"><span class=\"is--medium\">Touche turbo :<\/span> non\t\t\t\t\t<\/li>\n<li class=\"product-features__item-list__item\" role=\"listitem\"><span class=\"is--medium\">Mat\u00e9riau du corps :<\/span> ABS plastique haute r\u00e9sistance\t\t\t\t\t<\/li>\n<li class=\"product-features__item-list__item\" role=\"listitem\"><span class=\"is--medium\">Poids :<\/span> 13,70 Kg\t\t\t\t\t<\/li>\n<li class=\"product-features__item-list__item\" role=\"listitem\"><span class=\"is--medium\">Ecran :<\/span> tactile\t\t\t\t\t<\/li>\n<li class=\"product-features__item-list__item\" role=\"listitem\"><span class=\"is--medium\">Suivi des recettes pas \u00e0 pas :<\/span> via l&rsquo;\u00e9cran du robot\t\t\t\t\t<\/li>\n<li class=\"product-features__item-list__item\" role=\"listitem\"><span class=\"is--medium\">Connect\u00e9 :<\/span> oui\t\t\t\t\t<\/li>\n<li class=\"product-features__item-list__item\" role=\"listitem\"><span class=\"is--medium\">Compatibilit\u00e9 :<\/span> IOS et Android\t\t\t\t\t<\/li>\n<li class=\"product-features__item-list__item\" role=\"listitem\"><span class=\"is--medium\">Nom de l&rsquo;application d\u00e9di\u00e9e :<\/span> Home Connect\t\t\t\t\t<\/li>\n<li class=\"product-features__item-list__item\" role=\"listitem\"><span class=\"is--medium\">Balance int\u00e9gr\u00e9e au robot :<\/span> Oui\t\t\t\t\t<\/li>\n<li class=\"product-features__item-list__item\" role=\"listitem\"><span class=\"is--medium\">Longueur du cordon d&rsquo;alimentation :<\/span> 130,00 m\t\t\t\t\t<\/li>\n<li class=\"product-features__item-list__item\" role=\"listitem\"><span class=\"is--medium\">Minuteur :<\/span> Oui\t\t\t\t\t<\/li>\n<li class=\"product-features__item-list__item\" role=\"listitem\"><span class=\"is--medium\">Connect\u00e9 : :<\/span> oui, pour avoir acc\u00e8s \u00e0 une multitude de recettes et en suivre les diff\u00e9rentes \u00e9tapes\t\t\t\t\t<\/li>\n<\/ul>\n<\/li>\n<li class=\"product-features__item\" role=\"listitem\">\n<h3 class=\"product-features__label\">Nettoyage<\/h3>\n<ul role=\"list\">\n<li class=\"product-features__item-list__item\" role=\"listitem\"><span class=\"is--medium\">Programme de rin\u00e7age :<\/span> Oui\t\t\t\t\t<\/li>\n<li class=\"product-features__item-list__item\" role=\"listitem\"><span class=\"is--medium\">Compatibilit\u00e9 lave vaisselle :<\/span> Toutes les pi\u00e8ces amovibles\t\t\t\t\t<\/li>\n<\/ul>\n<\/li>\n<li class=\"product-features__item\" role=\"listitem\">\n<h3 class=\"product-features__label\">S\u00e9curit\u00e9<\/h3>\n<ul role=\"list\">\n<li class=\"product-features__item-list__item\" role=\"listitem\"><span class=\"is--medium\">Arr\u00eat automatique :<\/span> Oui\t\t\t\t\t<\/li>\n<li class=\"product-features__item-list__item\" role=\"listitem\"><span class=\"is--medium\">S\u00e9curit\u00e9 couvercle :<\/span> Oui\t\t\t\t\t<\/li>\n<li class=\"product-features__item-list__item\" role=\"listitem\"><span class=\"is--medium\">Pieds antid\u00e9rapants :<\/span> Oui\t\t\t\t\t<\/li>\n<li class=\"product-features__item-list__item\" role=\"listitem\"><span class=\"is--medium\">Sans Bisph\u00e9nol A (BPA) :<\/span> sans composants chimiques\t\t\t\t\t<\/li>\n<\/ul>\n<\/li>\n<li class=\"product-features__item\" role=\"listitem\">\n<h3 class=\"product-features__label\">Informations compl\u00e9mentaires<\/h3>\n<ul role=\"list\">\n<li class=\"product-features__item-list__item\" role=\"listitem\"><span class=\"is--medium\">Disponibilit\u00e9 des pi\u00e8ces d\u00e9tach\u00e9es (donn\u00e9es fournisseur) :<\/span> Pendant 7 ans, \u00e0 compter de la date fin de fabrication\t\t\t\t\t<\/li>\n<li class=\"product-features__item-list__item\" role=\"listitem\"><span class=\"is--medium\">Fabriqu\u00e9 en :<\/span> Slovaquie\t\t\t\t\t<\/li>\n<li class=\"product-features__item-list__item\" role=\"listitem\"><span class=\"is--medium\">R\u00e9f\u00e9rence constructeur :<\/span> MCC9555FWC\t\t\t\t\t<\/li>\n<li class=\"product-features__item-list__item\" role=\"listitem\"><span class=\"is--medium\">Marque :<\/span> BOSCH\t\t\t\t\t<\/li>\n<\/ul>\n<\/li>\n<\/ul>\n<\/div>\n<div class=\"product__disclosure-content\">\n<div class=\"js-read-more product-description__content read-more read-more--truncated\" data-read-more-name=\"description\" style=\"max-height: 500px; overflow: hidden;\">\n<p>Cookit de Bosch, la cuisine r\u00e9invent\u00e9e. <\/p>\n<p>3 modes d&rsquo;utilisation : mode recette guid\u00e9e, mode programmes automatiques et mode manuel<\/p>\n<li>Cuisson jusqu&rsquo;\u00e0 200 \u00b0C : une temp\u00e9rature r\u00e9glable de 37 \u00b0C \u00e0 200 \u00b0C pour des viandes, poissons et l\u00e9gumes plus savoureux.<\/li>\n<p><\/p>\n<li>Bol XL avec technologie Smart Sensor : cuisiner en grand avec une capacit\u00e9 de 3 l pour servir jusqu&rsquo;\u00e0 8 personnes.<\/li>\n<p><\/p>\n<li>7 accessoires de qualit\u00e9 professionnelle inclus : pour m\u00e9langer, p\u00e9trir, couper, r\u00e2per, cuire \u00e0 la vapeur et bien plus encore.<\/li>\n<p><\/p>\n<li>Balance int\u00e9gr\u00e9e : les ingr\u00e9dients sont pes\u00e9s directement dans le bol ou sur le couvercle (pr\u00e9cision au gramme pr\u00e8s).<\/li>\n<p><\/p>\n<p><strong>Performance<\/strong><br \/>Recettes de cuisine guid\u00e9es avec instructions pas \u00e0 pas et des images pratiques pour un succ\u00e8s garanti. Syst\u00e8me avanc\u00e9 de gestion de la temp\u00e9rature : syst\u00e8me de chauffage puissant et pr\u00e9cis pour une cuisson optimale de 37\u00b0 \u00e0 200\u00b0C. Possibilit\u00e9 de r\u00e9gler par palier de 1\u00b0C. Point d&rsquo;\u00e9bullition automatique : toujours la bonne temp\u00e9rature gr\u00e2ce \u00e0 l&rsquo;ajustement automatique de la temp\u00e9rature en fonction de l&rsquo;altitude du site. Puissant moteur pour pr\u00e9parer de grandes quantit\u00e9s &#8211; par exemple jusqu&rsquo;\u00e0 1,5 kg de p\u00e2te lev\u00e9e, soit pratiquement 4 brioches.<\/p>\n<p><\/p>\n<p><strong>Polyvalence<\/strong><br \/>Plus de 150 recettes pr\u00e9install\u00e9es sur l&rsquo;appareil et plus de 1700 sont disponibles gratuitement en t\u00e9l\u00e9chargement dans l&rsquo;application Home Connect. Avec les recettes Flex, encore plus de vari\u00e9t\u00e9 gr\u00e2ce aux \u00e9tapes de pr\u00e9paration personnalis\u00e9es 24 programmes automatiques d\u00e9di\u00e9s \u00e0 des m\u00e9thodes de cuisson ou des types de pr\u00e9paration particuliers tels que la cuisson \u00e0 la vapeur, la cuisson sous vide ou le p\u00e9trissage de la p\u00e2te. Cuisinez vos propres plats avec la cuisine manuelle. La vitesse, la temp\u00e9rature et le temps sont librement param\u00e9trables. 27 fonctions de cuisson et de transformation des ingr\u00e9dients ainsi que de nombreux accessoires font de Cookit un appareil aux multiples talents.<\/p>\n<p><\/p>\n<p><strong>Confort d&rsquo;utilisation<\/strong><br \/>Gr\u00e2ce \u00e0 la balance int\u00e9gr\u00e9e, vous pouvez peser des ingr\u00e9dients jusqu&rsquo;\u00e0 5 kg directement dans le bol ou en posant un r\u00e9cipient sur le produit. Elle affiche le poids par paliers de 1 gr. Les recettes pr\u00e9f\u00e9r\u00e9es peuvent \u00eatre sauvegard\u00e9es comme favorites et rapidement retrouv\u00e9es. Le bol, le couvercle et les accessoires peuvent \u00eatre mis au lave-vaisselle pour un nettoyage rapide. Il existe \u00e9galement un programme de nettoyage utile. Gr\u00e2ce \u00e0 l&rsquo;application connect\u00e9e Home Connect, les \u00e9tapes de pr\u00e9paration en cours sont visibles sur le smartphone. Fonction pratique de maintien au chaud disponible pour plusieurs recettes.<\/p>\n<p><\/p>\n<p><strong>Accessoires de s\u00e9rie<\/strong><br \/>Livre de cuisine de grande qualit\u00e9 avec 144 recettes, des tableaux d&rsquo;application pratiques et de belles illustrations autour de la cuisine. Couteau universel : utilis\u00e9 pour hacher les aliments et p\u00e9trir la p\u00e2te. Fabriqu\u00e9 en acier inoxydable et avec un alliage sp\u00e9cial pour une tr\u00e8s longue dur\u00e9e d&rsquo;utilisation. M\u00e9langeur 3D : utilis\u00e9 pour m\u00e9langer et remuer les aliments et les retourner lors de la cuisson. Double fouet : utilis\u00e9 pour fouetter la cr\u00e8me ou les blancs d&rsquo;oeufs et pour remuer les aliments liquides, par exemple les sauces, le pudding ou la polenta. Grand panier vapeur (5,0 l) : contient 3 parties avec un fond interm\u00e9diaire pratique pour la cuisson \u00e0 la vapeur sur plusieurs niveaux et un couvercle, qui sert \u00e9galement de bac d&rsquo;\u00e9gouttage. Capacit\u00e9 pour environ 2,4 kg de pommes de terre de taille moyenne. Petit panier vapeur pour cuire les ingr\u00e9dients directement dans le bol. Capacit\u00e9 pour environ 1 kg de pommes de terre de taille moyenne. Accessoires pour r\u00e2per et d\u00e9couper avec 2 disques r\u00e9versibles en acier inoxydable pour une coupe fine ou \u00e9paisse et r\u00e2per de fa\u00e7on fine ou grossiere Spatule en plastique rigide sp\u00e9cial r\u00e9sistant \u00e0 la chaleur. Con\u00e7ue non seulement pour remuer et racler, mais aussi pour retirer les accessoires avec l&rsquo;ouverture sur son manche.<\/p>\n<p><\/p>\n<p><strong>Mat\u00e9riaux<\/strong><br \/>Conception de grande qualit\u00e9 avec \u00e9cran tactile haute r\u00e9solution. Plastique de haute qualit\u00e9 : r\u00e9siste \u00e0 la chaleur, passe au lave-vaisselle et sans BPA. Bol XL en acier inoxydable bross\u00e9<\/p>\n<p><\/p>\n<p><strong>S\u00e9curit\u00e9<\/strong><br \/>Couvercle s\u00e9curis\u00e9 : l&rsquo;appareil arr\u00eate la pr\u00e9paration d\u00e8s que le couvercle est ouvert. Risque limit\u00e9 d&rsquo;aliments br\u00fbl\u00e9s : arr\u00eat automatique apr\u00e8s la fin d&rsquo;une \u00e9tape de pr\u00e9paration. Pieds ventouse : pour une pr\u00e9paration s\u00fbre. D\u00e9tection de d\u00e9s\u00e9quilibre et mouvements trop forts : l&rsquo;appareil enregistre une surcharge et s&rsquo;arr\u00eate, par ex. lors du traitement d&rsquo;une trop grande quantit\u00e9.<\/p>\n<p><\/p>\n<p><strong>Dimensions<\/strong><br \/>Dimensions couvercle ferm\u00e9 (hauteur x largeur x profondeur en cm): 31,1 x 34,1 x 45,7 cm Dim.<\/p>\n<\/p>\n<p><strong> Cookit de Bosch, la cuisine r\u00e9invent\u00e9e. <\/strong><\/p>\n<p><\/p>\n<ul><\/p>\n<ul><\/p>\n<li>3 modes d&rsquo;utilisation : mode recette guid\u00e9e, mode programmes automatiques et mode manuel<\/li>\n<p><\/ul>\n<p><\/ul>\n<p><\/p>\n<p>\u00a0<\/p>\n<p><\/p>\n<ul><\/p>\n<ul><\/p>\n<li>Cuisson jusqu&rsquo;\u00e0 200 \u00b0C : une temp\u00e9rature r\u00e9glable de 37 \u00b0C \u00e0 200 \u00b0C pour des viandes, poissons et l\u00e9gumes plus savoureux.<\/li>\n<p><\/ul>\n<p><\/ul>\n<p><\/p>\n<p>\u00a0<\/p>\n<p><\/p>\n<ul><\/p>\n<ul><\/p>\n<li>Bol XL avec technologie Smart Sensor : cuisiner en grand avec une capacit\u00e9 de 3 l pour servir jusqu&rsquo;\u00e0 8 personnes.<\/li>\n<p><\/ul>\n<p><\/ul>\n<p><\/p>\n<p>\u00a0<\/p>\n<p><\/p>\n<ul><\/p>\n<ul><\/p>\n<li>7 accessoires de qualit\u00e9 professionnelle inclus : pour m\u00e9langer, p\u00e9trir, couper, r\u00e2per, cuire \u00e0 la vapeur et bien plus encore.<\/li>\n<p><\/ul>\n<p><\/ul>\n<p><\/p>\n<p>\u00a0<\/p>\n<p><\/p>\n<ul><\/p>\n<ul><\/p>\n<li>Balance int\u00e9gr\u00e9e : les ingr\u00e9dients sont pes\u00e9s directement dans le bol ou sur le couvercle (pr\u00e9cision au gramme pr\u00e8s).<\/li>\n<p><\/ul>\n<p><\/ul>\n<p><\/p>\n<\/p>\n<\/div>\n<p><bl-button a11yexpanded=\"false\" arialabel=\"Afficher toute la description\" class=\"read-more__btn\" full=\"false\" link=\"true\">Voir plus<\/bl-button><\/div>","protected":false},"excerpt":{"rendered":"<div class=\"keypoints\">\n<h3 class=\"keypoints__title\">Les points cl\u00e9s<\/h3>\n<ul role=\"list\">\n<li class=\"keypoints__item\" role=\"listitem\">                                        Battre\/Fouetter, P\u00e9trir, M\u00e9langer d\u00e9licatement, Emulsionner, Emincer, Couper\/Hacher finement, Hacher la viande, R\u00e2per, Mixer, chauffer, cuire \u00e0 la vapeur, mijoter, rissoler, Peser les aliments                      <\/li>\n<li class=\"keypoints__item\" role=\"listitem\">                          Capacit\u00e9 standard 3L &#8211;                                                      Bol en : inox                      <\/li>\n<li class=\"keypoints__item\" role=\"listitem\">                                        13,70 Kg                      <\/li>\n<li class=\"keypoints__item\" role=\"listitem\">                          Pr\u00e9cision de chauffe: : au degr\u00e9s pr\u00e8s &#8211;                                                      Robot connect\u00e9                      <\/li>\n<li class=\"keypoints__item keypoints__item--advantage\" role=\"listitem\"><strong>Le + :<\/strong> Avec Cookit, r\u00e2pez, \u00e9mincez ou coupez en rondelles !      <\/li>\n<\/ul>","protected":false},"featured_media":51558,"template":"","meta":{"_glsr_average":0,"_glsr_ranking":0,"_glsr_reviews":0},"product_cat":[370],"product_tag":[230,371,372],"class_list":{"0":"post-99820","1":"product","2":"type-product","3":"status-publish","4":"has-post-thumbnail","6":"product_cat-robot-multifonction","7":"product_tag-cuisine-et-cuisson","8":"product_tag-robot-de-cuisine","9":"product_tag-robot-multifonction","11":"first","12":"instock","13":"sale","14":"shipping-taxable","15":"purchasable","16":"product-type-simple"},"_links":{"self":[{"href":"https:\/\/electromenagerexpress.com\/en\/wp-json\/wp\/v2\/product\/99820","targetHints":{"allow":["GET"]}}],"collection":[{"href":"https:\/\/electromenagerexpress.com\/en\/wp-json\/wp\/v2\/product"}],"about":[{"href":"https:\/\/electromenagerexpress.com\/en\/wp-json\/wp\/v2\/types\/product"}],"wp:featuredmedia":[{"embeddable":true,"href":"https:\/\/electromenagerexpress.com\/en\/wp-json\/wp\/v2\/media\/51558"}],"wp:attachment":[{"href":"https:\/\/electromenagerexpress.com\/en\/wp-json\/wp\/v2\/media?parent=99820"}],"wp:term":[{"taxonomy":"product_cat","embeddable":true,"href":"https:\/\/electromenagerexpress.com\/en\/wp-json\/wp\/v2\/product_cat?post=99820"},{"taxonomy":"product_tag","embeddable":true,"href":"https:\/\/electromenagerexpress.com\/en\/wp-json\/wp\/v2\/product_tag?post=99820"}],"curies":[{"name":"wp","href":"https:\/\/api.w.org\/{rel}","templated":true}]}}