{"id":99818,"date":"2024-11-28T11:47:47","date_gmt":"2024-11-28T11:47:47","guid":{"rendered":"https:\/\/electromenagerexpress.com\/product\/robot-multifonctionklarsteinlucia-elegance-1300w-rouge\/"},"modified":"2024-11-28T11:47:51","modified_gmt":"2024-11-28T11:47:51","slug":"robot-multifonctionklarsteinlucia-elegance-1300w-rouge","status":"publish","type":"product","link":"https:\/\/electromenagerexpress.com\/en\/product\/robot-multifonctionklarsteinlucia-elegance-1300w-rouge\/","title":{"rendered":"Robot multifonction\t\t\t\t\t\t\tKLARSTEIN\t\t\t\tLucia Elegance 1300W Rouge"},"content":{"rendered":"<div class=\"product-features__content\">\n<ul role=\"list\">\n<li class=\"product-features__item\" role=\"listitem\">\n<h3 class=\"product-features__label\">Choisir ce produit pour quels usages ?<\/h3>\n<ul role=\"list\">\n<li class=\"product-features__item-list__item\" role=\"listitem\"><span class=\"is--medium\">Capacit\u00e9 totale :<\/span> Capacit\u00e9 standard 3L\t\t\t\t\t<\/li>\n<li class=\"product-features__item-list__item\" role=\"listitem\"><span class=\"is--medium\">\u00c0 quoi \u00e7a sert :<\/span> Battre\/Fouetter, P\u00e9trir, Emulsionner, Emincer, Couper\/Hacher finement, Hacher la viande, Mixer, Pr\u00e9parer les jus\t\t\t\t\t<\/li>\n<\/ul>\n<\/li>\n<li class=\"product-features__item\" role=\"listitem\">\n<h3 class=\"product-features__label\">Fonctions de pr\u00e9paration<\/h3>\n<ul role=\"list\">\n<li class=\"product-features__item-list__item\" role=\"listitem\"><span class=\"is--medium\">Battre\/Fouetter :<\/span> oui, id\u00e9al pour les blancs en neige, la chantilly, la p\u00e2te \u00e0 cr\u00eape.\t\t\t\t\t<\/li>\n<li class=\"product-features__item-list__item\" role=\"listitem\"><span class=\"is--medium\">P\u00e9trir :<\/span> oui, pour pr\u00e9parer les p\u00e2tes \u00e0 pain, pizza, bris\u00e9e.\t\t\t\t\t<\/li>\n<li class=\"product-features__item-list__item\" role=\"listitem\"><span class=\"is--medium\">Emulsionner :<\/span> oui, pour pr\u00e9parer les mayonnaises, sauces vinaigrettes.\t\t\t\t\t<\/li>\n<li class=\"product-features__item-list__item\" role=\"listitem\"><span class=\"is--medium\">Emincer :<\/span> oui, couper en tranches ou lamelles vos l\u00e9gumes.\t\t\t\t\t<\/li>\n<li class=\"product-features__item-list__item\" role=\"listitem\"><span class=\"is--medium\">Couper\/Hacher finement :<\/span> oui, pour pr\u00e9parer des tartares, hacher ail et fines herbes.\t\t\t\t\t<\/li>\n<li class=\"product-features__item-list__item\" role=\"listitem\"><span class=\"is--medium\">Hacher la viande :<\/span> oui, pour pr\u00e9parer les viandes, le chili con carne, les steaks hach\u00e9s maison, la bolognaise avec le hachoir\t\t\t\t\t<\/li>\n<li class=\"product-features__item-list__item\" role=\"listitem\"><span class=\"is--medium\">Mixer :<\/span> oui, pour pr\u00e9parer les coulis, les soupes.\t\t\t\t\t<\/li>\n<li class=\"product-features__item-list__item\" role=\"listitem\"><span class=\"is--medium\">Pr\u00e9parer les jus :<\/span> oui, centrifugeuse pour les fruits et les l\u00e9gumes.\t\t\t\t\t<\/li>\n<li class=\"product-features__item-list__item\" role=\"listitem\"><span class=\"is--medium\">Cuire les aliments :<\/span> non\t\t\t\t\t<\/li>\n<\/ul>\n<\/li>\n<li class=\"product-features__item\" role=\"listitem\">\n<h3 class=\"product-features__label\">Nombre de bols et leurs capacit\u00e9s<\/h3>\n<ul role=\"list\">\n<li class=\"product-features__item-list__item\" role=\"listitem\"><span class=\"is--medium\">Capacit\u00e9 totale du bol principal :<\/span> Capacit\u00e9 standard 3L\t\t\t\t\t<\/li>\n<li class=\"product-features__item-list__item\" role=\"listitem\"><span class=\"is--medium\">Poids du bol principal :<\/span> 836 grammes\t\t\t\t\t<\/li>\n<li class=\"product-features__item-list__item\" role=\"listitem\"><span class=\"is--medium\">Mati\u00e8re du bol principal :<\/span> acier inoxydable\t\t\t\t\t<\/li>\n<li class=\"product-features__item-list__item\" role=\"listitem\"><span class=\"is--medium\">Mati\u00e8re du bol principal : :<\/span> acier inoxydable\t\t\t\t\t<\/li>\n<\/ul>\n<\/li>\n<li class=\"product-features__item\" role=\"listitem\">\n<h3 class=\"product-features__label\">Accessoires inclus<\/h3>\n<ul role=\"list\">\n<li class=\"product-features__item-list__item\" role=\"listitem\"><span class=\"is--medium\">Accessoires :<\/span> blender, couteau p\u00e9trin\/concasseur, fouet\t\t\t\t\t<\/li>\n<\/ul>\n<\/li>\n<li class=\"product-features__item\" role=\"listitem\">\n<h3 class=\"product-features__label\">Confort et performance<\/h3>\n<ul role=\"list\">\n<li class=\"product-features__item-list__item\" role=\"listitem\"><span class=\"is--medium\">Type de moteur :<\/span> classique\t\t\t\t\t<\/li>\n<li class=\"product-features__item-list__item\" role=\"listitem\"><span class=\"is--medium\">Puissance en watts :<\/span> 1.300 W\t\t\t\t\t<\/li>\n<li class=\"product-features__item-list__item\" role=\"listitem\"><span class=\"is--medium\">Nombre de vitesses :<\/span> 6\t\t\t\t\t<\/li>\n<li class=\"product-features__item-list__item\" role=\"listitem\"><span class=\"is--medium\">S\u00e9lecteur de vitesse :<\/span> oui, permet de choisir la vitesse adapt\u00e9e selon les pr\u00e9parations\t\t\t\t\t<\/li>\n<li class=\"product-features__item-list__item\" role=\"listitem\"><span class=\"is--medium\">Touche pulse :<\/span> oui, permet une acc\u00e9l\u00e9ration \u00e0 la demande, id\u00e9al pour piler des gla\u00e7ons, pr\u00e9parer des smoothies avec des fruits surgel\u00e9s\t\t\t\t\t<\/li>\n<li class=\"product-features__item-list__item\" role=\"listitem\"><span class=\"is--medium\">Touche turbo :<\/span> oui, permet de passer rapidement \u00e0 la vitesse maximale\t\t\t\t\t<\/li>\n<li class=\"product-features__item-list__item\" role=\"listitem\"><span class=\"is--medium\">Mat\u00e9riau du corps :<\/span> Plastique\t\t\t\t\t<\/li>\n<li class=\"product-features__item-list__item\" role=\"listitem\"><span class=\"is--medium\">Poids :<\/span> 8,00 Kg\t\t\t\t\t<\/li>\n<li class=\"product-features__item-list__item\" role=\"listitem\"><span class=\"is--medium\">Suivi des recettes pas \u00e0 pas :<\/span> non\t\t\t\t\t<\/li>\n<li class=\"product-features__item-list__item\" role=\"listitem\"><span class=\"is--medium\">Connect\u00e9 :<\/span> non\t\t\t\t\t<\/li>\n<li class=\"product-features__item-list__item\" role=\"listitem\"><span class=\"is--medium\">Balance int\u00e9gr\u00e9e au robot :<\/span> Non\t\t\t\t\t<\/li>\n<li class=\"product-features__item-list__item\" role=\"listitem\"><span class=\"is--medium\">Longueur du cordon d&rsquo;alimentation :<\/span> 0,50 m\t\t\t\t\t<\/li>\n<li class=\"product-features__item-list__item\" role=\"listitem\"><span class=\"is--medium\">Minuteur :<\/span> Non\t\t\t\t\t<\/li>\n<\/ul>\n<\/li>\n<li class=\"product-features__item\" role=\"listitem\">\n<h3 class=\"product-features__label\">Nettoyage<\/h3>\n<ul role=\"list\">\n<li class=\"product-features__item-list__item\" role=\"listitem\"><span class=\"is--medium\">Programme de rin\u00e7age :<\/span> Non\t\t\t\t\t<\/li>\n<\/ul>\n<\/li>\n<li class=\"product-features__item\" role=\"listitem\">\n<h3 class=\"product-features__label\">S\u00e9curit\u00e9<\/h3>\n<ul role=\"list\">\n<li class=\"product-features__item-list__item\" role=\"listitem\"><span class=\"is--medium\">Arr\u00eat automatique :<\/span> Oui\t\t\t\t\t<\/li>\n<li class=\"product-features__item-list__item\" role=\"listitem\"><span class=\"is--medium\">S\u00e9curit\u00e9 couvercle :<\/span> Oui\t\t\t\t\t<\/li>\n<li class=\"product-features__item-list__item\" role=\"listitem\"><span class=\"is--medium\">Pieds antid\u00e9rapants :<\/span> Oui\t\t\t\t\t<\/li>\n<\/ul>\n<\/li>\n<li class=\"product-features__item\" role=\"listitem\">\n<h3 class=\"product-features__label\">Informations compl\u00e9mentaires<\/h3>\n<ul role=\"list\">\n<li class=\"product-features__item-list__item\" role=\"listitem\"><span class=\"is--medium\">Disponibilit\u00e9 des pi\u00e8ces d\u00e9tach\u00e9es (donn\u00e9es fournisseur) :<\/span> Non communiqu\u00e9e\t\t\t\t\t<\/li>\n<li class=\"product-features__item-list__item\" role=\"listitem\"><span class=\"is--medium\">Fabriqu\u00e9 en :<\/span> Chine\t\t\t\t\t<\/li>\n<li class=\"product-features__item-list__item\" role=\"listitem\"><span class=\"is--medium\">R\u00e9f\u00e9rence constructeur :<\/span> Lucia Elegance 1300W Rouge\t\t\t\t\t<\/li>\n<li class=\"product-features__item-list__item\" role=\"listitem\"><span class=\"is--medium\">Marque :<\/span> KLARSTEIN\t\t\t\t\t<\/li>\n<\/ul>\n<\/li>\n<li class=\"product-features__item\" role=\"listitem\">\n<h3 class=\"product-features__label\">Dimensions<\/h3>\n<ul role=\"list\">\n<li class=\"product-features__item-list__item\" role=\"listitem\"><span class=\"is--medium\">Dimensions l x h x p :<\/span> 44 x 60 x 23 cm\t\t\t\t\t<\/li>\n<\/ul>\n<\/li>\n<\/ul>\n<\/div>\n<div class=\"product__disclosure-content\">\n<div class=\"js-read-more product-description__content read-more read-more--truncated\" data-read-more-name=\"description\" style=\"max-height: 500px; overflow: hidden;\">\n<p>Un robot de cuisine \u00e9prouv\u00e9 dans sa nouvelle version! Le robot de cuisine Lucia<br \/>Elegance de Klarstein allie une puissance polyvalente \u00e0 une nouvelle dimension.<\/p>\n<p>Le robot de cuisine 3-en-1 Lucia Elegance de Klarstein est le robot multitalent de la<br \/>cuisine:\u00a0<b>batteur-m\u00e9langeur<\/b>\u00a0pour p\u00e9trir, m\u00e9langer ou battre,\u00a0<b>mixeur<\/b>\u00a0pour broyer<br \/>et\u00a0mixer et\u00a0<b>hachoir<\/b>\u00a0pour une viande fra\u00eechement hach\u00e9e, des saucisses faites maison<br \/>ou\u00a0une d\u00e9licieuse vari\u00e9t\u00e9 de p\u00e2tes. Dor\u00e9navant, diversit\u00e9 est le mot magique de<br \/>votre\u00a0cuisine, car ce robot peut presque tout faire en un seul appareil ! Avec 1300 W<br \/>de\u00a0puissance et 6 vitesses, le Lucia travaille les ingr\u00e9dients comme aucun autre<br \/>appareil. Bien s\u00fbr,\u00a0le pr\u00e9cieux syst\u00e8me de rotation plan\u00e9taire de\u00a0<b>Klarstein<\/b>, gr\u00e2ce<br \/>auquel les 3 \u00e9l\u00e9ments\u00a0m\u00e9langeurs interchangeables ne tournent pas seulement sur<br \/>eux-m\u00eames, mais aussi\u00a0constamment le long du bord du bol, est aussi de la partie.<br \/>Ainsi, la p\u00e2te est sans\u00a0cesse repouss\u00e9e vers le milieu et m\u00e9lang\u00e9e de mani\u00e8re<br \/>optimale. Mais ces caract\u00e9ristiques ne suffisent pas dans une cuisine moderne.<br \/>S&rsquo;alimenter et cuisiner consciemment d\u00e9pendent aussi du choix du mat\u00e9riel. Un\u00a0bol<br \/>m\u00e9langeur de 5 litres de volume en acier inoxydable tout comme le pichet de mixage de<br \/>1,5 litre sont enti\u00e8rement en verre neutre au go\u00fbt et sans BPA. Le hachoir respecte<br \/>aussi cette approche : il est fabriqu\u00e9 en aluminium robuste moul\u00e9 sous pression. Et<br \/>pour que vous ayez \u00e0 votre disposition l&rsquo;outil ad\u00e9quat pour toute activit\u00e9 culinaire,<br \/>le\u00a0<b>robot de cuisine<\/b><\/p>\n<p><b>multifonctionnel<\/b>\u00a0Lucia Elegance de\u00a0<b>Klarstein<\/b>\u00a0est livr\u00e9 avec 16 accessoires\u00a0: outre le<br \/>batteur plat et le crochet \u00e0 p\u00e9trin, le fouet et l&rsquo;entonnoir \u00e0 hachoir, il\u00a0contient 3<br \/>accessoires \u00e0 viandes, un couteau \u00e0 viande, un accessoire \u00e0 saucisse, un accessoire \u00e0<br \/>biscuit et six moules \u00e0 p\u00e2tes. D&rsquo;un point de vue esth\u00e9tique, le robot de cuisine est<br \/>tout aussi impressionnant: avec son design compact en plastique ABS, le m\u00e9langeur<br \/>Lucia Elegance de Klarstein s&rsquo;int\u00e8gre parfaitement dans toutes les cuisines,<br \/>notamment gr\u00e2ce \u00e0 ses applications de couleur cuivr\u00e9e qui lui donne un \u00e9clat<br \/>particulier.<\/p>\n<p>Plus de diversit\u00e9 et d&rsquo;\u00e9l\u00e9gance pour la cuisine : le\u00a0Lucia Elegance est le robot de<br \/>cuisine de r\u00e9f\u00e9rence sous bien des aspects.<\/p>\n<p><b>Top Features:<\/b><\/p>\n<p>\u2022 <b>\u00c9l\u00e9gant<\/b>: robot de cuisine puissant avec un habillage \u00e9l\u00e9gant et des accents<br \/>cuivr\u00e9s<b>Puissant et silencieux:<\/b>\u00a0performant avec une puissance de 1300 watts et<br \/>silencieux<b>Un m\u00e9lange parfait :<\/b>\u00a0syst\u00e8me de rotation plan\u00e9taire pour un m\u00e9lange<br \/>optimal<b>Polyvalent:<\/b>\u00a0avec ses 6 niveaux d&rsquo;intensit\u00e9 et ses divers accessoires, il<br \/>permet de pr\u00e9parer diff\u00e9rents types de p\u00e2te<b>Grand volume :<\/b>\u00a0bol m\u00e9langeur de 5 litres<br \/>pour pr\u00e9parer jusqu&rsquo;\u00e0 2 kg de p\u00e2te<b>Multifonctionnel: <\/b>accessoires pour\u00a0battre, broyer,<br \/>pr\u00e9parer les saucisses, p\u00e2tes et biscuits ainsi que des accessoires \u00e0 viande et un<br \/>mixeur<b>Complet:<\/b>\u00a0accessoires adapt\u00e9s pour la viande, les saucisses et les p\u00e2tes<\/p>\n<p><b>Caract\u00e9ristiques:<\/b><\/p>\n<p>\u2022 3 accessoires de m\u00e9lange \u00e9changeables : crochet \u00e0 p\u00e9trin, fouet m\u00e9langeur, fouet \u00e0<br \/>\u2022 neige<br \/>\u2022 Batteur plat en aluminium moul\u00e9 sous pression pour les p\u00e2tes lourdes comme le<br \/>\u2022 levain ou la p\u00e2te lev\u00e9e<br \/>\u2022 Fouet m\u00e9langeur en aluminium moul\u00e9 pour un m\u00e9lange homog\u00e8ne d&rsquo;une grande quantit\u00e9,<br \/>id\u00e9al pour pr\u00e9parer les p\u00e2tes \u00e0 g\u00e2teau<br \/>\u2022 Fouet \u00e0 neige en inox pour la p\u00e2te \u00e0 meringue ou pour battre des cr\u00e8mes fouett\u00e9es<br \/>\u2022 Echelles grav\u00e9es sur le bol m\u00e9langeur et anse<br \/>\u2022 3 disques d&rsquo;\u00e9paisseur pour hacher finement, moyennement et grossi\u00e8rement<br \/>\u2022 6 moules \u00e0 p\u00e2tes pour divers spaghettis, macaronis et vermicelles<br \/>\u2022 Bac pratique pour conserver\u00a0les accessoires du hachoir<br \/>\u2022 Syst\u00e8me de brides simple pour fixer le pichet de mixage et l&rsquo;accessoire \u00e0 hachoir<br \/>\u2022 S\u00e9curit\u00e9 contre la surchauffe: s&rsquo;\u00e9teint automatiquement apr\u00e8s 10 minutes<br \/>\u2022 Pieds en ventouse antid\u00e9rapants pour une grande stabilit\u00e9<br \/>\u2022 Protection contre les \u00e9claboussures avec ouverture de remplissage pour le bol<br \/>\u2022 Fonction pulse convenant aussi pour broyer la glace<br \/>\u2022 Alimentation \u00e9lectrique : 220-240 V~ \/ 50-60 Hz<\/p>\n<p><b>Inclus dans la livraison:<\/b><\/p>\n<p><b>Dimensions:<\/b><\/p>\n<p>\u2022 Dimensions (appareil complet): env. 44 x 60 x 23 cm (LxHxP)<br \/>\u2022 Dimensions: (sans hachoir et mixeur) env. 38 x 39 x 23 cm (LxHxP)<br \/>\u2022 Longueur du c\u00e2ble: env. 100 cm<br \/>\u2022 Poids: env. 8 kg<\/p>\n<\/div>\n<p><bl-button a11yexpanded=\"false\" arialabel=\"Afficher toute la description\" class=\"read-more__btn\" full=\"false\" link=\"true\">Voir plus<\/bl-button><\/div>","protected":false},"excerpt":{"rendered":"<div class=\"keypoints\">\n<h3 class=\"keypoints__title\">Les points cl\u00e9s<\/h3>\n<ul role=\"list\">\n<li class=\"keypoints__item\" role=\"listitem\">                                        Battre\/Fouetter, P\u00e9trir, Emulsionner, Emincer, Couper\/Hacher finement, Hacher la viande, Mixer, Pr\u00e9parer les jus                      <\/li>\n<li class=\"keypoints__item\" role=\"listitem\">                          Capacit\u00e9 standard 3L &#8211;                                                      Bol en : inox                      <\/li>\n<li class=\"keypoints__item\" role=\"listitem\">                          Dimensions l x h x p : 44 x 60 x 23 cm &#8211;                                                      8,00 Kg                      <\/li>\n<li class=\"keypoints__item\" role=\"listitem\">                                        Pr\u00e9cision de chauffe: : Non concern\u00e9                      <\/li>\n<\/ul>","protected":false},"featured_media":51532,"template":"","meta":{"_glsr_average":0,"_glsr_ranking":0,"_glsr_reviews":0},"product_cat":[370],"product_tag":[230,371,372],"class_list":{"0":"post-99818","1":"product","2":"type-product","3":"status-publish","4":"has-post-thumbnail","6":"product_cat-robot-multifonction","7":"product_tag-cuisine-et-cuisson","8":"product_tag-robot-de-cuisine","9":"product_tag-robot-multifonction","11":"first","12":"instock","13":"sale","14":"shipping-taxable","15":"purchasable","16":"product-type-simple"},"_links":{"self":[{"href":"https:\/\/electromenagerexpress.com\/en\/wp-json\/wp\/v2\/product\/99818","targetHints":{"allow":["GET"]}}],"collection":[{"href":"https:\/\/electromenagerexpress.com\/en\/wp-json\/wp\/v2\/product"}],"about":[{"href":"https:\/\/electromenagerexpress.com\/en\/wp-json\/wp\/v2\/types\/product"}],"wp:featuredmedia":[{"embeddable":true,"href":"https:\/\/electromenagerexpress.com\/en\/wp-json\/wp\/v2\/media\/51532"}],"wp:attachment":[{"href":"https:\/\/electromenagerexpress.com\/en\/wp-json\/wp\/v2\/media?parent=99818"}],"wp:term":[{"taxonomy":"product_cat","embeddable":true,"href":"https:\/\/electromenagerexpress.com\/en\/wp-json\/wp\/v2\/product_cat?post=99818"},{"taxonomy":"product_tag","embeddable":true,"href":"https:\/\/electromenagerexpress.com\/en\/wp-json\/wp\/v2\/product_tag?post=99818"}],"curies":[{"name":"wp","href":"https:\/\/api.w.org\/{rel}","templated":true}]}}