{"id":99816,"date":"2024-11-28T11:47:36","date_gmt":"2024-11-28T11:47:36","guid":{"rendered":"https:\/\/electromenagerexpress.com\/product\/robot-patissierboschmum58l20\/"},"modified":"2024-11-28T11:47:40","modified_gmt":"2024-11-28T11:47:40","slug":"robot-patissierboschmum58l20","status":"publish","type":"product","link":"https:\/\/electromenagerexpress.com\/en\/product\/robot-patissierboschmum58l20\/","title":{"rendered":"Robot p\u00e2tissier\t\t\t\t\t\t\tBOSCH\t\t\t\tMUM58L20"},"content":{"rendered":"<div class=\"product-features__content\">\n<ul role=\"list\">\n<li class=\"product-features__item\" role=\"listitem\">\n<h3 class=\"product-features__label\">Choisir ce produit pour quels usages ?<\/h3>\n<ul role=\"list\">\n<li class=\"product-features__item-list__item\" role=\"listitem\"><span class=\"is--medium\">Capacit\u00e9 :<\/span> Capacit\u00e9 standard 3,9L\t\t\t\t\t<\/li>\n<li class=\"product-features__item-list__item\" role=\"listitem\"><span class=\"is--medium\">Id\u00e9al pour :<\/span> pour pr\u00e9parer toutes vos p\u00e2tes \u00e0 pain, brioche, monter les blancs et \u00e9mulsionner mayonnaises et vinaigrettes\t\t\t\t\t<\/li>\n<\/ul>\n<\/li>\n<li class=\"product-features__item\" role=\"listitem\">\n<h3 class=\"product-features__label\">Fonctions de pr\u00e9paration<\/h3>\n<ul role=\"list\">\n<li class=\"product-features__item-list__item\" role=\"listitem\"><span class=\"is--medium\">Battre\/Fouetter :<\/span> oui, id\u00e9al pour les blancs en neige, la chantilly, la p\u00e2te \u00e0 cr\u00eape.\t\t\t\t\t<\/li>\n<li class=\"product-features__item-list__item\" role=\"listitem\"><span class=\"is--medium\">P\u00e9trir :<\/span> oui, pour pr\u00e9parer les p\u00e2tes \u00e0 pain, pizza, bris\u00e9e.\t\t\t\t\t<\/li>\n<li class=\"product-features__item-list__item\" role=\"listitem\"><span class=\"is--medium\">Couper\/Hacher finement :<\/span> oui, pour pr\u00e9parer des tartares, hacher ail et fines herbes.\t\t\t\t\t<\/li>\n<li class=\"product-features__item-list__item\" role=\"listitem\"><span class=\"is--medium\">Mixer :<\/span> oui, pour pr\u00e9parer les coulis, les soupes.\t\t\t\t\t<\/li>\n<\/ul>\n<\/li>\n<li class=\"product-features__item\" role=\"listitem\">\n<h3 class=\"product-features__label\">Nombre de bols et leurs capacit\u00e9s<\/h3>\n<ul role=\"list\">\n<li class=\"product-features__item-list__item\" role=\"listitem\"><span class=\"is--medium\">Capacit\u00e9 totale du bol principal :<\/span> Capacit\u00e9 standard 3,9L\t\t\t\t\t<\/li>\n<li class=\"product-features__item-list__item\" role=\"listitem\"><span class=\"is--medium\">Mati\u00e8re du bol principal :<\/span> inox\t\t\t\t\t<\/li>\n<\/ul>\n<\/li>\n<li class=\"product-features__item\" role=\"listitem\">\n<h3 class=\"product-features__label\">Performance et confort<\/h3>\n<ul role=\"list\">\n<li class=\"product-features__item-list__item\" role=\"listitem\"><span class=\"is--medium\">Type de moteur :<\/span> classique\t\t\t\t\t<\/li>\n<li class=\"product-features__item-list__item\" role=\"listitem\"><span class=\"is--medium\">Transmission :<\/span> directe, le moteur se trouve dans la t\u00eate et transmet directement la puissance (\u00e0 performance \u00e9gale, ce moteur n\u00e9cessite moins de puissance)\t\t\t\t\t<\/li>\n<li class=\"product-features__item-list__item\" role=\"listitem\"><span class=\"is--medium\">Puissance en watts :<\/span> 1.000 W\t\t\t\t\t<\/li>\n<li class=\"product-features__item-list__item\" role=\"listitem\"><span class=\"is--medium\">Nombre de vitesses :<\/span> 7\t\t\t\t\t<\/li>\n<li class=\"product-features__item-list__item\" role=\"listitem\"><span class=\"is--medium\">Fonction pulse :<\/span> oui, permet une acc\u00e9l\u00e9ration \u00e0 la demande pour des p\u00e2tes encore plus lisses\t\t\t\t\t<\/li>\n<li class=\"product-features__item-list__item\" role=\"listitem\"><span class=\"is--medium\">Mouvement plan\u00e9taire :<\/span> oui, permet de reproduire le geste du p\u00e2tissier en rassemblant les ingr\u00e9dients au centre du bol\t\t\t\t\t<\/li>\n<li class=\"product-features__item-list__item\" role=\"listitem\"><span class=\"is--medium\">D\u00e9marrage progressif automatique :<\/span> non\t\t\t\t\t<\/li>\n<li class=\"product-features__item-list__item\" role=\"listitem\"><span class=\"is--medium\">Finition du corps :<\/span> plastique\t\t\t\t\t<\/li>\n<li class=\"product-features__item-list__item\" role=\"listitem\"><span class=\"is--medium\">Acc\u00e8s au bol :<\/span> t\u00eate inclinable\t\t\t\t\t<\/li>\n<li class=\"product-features__item-list__item\" role=\"listitem\"><span class=\"is--medium\">Balance int\u00e9gr\u00e9e :<\/span> Non\t\t\t\t\t<\/li>\n<li class=\"product-features__item-list__item\" role=\"listitem\"><span class=\"is--medium\">Pieds anti-d\u00e9rapants :<\/span> Oui\t\t\t\t\t<\/li>\n<li class=\"product-features__item-list__item\" role=\"listitem\"><span class=\"is--medium\">Compatibilit\u00e9 lave vaisselle :<\/span> bol\t\t\t\t\t<\/li>\n<li class=\"product-features__item-list__item\" role=\"listitem\"><span class=\"is--medium\">Connect\u00e9 :<\/span> Non\t\t\t\t\t<\/li>\n<li class=\"product-features__item-list__item\" role=\"listitem\"><span class=\"is--medium\">Coloris :<\/span> Gris\t\t\t\t\t<\/li>\n<\/ul>\n<\/li>\n<li class=\"product-features__item\" role=\"listitem\">\n<h3 class=\"product-features__label\">Accessoires inclus<\/h3>\n<ul role=\"list\">\n<li class=\"product-features__item-list__item\" role=\"listitem\"><span class=\"is--medium\">Accessoires :<\/span> batteur, blender verre, bo\u00eete de rangement des accessoires, couvercle anti-projections, crochet p\u00e9trisseur, disque(s) r\u00e9versible (r\u00e2per, \u00e9mincer), fouet \u00e0 fils\t\t\t\t\t<\/li>\n<\/ul>\n<\/li>\n<li class=\"product-features__item\" role=\"listitem\">\n<h3 class=\"product-features__label\">Dimensions<\/h3>\n<ul role=\"list\">\n<li class=\"product-features__item-list__item\" role=\"listitem\"><span class=\"is--medium\">Dimensions l x h x p :<\/span> 28 x 28.2 x 27.1 cm\t\t\t\t\t<\/li>\n<\/ul>\n<\/li>\n<li class=\"product-features__item\" role=\"listitem\">\n<h3 class=\"product-features__label\">Informations compl\u00e9mentaires<\/h3>\n<ul role=\"list\">\n<li class=\"product-features__item-list__item\" role=\"listitem\"><span class=\"is--medium\">Fabriqu\u00e9 en :<\/span> Chine\t\t\t\t\t<\/li>\n<li class=\"product-features__item-list__item\" role=\"listitem\"><span class=\"is--medium\">Disponibilit\u00e9 des pi\u00e8ces d\u00e9tach\u00e9es (donn\u00e9es fournisseur) :<\/span> Pendant 7 ans\t\t\t\t\t<\/li>\n<li class=\"product-features__item-list__item\" role=\"listitem\"><span class=\"is--medium\">R\u00e9f\u00e9rence constructeur :<\/span> MUM58L20\t\t\t\t\t<\/li>\n<li class=\"product-features__item-list__item\" role=\"listitem\"><span class=\"is--medium\">Marque :<\/span> BOSCH\t\t\t\t\t<\/li>\n<\/ul>\n<\/li>\n<\/ul>\n<\/div>\n<div class=\"product__disclosure-content\">\n<div class=\"js-read-more product-description__content read-more read-more--truncated\" data-read-more-name=\"description\" style=\"max-height: 500px; overflow: hidden;\">\n<p>R\u00e2per, \u00e9mincer, m\u00e9langer des p\u00e2tes&#8230; Le robot BOSCH MUM58L20 est multifonction et vous permet d&rsquo;assurer en cuisine en vous garantissant de pouvoir multiplier les recettes savoureuses\u00a0!<\/p>\n<h3>Un robot qui fait toujours plus pour vous\u00a0!<img fetchpriority=\"high\" decoding=\"async\" alt=\"Robot BOSCH MUM58L20\" class=\"wy_tableau_gauche\" height=\"270\" src=\"https:\/\/boulanger.scene7.com\/is\/image\/Boulanger\/4242002879642_p1?wid=400&amp;hei=270\" width=\"400\"\/><\/h3>\n<p>Le robot BOSCH MUM58L20 vous offre de nombreux accessoires tr\u00e8s pratiques. Ainsi, il est dot\u00e9 d&rsquo;un <b>crochet p\u00e9trisseur<\/b> pour p\u00e9trir les p\u00e2tes lourdes comme celles \u00e0 pain ou \u00e0 pizza. Il poss\u00e8de un <b>fouet pour m\u00e9langer<\/b> les p\u00e2tes feuillet\u00e9es, sabl\u00e9es et bris\u00e9es, mais aussi un fouet pour battre les blancs en neige ou la cr\u00e8me. Tous ces \u00e9l\u00e9ments sont en inox.<\/p>\n<p>Ce robot BOSCH est muni de <b>3 disques pour r\u00e2per, \u00e9mincer et m\u00eame concasser<\/b> en version fine ou \u00e9paisse. Vous allez aussi adorer <b>son bol mixeur de 1,25 litre et son bol p\u00e2tisserie en inox de 3,9 litres<\/b>. Ses diff\u00e9rents accessoires se rangent facilement dans une trousse que l&rsquo;on glisse ensuite directement dans le bol.<\/p>\n<h3>Un robot malin et puissant<img decoding=\"async\" alt=\"Robot BOSCH MUM58L20\" class=\"wy_tableau_right\" height=\"270\" src=\"https:\/\/boulanger.scene7.com\/is\/image\/Boulanger\/4242002879642_p2?wid=400&amp;hei=270\" width=\"400\"\/><\/h3>\n<p>Le BOSCH MUM58L20 vous offre une puissance de 1 000 watts que vous pouvez r\u00e9gler gr\u00e2ce \u00e0 ses <b>7 vitesses et \u00e0 sa fonction pulse<\/b>. Gr\u00e2ce \u00e0 son <b>r\u00e9gulateur intelligent de malaxage<\/b>, il maintient une vitesse constante, m\u00eame avec des p\u00e2tes lourdes ou de nombreux ingr\u00e9dients \u00e0 g\u00e9rer.<\/p>\n<p>Gr\u00e2ce \u00e0 son <b>mouvement plan\u00e9taire 3D<\/b>, ce robot BOSCH vous garantit un m\u00e9lange parfait. La pr\u00e9paration revient toujours au centre du bol, car le batteur tourne sur lui-m\u00eame et profite d&rsquo;un mouvement allant dans 3 directions diff\u00e9rentes\u00a0!<\/p>\n<\/p>\n<\/div>\n<p><bl-button a11yexpanded=\"false\" arialabel=\"Afficher toute la description\" class=\"read-more__btn\" full=\"false\" link=\"true\"><\/bl-button><\/div>","protected":false},"excerpt":{"rendered":"<div class=\"keypoints\">\n<h3 class=\"keypoints__title\">Les points cl\u00e9s<\/h3>\n<ul role=\"list\">\n<li class=\"keypoints__item\" role=\"listitem\">                          Capacit\u00e9 standard 3,9L &#8211;                                                      1 bol                      <\/li>\n<li class=\"keypoints__item\" role=\"listitem\">                                        Accessoires : batteur, blender verre, bo\u00eete de rangement des accessoires, couvercle anti-projections, crochet p\u00e9trisseur, disque(s) r\u00e9versible (r\u00e2per, \u00e9mincer), fouet \u00e0 fils                      <\/li>\n<li class=\"keypoints__item\" role=\"listitem\">                                        Finition du corps en : plastique                      <\/li>\n<li class=\"keypoints__item\" role=\"listitem\">                          Transmission : directe &#8211;                                                      Puissance : 1000 watts                      <\/li>\n<li class=\"keypoints__item keypoints__item--advantage\" role=\"listitem\"><strong>Le + :<\/strong> Mouvement plan\u00e9taire      <\/li>\n<\/ul>","protected":false},"featured_media":51514,"template":"","meta":{"_glsr_average":0,"_glsr_ranking":0,"_glsr_reviews":0},"product_cat":[373],"product_tag":[230,371,374],"class_list":{"0":"post-99816","1":"product","2":"type-product","3":"status-publish","4":"has-post-thumbnail","6":"product_cat-robot-patissier","7":"product_tag-cuisine-et-cuisson","8":"product_tag-robot-de-cuisine","9":"product_tag-robot-patissier","11":"first","12":"instock","13":"sale","14":"shipping-taxable","15":"purchasable","16":"product-type-simple"},"_links":{"self":[{"href":"https:\/\/electromenagerexpress.com\/en\/wp-json\/wp\/v2\/product\/99816","targetHints":{"allow":["GET"]}}],"collection":[{"href":"https:\/\/electromenagerexpress.com\/en\/wp-json\/wp\/v2\/product"}],"about":[{"href":"https:\/\/electromenagerexpress.com\/en\/wp-json\/wp\/v2\/types\/product"}],"wp:featuredmedia":[{"embeddable":true,"href":"https:\/\/electromenagerexpress.com\/en\/wp-json\/wp\/v2\/media\/51514"}],"wp:attachment":[{"href":"https:\/\/electromenagerexpress.com\/en\/wp-json\/wp\/v2\/media?parent=99816"}],"wp:term":[{"taxonomy":"product_cat","embeddable":true,"href":"https:\/\/electromenagerexpress.com\/en\/wp-json\/wp\/v2\/product_cat?post=99816"},{"taxonomy":"product_tag","embeddable":true,"href":"https:\/\/electromenagerexpress.com\/en\/wp-json\/wp\/v2\/product_tag?post=99816"}],"curies":[{"name":"wp","href":"https:\/\/api.w.org\/{rel}","templated":true}]}}