{"id":99814,"date":"2024-11-28T11:47:07","date_gmt":"2024-11-28T11:47:07","guid":{"rendered":"https:\/\/electromenagerexpress.com\/product\/robot-cuiseurmoulinexi-companion-touch-xl-rouge-hf934510\/"},"modified":"2024-11-28T11:47:13","modified_gmt":"2024-11-28T11:47:13","slug":"robot-cuiseurmoulinexi-companion-touch-xl-rouge-hf934510","status":"publish","type":"product","link":"https:\/\/electromenagerexpress.com\/en\/product\/robot-cuiseurmoulinexi-companion-touch-xl-rouge-hf934510\/","title":{"rendered":"Robot cuiseur\t\t\t\t\t\t\tMOULINEX\t\t\t\tI-Companion Touch XL Rouge HF934510"},"content":{"rendered":"<div class=\"product-features__content\">\n<ul role=\"list\">\n<li class=\"product-features__item\" role=\"listitem\">\n<h3 class=\"product-features__label\">Choisir ce produit pour quels usages ?<\/h3>\n<ul role=\"list\">\n<li class=\"product-features__item-list__item\" role=\"listitem\"><span class=\"is--medium\">Id\u00e9al pour :<\/span> pour cuisiner sans effort de l&rsquo;entr\u00e9e au dessert\t\t\t\t\t<\/li>\n<li class=\"product-features__item-list__item\" role=\"listitem\"><span class=\"is--medium\">Capacit\u00e9 totale :<\/span> Capacit\u00e9 Large 4,5L\t\t\t\t\t<\/li>\n<li class=\"product-features__item-list__item\" role=\"listitem\"><span class=\"is--medium\">D\u00e9couvrez notre recette de bouch\u00e9es d&rsquo;escargots au Companion :<\/span> <a href=\"https:\/\/commeunchef.boulanger.com\/recette\/bouchees-descargots-companion\/\" target=\"_blank\">Cliquez ici<\/a><\/li>\n<li class=\"product-features__item-list__item\" role=\"listitem\"><span class=\"is--medium\">D\u00e9couvrez notre recette de panettone au Companion :<\/span> <a href=\"https:\/\/commeunchef.boulanger.com\/recette\/panettone-au-companion\/\" target=\"_blank\">Cliquez ici<\/a><\/li>\n<li class=\"product-features__item-list__item\" role=\"listitem\"><span class=\"is--medium\">\u00c0 quoi \u00e7a sert :<\/span> Battre\/Fouetter, P\u00e9trir, M\u00e9langer d\u00e9licatement, Emulsionner, Emincer, Couper\/Hacher finement, Hacher la viande, Mixer, chauffer, mijoter\t\t\t\t\t<\/li>\n<\/ul>\n<\/li>\n<li class=\"product-features__item\" role=\"listitem\">\n<h3 class=\"product-features__label\">Fonctions de pr\u00e9paration<\/h3>\n<ul role=\"list\">\n<li class=\"product-features__item-list__item\" role=\"listitem\"><span class=\"is--medium\">Battre\/Fouetter :<\/span> oui, id\u00e9al pour les blancs en neige, la chantilly, la p\u00e2te \u00e0 cr\u00eape.\t\t\t\t\t<\/li>\n<li class=\"product-features__item-list__item\" role=\"listitem\"><span class=\"is--medium\">P\u00e9trir :<\/span> oui, pour pr\u00e9parer les p\u00e2tes \u00e0 pain, pizza, bris\u00e9e.\t\t\t\t\t<\/li>\n<li class=\"product-features__item-list__item\" role=\"listitem\"><span class=\"is--medium\">M\u00e9langer d\u00e9licatement :<\/span> oui, pour pr\u00e9parer les mousses au chocolat, les souffl\u00e9s (reproduit le geste de la main).\t\t\t\t\t<\/li>\n<li class=\"product-features__item-list__item\" role=\"listitem\"><span class=\"is--medium\">Emulsionner :<\/span> oui, pour pr\u00e9parer les mayonnaises, sauces vinaigrettes.\t\t\t\t\t<\/li>\n<li class=\"product-features__item-list__item\" role=\"listitem\"><span class=\"is--medium\">Emincer :<\/span> oui, couper en tranches ou lamelles vos l\u00e9gumes.\t\t\t\t\t<\/li>\n<li class=\"product-features__item-list__item\" role=\"listitem\"><span class=\"is--medium\">Couper\/Hacher finement :<\/span> oui, pour pr\u00e9parer des tartares, hacher ail et fines herbes.\t\t\t\t\t<\/li>\n<li class=\"product-features__item-list__item\" role=\"listitem\"><span class=\"is--medium\">Hacher la viande :<\/span> oui, pour pr\u00e9parer les viandes, le chili con carne, les steaks hach\u00e9s maison, la bolognaise avec le hachoir\t\t\t\t\t<\/li>\n<li class=\"product-features__item-list__item\" role=\"listitem\"><span class=\"is--medium\">Mixer :<\/span> oui, pour pr\u00e9parer les coulis, les soupes.\t\t\t\t\t<\/li>\n<li class=\"product-features__item-list__item\" role=\"listitem\"><span class=\"is--medium\">Cuire les aliments :<\/span> chauffer, cuire et mijoter\t\t\t\t\t<\/li>\n<\/ul>\n<\/li>\n<li class=\"product-features__item\" role=\"listitem\">\n<h3 class=\"product-features__label\">Cuisson<\/h3>\n<ul role=\"list\">\n<li class=\"product-features__item-list__item\" role=\"listitem\"><span class=\"is--medium\">Cuisson vapeur :<\/span> Oui\t\t\t\t\t<\/li>\n<li class=\"product-features__item-list__item\" role=\"listitem\"><span class=\"is--medium\">Type de chauffe :<\/span> classique\t\t\t\t\t<\/li>\n<li class=\"product-features__item-list__item\" role=\"listitem\"><span class=\"is--medium\">Le saviez-vous ? :<\/span> la cuisson \u00e0 basse temp\u00e9rature permet de pr\u00e9server les vitamines des aliments\t\t\t\t\t<\/li>\n<li class=\"product-features__item-list__item\" role=\"listitem\"><span class=\"is--medium\">Maintien au chaud :<\/span> automatique\t\t\t\t\t<\/li>\n<li class=\"product-features__item-list__item\" role=\"listitem\"><span class=\"is--medium\">Cuisson bol ouvert :<\/span> oui, permet de rissoler et saisir les aliments\t\t\t\t\t<\/li>\n<li class=\"product-features__item-list__item\" role=\"listitem\"><span class=\"is--medium\">Recettes pr\u00e9-programm\u00e9es :<\/span> 3300\t\t\t\t\t<\/li>\n<li class=\"product-features__item-list__item\" role=\"listitem\"><span class=\"is--medium\">Mode de cuisson adapt\u00e9 (manuel) :<\/span> permet de personnaliser les recettes en g\u00e9rant le mode de cuisson, la vitesse, la temp\u00e9rature et le temps de cuisson\t\t\t\t\t<\/li>\n<li class=\"product-features__item-list__item\" role=\"listitem\"><span class=\"is--medium\">Pr\u00e9csion de chauffe :<\/span> par 5\u00b0C\t\t\t\t\t<\/li>\n<\/ul>\n<\/li>\n<li class=\"product-features__item\" role=\"listitem\">\n<h3 class=\"product-features__label\">Nombre de bols et leurs capacit\u00e9s<\/h3>\n<ul role=\"list\">\n<li class=\"product-features__item-list__item\" role=\"listitem\"><span class=\"is--medium\">Capacit\u00e9 totale du bol principal :<\/span> Capacit\u00e9 Large 4,5L\t\t\t\t\t<\/li>\n<li class=\"product-features__item-list__item\" role=\"listitem\"><span class=\"is--medium\">Poign\u00e9e(s) du bol principal :<\/span> 2 sur le dessus id\u00e9al pour les pr\u00e9parations lourdes\t\t\t\t\t<\/li>\n<li class=\"product-features__item-list__item\" role=\"listitem\"><span class=\"is--medium\">Poids du bol principal :<\/span> 1,7 kg\t\t\t\t\t<\/li>\n<li class=\"product-features__item-list__item\" role=\"listitem\"><span class=\"is--medium\">Mati\u00e8re du bol principal :<\/span> inox\t\t\t\t\t<\/li>\n<li class=\"product-features__item-list__item\" role=\"listitem\"><span class=\"is--medium\">Mati\u00e8re du bol principal : :<\/span> inox\t\t\t\t\t<\/li>\n<\/ul>\n<\/li>\n<li class=\"product-features__item\" role=\"listitem\">\n<h3 class=\"product-features__label\">Accessoires inclus<\/h3>\n<ul role=\"list\">\n<li class=\"product-features__item-list__item\" role=\"listitem\"><span class=\"is--medium\">Accessoires :<\/span> batteur, bo\u00eete de rangement des accessoires, bol en acier, couteau hachoir, couteau p\u00e9trin\/concasseur, couvercle anti-projections, m\u00e9langeur, panier vapeur, spatule\t\t\t\t\t<\/li>\n<\/ul>\n<\/li>\n<li class=\"product-features__item\" role=\"listitem\">\n<h3 class=\"product-features__label\">Confort et performance<\/h3>\n<ul role=\"list\">\n<li class=\"product-features__item-list__item\" role=\"listitem\"><span class=\"is--medium\">Type de moteur :<\/span> classique\t\t\t\t\t<\/li>\n<li class=\"product-features__item-list__item\" role=\"listitem\"><span class=\"is--medium\">Puissance en watts :<\/span> 1.550 W\t\t\t\t\t<\/li>\n<li class=\"product-features__item-list__item\" role=\"listitem\"><span class=\"is--medium\">Nombre de vitesses :<\/span> 13\t\t\t\t\t<\/li>\n<li class=\"product-features__item-list__item\" role=\"listitem\"><span class=\"is--medium\">S\u00e9lecteur de vitesse :<\/span> oui, permet de choisir la vitesse adapt\u00e9e selon les pr\u00e9parations\t\t\t\t\t<\/li>\n<li class=\"product-features__item-list__item\" role=\"listitem\"><span class=\"is--medium\">Touche pulse :<\/span> oui, permet une acc\u00e9l\u00e9ration \u00e0 la demande, id\u00e9al pour piler des gla\u00e7ons, pr\u00e9parer des smoothies avec des fruits surgel\u00e9s\t\t\t\t\t<\/li>\n<li class=\"product-features__item-list__item\" role=\"listitem\"><span class=\"is--medium\">Touche turbo :<\/span> oui, permet de passer rapidement \u00e0 la vitesse maximale\t\t\t\t\t<\/li>\n<li class=\"product-features__item-list__item\" role=\"listitem\"><span class=\"is--medium\">Mat\u00e9riau du corps :<\/span> inox (robuste)\t\t\t\t\t<\/li>\n<li class=\"product-features__item-list__item\" role=\"listitem\"><span class=\"is--medium\">Poids :<\/span> 8,75 Kg\t\t\t\t\t<\/li>\n<li class=\"product-features__item-list__item\" role=\"listitem\"><span class=\"is--medium\">Ecran :<\/span> tactile\t\t\t\t\t<\/li>\n<li class=\"product-features__item-list__item\" role=\"listitem\"><span class=\"is--medium\">Suivi des recettes pas \u00e0 pas :<\/span> via l&rsquo;\u00e9cran du robot\t\t\t\t\t<\/li>\n<li class=\"product-features__item-list__item\" role=\"listitem\"><span class=\"is--medium\">Connect\u00e9 :<\/span> oui\t\t\t\t\t<\/li>\n<li class=\"product-features__item-list__item\" role=\"listitem\"><span class=\"is--medium\">Compatibilit\u00e9 :<\/span> IOS\t\t\t\t\t<\/li>\n<li class=\"product-features__item-list__item\" role=\"listitem\"><span class=\"is--medium\">Nom de l&rsquo;application d\u00e9di\u00e9e :<\/span> Companion SEB\t\t\t\t\t<\/li>\n<li class=\"product-features__item-list__item\" role=\"listitem\"><span class=\"is--medium\">Balance int\u00e9gr\u00e9e au robot :<\/span> Non\t\t\t\t\t<\/li>\n<li class=\"product-features__item-list__item\" role=\"listitem\"><span class=\"is--medium\">Longueur du cordon d&rsquo;alimentation :<\/span> 100,00 m\t\t\t\t\t<\/li>\n<li class=\"product-features__item-list__item\" role=\"listitem\"><span class=\"is--medium\">Minuteur :<\/span> Oui\t\t\t\t\t<\/li>\n<li class=\"product-features__item-list__item\" role=\"listitem\"><span class=\"is--medium\">Connect\u00e9 : :<\/span> oui, pour avoir acc\u00e8s \u00e0 une multitude de recettes et en suivre les diff\u00e9rentes \u00e9tapes\t\t\t\t\t<\/li>\n<\/ul>\n<\/li>\n<li class=\"product-features__item\" role=\"listitem\">\n<h3 class=\"product-features__label\">Nettoyage<\/h3>\n<ul role=\"list\">\n<li class=\"product-features__item-list__item\" role=\"listitem\"><span class=\"is--medium\">Programme de rin\u00e7age :<\/span> Oui\t\t\t\t\t<\/li>\n<li class=\"product-features__item-list__item\" role=\"listitem\"><span class=\"is--medium\">Compatibilit\u00e9 lave vaisselle :<\/span> Toutes les pi\u00e8ces amovibles\t\t\t\t\t<\/li>\n<\/ul>\n<\/li>\n<li class=\"product-features__item\" role=\"listitem\">\n<h3 class=\"product-features__label\">S\u00e9curit\u00e9<\/h3>\n<ul role=\"list\">\n<li class=\"product-features__item-list__item\" role=\"listitem\"><span class=\"is--medium\">Arr\u00eat automatique :<\/span> Oui\t\t\t\t\t<\/li>\n<li class=\"product-features__item-list__item\" role=\"listitem\"><span class=\"is--medium\">S\u00e9curit\u00e9 couvercle :<\/span> Oui\t\t\t\t\t<\/li>\n<li class=\"product-features__item-list__item\" role=\"listitem\"><span class=\"is--medium\">Pieds antid\u00e9rapants :<\/span> Oui\t\t\t\t\t<\/li>\n<li class=\"product-features__item-list__item\" role=\"listitem\"><span class=\"is--medium\">Sans Bisph\u00e9nol A (BPA) :<\/span> sans composants chimiques\t\t\t\t\t<\/li>\n<\/ul>\n<\/li>\n<li class=\"product-features__item\" role=\"listitem\">\n<h3 class=\"product-features__label\">Informations compl\u00e9mentaires<\/h3>\n<ul role=\"list\">\n<li class=\"product-features__item-list__item\" role=\"listitem\"><span class=\"is--medium\">Disponibilit\u00e9 des pi\u00e8ces d\u00e9tach\u00e9es (donn\u00e9es fournisseur) :<\/span> Pendant 15 ans, \u00e0 compter de la date d&rsquo;achat\t\t\t\t\t<\/li>\n<li class=\"product-features__item-list__item\" role=\"listitem\"><span class=\"is--medium\">Garantie :<\/span> 2 ans\t\t\t\t\t<\/li>\n<li class=\"product-features__item-list__item\" role=\"listitem\"><span class=\"is--medium\">Fabriqu\u00e9 en :<\/span> France\t\t\t\t\t<\/li>\n<li class=\"product-features__item-list__item\" role=\"listitem\"><span class=\"is--medium\">R\u00e9f\u00e9rence constructeur :<\/span> I-Companion Touch XL Rouge HF934510\t\t\t\t\t<\/li>\n<li class=\"product-features__item-list__item\" role=\"listitem\"><span class=\"is--medium\">Marque :<\/span> MOULINEX\t\t\t\t\t<\/li>\n<\/ul>\n<\/li>\n<li class=\"product-features__item\" role=\"listitem\">\n<h3 class=\"product-features__label\">Dimensions<\/h3>\n<ul role=\"list\">\n<li class=\"product-features__item-list__item\" role=\"listitem\"><span class=\"is--medium\">Dimensions l x h x p :<\/span> 31 x 32 x 35 cm\t\t\t\t\t<\/li>\n<\/ul>\n<\/li>\n<\/ul>\n<\/div>\n<div class=\"product__disclosure-content\">\n<div class=\"js-read-more product-description__content read-more read-more--truncated\" data-read-more-name=\"description\" style=\"max-height: 500px; overflow: hidden;\">\n<\/p>\n<p><center><a href=\"https:\/\/boulanger.scene7.com\/is\/content\/Boulanger\/1.Produit\/Annexes\/Planning_animation_companion_touch_XL_2021.pdf\" target=\"_blank\"><img decoding=\"async\" alt=\"Animation_I_companion_ touch_XL\" src=\"https:\/\/boulanger.scene7.com\/is\/image\/Boulanger\/Banniere_animation_companion_touch_XL_2021?wid=1000\"\/><\/a><\/center><\/p>\n<\/p>\n<p><center><a href=\"https:\/\/www.boulanger.com\/evenement\/i-companion-touch-xl\" target=\"_blank\"><img decoding=\"async\" alt=\"Companion touch en savoir plus\" src=\"https:\/\/boulanger.scene7.com\/is\/image\/Boulanger\/moulinex-companion-touch-boulanger-ensavoirplus1000x170?wid=1000&amp;qlt=90\"\/><\/a><\/center><\/p>\n<p>D\u00e9couvrez-vous des talents de chef cuisinier avec le robot cuiseur multifonction I-Companion XL connect\u00e9 HF934510 et surprenez vos invit\u00e9s avec de bons petits plats maison.<\/p>\n<h3><img fetchpriority=\"high\" decoding=\"async\" ,=\"\" alt=\"I-Companion XL connect\u00e9 Rouge HF934510\" class=\"wy_tableau_gauche\" height=\"270\" src=\"https:\/\/boulanger.scene7.com\/is\/image\/Boulanger\/3016661162084_h_f_l_0?wid=400&amp;hei=270\" width=\"400\"\/>Un robot connect\u00e9 pour toutes vos recettes<\/h3>\n<p>Que vous soyez d\u00e9butant en cuisine ou un v\u00e9ritable cordon bleu, vous allez adorer le robot cuiseur multifonction I-Companion XL connect\u00e9 HF934510. Gr\u00e2ce \u00e0 son <b>grand \u00e9cran tactile de 4,3 pouces<\/b>, il est dot\u00e9 d&rsquo;une interface Intuitive vous permettant d&rsquo;acc\u00e9der aux recettes et de vous faire guider pas \u00e0 pas avec images, conseils et vid\u00e9os tutoriels.<\/p>\n<p>Vous ne manquerez pas d&rsquo;inspiration avec cet appareil innovant. Connectez le robot cuiseur en <b>Wi-Fi<\/b> et obtenez un acc\u00e8s direct \u00e0 plus de 3 300 recettes embarqu\u00e9es. La grande capacit\u00e9 du bol de 4,5 L convient parfaitement pour 10 personnes, l&rsquo;id\u00e9al pour les repas de famille ou les soir\u00e9es conviviales entre amis.<\/p>\n<h3><img decoding=\"async\" ,=\"\" alt=\"I-Companion XL connect\u00e9 Rouge HF934510\" class=\"wy_tableau_right\" height=\"270\" src=\"https:\/\/boulanger.scene7.com\/is\/image\/Boulanger\/3016661162084_h_f_l_1?wid=400&amp;hei=270\" width=\"400\"\/>Un v\u00e9ritable alli\u00e9 du quotidien<\/h3>\n<p>Le robot cuiseur multifonction I-Companion XL connect\u00e9 HF934510 est dot\u00e9 d&rsquo;un mode tr\u00e8s pratique lorsque vous ne savez pas quoi pr\u00e9parer pour le d\u00eener. La <b>fonction \u00a0\u00bb\u00a0dans mon frigo\u00a0\u00ab\u00a0<\/b> permet de s\u00e9lectionner les ingr\u00e9dients qu&rsquo;il vous reste au r\u00e9frig\u00e9rateur et de trouver des recettes gourmandes en un clic. <\/p>\n<p>Ce robot cuiseur est \u00e9quip\u00e9 de technologies de pointe pour vous faciliter le quotidien. Il int\u00e8gre notamment une balance pour un dosage pr\u00e9cis des ingr\u00e9dients, ainsi que d&rsquo;accessoires sp\u00e9cifiques adapt\u00e9s \u00e0 tous types de pr\u00e9paration. Parmi les <b>6 accessoires inclus<\/b>, vous retrouverez un couteau hachoir, un couteau p\u00e9trin\/concasseur, un batteur, un m\u00e9langeur, un panier vapeur et un accessoire fond plat.<\/p>\n<\/p>\n<p><img decoding=\"async\" src=\"https:\/\/boulanger.scene7.com\/is\/image\/Boulanger\/EMS-top_SECHE_ROBOTS?wid=1000\"\/><\/p>\n<\/div>\n<p><bl-button a11yexpanded=\"false\" arialabel=\"Afficher toute la description\" class=\"read-more__btn\" full=\"false\" link=\"true\">Voir plus<\/bl-button><\/div>","protected":false},"excerpt":{"rendered":"<div class=\"keypoints\">\n<h3 class=\"keypoints__title\">Les points cl\u00e9s<\/h3>\n<ul role=\"list\">\n<li class=\"keypoints__item\" role=\"listitem\">                                        Battre\/Fouetter, P\u00e9trir, M\u00e9langer d\u00e9licatement, Emulsionner, Emincer, Couper\/Hacher finement, Hacher la viande, Mixer, chauffer, mijoter                      <\/li>\n<li class=\"keypoints__item\" role=\"listitem\">                          Capacit\u00e9 Large 4,5L &#8211;                                                      Bol en : inox                      <\/li>\n<li class=\"keypoints__item\" role=\"listitem\">                          Dimensions l x h x p : 31 x 32 x 35 cm &#8211;                                                      8,75 Kg                      <\/li>\n<li class=\"keypoints__item\" role=\"listitem\">                          Pr\u00e9cision de chauffe: : par 5\u00b0C &#8211;                                                      Robot connect\u00e9                      <\/li>\n<li class=\"keypoints__item keypoints__item--advantage\" role=\"listitem\"><strong>Le + :<\/strong> Dot\u00e9 d&rsquo;un grand \u00e9cran tactile, d&rsquo;un bol de 4,5L et connect\u00e9      <\/li>\n<\/ul>","protected":false},"featured_media":51455,"template":"","meta":{"_glsr_average":0,"_glsr_ranking":0,"_glsr_reviews":0},"product_cat":[370],"product_tag":[230,371,372],"class_list":{"0":"post-99814","1":"product","2":"type-product","3":"status-publish","4":"has-post-thumbnail","6":"product_cat-robot-multifonction","7":"product_tag-cuisine-et-cuisson","8":"product_tag-robot-de-cuisine","9":"product_tag-robot-multifonction","11":"first","12":"instock","13":"sale","14":"shipping-taxable","15":"purchasable","16":"product-type-simple"},"_links":{"self":[{"href":"https:\/\/electromenagerexpress.com\/en\/wp-json\/wp\/v2\/product\/99814","targetHints":{"allow":["GET"]}}],"collection":[{"href":"https:\/\/electromenagerexpress.com\/en\/wp-json\/wp\/v2\/product"}],"about":[{"href":"https:\/\/electromenagerexpress.com\/en\/wp-json\/wp\/v2\/types\/product"}],"wp:featuredmedia":[{"embeddable":true,"href":"https:\/\/electromenagerexpress.com\/en\/wp-json\/wp\/v2\/media\/51455"}],"wp:attachment":[{"href":"https:\/\/electromenagerexpress.com\/en\/wp-json\/wp\/v2\/media?parent=99814"}],"wp:term":[{"taxonomy":"product_cat","embeddable":true,"href":"https:\/\/electromenagerexpress.com\/en\/wp-json\/wp\/v2\/product_cat?post=99814"},{"taxonomy":"product_tag","embeddable":true,"href":"https:\/\/electromenagerexpress.com\/en\/wp-json\/wp\/v2\/product_tag?post=99814"}],"curies":[{"name":"wp","href":"https:\/\/api.w.org\/{rel}","templated":true}]}}