{"id":99797,"date":"2024-11-28T11:45:06","date_gmt":"2024-11-28T11:45:06","guid":{"rendered":"https:\/\/electromenagerexpress.com\/product\/robot-multifonctionmagimix18261f-mini-plus-chrome-brillant\/"},"modified":"2024-11-28T11:45:07","modified_gmt":"2024-11-28T11:45:07","slug":"robot-multifonctionmagimix18261f-mini-plus-chrome-brillant","status":"publish","type":"product","link":"https:\/\/electromenagerexpress.com\/en\/product\/robot-multifonctionmagimix18261f-mini-plus-chrome-brillant\/","title":{"rendered":"Robot multifonction\t\t\t\t\t\t\tMAGIMIX\t\t\t\t18261F Mini Plus Chrome Brillant"},"content":{"rendered":"<div class=\"product-features__content\">\n<ul role=\"list\">\n<li class=\"product-features__item\" role=\"listitem\">\n<h3 class=\"product-features__label\">Choisir ce produit pour quels usages ?<\/h3>\n<ul role=\"list\">\n<li class=\"product-features__item-list__item\" role=\"listitem\"><span class=\"is--medium\">Id\u00e9al pour :<\/span> pr\u00e9parer les ingr\u00e9dients pour des recettes sucr\u00e9es et sal\u00e9es\t\t\t\t\t<\/li>\n<li class=\"product-features__item-list__item\" role=\"listitem\"><span class=\"is--medium\">Capacit\u00e9 totale :<\/span> Capacit\u00e9 XS 1,7L\t\t\t\t\t<\/li>\n<li class=\"product-features__item-list__item\" role=\"listitem\"><span class=\"is--medium\">\u00c0 quoi \u00e7a sert :<\/span> Battre\/Fouetter, P\u00e9trir, Couper\/Hacher finement, Mixer\t\t\t\t\t<\/li>\n<\/ul>\n<\/li>\n<li class=\"product-features__item\" role=\"listitem\">\n<h3 class=\"product-features__label\">Fonctions de pr\u00e9paration<\/h3>\n<ul role=\"list\">\n<li class=\"product-features__item-list__item\" role=\"listitem\"><span class=\"is--medium\">Battre\/Fouetter :<\/span> oui, id\u00e9al pour les blancs en neige, la chantilly, la p\u00e2te \u00e0 cr\u00eape.\t\t\t\t\t<\/li>\n<li class=\"product-features__item-list__item\" role=\"listitem\"><span class=\"is--medium\">P\u00e9trir :<\/span> oui, pour pr\u00e9parer les p\u00e2tes \u00e0 pain, pizza, bris\u00e9e.\t\t\t\t\t<\/li>\n<li class=\"product-features__item-list__item\" role=\"listitem\"><span class=\"is--medium\">Couper\/Hacher finement :<\/span> oui, pour pr\u00e9parer des tartares, hacher ail et fines herbes.\t\t\t\t\t<\/li>\n<li class=\"product-features__item-list__item\" role=\"listitem\"><span class=\"is--medium\">Mixer :<\/span> oui, pour pr\u00e9parer les coulis, les soupes.\t\t\t\t\t<\/li>\n<li class=\"product-features__item-list__item\" role=\"listitem\"><span class=\"is--medium\">Cuire les aliments :<\/span> non\t\t\t\t\t<\/li>\n<\/ul>\n<\/li>\n<li class=\"product-features__item\" role=\"listitem\">\n<h3 class=\"product-features__label\">Cuisson<\/h3>\n<ul role=\"list\">\n<li class=\"product-features__item-list__item\" role=\"listitem\"><span class=\"is--medium\">Maintien au chaud :<\/span> non\t\t\t\t\t<\/li>\n<\/ul>\n<\/li>\n<li class=\"product-features__item\" role=\"listitem\">\n<h3 class=\"product-features__label\">Nombre de bols et leurs capacit\u00e9s<\/h3>\n<ul role=\"list\">\n<li class=\"product-features__item-list__item\" role=\"listitem\"><span class=\"is--medium\">Capacit\u00e9 totale du bol principal :<\/span> Capacit\u00e9 XS 1,7L\t\t\t\t\t<\/li>\n<\/ul>\n<\/li>\n<li class=\"product-features__item\" role=\"listitem\">\n<h3 class=\"product-features__label\">Accessoires inclus<\/h3>\n<ul role=\"list\">\n<li class=\"product-features__item-list__item\" role=\"listitem\"><span class=\"is--medium\">Accessoires :<\/span> bo\u00eete de rangement des accessoires, couteau hachoir, disque(s) r\u00e2peur, spatule\t\t\t\t\t<\/li>\n<li class=\"product-features__item-list__item\" role=\"listitem\"><span class=\"is--medium\">Plus d&rsquo;accessoires :<\/span> <a href=\"https:\/\/www.boulanger.com\/c\/nav-filtre\/accessoire-appareil-preparation-culinaire?facettes_access_robot_____marque_compatible~magimix\" target=\"_blank\">En cliquant ici<\/a><\/li>\n<\/ul>\n<\/li>\n<li class=\"product-features__item\" role=\"listitem\">\n<h3 class=\"product-features__label\">Confort et performance<\/h3>\n<ul role=\"list\">\n<li class=\"product-features__item-list__item\" role=\"listitem\"><span class=\"is--medium\">Type de moteur :<\/span> professionnel, il est tr\u00e8s silencieux avec une dur\u00e9e de vie plus longue qu&rsquo;un moteur classique.\t\t\t\t\t<\/li>\n<li class=\"product-features__item-list__item\" role=\"listitem\"><span class=\"is--medium\">Puissance en watts :<\/span> 400 W\t\t\t\t\t<\/li>\n<li class=\"product-features__item-list__item\" role=\"listitem\"><span class=\"is--medium\">Nombre de vitesses :<\/span> 1\t\t\t\t\t<\/li>\n<li class=\"product-features__item-list__item\" role=\"listitem\"><span class=\"is--medium\">S\u00e9lecteur de vitesse :<\/span> oui, permet de choisir la vitesse adapt\u00e9e selon les pr\u00e9parations\t\t\t\t\t<\/li>\n<li class=\"product-features__item-list__item\" role=\"listitem\"><span class=\"is--medium\">Touche pulse :<\/span> oui, permet une acc\u00e9l\u00e9ration \u00e0 la demande, id\u00e9al pour piler des gla\u00e7ons, pr\u00e9parer des smoothies avec des fruits surgel\u00e9s\t\t\t\t\t<\/li>\n<li class=\"product-features__item-list__item\" role=\"listitem\"><span class=\"is--medium\">Mat\u00e9riau du corps :<\/span> ABS plastique haute r\u00e9sistance\t\t\t\t\t<\/li>\n<li class=\"product-features__item-list__item\" role=\"listitem\"><span class=\"is--medium\">Suivi des recettes pas \u00e0 pas :<\/span> non\t\t\t\t\t<\/li>\n<li class=\"product-features__item-list__item\" role=\"listitem\"><span class=\"is--medium\">Connect\u00e9 :<\/span> non\t\t\t\t\t<\/li>\n<li class=\"product-features__item-list__item\" role=\"listitem\"><span class=\"is--medium\">Balance int\u00e9gr\u00e9e au robot :<\/span> Non\t\t\t\t\t<\/li>\n<\/ul>\n<\/li>\n<li class=\"product-features__item\" role=\"listitem\">\n<h3 class=\"product-features__label\">Informations compl\u00e9mentaires<\/h3>\n<ul role=\"list\">\n<li class=\"product-features__item-list__item\" role=\"listitem\"><span class=\"is--medium\">Disponibilit\u00e9 des pi\u00e8ces d\u00e9tach\u00e9es (donn\u00e9es fournisseur) :<\/span> Pendant 30 ans, \u00e0 compter de la date d&rsquo;achat\t\t\t\t\t<\/li>\n<li class=\"product-features__item-list__item\" role=\"listitem\"><span class=\"is--medium\">Garantie :<\/span> 2 ans\t\t\t\t\t<\/li>\n<li class=\"product-features__item-list__item\" role=\"listitem\"><span class=\"is--medium\">Conditions sp\u00e9ciales de garanties du constructeur :<\/span> <a href=\"http:\/\/boulanger.scene7.com\/is\/content\/Boulanger\/Annexes\/CGV%20GSS%202015.pdf\" target=\"_blank\">Cliquez ici<\/a><\/li>\n<li class=\"product-features__item-list__item\" role=\"listitem\"><span class=\"is--medium\">Fabriqu\u00e9 en :<\/span> France\t\t\t\t\t<\/li>\n<li class=\"product-features__item-list__item\" role=\"listitem\"><span class=\"is--medium\">R\u00e9f\u00e9rence constructeur :<\/span> 18261F MINI PLUS CHROME BRILLANT\t\t\t\t\t<\/li>\n<li class=\"product-features__item-list__item\" role=\"listitem\"><span class=\"is--medium\">Marque :<\/span> MAGIMIX\t\t\t\t\t<\/li>\n<\/ul>\n<\/li>\n<li class=\"product-features__item\" role=\"listitem\">\n<h3 class=\"product-features__label\">Dimensions<\/h3>\n<ul role=\"list\">\n<li class=\"product-features__item-list__item\" role=\"listitem\"><span class=\"is--medium\">Dimensions l x h x p :<\/span> 15.5 x 37 x 21 cm\t\t\t\t\t<\/li>\n<\/ul>\n<\/li>\n<\/ul>\n<\/div>\n<div class=\"product__disclosure-content\">\n<div class=\"js-read-more product-description__content read-more read-more--truncated\" data-read-more-name=\"description\" style=\"max-height: 500px; overflow: hidden;\">\n<p>Inventeur du premier robot m\u00e9nager \u00e0 destination des particuliers en 1971, MAGIMIX ne cesse de r\u00e9inventer les robots multifonctions. Praticit\u00e9, ligne, options, capacit\u00e9s? La nouvelle collection Plus de Magimix, avec ses moteurs garantis trente ans, sa gamme \u00e9tendue d&rsquo;accessoires optionnels, vous assure une cuisine pratique, puissante, et adapt\u00e9e \u00e0 votre m\u00e9nage. Ainsi, le Mini Plus Chrome Brillant de Magimix accompagnera toutes les pr\u00e9parations d&rsquo;un couple.<\/p>\n<h3>La Multifonction \u00e0 l&rsquo;assaut de toutes vos recettes<\/h3>\n<p><\/p>\n<p class=\"wy_tableau_gauche\"><img decoding=\"async\" height=\"150\" src=\"https:\/\/boulanger.scene7.com\/is\/image\/Boulanger\/3519280182612_p1?wid=150&amp;hei=150\" width=\"150\"\/><\/p>\n<p>D\u00e8s lors qu&rsquo;il s&rsquo;agit de r\u00e2per, d&rsquo;\u00e9mincer, de hacher, d&rsquo;\u00e9mulsionner ou de p\u00e9trir rien ne saurait r\u00e9sister \u00e0 un robot multifonction de la gamme Plus Magimix, si ce n&rsquo;est les proportions. Avec une cuve de 1,7 litre, le Mini Plus de Magimix peut pr\u00e9parer jusqu&rsquo;\u00e0 600 millilitres de velout\u00e9, hacher 500 grammes de viande ou p\u00e9trir 400 grammes de p\u00e2te \u00e0 pain. Con\u00e7u pour les besoins d&rsquo;un couple et d&rsquo;un c\u00e9libataire, avec ses <b>650 watts de puissance<\/b>, il accompagne parfaitement toutes les pr\u00e9parations.<\/p>\n<p>Les robots multifonctions Magimix ont \u00e9t\u00e9 pens\u00e9s pour vous faciliter la t\u00e2che au quotidien ou pour les plats \u00e9labor\u00e9s. Encha\u00eenez les pr\u00e9parations avec <b>deux cuves (de 1,7 l et 0,5 l) <\/b>. Avec trois touches sur le corps du robot, vous acc\u00e9dez \u00e0 toutes les options du robot. Enfin, le moteur s&rsquo;adaptera automatiquement aux besoins de toutes vos pr\u00e9parations.<\/p>\n<h3>Une qualit\u00e9 \u00e0 toute \u00e9preuve<\/h3>\n<p><\/p>\n<p class=\"wy_tableau_right\"><img decoding=\"async\" height=\"150\" src=\"https:\/\/boulanger.scene7.com\/is\/image\/Boulanger\/3519280182612_p2?width=150&amp;height=150\" width=\"150\"\/><\/p>\n<p>Magimix vous garantit pour trente ans un moteur professionnel. \u00c9conome en \u00e9nergie, silencieux, \u00e0 la puissance parfaitement adapt\u00e9e au volume des cuves que vous utiliserez, il est l&rsquo;assurance de pr\u00e9parations homog\u00e8nes et r\u00e9ussies. <b>Les lames, choisies aupr\u00e8s des Coutelleries de Thiers<\/b>, sont un gage ind\u00e9niable de fiabilit\u00e9.<\/p>\n<p>B\u00e9n\u00e9ficiez d&rsquo;une gamme \u00e9tendue d&rsquo;accessoires et de kits optionnels. Vous avez choisi votre appareil en fonction de vos besoins, faites-le dor\u00e9navant \u00e9voluer en fonction de vos d\u00e9sirs. Ainsi des disques ondul\u00e9s pour pr\u00e9parer des chips ou des crudit\u00e9s originales pourront am\u00e9liorer encore votre Mini Plus.<\/p>\n<\/p>\n<\/div>\n<p><bl-button a11yexpanded=\"false\" arialabel=\"Afficher toute la description\" class=\"read-more__btn\" full=\"false\" link=\"true\">Voir plus<\/bl-button><\/div>","protected":false},"excerpt":{"rendered":"<div class=\"keypoints\">\n<h3 class=\"keypoints__title\">Les points cl\u00e9s<\/h3>\n<ul role=\"list\">\n<li class=\"keypoints__item\" role=\"listitem\">                                        Battre\/Fouetter, P\u00e9trir, Couper\/Hacher finement, Mixer                      <\/li>\n<li class=\"keypoints__item\" role=\"listitem\">                                        Capacit\u00e9 XS 1,7L                      <\/li>\n<li class=\"keypoints__item\" role=\"listitem\">                                        Dimensions l x h x p : 15.5 x 37 x 21 cm                      <\/li>\n<li class=\"keypoints__item\" role=\"listitem\">                                        Pr\u00e9cision de chauffe: : Non concern\u00e9                      <\/li>\n<li class=\"keypoints__item keypoints__item--advantage\" role=\"listitem\"><strong>Le + :<\/strong> Moteur professionnel,  2 bols, couteau, batteur, presse-agrumes, 2 disques.      <\/li>\n<\/ul>","protected":false},"featured_media":51250,"template":"","meta":{"_glsr_average":0,"_glsr_ranking":0,"_glsr_reviews":0},"product_cat":[370],"product_tag":[230,371,372],"class_list":{"0":"post-99797","1":"product","2":"type-product","3":"status-publish","4":"has-post-thumbnail","6":"product_cat-robot-multifonction","7":"product_tag-cuisine-et-cuisson","8":"product_tag-robot-de-cuisine","9":"product_tag-robot-multifonction","11":"first","12":"instock","13":"shipping-taxable","14":"product-type-simple"},"_links":{"self":[{"href":"https:\/\/electromenagerexpress.com\/en\/wp-json\/wp\/v2\/product\/99797","targetHints":{"allow":["GET"]}}],"collection":[{"href":"https:\/\/electromenagerexpress.com\/en\/wp-json\/wp\/v2\/product"}],"about":[{"href":"https:\/\/electromenagerexpress.com\/en\/wp-json\/wp\/v2\/types\/product"}],"wp:featuredmedia":[{"embeddable":true,"href":"https:\/\/electromenagerexpress.com\/en\/wp-json\/wp\/v2\/media\/51250"}],"wp:attachment":[{"href":"https:\/\/electromenagerexpress.com\/en\/wp-json\/wp\/v2\/media?parent=99797"}],"wp:term":[{"taxonomy":"product_cat","embeddable":true,"href":"https:\/\/electromenagerexpress.com\/en\/wp-json\/wp\/v2\/product_cat?post=99797"},{"taxonomy":"product_tag","embeddable":true,"href":"https:\/\/electromenagerexpress.com\/en\/wp-json\/wp\/v2\/product_tag?post=99797"}],"curies":[{"name":"wp","href":"https:\/\/api.w.org\/{rel}","templated":true}]}}