{"id":99784,"date":"2024-11-28T11:43:01","date_gmt":"2024-11-28T11:43:01","guid":{"rendered":"https:\/\/electromenagerexpress.com\/product\/robot-patissierkitchenaid5ksm185pseob-artisan-noir\/"},"modified":"2024-11-28T11:43:04","modified_gmt":"2024-11-28T11:43:04","slug":"robot-patissierkitchenaid5ksm185pseob-artisan-noir","status":"publish","type":"product","link":"https:\/\/electromenagerexpress.com\/en\/product\/robot-patissierkitchenaid5ksm185pseob-artisan-noir\/","title":{"rendered":"Robot p\u00e2tissier\t\t\t\t\t\t\tKITCHENAID\t\t\t\t5KSM185PSEOB Artisan Noir"},"content":{"rendered":"<div class=\"product-features__content\">\n<ul role=\"list\">\n<li class=\"product-features__item\" role=\"listitem\">\n<h3 class=\"product-features__label\">Choisir ce produit pour quels usages ?<\/h3>\n<ul role=\"list\">\n<li class=\"product-features__item-list__item\" role=\"listitem\"><span class=\"is--medium\">Capacit\u00e9 :<\/span> Capacit\u00e9 Large 4,8L\t\t\t\t\t<\/li>\n<li class=\"product-features__item-list__item\" role=\"listitem\"><span class=\"is--medium\">Id\u00e9al pour :<\/span> pour pr\u00e9parer toutes vos p\u00e2tes \u00e0 pain, brioche, monter les blancs et \u00e9mulsionner mayonnaises et vinaigrettes\t\t\t\t\t<\/li>\n<\/ul>\n<\/li>\n<li class=\"product-features__item\" role=\"listitem\">\n<h3 class=\"product-features__label\">Fonctions de pr\u00e9paration<\/h3>\n<ul role=\"list\">\n<li class=\"product-features__item-list__item\" role=\"listitem\"><span class=\"is--medium\">Battre\/Fouetter :<\/span> oui, id\u00e9al pour les blancs en neige, la chantilly, la p\u00e2te \u00e0 cr\u00eape.\t\t\t\t\t<\/li>\n<li class=\"product-features__item-list__item\" role=\"listitem\"><span class=\"is--medium\">P\u00e9trir :<\/span> oui, pour pr\u00e9parer les p\u00e2tes \u00e0 pain, pizza, bris\u00e9e.\t\t\t\t\t<\/li>\n<li class=\"product-features__item-list__item\" role=\"listitem\"><span class=\"is--medium\">M\u00e9langer d\u00e9licatement :<\/span> oui, pour pr\u00e9parer les mousses au chocolat, les souffl\u00e9s (reproduit le geste de la main).\t\t\t\t\t<\/li>\n<li class=\"product-features__item-list__item\" role=\"listitem\"><span class=\"is--medium\">Emulsionner :<\/span> oui, pour pr\u00e9parer les mayonnaises, sauces vinaigrettes.\t\t\t\t\t<\/li>\n<\/ul>\n<\/li>\n<li class=\"product-features__item\" role=\"listitem\">\n<h3 class=\"product-features__label\">Nombre de bols et leurs capacit\u00e9s<\/h3>\n<ul role=\"list\">\n<li class=\"product-features__item-list__item\" role=\"listitem\"><span class=\"is--medium\">Capacit\u00e9 totale du bol principal :<\/span> Capacit\u00e9 Large 4,8L\t\t\t\t\t<\/li>\n<li class=\"product-features__item-list__item\" role=\"listitem\"><span class=\"is--medium\">Poign\u00e9e(s) du bol principal :<\/span> 1 sur le c\u00f4t\u00e9, id\u00e9al pour d\u00e9verser le contenu\t\t\t\t\t<\/li>\n<li class=\"product-features__item-list__item\" role=\"listitem\"><span class=\"is--medium\">Mati\u00e8re du bol principal :<\/span> inox\t\t\t\t\t<\/li>\n<\/ul>\n<\/li>\n<li class=\"product-features__item\" role=\"listitem\">\n<h3 class=\"product-features__label\">Performance et confort<\/h3>\n<ul role=\"list\">\n<li class=\"product-features__item-list__item\" role=\"listitem\"><span class=\"is--medium\">Type de moteur :<\/span> professionnel, tr\u00e8s silencieux avec une dur\u00e9e de vie plus longue qu&rsquo;un moteur classique.\t\t\t\t\t<\/li>\n<li class=\"product-features__item-list__item\" role=\"listitem\"><span class=\"is--medium\">Transmission :<\/span> directe, le moteur se trouve dans la t\u00eate et transmet directement la puissance (\u00e0 performance \u00e9gale, ce moteur n\u00e9cessite moins de puissance)\t\t\t\t\t<\/li>\n<li class=\"product-features__item-list__item\" role=\"listitem\"><span class=\"is--medium\">Puissance en watts :<\/span> 300 W\t\t\t\t\t<\/li>\n<li class=\"product-features__item-list__item\" role=\"listitem\"><span class=\"is--medium\">Nombre de vitesses :<\/span> 10\t\t\t\t\t<\/li>\n<li class=\"product-features__item-list__item\" role=\"listitem\"><span class=\"is--medium\">Fonction pulse :<\/span> non\t\t\t\t\t<\/li>\n<li class=\"product-features__item-list__item\" role=\"listitem\"><span class=\"is--medium\">Mouvement plan\u00e9taire :<\/span> oui, permet de reproduire le geste du p\u00e2tissier en rassemblant les ingr\u00e9dients au centre du bol\t\t\t\t\t<\/li>\n<li class=\"product-features__item-list__item\" role=\"listitem\"><span class=\"is--medium\">D\u00e9marrage progressif automatique :<\/span> non\t\t\t\t\t<\/li>\n<li class=\"product-features__item-list__item\" role=\"listitem\"><span class=\"is--medium\">Finition du corps :<\/span> zinc\t\t\t\t\t<\/li>\n<li class=\"product-features__item-list__item\" role=\"listitem\"><span class=\"is--medium\">Poids du robot :<\/span> 11,0 kg\t\t\t\t\t<\/li>\n<li class=\"product-features__item-list__item\" role=\"listitem\"><span class=\"is--medium\">Balance int\u00e9gr\u00e9e :<\/span> Non\t\t\t\t\t<\/li>\n<li class=\"product-features__item-list__item\" role=\"listitem\"><span class=\"is--medium\">Pieds anti-d\u00e9rapants :<\/span> Non\t\t\t\t\t<\/li>\n<li class=\"product-features__item-list__item\" role=\"listitem\"><span class=\"is--medium\">Compatibilit\u00e9 lave vaisselle :<\/span> bol\t\t\t\t\t<\/li>\n<li class=\"product-features__item-list__item\" role=\"listitem\"><span class=\"is--medium\">Connect\u00e9 :<\/span> Non\t\t\t\t\t<\/li>\n<li class=\"product-features__item-list__item\" role=\"listitem\"><span class=\"is--medium\">Coloris :<\/span> Noir Onyx\t\t\t\t\t<\/li>\n<\/ul>\n<\/li>\n<li class=\"product-features__item\" role=\"listitem\">\n<h3 class=\"product-features__label\">Accessoires inclus<\/h3>\n<ul role=\"list\">\n<li class=\"product-features__item-list__item\" role=\"listitem\"><span class=\"is--medium\">Accessoires :<\/span> batteur, couvercle anti-projections, crochet p\u00e9trisseur, fouet \u00e0 fils\t\t\t\t\t<\/li>\n<li class=\"product-features__item-list__item\" role=\"listitem\"><span class=\"is--medium\">Mati\u00e8re du fouet :<\/span> aluminium\t\t\t\t\t<\/li>\n<li class=\"product-features__item-list__item\" role=\"listitem\"><span class=\"is--medium\">Mati\u00e8re du crochet p\u00e9trisseur :<\/span> aluminium\t\t\t\t\t<\/li>\n<li class=\"product-features__item-list__item\" role=\"listitem\"><span class=\"is--medium\">Mati\u00e8re du batteur :<\/span> aluminium\t\t\t\t\t<\/li>\n<\/ul>\n<\/li>\n<li class=\"product-features__item\" role=\"listitem\">\n<h3 class=\"product-features__label\">Dimensions<\/h3>\n<ul role=\"list\">\n<li class=\"product-features__item-list__item\" role=\"listitem\"><span class=\"is--medium\">Dimensions l x h x p :<\/span> 24 x 36 x 37 cm\t\t\t\t\t<\/li>\n<\/ul>\n<\/li>\n<li class=\"product-features__item\" role=\"listitem\">\n<h3 class=\"product-features__label\">Informations compl\u00e9mentaires<\/h3>\n<ul role=\"list\">\n<li class=\"product-features__item-list__item\" role=\"listitem\"><span class=\"is--medium\">Fabriqu\u00e9 en :<\/span> Etats-Unis\t\t\t\t\t<\/li>\n<li class=\"product-features__item-list__item\" role=\"listitem\"><span class=\"is--medium\">Disponibilit\u00e9 des pi\u00e8ces d\u00e9tach\u00e9es (donn\u00e9es fournisseur) :<\/span> Pendant 15 ans, \u00e0 compter de la date d&rsquo;achat\t\t\t\t\t<\/li>\n<li class=\"product-features__item-list__item\" role=\"listitem\"><span class=\"is--medium\">R\u00e9f\u00e9rence constructeur :<\/span> 5KSM185PSEOB ARTISAN NOIR\t\t\t\t\t<\/li>\n<li class=\"product-features__item-list__item\" role=\"listitem\"><span class=\"is--medium\">Marque :<\/span> KITCHENAID\t\t\t\t\t<\/li>\n<\/ul>\n<\/li>\n<\/ul>\n<\/div>\n<div class=\"product__disclosure-content\">\n<div class=\"js-read-more product-description__content read-more read-more--truncated\" data-read-more-name=\"description\" style=\"max-height: 500px; overflow: hidden;\">\n<p>Robuste, durable et pratique, le robot p\u00e2tissier\u00a0Kitchenaid\u00a05KSM185PSEOB NOIR est un v\u00e9ritable alli\u00e9 en cuisine, et ce, pour de longues ann\u00e9es. Fourni avec 2 bols en inox, un batteur plat, un fouet \u00e0 fils et un crochet p\u00e9trisseur, il vous aide \u00e0 r\u00e9aliser de nombreuses pr\u00e9parations.<\/p>\n<h3>Un appareil robuste, puissant et pratique<img fetchpriority=\"high\" decoding=\"async\" alt=\"Robot p\u00e2tissier\u00a0Kitchenaid 5KSM185PSEOB NOIR\" class=\"wy_tableau_gauche\" height=\"270\" src=\"https:\/\/boulanger.scene7.com\/is\/image\/Boulanger\/5413184120948_h_f_l_0?wid=400&amp;hei=270\" width=\"400\"\/><\/h3>\n<p>Le robot p\u00e2tissier\u00a05KSM185PSEOB NOIR est un <b>appareil con\u00e7u pour durer<\/b>. Compos\u00e9 de mat\u00e9riaux robustes, il est pr\u00eat \u00e0 relever tous les d\u00e9fis. Il peut sans probl\u00e8me pr\u00e9parer les p\u00e2tes, des plus collantes aux plus \u00e9paisses.<\/p>\n<p>Capable d&rsquo;atteindre une <b>vitesse de rotation de 58 tours par minute, ce robot est tr\u00e8s puissant<\/b>. Pratique, il est fourni avec 2 bols en inox, l&rsquo;un de 3 litres et l&rsquo;autre de 4,8 litres, ainsi qu&rsquo;avec un couvercle verseur\/protecteur qui \u00e9vite les \u00e9claboussures pour garder vos plans de travail propres.<\/p>\n<h3>Pr\u00e9parez facilement une multitude de recettes<img decoding=\"async\" alt=\"Robot p\u00e2tissier\u00a0Kitchenaid\u00a05KSM185PSEOB NOIR\" class=\"wy_tableau_right\" height=\"270\" src=\"https:\/\/boulanger.scene7.com\/is\/image\/Boulanger\/5413184120948_h_f_l_0?wid=400&amp;hei=270\" width=\"400\"\/><\/h3>\n<p>Le robot p\u00e2tissier\u00a0Kitchenaid\u00a05KSM185PSEOB NOIR est fourni avec un <b>fouet \u00e0 fils qui vous permet d&rsquo;ajouter de l&rsquo;air \u00e0 vos pr\u00e9parations<\/b>. Avec lui, vous concoctez des chantilly et des cr\u00e8mes l\u00e9g\u00e8res. Un crochet p\u00e9trisseur vous offre, quant \u00e0 lui, de r\u00e9aliser des p\u00e2tes \u00e0 pain, \u00e0 pizza ou \u00e0 p\u00e2tes. Enfin, le batteur plat vous sert pour les pr\u00e9parations les plus \u00e9paisses.<\/p>\n<p>Fonctionnel, ce robot de cuisine s&rsquo;adapte \u00e0 tous vos besoins. Il vous permet notamment de <b>choisir parmi une large gamme d&rsquo;accessoires compatibles<\/b> celui qui vous aidera \u00e0 r\u00e9aliser votre prochaine cr\u00e9ation, tels qu&rsquo;un presse-agrumes ou un hachoir.<\/p>\n<\/p>\n<\/div>\n<p><bl-button a11yexpanded=\"false\" arialabel=\"Afficher toute la description\" class=\"read-more__btn\" full=\"false\" link=\"true\">Voir plus<\/bl-button><\/div>","protected":false},"excerpt":{"rendered":"<div class=\"keypoints\">\n<h3 class=\"keypoints__title\">Les points cl\u00e9s<\/h3>\n<ul role=\"list\">\n<li class=\"keypoints__item\" role=\"listitem\">                          Capacit\u00e9 Large 4,8L &#8211;                                                      2 bols                      <\/li>\n<li class=\"keypoints__item\" role=\"listitem\">                                        Accessoires : batteur, couvercle anti-projections, crochet p\u00e9trisseur, fouet \u00e0 fils                      <\/li>\n<li class=\"keypoints__item\" role=\"listitem\">                                        Finition du corps en : zinc                      <\/li>\n<li class=\"keypoints__item\" role=\"listitem\">                          Transmission : directe &#8211;                                                      Puissance : 300 watts                      <\/li>\n<li class=\"keypoints__item keypoints__item--advantage\" role=\"listitem\"><strong>Le + :<\/strong> Pour pr\u00e9parer de petites et de grandesquantit\u00e9s rapidement et facilement      <\/li>\n<\/ul>","protected":false},"featured_media":51104,"template":"","meta":{"_glsr_average":0,"_glsr_ranking":0,"_glsr_reviews":0},"product_cat":[373],"product_tag":[230,371,374],"class_list":{"0":"post-99784","1":"product","2":"type-product","3":"status-publish","4":"has-post-thumbnail","6":"product_cat-robot-patissier","7":"product_tag-cuisine-et-cuisson","8":"product_tag-robot-de-cuisine","9":"product_tag-robot-patissier","11":"first","12":"instock","13":"sale","14":"shipping-taxable","15":"purchasable","16":"product-type-simple"},"_links":{"self":[{"href":"https:\/\/electromenagerexpress.com\/en\/wp-json\/wp\/v2\/product\/99784","targetHints":{"allow":["GET"]}}],"collection":[{"href":"https:\/\/electromenagerexpress.com\/en\/wp-json\/wp\/v2\/product"}],"about":[{"href":"https:\/\/electromenagerexpress.com\/en\/wp-json\/wp\/v2\/types\/product"}],"wp:featuredmedia":[{"embeddable":true,"href":"https:\/\/electromenagerexpress.com\/en\/wp-json\/wp\/v2\/media\/51104"}],"wp:attachment":[{"href":"https:\/\/electromenagerexpress.com\/en\/wp-json\/wp\/v2\/media?parent=99784"}],"wp:term":[{"taxonomy":"product_cat","embeddable":true,"href":"https:\/\/electromenagerexpress.com\/en\/wp-json\/wp\/v2\/product_cat?post=99784"},{"taxonomy":"product_tag","embeddable":true,"href":"https:\/\/electromenagerexpress.com\/en\/wp-json\/wp\/v2\/product_tag?post=99784"}],"curies":[{"name":"wp","href":"https:\/\/api.w.org\/{rel}","templated":true}]}}