{"id":99777,"date":"2024-11-28T11:41:58","date_gmt":"2024-11-28T11:41:58","guid":{"rendered":"https:\/\/electromenagerexpress.com\/product\/robot-patissierkitchenaid5ksm70shxeob-noir-onyx\/"},"modified":"2024-11-28T11:42:04","modified_gmt":"2024-11-28T11:42:04","slug":"robot-patissierkitchenaid5ksm70shxeob-noir-onyx","status":"publish","type":"product","link":"https:\/\/electromenagerexpress.com\/en\/product\/robot-patissierkitchenaid5ksm70shxeob-noir-onyx\/","title":{"rendered":"Robot p\u00e2tissier\t\t\t\t\t\t\tKITCHENAID\t\t\t\t5KSM70SHXEOB noir onyx"},"content":{"rendered":"<div class=\"product-features__content\">\n<ul role=\"list\">\n<li class=\"product-features__item\" role=\"listitem\">\n<h3 class=\"product-features__label\">Choisir ce produit pour quels usages ?<\/h3>\n<ul role=\"list\">\n<li class=\"product-features__item-list__item\" role=\"listitem\"><span class=\"is--medium\">Capacit\u00e9 :<\/span> Capacit\u00e9 XXL 6,6L\t\t\t\t\t<\/li>\n<li class=\"product-features__item-list__item\" role=\"listitem\"><span class=\"is--medium\">Id\u00e9al pour :<\/span> pour pr\u00e9parer toutes vos p\u00e2tes \u00e0 pain, brioche, monter les blancs et \u00e9mulsionner mayonnaises et vinaigrettes\t\t\t\t\t<\/li>\n<\/ul>\n<\/li>\n<li class=\"product-features__item\" role=\"listitem\">\n<h3 class=\"product-features__label\">Fonctions de pr\u00e9paration<\/h3>\n<ul role=\"list\">\n<li class=\"product-features__item-list__item\" role=\"listitem\"><span class=\"is--medium\">Battre\/Fouetter :<\/span> oui, id\u00e9al pour les blancs en neige, la chantilly, la p\u00e2te \u00e0 cr\u00eape.\t\t\t\t\t<\/li>\n<li class=\"product-features__item-list__item\" role=\"listitem\"><span class=\"is--medium\">P\u00e9trir :<\/span> oui, pour pr\u00e9parer les p\u00e2tes \u00e0 pain, pizza, bris\u00e9e.\t\t\t\t\t<\/li>\n<li class=\"product-features__item-list__item\" role=\"listitem\"><span class=\"is--medium\">M\u00e9langer d\u00e9licatement :<\/span> oui, pour pr\u00e9parer les mousses au chocolat, les souffl\u00e9s (reproduit le geste de la main).\t\t\t\t\t<\/li>\n<li class=\"product-features__item-list__item\" role=\"listitem\"><span class=\"is--medium\">Emulsionner :<\/span> oui, pour pr\u00e9parer les mayonnaises, sauces vinaigrettes.\t\t\t\t\t<\/li>\n<\/ul>\n<\/li>\n<li class=\"product-features__item\" role=\"listitem\">\n<h3 class=\"product-features__label\">Nombre de bols et leurs capacit\u00e9s<\/h3>\n<ul role=\"list\">\n<li class=\"product-features__item-list__item\" role=\"listitem\"><span class=\"is--medium\">Capacit\u00e9 totale du bol principal :<\/span> Capacit\u00e9 XXL 6,6L\t\t\t\t\t<\/li>\n<li class=\"product-features__item-list__item\" role=\"listitem\"><span class=\"is--medium\">Capacit\u00e9 max en pain (kg) :<\/span> 3,90 Kg\t\t\t\t\t<\/li>\n<li class=\"product-features__item-list__item\" role=\"listitem\"><span class=\"is--medium\">Poign\u00e9e(s) du bol principal :<\/span> 1 sur le c\u00f4t\u00e9, id\u00e9al pour d\u00e9verser le contenu\t\t\t\t\t<\/li>\n<li class=\"product-features__item-list__item\" role=\"listitem\"><span class=\"is--medium\">Mati\u00e8re du bol principal :<\/span> inox\t\t\t\t\t<\/li>\n<li class=\"product-features__item-list__item\" role=\"listitem\"><span class=\"is--medium\">Capacit\u00e9 max en oeufs :<\/span> 15\t\t\t\t\t<\/li>\n<\/ul>\n<\/li>\n<li class=\"product-features__item\" role=\"listitem\">\n<h3 class=\"product-features__label\">Performance et confort<\/h3>\n<ul role=\"list\">\n<li class=\"product-features__item-list__item\" role=\"listitem\"><span class=\"is--medium\">Type de moteur :<\/span> professionnel, tr\u00e8s silencieux avec une dur\u00e9e de vie plus longue qu&rsquo;un moteur classique.\t\t\t\t\t<\/li>\n<li class=\"product-features__item-list__item\" role=\"listitem\"><span class=\"is--medium\">Transmission :<\/span> directe, le moteur se trouve dans la t\u00eate et transmet directement la puissance (\u00e0 performance \u00e9gale, ce moteur n\u00e9cessite moins de puissance)\t\t\t\t\t<\/li>\n<li class=\"product-features__item-list__item\" role=\"listitem\"><span class=\"is--medium\">Puissance en watts :<\/span> 375 W\t\t\t\t\t<\/li>\n<li class=\"product-features__item-list__item\" role=\"listitem\"><span class=\"is--medium\">Nombre de vitesses :<\/span> 11\t\t\t\t\t<\/li>\n<li class=\"product-features__item-list__item\" role=\"listitem\"><span class=\"is--medium\">Fonction pulse :<\/span> non\t\t\t\t\t<\/li>\n<li class=\"product-features__item-list__item\" role=\"listitem\"><span class=\"is--medium\">Mouvement plan\u00e9taire :<\/span> oui, permet de reproduire le geste du p\u00e2tissier en rassemblant les ingr\u00e9dients au centre du bol\t\t\t\t\t<\/li>\n<li class=\"product-features__item-list__item\" role=\"listitem\"><span class=\"is--medium\">D\u00e9marrage progressif automatique :<\/span> non\t\t\t\t\t<\/li>\n<li class=\"product-features__item-list__item\" role=\"listitem\"><span class=\"is--medium\">Finition du corps :<\/span> zinc\t\t\t\t\t<\/li>\n<li class=\"product-features__item-list__item\" role=\"listitem\"><span class=\"is--medium\">Poids du robot :<\/span> 15,7 kg\t\t\t\t\t<\/li>\n<li class=\"product-features__item-list__item\" role=\"listitem\"><span class=\"is--medium\">Nombre de sorties suppl\u00e9mentaires :<\/span> 1 sortie qui permet d&rsquo;adapter des accessoires inclus ou optionnels \u00e0 diff\u00e9rentes sorties et\/ou de les utiliser simultan\u00e9ment\t\t\t\t\t<\/li>\n<li class=\"product-features__item-list__item\" role=\"listitem\"><span class=\"is--medium\">Acc\u00e8s au bol :<\/span> bol relevable\t\t\t\t\t<\/li>\n<li class=\"product-features__item-list__item\" role=\"listitem\"><span class=\"is--medium\">Balance int\u00e9gr\u00e9e :<\/span> Non\t\t\t\t\t<\/li>\n<li class=\"product-features__item-list__item\" role=\"listitem\"><span class=\"is--medium\">Longueur du cordon d&rsquo;alimentation :<\/span> 1,09 m\t\t\t\t\t<\/li>\n<li class=\"product-features__item-list__item\" role=\"listitem\"><span class=\"is--medium\">Pieds anti-d\u00e9rapants :<\/span> Oui\t\t\t\t\t<\/li>\n<li class=\"product-features__item-list__item\" role=\"listitem\"><span class=\"is--medium\">Compatibilit\u00e9 lave vaisselle :<\/span> bol, couvercle, p\u00e9trin, batteur, fouet\t\t\t\t\t<\/li>\n<li class=\"product-features__item-list__item\" role=\"listitem\"><span class=\"is--medium\">Connect\u00e9 :<\/span> Non\t\t\t\t\t<\/li>\n<li class=\"product-features__item-list__item\" role=\"listitem\"><span class=\"is--medium\">Coloris :<\/span> Noir Onyx\t\t\t\t\t<\/li>\n<li class=\"product-features__item-list__item\" role=\"listitem\"><span class=\"is--medium\">Variateur de vitesses :<\/span> Oui\t\t\t\t\t<\/li>\n<li class=\"product-features__item-list__item\" role=\"listitem\"><span class=\"is--medium\">Couvercle anti-projections :<\/span> oui, large ouverture pour ajouter vos ingr\u00e9dients en cours de pr\u00e9paration\t\t\t\t\t<\/li>\n<\/ul>\n<\/li>\n<li class=\"product-features__item\" role=\"listitem\">\n<h3 class=\"product-features__label\">Accessoires inclus<\/h3>\n<ul role=\"list\">\n<li class=\"product-features__item-list__item\" role=\"listitem\"><span class=\"is--medium\">Accessoires :<\/span> batteur, batteur \u00e0 bord flexible, couvercle anti-projections, crochet p\u00e9trisseur, fouet \u00e0 fils\t\t\t\t\t<\/li>\n<li class=\"product-features__item-list__item\" role=\"listitem\"><span class=\"is--medium\">Mati\u00e8re du fouet :<\/span> acier inoxydable\t\t\t\t\t<\/li>\n<li class=\"product-features__item-list__item\" role=\"listitem\"><span class=\"is--medium\">Mati\u00e8re du crochet p\u00e9trisseur :<\/span> acier inoxydable\t\t\t\t\t<\/li>\n<li class=\"product-features__item-list__item\" role=\"listitem\"><span class=\"is--medium\">Mati\u00e8re du batteur :<\/span> acier inoxydable\t\t\t\t\t<\/li>\n<\/ul>\n<\/li>\n<li class=\"product-features__item\" role=\"listitem\">\n<h3 class=\"product-features__label\">Dimensions<\/h3>\n<ul role=\"list\">\n<li class=\"product-features__item-list__item\" role=\"listitem\"><span class=\"is--medium\">Dimensions l x h x p :<\/span> 28.7 x 41.9 x 37.15 cm\t\t\t\t\t<\/li>\n<\/ul>\n<\/li>\n<li class=\"product-features__item\" role=\"listitem\">\n<h3 class=\"product-features__label\">Informations compl\u00e9mentaires<\/h3>\n<ul role=\"list\">\n<li class=\"product-features__item-list__item\" role=\"listitem\"><span class=\"is--medium\">Fabriqu\u00e9 en :<\/span> Etats-Unis\t\t\t\t\t<\/li>\n<li class=\"product-features__item-list__item\" role=\"listitem\"><span class=\"is--medium\">Disponibilit\u00e9 des pi\u00e8ces d\u00e9tach\u00e9es (donn\u00e9es fournisseur) :<\/span> Pendant 2 ans, \u00e0 compter de la date d&rsquo;achat\t\t\t\t\t<\/li>\n<li class=\"product-features__item-list__item\" role=\"listitem\"><span class=\"is--medium\">R\u00e9f\u00e9rence constructeur :<\/span> 5KSM70SHXEOB noir onyx\t\t\t\t\t<\/li>\n<li class=\"product-features__item-list__item\" role=\"listitem\"><span class=\"is--medium\">Marque :<\/span> KITCHENAID\t\t\t\t\t<\/li>\n<\/ul>\n<\/li>\n<\/ul>\n<\/div>\n<div class=\"product__disclosure-content\">\n<div class=\"js-read-more product-description__content read-more read-more--truncated\" data-read-more-name=\"description\" style=\"max-height: 500px; overflow: hidden;\">\n<p>Faites l&rsquo;exp\u00e9rience d&rsquo;une puissance jusqu&rsquo;\u00e0 1,5 fois sup\u00e9rieure \u00e0 celle du mod\u00e8le pr\u00e9c\u00e9dent gr\u00e2ce au nouveau robot p\u00e2tissier multifonction \u00e0 bol relevable KITCHENAID 5KSM70SHXEOB.<\/p>\n<h3><img fetchpriority=\"high\" decoding=\"async\" ,=\"\" alt=\"Robot KITCHENAID 5KSM70SHXEOB \" class=\"wy_tableau_gauche\" height=\"270\" src=\"https:\/\/boulanger.scene7.com\/is\/image\/Boulanger\/8003437630699_h_f_l_0?wid=400&amp;hei=270\" width=\"400\"\/>Plus polyvalent que tous les robots de sa cat\u00e9gorie<\/h3>\n<p>\u00c0 la recherche d&rsquo;une stabilit\u00e9 maximale et d&rsquo;un mixage puissant pour donner vie \u00e0 toutes vos ambitions culinaires ? <b>Le bol relevable avec un verrouillage en 3 points<\/b>, la conception tout en m\u00e9tal, les engrenages enti\u00e8rement m\u00e9talliques et la protection thermique de votre robot p\u00e2tissier KITCHENAID 5KSM70SHXEoB vous garantiront un m\u00e9lange fiable et durable.<\/p>\n<p>Acc\u00e9dez \u00e0 <b>11 vitesses diff\u00e9rentes (de l&rsquo;incorporation \u00e0 basse vitesse au fouettage \u00e0 grande vitesse)<\/b> et d\u00e9couvrez l&rsquo;incorporation \u00e0 mi-vitesse pour plus de pr\u00e9cision, d&rsquo;intensit\u00e9 et de contr\u00f4le. Aux c\u00f4t\u00e9s de votre robot p\u00e2tissier KITCHENAID 5KSM70SHXEOB, vous pourrez introduire en douceur les ingr\u00e9dients d\u00e9licats et \u00e9viter tout mouvement excessif : id\u00e9al pour des blancs d&rsquo;oeufs en neige bien fermes.<\/p>\n<h3><img decoding=\"async\" ,=\"\" alt=\"Robot KITCHENAID 5KSM70SHXEOB\" class=\"wy_tableau_right\" height=\"270\" src=\"https:\/\/boulanger.scene7.com\/is\/image\/Boulanger\/8003437630699_h_f_l_1?wid=400&amp;hei=270\" width=\"400\"\/>Tout pour des moments savoureux en cuisine<\/h3>\n<p>Dot\u00e9 d&rsquo;une poign\u00e9e ergonomique, <b>le bol en acier inoxydable bross\u00e9 de 6,6 L<\/b> de votre robot p\u00e2tissier KITCHENAID 5KSM70SHXEOB vous permettra de m\u00e9langer de petites et de grandes quantit\u00e9s d&rsquo;ingr\u00e9dients en toute simplicit\u00e9. Pour \u00e9viter les \u00e9claboussures, le d\u00e9marrage progressif favorisera une acc\u00e9l\u00e9ration en douceur jusqu&rsquo;\u00e0 la vitesse choisie et le couvercle protecteur se clipsera sur le bord.<\/p>\n<p><b>Batteur plat en acier inoxydable, fouet \u00e0 fils ou encore crochet p\u00e9trisseur en spirale unique reproduisant le p\u00e9trissage \u00e0 la main<\/b> : solides et durables, les accessoires fournis avec votre robot p\u00e2tissier KITCHENAID 5KSM70SHXEOB vous permettront de pr\u00e9parer du pain d\u00e9licieux en un tournemain. En plus, ils passeront volontiers au lave-vaisselle, vous facilitant la vie jour apr\u00e8s jour.<\/p>\n<\/p>\n<\/div>\n<p><bl-button a11yexpanded=\"false\" arialabel=\"Afficher toute la description\" class=\"read-more__btn\" full=\"false\" link=\"true\">Voir plus<\/bl-button><\/div>","protected":false},"excerpt":{"rendered":"<div class=\"keypoints\">\n<h3 class=\"keypoints__title\">Les points cl\u00e9s<\/h3>\n<ul role=\"list\">\n<li class=\"keypoints__item\" role=\"listitem\">                          Capacit\u00e9 XXL 6,6L &#8211;                                                      1 bol                      <\/li>\n<li class=\"keypoints__item\" role=\"listitem\">                                        Accessoires : batteur, batteur \u00e0 bord flexible, couvercle anti-projections, crochet p\u00e9trisseur, fouet \u00e0 fils                      <\/li>\n<li class=\"keypoints__item\" role=\"listitem\">                                        Finition du corps en : zinc                      <\/li>\n<li class=\"keypoints__item\" role=\"listitem\">                          Transmission : directe &#8211;                                                      Puissance : 375 watts                      <\/li>\n<li class=\"keypoints__item keypoints__item--advantage\" role=\"listitem\"><strong>Le + :<\/strong> Bol acier inoxydable relevable, conception tout en m\u00e9tal      <\/li>\n<\/ul>","protected":false},"featured_media":50997,"template":"","meta":{"_glsr_average":0,"_glsr_ranking":0,"_glsr_reviews":0},"product_cat":[373],"product_tag":[230,371,374],"class_list":{"0":"post-99777","1":"product","2":"type-product","3":"status-publish","4":"has-post-thumbnail","6":"product_cat-robot-patissier","7":"product_tag-cuisine-et-cuisson","8":"product_tag-robot-de-cuisine","9":"product_tag-robot-patissier","11":"first","12":"instock","13":"sale","14":"shipping-taxable","15":"purchasable","16":"product-type-simple"},"_links":{"self":[{"href":"https:\/\/electromenagerexpress.com\/en\/wp-json\/wp\/v2\/product\/99777","targetHints":{"allow":["GET"]}}],"collection":[{"href":"https:\/\/electromenagerexpress.com\/en\/wp-json\/wp\/v2\/product"}],"about":[{"href":"https:\/\/electromenagerexpress.com\/en\/wp-json\/wp\/v2\/types\/product"}],"wp:featuredmedia":[{"embeddable":true,"href":"https:\/\/electromenagerexpress.com\/en\/wp-json\/wp\/v2\/media\/50997"}],"wp:attachment":[{"href":"https:\/\/electromenagerexpress.com\/en\/wp-json\/wp\/v2\/media?parent=99777"}],"wp:term":[{"taxonomy":"product_cat","embeddable":true,"href":"https:\/\/electromenagerexpress.com\/en\/wp-json\/wp\/v2\/product_cat?post=99777"},{"taxonomy":"product_tag","embeddable":true,"href":"https:\/\/electromenagerexpress.com\/en\/wp-json\/wp\/v2\/product_tag?post=99777"}],"curies":[{"name":"wp","href":"https:\/\/api.w.org\/{rel}","templated":true}]}}