{"id":99756,"date":"2024-11-28T11:39:22","date_gmt":"2024-11-28T11:39:22","guid":{"rendered":"https:\/\/electromenagerexpress.com\/product\/robot-patissiermoulinexyy5172fg-coach-balance\/"},"modified":"2026-03-19T14:13:12","modified_gmt":"2026-03-19T14:13:12","slug":"robot-patissiermoulinexyy5172fg-coach-balance","status":"publish","type":"product","link":"https:\/\/electromenagerexpress.com\/en\/product\/robot-patissiermoulinexyy5172fg-coach-balance\/","title":{"rendered":"Robot p\u00e2tissier\tMOULINEX\tYY5172FG coach + balance"},"content":{"rendered":"<div class=\"product-features__content\">\n<ul role=\"list\">\n<li class=\"product-features__item\" role=\"listitem\">\n<h3 class=\"product-features__label\">Choisir ce produit pour quels usages ?<\/h3>\n<ul role=\"list\">\n<li class=\"product-features__item-list__item\" role=\"listitem\"><span class=\"is--medium\">Capacit\u00e9 :<\/span> Capacit\u00e9 XL 5,5L<\/li>\n<li class=\"product-features__item-list__item\" role=\"listitem\"><span class=\"is--medium\">A quoi \u00e7a sert :<\/span> Suivez l\u2019\u00e9cran et r\u00e9ussissez toutes vos recettes gr\u00e2ce \u00e0 votre coach patissier \u00e0 la maison !<\/li>\n<li class=\"product-features__item-list__item\" role=\"listitem\"><span class=\"is--medium\">Id\u00e9al pour :<\/span> pour pr\u00e9parer toutes vos p\u00e2tes \u00e0 pain, brioche, monter les blancs et \u00e9mulsionner mayonnaises et vinaigrettes<\/li>\n<\/ul>\n<\/li>\n<li class=\"product-features__item\" role=\"listitem\">\n<h3 class=\"product-features__label\">Fonctions de pr\u00e9paration<\/h3>\n<ul role=\"list\">\n<li class=\"product-features__item-list__item\" role=\"listitem\"><span class=\"is--medium\">Battre\/Fouetter :<\/span> oui, id\u00e9al pour les blancs en neige, la chantilly, la p\u00e2te \u00e0 cr\u00eape.<\/li>\n<li class=\"product-features__item-list__item\" role=\"listitem\"><span class=\"is--medium\">P\u00e9trir :<\/span> oui, pour pr\u00e9parer les p\u00e2tes \u00e0 pain, pizza, bris\u00e9e.<\/li>\n<li class=\"product-features__item-list__item\" role=\"listitem\"><span class=\"is--medium\">M\u00e9langer d\u00e9licatement :<\/span> oui, pour pr\u00e9parer les mousses au chocolat, les souffl\u00e9s (reproduit le geste de la main).<\/li>\n<li class=\"product-features__item-list__item\" role=\"listitem\"><span class=\"is--medium\">Cuire les aliments :<\/span> non<\/li>\n<\/ul>\n<\/li>\n<li class=\"product-features__item\" role=\"listitem\">\n<h3 class=\"product-features__label\">Nombre de bols et leurs capacit\u00e9s<\/h3>\n<ul role=\"list\">\n<li class=\"product-features__item-list__item\" role=\"listitem\"><span class=\"is--medium\">Capacit\u00e9 totale du bol principal :<\/span> Capacit\u00e9 XL 5,5L<\/li>\n<li class=\"product-features__item-list__item\" role=\"listitem\"><span class=\"is--medium\">Capacit\u00e9 max en pain (kg) :<\/span> 1,80 Kg<\/li>\n<li class=\"product-features__item-list__item\" role=\"listitem\"><span class=\"is--medium\">Capacit\u00e9 max en farine (kg) :<\/span> 1,00 Kg<\/li>\n<li class=\"product-features__item-list__item\" role=\"listitem\"><span class=\"is--medium\">Poign\u00e9e(s) du bol principal :<\/span> 1 sur le c\u00f4t\u00e9, id\u00e9al pour d\u00e9verser le contenu<\/li>\n<li class=\"product-features__item-list__item\" role=\"listitem\"><span class=\"is--medium\">Mati\u00e8re du bol principal :<\/span> acier inoxydable<\/li>\n<li class=\"product-features__item-list__item\" role=\"listitem\"><span class=\"is--medium\">Capacit\u00e9 max en oeufs :<\/span> 10<\/li>\n<\/ul>\n<\/li>\n<li class=\"product-features__item\" role=\"listitem\">\n<h3 class=\"product-features__label\">Performance et confort<\/h3>\n<ul role=\"list\">\n<li class=\"product-features__item-list__item\" role=\"listitem\"><span class=\"is--medium\">Type de moteur :<\/span> classique<\/li>\n<li class=\"product-features__item-list__item\" role=\"listitem\"><span class=\"is--medium\">Transmission :<\/span> par courroie, le moteur se trouve dans le socle et n\u00e9cessite plus d&rsquo;\u00e9nergie pour avoir un rendu optimal.<\/li>\n<li class=\"product-features__item-list__item\" role=\"listitem\"><span class=\"is--medium\">Puissance en watts :<\/span> 1.200 W<\/li>\n<li class=\"product-features__item-list__item\" role=\"listitem\"><span class=\"is--medium\">Nombre de vitesses :<\/span> 8<\/li>\n<li class=\"product-features__item-list__item\" role=\"listitem\"><span class=\"is--medium\">Fonction pulse :<\/span> oui, permet une acc\u00e9l\u00e9ration \u00e0 la demande pour des p\u00e2tes encore plus lisses<\/li>\n<li class=\"product-features__item-list__item\" role=\"listitem\"><span class=\"is--medium\">Mouvement plan\u00e9taire :<\/span> oui, permet de reproduire le geste du p\u00e2tissier en rassemblant les ingr\u00e9dients au centre du bol<\/li>\n<li class=\"product-features__item-list__item\" role=\"listitem\"><span class=\"is--medium\">D\u00e9marrage progressif automatique :<\/span> oui, permet d&rsquo;atteindre la vitesse souhait\u00e9e progressivement et \u00e9viter les \u00e9claboussures<\/li>\n<li class=\"product-features__item-list__item\" role=\"listitem\"><span class=\"is--medium\">Finition du corps :<\/span> inox et plastique<\/li>\n<li class=\"product-features__item-list__item\" role=\"listitem\"><span class=\"is--medium\">Poids du robot :<\/span> 11,8 kg<\/li>\n<li class=\"product-features__item-list__item\" role=\"listitem\"><span class=\"is--medium\">Nombre de sorties suppl\u00e9mentaires :<\/span> 5 sorties soigneusement configur\u00e9es pour adapter la vitesse \u00e0 chaque accessoire<\/li>\n<li class=\"product-features__item-list__item\" role=\"listitem\"><span class=\"is--medium\">Acc\u00e8s au bol :<\/span> t\u00eate inclinable<\/li>\n<li class=\"product-features__item-list__item\" role=\"listitem\"><span class=\"is--medium\">Balance int\u00e9gr\u00e9e :<\/span> Non<\/li>\n<li class=\"product-features__item-list__item\" role=\"listitem\"><span class=\"is--medium\">Longueur du cordon d&rsquo;alimentation :<\/span> 1,20 m<\/li>\n<li class=\"product-features__item-list__item\" role=\"listitem\"><span class=\"is--medium\">Pieds anti-d\u00e9rapants :<\/span> Oui<\/li>\n<li class=\"product-features__item-list__item\" role=\"listitem\"><span class=\"is--medium\">Compatibilit\u00e9 lave vaisselle :<\/span> bol, couvercle, p\u00e9trin, batteur, fouet<\/li>\n<li class=\"product-features__item-list__item\" role=\"listitem\"><span class=\"is--medium\">Connect\u00e9 :<\/span> Non<\/li>\n<li class=\"product-features__item-list__item\" role=\"listitem\"><span class=\"is--medium\">Nom de l&rsquo;application d\u00e9di\u00e9e :<\/span> Moulinex<\/li>\n<li class=\"product-features__item-list__item\" role=\"listitem\"><span class=\"is--medium\">Ecran :<\/span> Digital avec timer int\u00e9gr\u00e9<\/li>\n<li class=\"product-features__item-list__item\" role=\"listitem\"><span class=\"is--medium\">Coloris :<\/span> Noir et silver<\/li>\n<li class=\"product-features__item-list__item\" role=\"listitem\"><span class=\"is--medium\">Variateur de vitesses :<\/span> Oui<\/li>\n<li class=\"product-features__item-list__item\" role=\"listitem\"><span class=\"is--medium\">Vitesse incorporation des aliments :<\/span> Oui, Vitesse tr\u00e8s lente permettant d\u2019ajouter les ingr\u00e9dients doucement, sans \u00e9claboussures, pour un m\u00e9lange homog\u00e8ne<\/li>\n<li class=\"product-features__item-list__item\" role=\"listitem\"><span class=\"is--medium\">Couvercle anti-projections :<\/span> oui, large ouverture pour ajouter vos ingr\u00e9dients en cours de pr\u00e9paration<\/li>\n<li class=\"product-features__item-list__item\" role=\"listitem\"><span class=\"is--medium\">Programme automatique inclus :<\/span> 8<\/li>\n<li class=\"product-features__item-list__item\" role=\"listitem\"><span class=\"is--medium\">Balance :<\/span> Incluse<\/li>\n<\/ul>\n<\/li>\n<li class=\"product-features__item\" role=\"listitem\">\n<h3 class=\"product-features__label\">Accessoires inclus<\/h3>\n<ul role=\"list\">\n<li class=\"product-features__item-list__item\" role=\"listitem\"><span class=\"is--medium\">Accessoires :<\/span> batteur, malaxeur, fouet, couvercle anti-projections, crochet p\u00e9trisseur, D\u00e9coupe p\u00e2te, balance<\/li>\n<li class=\"product-features__item-list__item\" role=\"listitem\"><span class=\"is--medium\">Mati\u00e8re du fouet :<\/span> aluminium avec surmoulage plastique<\/li>\n<li class=\"product-features__item-list__item\" role=\"listitem\"><span class=\"is--medium\">Mati\u00e8re du crochet p\u00e9trisseur :<\/span> Fonte d&rsquo;aluminium avec rev\u00eatement anti-adh\u00e9sif<\/li>\n<li class=\"product-features__item-list__item\" role=\"listitem\"><span class=\"is--medium\">Mati\u00e8re du batteur :<\/span> Fonte d&rsquo;aluminium avec rev\u00eatement anti-adh\u00e9sif<\/li>\n<\/ul>\n<\/li>\n<li class=\"product-features__item\" role=\"listitem\">\n<h3 class=\"product-features__label\">Dimensions<\/h3>\n<ul role=\"list\">\n<li class=\"product-features__item-list__item\" role=\"listitem\"><span class=\"is--medium\">Dimensions l x h x p :<\/span> 35 x 34 x 42 cm<\/li>\n<\/ul>\n<\/li>\n<li class=\"product-features__item\" role=\"listitem\">\n<h3 class=\"product-features__label\">Informations compl\u00e9mentaires<\/h3>\n<ul role=\"list\">\n<li class=\"product-features__item-list__item\" role=\"listitem\"><span class=\"is--medium\">Fabriqu\u00e9 en :<\/span> Chine<\/li>\n<li class=\"product-features__item-list__item\" role=\"listitem\"><span class=\"is--medium\">Disponibilit\u00e9 des pi\u00e8ces d\u00e9tach\u00e9es (donn\u00e9es fournisseur) :<\/span> Pendant 15 ans, \u00e0 compter de la date d&rsquo;achat<\/li>\n<li class=\"product-features__item-list__item\" role=\"listitem\"><span class=\"is--medium\">R\u00e9f\u00e9rence constructeur :<\/span> YY5172FG coach + balance<\/li>\n<li class=\"product-features__item-list__item\" role=\"listitem\"><span class=\"is--medium\">Marque :<\/span> MOULINEX<\/li>\n<\/ul>\n<\/li>\n<\/ul>\n<\/div>\n<div class=\"product__disclosure-content\">\n<div class=\"js-read-more product-description__content read-more read-more--truncated\" style=\"max-height: 500px; overflow: hidden;\" data-read-more-name=\"description\">\n<p>Vous aimez pr\u00e9parer des g\u00e2teaux mais vous avez besoin d&rsquo;aide ? Qui mieux que Moulinex peut vous accompagner ? Que vous soyez d\u00e9butant ou professionnel chevronn\u00e9, avec le robot p\u00e2tissier COACH, c&rsquo;est un v\u00e9ritable coach p\u00e2tissier qui s&rsquo;invite dans votre cuisine ! Issu de 4 ans de recherche, le robot p\u00e2tissier Coach et son application gratuite promettent une grande vari\u00e9t\u00e9 de recettes et de p\u00e2tisseries toujours r\u00e9ussies..<\/p>\n<h3>VOTRE COACH P\u00c2TISSIER \u00c0 LA MAISON !<\/h3>\n<p style=\"text-align: center;\">Il est \u00e9quip\u00e9 de <strong>8 programmes automatiques<\/strong> directement int\u00e9gr\u00e9s dans l&rsquo;appareil offrant une combinaison id\u00e9ale dur\u00e9e\/vitesse ; compl\u00e9t\u00e9 avec l&rsquo;<strong>application gratuite<\/strong>, vous obtiendrez un guidage complet, 21 recettes essentielles en p\u00e2tisserie, des recettes sucr\u00e9es et sal\u00e9es enrichies chaque mois, des conseils et astuces, des \u00e9tapes de v\u00e9rification et des tutoriels vid\u00e9os, pour ma\u00eetriser sans failltous les fondamentaux de la p\u00e2tisserie : Chantilly, p\u00e2te \u00e0 tarte, \u00e0 cr\u00eapes, \u00e0 pain&#8230; Son <strong>utilisation manuelle avec 8 vitesses<\/strong>, dont une vitesse lente d&rsquo;incorporation et une fonction Pulse, vous permettra de r\u00e9ussir toutes vos p\u00e2tisseries. Et sa <strong>balance de cuisine incluse<\/strong>, d&rsquo;une capacit\u00e9 de 5 kg et dot\u00e9e d&rsquo;une fonction tare et d&rsquo;une fonction liquide, assurera \u00e0 vos pr\u00e9parations une pr\u00e9cision au gramme pr\u00e8s.<\/p>\n<\/div>\n<div class=\"js-read-more product-description__content read-more read-more--truncated\" style=\"max-height: 500px; overflow: hidden;\" data-read-more-name=\"description\">\n<p style=\"text-align: center;\">\nLa <strong>nouvelle technologie du robot COACH<\/strong>, d\u00e9velopp\u00e9e par Moulinex et <strong>bas\u00e9e sur 12 brevets<\/strong> d\u00e9pos\u00e9s, vous apporte plus de performance, plus de silence (c&rsquo;est le robot le plus silencieux de Moulinex), plus de durabilit\u00e9 et plus de robustesse ; et sa puissance de <strong>1 200<\/strong> <strong>W<\/strong> vous permettra de r\u00e9ussir toutes vos pr\u00e9parations, m\u00eame les plus \u00e9paisses.<\/p>\n<h3>DES RECETTES R\u00c9USSIES POUR TOUTES LES OCCASIONS<\/h3>\n<p>Le robot p\u00e2tissier COACH est id\u00e9al pour tous vos besoins, pour des pr\u00e9parations jusqu&rsquo;\u00e0 30 personnes : sa grande <strong>cuve en inox de 5,5 L<\/strong> est id\u00e9ale pour des pr\u00e9parations g\u00e9n\u00e9reuses (jusqu&rsquo;\u00e0 2,7 kg de p\u00e2te \u00e0 g\u00e2teau), et ses accessoires brevet\u00e9s s&rsquo;adaptent aux quantit\u00e9s d\u00e9sir\u00e9es : le <strong>fouet flex performant<\/strong> \u00e9mulsionne de 1 \u00e0 10 oeufs de mani\u00e8re homog\u00e8ne, il est \u00e9tudi\u00e9 pour r\u00e9cup\u00e9rer votre pr\u00e9paration m\u00eame sur les bords ; le <strong>malaxeur<\/strong> pour g\u00e2teau, p\u00e2te \u00e0 cr\u00eapes et autres pr\u00e9parations l\u00e9g\u00e8res est parfait jusqu&rsquo;\u00e0 2,7 kg de p\u00e2te \u00e0 g\u00e2teau, sa nouvelle forme asym\u00e9trique assure des r\u00e9sultats optimis\u00e9s et plus homog\u00e8nes ; enfin, le <strong>p\u00e9trin<\/strong> id\u00e9al pour les p\u00e2tes plus lourdes, les pains et les brioches est efficace jusqu&rsquo;\u00e0 1,2 kg de p\u00e2te, la nouvelle forme de son crochet assure un p\u00e9trissage parfait, avec moins d&rsquo;adh\u00e9rence : la p\u00e2te ne se coince pas dans le crochet et celui-ci va chercher la p\u00e2te jusque sur les bords. La technologie de <strong>mouvement plan\u00e9taire<\/strong> garantit que chaque recoin de<\/p>\n<\/div>\n<p>&nbsp;<\/p>\n<div class=\"js-read-more product-description__content read-more read-more--truncated\" style=\"max-height: 500px; overflow: hidden;\" data-read-more-name=\"description\">\n<p>&nbsp;<\/p>\n<p>la cuve est atteint pour une homog\u00e9n\u00e9it\u00e9 parfaite. L&rsquo;<strong>ouverture large<\/strong> facilite l&rsquo;ajout d&rsquo;ingr\u00e9dients sans effort, m\u00eame pendant l&rsquo;utilisation de l&rsquo;appareil, et sans ouverture du couvercle, et sa <strong>poign\u00e9e confortable<\/strong> facilite sa manipulation.<\/p>\n<h3>UNE UTILISATION CON\u00c7UE POUR DURER?<\/h3>\n<p>Ce produit b\u00e9n\u00e9ficie d&rsquo;une\u00a0<strong>garantie de 2 ans<\/strong>\u00a0et d&rsquo;une\u00a0<strong>r\u00e9parabilit\u00e9 pendant 15 ans au juste prix<\/strong>.\u00a0Il r\u00e9pond\u00a0\u00e0 notre\u00a0engagement en faveur de \u00a0la protection de l&rsquo;environnement et de\u00a0diminution\u00a0du gaspillage gr\u00e2ce \u00e0 ses pi\u00e8ces disponibles rapidement \u00e0 un prix\u00a0raisonnable\u00a0aupr\u00e8s de nos 6200 r\u00e9parateurs agr\u00e9\u00e9s dans le monde. Cela nous\u00a0permet de\u00a0r\u00e9parer pendant de nombreuses ann\u00e9es nos produits plut\u00f4t que de\u00a0les\u00a0\u00e9changer dans le cadre de notre engagement \u00e0 prot\u00e9ger l&rsquo;environnement\u00a0et \u00e0\u00a0r\u00e9duire les d\u00e9chets.?<\/p>\n<\/div>\n<p>&nbsp;<\/p>\n<p>&nbsp;<\/p>\n<\/div>","protected":false},"excerpt":{"rendered":"<div class=\"keypoints\">\n<h3 class=\"keypoints__title\">Les points cl\u00e9s<\/h3>\n<ul role=\"list\">\n<li class=\"keypoints__item\" role=\"listitem\">Capacit\u00e9 XL 5,5L &#8211; 1 bol<\/li>\n<li class=\"keypoints__item\" role=\"listitem\">Accessoires : batteur, malaxeur, fouet, couvercle anti-projections, crochet p\u00e9trisseur, D\u00e9coupe p\u00e2te, balance<\/li>\n<li class=\"keypoints__item\" role=\"listitem\">Finition du corps en : inox et plastique<\/li>\n<li class=\"keypoints__item\" role=\"listitem\">Transmission : par courroie &#8211; Puissance : 1200 watts<\/li>\n<li class=\"keypoints__item keypoints__item--advantage\" role=\"listitem\"><strong>Le + :<\/strong> Performant et silencieux, son coaching sur l&rsquo;application vous aidera \u00e0 r\u00e9ussir vos recettes<\/li>\n<\/ul>\n<\/div>","protected":false},"featured_media":50717,"template":"","meta":{"_glsr_average":0,"_glsr_ranking":0,"_glsr_reviews":0},"product_cat":[373],"product_tag":[230,371,374],"class_list":{"0":"post-99756","1":"product","2":"type-product","3":"status-publish","4":"has-post-thumbnail","6":"product_cat-robot-patissier","7":"product_tag-cuisine-et-cuisson","8":"product_tag-robot-de-cuisine","9":"product_tag-robot-patissier","11":"first","12":"instock","13":"sale","14":"shipping-taxable","15":"purchasable","16":"product-type-simple"},"_links":{"self":[{"href":"https:\/\/electromenagerexpress.com\/en\/wp-json\/wp\/v2\/product\/99756","targetHints":{"allow":["GET"]}}],"collection":[{"href":"https:\/\/electromenagerexpress.com\/en\/wp-json\/wp\/v2\/product"}],"about":[{"href":"https:\/\/electromenagerexpress.com\/en\/wp-json\/wp\/v2\/types\/product"}],"wp:featuredmedia":[{"embeddable":true,"href":"https:\/\/electromenagerexpress.com\/en\/wp-json\/wp\/v2\/media\/50717"}],"wp:attachment":[{"href":"https:\/\/electromenagerexpress.com\/en\/wp-json\/wp\/v2\/media?parent=99756"}],"wp:term":[{"taxonomy":"product_cat","embeddable":true,"href":"https:\/\/electromenagerexpress.com\/en\/wp-json\/wp\/v2\/product_cat?post=99756"},{"taxonomy":"product_tag","embeddable":true,"href":"https:\/\/electromenagerexpress.com\/en\/wp-json\/wp\/v2\/product_tag?post=99756"}],"curies":[{"name":"wp","href":"https:\/\/api.w.org\/{rel}","templated":true}]}}