{"id":99749,"date":"2024-11-28T11:38:21","date_gmt":"2024-11-28T11:38:21","guid":{"rendered":"https:\/\/electromenagerexpress.com\/product\/robot-patissierkitchenaid5ksm175psewh-artisan-blanc\/"},"modified":"2024-11-28T11:38:25","modified_gmt":"2024-11-28T11:38:25","slug":"robot-patissierkitchenaid5ksm175psewh-artisan-blanc","status":"publish","type":"product","link":"https:\/\/electromenagerexpress.com\/en\/product\/robot-patissierkitchenaid5ksm175psewh-artisan-blanc\/","title":{"rendered":"Robot p\u00e2tissier\t\t\t\t\t\t\tKITCHENAID\t\t\t\t5KSM175PSEWH Artisan blanc"},"content":{"rendered":"<div class=\"product-features__content\">\n<ul role=\"list\">\n<li class=\"product-features__item\" role=\"listitem\">\n<h3 class=\"product-features__label\">Choisir ce produit pour quels usages ?<\/h3>\n<ul role=\"list\">\n<li class=\"product-features__item-list__item\" role=\"listitem\"><span class=\"is--medium\">Capacit\u00e9 :<\/span> Capacit\u00e9 Large 4,8L\t\t\t\t\t<\/li>\n<li class=\"product-features__item-list__item\" role=\"listitem\"><span class=\"is--medium\">Id\u00e9al pour :<\/span> pour pr\u00e9parer toutes vos p\u00e2tes \u00e0 pain, brioche, monter les blancs et \u00e9mulsionner mayonnaises et vinaigrettes\t\t\t\t\t<\/li>\n<\/ul>\n<\/li>\n<li class=\"product-features__item\" role=\"listitem\">\n<h3 class=\"product-features__label\">Fonctions de pr\u00e9paration<\/h3>\n<ul role=\"list\">\n<li class=\"product-features__item-list__item\" role=\"listitem\"><span class=\"is--medium\">Battre\/Fouetter :<\/span> oui, id\u00e9al pour les blancs en neige, la chantilly, la p\u00e2te \u00e0 cr\u00eape.\t\t\t\t\t<\/li>\n<li class=\"product-features__item-list__item\" role=\"listitem\"><span class=\"is--medium\">P\u00e9trir :<\/span> oui, pour pr\u00e9parer les p\u00e2tes \u00e0 pain, pizza, bris\u00e9e.\t\t\t\t\t<\/li>\n<li class=\"product-features__item-list__item\" role=\"listitem\"><span class=\"is--medium\">M\u00e9langer d\u00e9licatement :<\/span> oui, pour pr\u00e9parer les mousses au chocolat, les souffl\u00e9s (reproduit le geste de la main).\t\t\t\t\t<\/li>\n<li class=\"product-features__item-list__item\" role=\"listitem\"><span class=\"is--medium\">Emulsionner :<\/span> oui, pour pr\u00e9parer les mayonnaises, sauces vinaigrettes.\t\t\t\t\t<\/li>\n<\/ul>\n<\/li>\n<li class=\"product-features__item\" role=\"listitem\">\n<h3 class=\"product-features__label\">Nombre de bols et leurs capacit\u00e9s<\/h3>\n<ul role=\"list\">\n<li class=\"product-features__item-list__item\" role=\"listitem\"><span class=\"is--medium\">Capacit\u00e9 totale du bol principal :<\/span> Capacit\u00e9 Large 4,8L\t\t\t\t\t<\/li>\n<li class=\"product-features__item-list__item\" role=\"listitem\"><span class=\"is--medium\">Capacit\u00e9 max en pain (kg) :<\/span> 2,00 Kg\t\t\t\t\t<\/li>\n<li class=\"product-features__item-list__item\" role=\"listitem\"><span class=\"is--medium\">Capacit\u00e9 max en farine (kg) :<\/span> 1,00 Kg\t\t\t\t\t<\/li>\n<li class=\"product-features__item-list__item\" role=\"listitem\"><span class=\"is--medium\">Poign\u00e9e(s) du bol principal :<\/span> 1 sur le c\u00f4t\u00e9, id\u00e9al pour d\u00e9verser le contenu\t\t\t\t\t<\/li>\n<li class=\"product-features__item-list__item\" role=\"listitem\"><span class=\"is--medium\">Mati\u00e8re du bol principal :<\/span> inox\t\t\t\t\t<\/li>\n<li class=\"product-features__item-list__item\" role=\"listitem\"><span class=\"is--medium\">Nombre de bols suppl\u00e9mentaires :<\/span> 1 bol\t\t\t\t\t<\/li>\n<li class=\"product-features__item-list__item\" role=\"listitem\"><span class=\"is--medium\">Capacit\u00e9 des bols suppl\u00e9mentaires :<\/span> 3L\t\t\t\t\t<\/li>\n<li class=\"product-features__item-list__item\" role=\"listitem\"><span class=\"is--medium\">Mati\u00e8re du\/des bol(s) suppl\u00e9mentaire(s) :<\/span> inox\t\t\t\t\t<\/li>\n<li class=\"product-features__item-list__item\" role=\"listitem\"><span class=\"is--medium\">Capacit\u00e9 max en oeufs :<\/span> 0\t\t\t\t\t<\/li>\n<\/ul>\n<\/li>\n<li class=\"product-features__item\" role=\"listitem\">\n<h3 class=\"product-features__label\">Performance et confort<\/h3>\n<ul role=\"list\">\n<li class=\"product-features__item-list__item\" role=\"listitem\"><span class=\"is--medium\">Type de moteur :<\/span> professionnel, tr\u00e8s silencieux avec une dur\u00e9e de vie plus longue qu&rsquo;un moteur classique.\t\t\t\t\t<\/li>\n<li class=\"product-features__item-list__item\" role=\"listitem\"><span class=\"is--medium\">Transmission :<\/span> directe, le moteur se trouve dans la t\u00eate et transmet directement la puissance (\u00e0 performance \u00e9gale, ce moteur n\u00e9cessite moins de puissance)\t\t\t\t\t<\/li>\n<li class=\"product-features__item-list__item\" role=\"listitem\"><span class=\"is--medium\">Puissance en watts :<\/span> 300 W\t\t\t\t\t<\/li>\n<li class=\"product-features__item-list__item\" role=\"listitem\"><span class=\"is--medium\">Nombre de vitesses :<\/span> 10\t\t\t\t\t<\/li>\n<li class=\"product-features__item-list__item\" role=\"listitem\"><span class=\"is--medium\">Fonction pulse :<\/span> non\t\t\t\t\t<\/li>\n<li class=\"product-features__item-list__item\" role=\"listitem\"><span class=\"is--medium\">Mouvement plan\u00e9taire :<\/span> oui, permet de reproduire le geste du p\u00e2tissier en rassemblant les ingr\u00e9dients au centre du bol\t\t\t\t\t<\/li>\n<li class=\"product-features__item-list__item\" role=\"listitem\"><span class=\"is--medium\">D\u00e9marrage progressif automatique :<\/span> non\t\t\t\t\t<\/li>\n<li class=\"product-features__item-list__item\" role=\"listitem\"><span class=\"is--medium\">Finition du corps :<\/span> zinc\t\t\t\t\t<\/li>\n<li class=\"product-features__item-list__item\" role=\"listitem\"><span class=\"is--medium\">Poids du robot :<\/span> 10,4 kg\t\t\t\t\t<\/li>\n<li class=\"product-features__item-list__item\" role=\"listitem\"><span class=\"is--medium\">Nombre de sorties suppl\u00e9mentaires :<\/span> 2 sorties qui permettent d&rsquo;adapter des accessoires inclus ou optionnels \u00e0 diff\u00e9rentes sorties et\/ou de les utiliser simultan\u00e9ment\t\t\t\t\t<\/li>\n<li class=\"product-features__item-list__item\" role=\"listitem\"><span class=\"is--medium\">Acc\u00e8s au bol :<\/span> t\u00eate inclinable\t\t\t\t\t<\/li>\n<li class=\"product-features__item-list__item\" role=\"listitem\"><span class=\"is--medium\">Balance int\u00e9gr\u00e9e :<\/span> Non\t\t\t\t\t<\/li>\n<li class=\"product-features__item-list__item\" role=\"listitem\"><span class=\"is--medium\">Longueur du cordon d&rsquo;alimentation :<\/span> 1,45 m\t\t\t\t\t<\/li>\n<li class=\"product-features__item-list__item\" role=\"listitem\"><span class=\"is--medium\">Pieds anti-d\u00e9rapants :<\/span> Oui\t\t\t\t\t<\/li>\n<li class=\"product-features__item-list__item\" role=\"listitem\"><span class=\"is--medium\">Compatibilit\u00e9 lave vaisselle :<\/span> bol\t\t\t\t\t<\/li>\n<li class=\"product-features__item-list__item\" role=\"listitem\"><span class=\"is--medium\">Connect\u00e9 :<\/span> Non\t\t\t\t\t<\/li>\n<li class=\"product-features__item-list__item\" role=\"listitem\"><span class=\"is--medium\">Coloris :<\/span> Blanc\t\t\t\t\t<\/li>\n<\/ul>\n<\/li>\n<li class=\"product-features__item\" role=\"listitem\">\n<h3 class=\"product-features__label\">Accessoires inclus<\/h3>\n<ul role=\"list\">\n<li class=\"product-features__item-list__item\" role=\"listitem\"><span class=\"is--medium\">Accessoires :<\/span> batteur, batteur \u00e0 bord flexible, bol de 3L, couvercle anti-projections, crochet p\u00e9trisseur, fouet \u00e0 fils\t\t\t\t\t<\/li>\n<li class=\"product-features__item-list__item\" role=\"listitem\"><span class=\"is--medium\">Mati\u00e8re du fouet :<\/span> acier inoxydable\t\t\t\t\t<\/li>\n<li class=\"product-features__item-list__item\" role=\"listitem\"><span class=\"is--medium\">Mati\u00e8re du crochet p\u00e9trisseur :<\/span> aluminium\t\t\t\t\t<\/li>\n<li class=\"product-features__item-list__item\" role=\"listitem\"><span class=\"is--medium\">Mati\u00e8re du batteur :<\/span> aluminium\t\t\t\t\t<\/li>\n<\/ul>\n<\/li>\n<li class=\"product-features__item\" role=\"listitem\">\n<h3 class=\"product-features__label\">Dimensions<\/h3>\n<ul role=\"list\">\n<li class=\"product-features__item-list__item\" role=\"listitem\"><span class=\"is--medium\">Dimensions l x h x p :<\/span> 24 x 36 x 37 cm\t\t\t\t\t<\/li>\n<\/ul>\n<\/li>\n<li class=\"product-features__item\" role=\"listitem\">\n<h3 class=\"product-features__label\">Informations compl\u00e9mentaires<\/h3>\n<ul role=\"list\">\n<li class=\"product-features__item-list__item\" role=\"listitem\"><span class=\"is--medium\">Fabriqu\u00e9 en :<\/span> Etats-Unis\t\t\t\t\t<\/li>\n<li class=\"product-features__item-list__item\" role=\"listitem\"><span class=\"is--medium\">Disponibilit\u00e9 des pi\u00e8ces d\u00e9tach\u00e9es (donn\u00e9es fournisseur) :<\/span> Pendant 10 ans, \u00e0 compter de la date d&rsquo;achat\t\t\t\t\t<\/li>\n<li class=\"product-features__item-list__item\" role=\"listitem\"><span class=\"is--medium\">R\u00e9f\u00e9rence constructeur :<\/span> 5KSM175PSEWH Artisan blanc\t\t\t\t\t<\/li>\n<li class=\"product-features__item-list__item\" role=\"listitem\"><span class=\"is--medium\">Marque :<\/span> KITCHENAID\t\t\t\t\t<\/li>\n<\/ul>\n<\/li>\n<\/ul>\n<\/div>\n<div class=\"product__disclosure-content\">\n<div class=\"js-read-more product-description__content read-more read-more--truncated\" data-read-more-name=\"description\" style=\"max-height: 500px; overflow: hidden;\">\n<p>Le nouveau robot KitchenAid 5KSM175PSEWH est le nouvel accessoire indispensable \u00e0 votre cuisine pour vous accompagner dans toutes vos pr\u00e9parations.<\/p>\n<h3><img fetchpriority=\"high\" decoding=\"async\" ,=\"\" alt=\"Robot KITCHENAID 5KSM175PSEWH\" class=\"wy_tableau_gauche\" height=\"270\" src=\"https:\/\/boulanger.scene7.com\/is\/image\/Boulanger\/5413184200725_h_f_l_0?wid=400&amp;hei=270\" width=\"400\"\/>Un robot polyvalent pour varier les recettes<\/h3>\n<p>Le robot KitchenAid 5KSM175PSEWH ira parfaitement dans votre cuisine et <b>vous accompagnera dans la pr\u00e9paration de toutes vos recettes<\/b>. C&rsquo;est un robot <b>multifonctions<\/b> et tout-en-un capable de battre\/fouetter, p\u00e9trir, m\u00e9langer d\u00e9licatement et \u00e9mulsionner gr\u00e2ce \u00e0 ses nombreux accessoires.<\/p>\n<p>Vous pourrez \u00e9galement cuisiner pour de grandes occasions, car le robot KitchenAid 5KSM175PSEWH est livr\u00e9 avec un <b>bol en acier inoxydable d&rsquo;une capacit\u00e9 de 4,8 litres<\/b>. Et, gr\u00e2ce \u00e0 son moteur professionnel et puissant de <b>300 watts<\/b>, il m\u00e9langera de mani\u00e8re rapide et homog\u00e8ne toutes vos pr\u00e9parations pour ne louper aucune recette.<\/p>\n<h3><img decoding=\"async\" ,=\"\" alt=\"Robot KITCHENAID 5KSM175PSEWH\" class=\"wy_tableau_right\" height=\"270\" src=\"https:\/\/boulanger.scene7.com\/is\/image\/Boulanger\/5413184200725_h_f_l_1?wid=400&amp;hei=270\" width=\"400\"\/>Un robot solide livr\u00e9 avec de nombreux accessoires<\/h3>\n<p>Le robot KitchenAid 5KSM175PSEWH vous est livr\u00e9 avec <b>plusieurs accessoires<\/b> pour r\u00e9aliser de nombreuses recettes et pr\u00e9parations : 1 batteur plat, 1 batteur \u00e0 bord flexible, 1 couvercle antiprojection, 1 crochet p\u00e9trisseur, 1 fouet \u00e0 fils, 1 autre bol de 3 litres et 1 livre de cuisine. Ces accessoires solides et vari\u00e9s vous permettront de pr\u00e9parer plusieurs recettes avec <b>un seul et m\u00eame \u00e9quipement<\/b>.<\/p>\n<p>KitchenAid vous garantit toujours de la qualit\u00e9. Le robot KitchenAid 5KSM175PSEWH est un <b>\u00e9quipement robuste et r\u00e9sistant<\/b> fabriqu\u00e9 \u00e0 partir de zinc moul\u00e9 sous pression. Il est \u00e9galement \u00e9quip\u00e9 d&rsquo;un <b>moteur professionnel<\/b> pour vous offrir puissance et performance.<\/p>\n<\/p>\n<\/div>\n<p><bl-button a11yexpanded=\"false\" arialabel=\"Afficher toute la description\" class=\"read-more__btn\" full=\"false\" link=\"true\">Voir plus<\/bl-button><\/div>","protected":false},"excerpt":{"rendered":"<div class=\"keypoints\">\n<h3 class=\"keypoints__title\">Les points cl\u00e9s<\/h3>\n<ul role=\"list\">\n<li class=\"keypoints__item\" role=\"listitem\">                          Capacit\u00e9 Large 4,8L &#8211;                                                      2 bols                      <\/li>\n<li class=\"keypoints__item\" role=\"listitem\">                                        Accessoires : batteur, batteur \u00e0 bord flexible, bol de 3L, couvercle anti-projections, crochet p\u00e9trisseur, fouet \u00e0 fils                      <\/li>\n<li class=\"keypoints__item\" role=\"listitem\">                                        Finition du corps en : zinc                      <\/li>\n<li class=\"keypoints__item\" role=\"listitem\">                          Transmission : directe &#8211;                                                      Puissance : 300 watts                      <\/li>\n<li class=\"keypoints__item keypoints__item--advantage\" role=\"listitem\"><strong>Le + :<\/strong> Moteur professionnel, garantie 5 ans, de tr\u00e8s nombreux accessoires en option.      <\/li>\n<\/ul>","protected":false},"featured_media":50607,"template":"","meta":{"_glsr_average":0,"_glsr_ranking":0,"_glsr_reviews":0},"product_cat":[373],"product_tag":[230,371,374],"class_list":{"0":"post-99749","1":"product","2":"type-product","3":"status-publish","4":"has-post-thumbnail","6":"product_cat-robot-patissier","7":"product_tag-cuisine-et-cuisson","8":"product_tag-robot-de-cuisine","9":"product_tag-robot-patissier","11":"first","12":"instock","13":"sale","14":"shipping-taxable","15":"purchasable","16":"product-type-simple"},"_links":{"self":[{"href":"https:\/\/electromenagerexpress.com\/en\/wp-json\/wp\/v2\/product\/99749","targetHints":{"allow":["GET"]}}],"collection":[{"href":"https:\/\/electromenagerexpress.com\/en\/wp-json\/wp\/v2\/product"}],"about":[{"href":"https:\/\/electromenagerexpress.com\/en\/wp-json\/wp\/v2\/types\/product"}],"wp:featuredmedia":[{"embeddable":true,"href":"https:\/\/electromenagerexpress.com\/en\/wp-json\/wp\/v2\/media\/50607"}],"wp:attachment":[{"href":"https:\/\/electromenagerexpress.com\/en\/wp-json\/wp\/v2\/media?parent=99749"}],"wp:term":[{"taxonomy":"product_cat","embeddable":true,"href":"https:\/\/electromenagerexpress.com\/en\/wp-json\/wp\/v2\/product_cat?post=99749"},{"taxonomy":"product_tag","embeddable":true,"href":"https:\/\/electromenagerexpress.com\/en\/wp-json\/wp\/v2\/product_tag?post=99749"}],"curies":[{"name":"wp","href":"https:\/\/api.w.org\/{rel}","templated":true}]}}