{"id":99735,"date":"2024-11-28T11:36:29","date_gmt":"2024-11-28T11:36:29","guid":{"rendered":"https:\/\/electromenagerexpress.com\/product\/robot-cuiseurmoulinexi-companion-touch-xl-hf938e00\/"},"modified":"2024-11-28T11:36:40","modified_gmt":"2024-11-28T11:36:40","slug":"robot-cuiseurmoulinexi-companion-touch-xl-hf938e00","status":"publish","type":"product","link":"https:\/\/electromenagerexpress.com\/en\/product\/robot-cuiseurmoulinexi-companion-touch-xl-hf938e00\/","title":{"rendered":"Robot cuiseur\t\t\t\t\t\t\tMOULINEX\t\t\t\tI Companion Touch XL HF938E00"},"content":{"rendered":"<div class=\"product-features__content\">\n<ul role=\"list\">\n<li class=\"product-features__item\" role=\"listitem\">\n<h3 class=\"product-features__label\">Choisir ce produit pour quels usages ?<\/h3>\n<ul role=\"list\">\n<li class=\"product-features__item-list__item\" role=\"listitem\"><span class=\"is--medium\">Id\u00e9al pour :<\/span> pour cuisiner sans effort de l&rsquo;entr\u00e9e au dessert\t\t\t\t\t<\/li>\n<li class=\"product-features__item-list__item\" role=\"listitem\"><span class=\"is--medium\">Capacit\u00e9 totale :<\/span> Capacit\u00e9 Large 4,5L\t\t\t\t\t<\/li>\n<li class=\"product-features__item-list__item\" role=\"listitem\"><span class=\"is--medium\">D\u00e9couvrez notre recette de bouch\u00e9es d&rsquo;escargots au Companion :<\/span> <a href=\"https:\/\/commeunchef.boulanger.com\/recette\/bouchees-descargots-companion\/\" target=\"_blank\">Cliquez ici<\/a><\/li>\n<li class=\"product-features__item-list__item\" role=\"listitem\"><span class=\"is--medium\">D\u00e9couvrez notre recette de panettone au Companion :<\/span> <a href=\"https:\/\/commeunchef.boulanger.com\/recette\/panettone-au-companion\/\" target=\"_blank\">Cliquez ici<\/a><\/li>\n<li class=\"product-features__item-list__item\" role=\"listitem\"><span class=\"is--medium\">\u00c0 quoi \u00e7a sert :<\/span> Battre\/Fouetter, P\u00e9trir, M\u00e9langer d\u00e9licatement, Emulsionner, Emincer, Couper\/Hacher finement, Hacher la viande, R\u00e2per, Mixer, chauffer, mijoter, Peser les aliments\t\t\t\t\t<\/li>\n<li class=\"product-features__item-list__item\" role=\"listitem\"><span class=\"is--medium\">D\u00e9couvrez la boutique culinaire SEB :<\/span> <u><a href=\"https:\/\/www.boulanger.com\/evenement\/la-boutique-culinaire-seb\/companion\">En sa<\/a><\/u><\/li>\n<\/ul>\n<\/li>\n<li class=\"product-features__item\" role=\"listitem\">\n<h3 class=\"product-features__label\">Fonctions de pr\u00e9paration<\/h3>\n<ul role=\"list\">\n<li class=\"product-features__item-list__item\" role=\"listitem\"><span class=\"is--medium\">Battre\/Fouetter :<\/span> oui, id\u00e9al pour les blancs en neige, la chantilly, la p\u00e2te \u00e0 cr\u00eape.\t\t\t\t\t<\/li>\n<li class=\"product-features__item-list__item\" role=\"listitem\"><span class=\"is--medium\">P\u00e9trir :<\/span> oui, pour pr\u00e9parer les p\u00e2tes \u00e0 pain, pizza, bris\u00e9e.\t\t\t\t\t<\/li>\n<li class=\"product-features__item-list__item\" role=\"listitem\"><span class=\"is--medium\">M\u00e9langer d\u00e9licatement :<\/span> oui, pour pr\u00e9parer les mousses au chocolat, les souffl\u00e9s (reproduit le geste de la main).\t\t\t\t\t<\/li>\n<li class=\"product-features__item-list__item\" role=\"listitem\"><span class=\"is--medium\">Emulsionner :<\/span> oui, pour pr\u00e9parer les mayonnaises, sauces vinaigrettes.\t\t\t\t\t<\/li>\n<li class=\"product-features__item-list__item\" role=\"listitem\"><span class=\"is--medium\">Emincer :<\/span> oui, couper en tranches ou lamelles vos l\u00e9gumes.\t\t\t\t\t<\/li>\n<li class=\"product-features__item-list__item\" role=\"listitem\"><span class=\"is--medium\">Couper\/Hacher finement :<\/span> oui, pour pr\u00e9parer des tartares, hacher ail et fines herbes.\t\t\t\t\t<\/li>\n<li class=\"product-features__item-list__item\" role=\"listitem\"><span class=\"is--medium\">Hacher la viande :<\/span> oui, pour pr\u00e9parer les viandes, le chili con carne, les steaks hach\u00e9s maison, la bolognaise avec le hachoir\t\t\t\t\t<\/li>\n<li class=\"product-features__item-list__item\" role=\"listitem\"><span class=\"is--medium\">R\u00e2per :<\/span> oui, pour les carottes, gruy\u00e8re.\t\t\t\t\t<\/li>\n<li class=\"product-features__item-list__item\" role=\"listitem\"><span class=\"is--medium\">Mixer :<\/span> oui, pour pr\u00e9parer les coulis, les soupes.\t\t\t\t\t<\/li>\n<li class=\"product-features__item-list__item\" role=\"listitem\"><span class=\"is--medium\">Cuire les aliments :<\/span> chauffer, cuire et mijoter\t\t\t\t\t<\/li>\n<li class=\"product-features__item-list__item\" role=\"listitem\"><span class=\"is--medium\">Peser les aliments :<\/span> oui, pour peser avec pr\u00e9cision directement dans le bol ou dans les diff\u00e9rents accessoires d\u00e9di\u00e9s\t\t\t\t\t<\/li>\n<\/ul>\n<\/li>\n<li class=\"product-features__item\" role=\"listitem\">\n<h3 class=\"product-features__label\">Cuisson<\/h3>\n<ul role=\"list\">\n<li class=\"product-features__item-list__item\" role=\"listitem\"><span class=\"is--medium\">Cuisson vapeur :<\/span> Oui\t\t\t\t\t<\/li>\n<li class=\"product-features__item-list__item\" role=\"listitem\"><span class=\"is--medium\">Type de chauffe :<\/span> classique\t\t\t\t\t<\/li>\n<li class=\"product-features__item-list__item\" role=\"listitem\"><span class=\"is--medium\">Le saviez-vous ? :<\/span> la cuisson \u00e0 basse temp\u00e9rature permet de pr\u00e9server les vitamines des aliments\t\t\t\t\t<\/li>\n<li class=\"product-features__item-list__item\" role=\"listitem\"><span class=\"is--medium\">Maintien au chaud :<\/span> automatique\t\t\t\t\t<\/li>\n<li class=\"product-features__item-list__item\" role=\"listitem\"><span class=\"is--medium\">Cuisson bol ouvert :<\/span> oui, permet de rissoler et saisir les aliments\t\t\t\t\t<\/li>\n<li class=\"product-features__item-list__item\" role=\"listitem\"><span class=\"is--medium\">Recettes pr\u00e9-programm\u00e9es :<\/span> 1600\t\t\t\t\t<\/li>\n<li class=\"product-features__item-list__item\" role=\"listitem\"><span class=\"is--medium\">Mode de cuisson adapt\u00e9 (manuel) :<\/span> permet de personnaliser les recettes en g\u00e9rant le mode de cuisson, la vitesse, la temp\u00e9rature et le temps de cuisson\t\t\t\t\t<\/li>\n<li class=\"product-features__item-list__item\" role=\"listitem\"><span class=\"is--medium\">Pr\u00e9csion de chauffe :<\/span> par 5\u00b0C\t\t\t\t\t<\/li>\n<\/ul>\n<\/li>\n<li class=\"product-features__item\" role=\"listitem\">\n<h3 class=\"product-features__label\">Nombre de bols et leurs capacit\u00e9s<\/h3>\n<ul role=\"list\">\n<li class=\"product-features__item-list__item\" role=\"listitem\"><span class=\"is--medium\">Capacit\u00e9 totale du bol principal :<\/span> Capacit\u00e9 Large 4,5L\t\t\t\t\t<\/li>\n<li class=\"product-features__item-list__item\" role=\"listitem\"><span class=\"is--medium\">Poign\u00e9e(s) du bol principal :<\/span> 2 sur le dessus id\u00e9al pour les pr\u00e9parations lourdes\t\t\t\t\t<\/li>\n<li class=\"product-features__item-list__item\" role=\"listitem\"><span class=\"is--medium\">Poids du bol principal :<\/span> 1,875 kg\t\t\t\t\t<\/li>\n<li class=\"product-features__item-list__item\" role=\"listitem\"><span class=\"is--medium\">Mati\u00e8re du bol principal :<\/span> inox\t\t\t\t\t<\/li>\n<li class=\"product-features__item-list__item\" role=\"listitem\"><span class=\"is--medium\">Mati\u00e8re du bol principal : :<\/span> inox\t\t\t\t\t<\/li>\n<\/ul>\n<\/li>\n<li class=\"product-features__item\" role=\"listitem\">\n<h3 class=\"product-features__label\">Accessoires inclus<\/h3>\n<ul role=\"list\">\n<li class=\"product-features__item-list__item\" role=\"listitem\"><span class=\"is--medium\">Accessoires :<\/span> balance de cuisine, batteur, bo\u00eete de rangement des accessoires, bol en acier, couteau hachoir, couteau p\u00e9trin\/concasseur, couvercle anti-projections, d\u00e9coupe l\u00e9gumes, disque(s) \u00e9minceur, disque(s) r\u00e2peur, m\u00e9langeur, panier vapeur, rapeur\/Eminceur, rapeur\/Trancheur, spatule\t\t\t\t\t<\/li>\n<li class=\"product-features__item-list__item\" role=\"listitem\"><span class=\"is--medium\">Plus d&rsquo;accessoires :<\/span> <a href=\"https:\/\/www.boulanger.com\/c\/nav-filtre\/accessoire-appareil-preparation-culinaire?facettes_access_robot_____marque_compatible~moulinex\" target=\"_blank\">En cliquant ici<\/a><\/li>\n<\/ul>\n<\/li>\n<li class=\"product-features__item\" role=\"listitem\">\n<h3 class=\"product-features__label\">Confort et performance<\/h3>\n<ul role=\"list\">\n<li class=\"product-features__item-list__item\" role=\"listitem\"><span class=\"is--medium\">Type de moteur :<\/span> classique\t\t\t\t\t<\/li>\n<li class=\"product-features__item-list__item\" role=\"listitem\"><span class=\"is--medium\">Puissance en watts :<\/span> 1.550 W\t\t\t\t\t<\/li>\n<li class=\"product-features__item-list__item\" role=\"listitem\"><span class=\"is--medium\">Nombre de vitesses :<\/span> 13\t\t\t\t\t<\/li>\n<li class=\"product-features__item-list__item\" role=\"listitem\"><span class=\"is--medium\">S\u00e9lecteur de vitesse :<\/span> oui, permet de choisir la vitesse adapt\u00e9e selon les pr\u00e9parations\t\t\t\t\t<\/li>\n<li class=\"product-features__item-list__item\" role=\"listitem\"><span class=\"is--medium\">Touche pulse :<\/span> oui, permet une acc\u00e9l\u00e9ration \u00e0 la demande, id\u00e9al pour piler des gla\u00e7ons, pr\u00e9parer des smoothies avec des fruits surgel\u00e9s\t\t\t\t\t<\/li>\n<li class=\"product-features__item-list__item\" role=\"listitem\"><span class=\"is--medium\">Touche turbo :<\/span> oui, permet de passer rapidement \u00e0 la vitesse maximale\t\t\t\t\t<\/li>\n<li class=\"product-features__item-list__item\" role=\"listitem\"><span class=\"is--medium\">Mat\u00e9riau du corps :<\/span> inox (robuste)\t\t\t\t\t<\/li>\n<li class=\"product-features__item-list__item\" role=\"listitem\"><span class=\"is--medium\">Poids :<\/span> 10,68 Kg\t\t\t\t\t<\/li>\n<li class=\"product-features__item-list__item\" role=\"listitem\"><span class=\"is--medium\">Ecran :<\/span> tactile\t\t\t\t\t<\/li>\n<li class=\"product-features__item-list__item\" role=\"listitem\"><span class=\"is--medium\">Suivi des recettes pas \u00e0 pas :<\/span> via l&rsquo;\u00e9cran du robot\t\t\t\t\t<\/li>\n<li class=\"product-features__item-list__item\" role=\"listitem\"><span class=\"is--medium\">Connect\u00e9 :<\/span> oui\t\t\t\t\t<\/li>\n<li class=\"product-features__item-list__item\" role=\"listitem\"><span class=\"is--medium\">Compatibilit\u00e9 :<\/span> IOS\t\t\t\t\t<\/li>\n<li class=\"product-features__item-list__item\" role=\"listitem\"><span class=\"is--medium\">Nom de l&rsquo;application d\u00e9di\u00e9e :<\/span> Companion SEB\t\t\t\t\t<\/li>\n<li class=\"product-features__item-list__item\" role=\"listitem\"><span class=\"is--medium\">Balance int\u00e9gr\u00e9e au robot :<\/span> Non\t\t\t\t\t<\/li>\n<li class=\"product-features__item-list__item\" role=\"listitem\"><span class=\"is--medium\">Longueur du cordon d&rsquo;alimentation :<\/span> 100,00 m\t\t\t\t\t<\/li>\n<li class=\"product-features__item-list__item\" role=\"listitem\"><span class=\"is--medium\">Minuteur :<\/span> Oui\t\t\t\t\t<\/li>\n<li class=\"product-features__item-list__item\" role=\"listitem\"><span class=\"is--medium\">Connect\u00e9 : :<\/span> oui, pour avoir acc\u00e8s \u00e0 une multitude de recettes et en suivre les diff\u00e9rentes \u00e9tapes\t\t\t\t\t<\/li>\n<\/ul>\n<\/li>\n<li class=\"product-features__item\" role=\"listitem\">\n<h3 class=\"product-features__label\">Nettoyage<\/h3>\n<ul role=\"list\">\n<li class=\"product-features__item-list__item\" role=\"listitem\"><span class=\"is--medium\">Programme de rin\u00e7age :<\/span> Oui\t\t\t\t\t<\/li>\n<li class=\"product-features__item-list__item\" role=\"listitem\"><span class=\"is--medium\">Compatibilit\u00e9 lave vaisselle :<\/span> Toutes les pi\u00e8ces amovibles\t\t\t\t\t<\/li>\n<\/ul>\n<\/li>\n<li class=\"product-features__item\" role=\"listitem\">\n<h3 class=\"product-features__label\">S\u00e9curit\u00e9<\/h3>\n<ul role=\"list\">\n<li class=\"product-features__item-list__item\" role=\"listitem\"><span class=\"is--medium\">Arr\u00eat automatique :<\/span> Oui\t\t\t\t\t<\/li>\n<li class=\"product-features__item-list__item\" role=\"listitem\"><span class=\"is--medium\">S\u00e9curit\u00e9 couvercle :<\/span> Oui\t\t\t\t\t<\/li>\n<li class=\"product-features__item-list__item\" role=\"listitem\"><span class=\"is--medium\">Pieds antid\u00e9rapants :<\/span> Oui\t\t\t\t\t<\/li>\n<li class=\"product-features__item-list__item\" role=\"listitem\"><span class=\"is--medium\">Sans Bisph\u00e9nol A (BPA) :<\/span> sans composants chimiques\t\t\t\t\t<\/li>\n<\/ul>\n<\/li>\n<li class=\"product-features__item\" role=\"listitem\">\n<h3 class=\"product-features__label\">Informations compl\u00e9mentaires<\/h3>\n<ul role=\"list\">\n<li class=\"product-features__item-list__item\" role=\"listitem\"><span class=\"is--medium\">Disponibilit\u00e9 des pi\u00e8ces d\u00e9tach\u00e9es (donn\u00e9es fournisseur) :<\/span> Pendant 15 ans, \u00e0 compter de la date d&rsquo;achat\t\t\t\t\t<\/li>\n<li class=\"product-features__item-list__item\" role=\"listitem\"><span class=\"is--medium\">Garantie :<\/span> 2 ans\t\t\t\t\t<\/li>\n<li class=\"product-features__item-list__item\" role=\"listitem\"><span class=\"is--medium\">Fabriqu\u00e9 en :<\/span> France\t\t\t\t\t<\/li>\n<li class=\"product-features__item-list__item\" role=\"listitem\"><span class=\"is--medium\">R\u00e9f\u00e9rence constructeur :<\/span> I Companion Touch XL HF938E00\t\t\t\t\t<\/li>\n<li class=\"product-features__item-list__item\" role=\"listitem\"><span class=\"is--medium\">Marque :<\/span> MOULINEX\t\t\t\t\t<\/li>\n<li class=\"product-features__item-list__item\" role=\"listitem\"><span class=\"is--medium\">D\u00e9monstration gratuite en magasin :<\/span> <a href=\"https:\/\/boulanger.scene7.com\/is\/content\/Boulanger\/2.B.com\/Commerce\/EMS\/ME1023VIVT.pdf\" target=\"_blank\">Planning de d\u00e9monstration<\/a><\/li>\n<\/ul>\n<\/li>\n<li class=\"product-features__item\" role=\"listitem\">\n<h3 class=\"product-features__label\">Dimensions<\/h3>\n<ul role=\"list\">\n<li class=\"product-features__item-list__item\" role=\"listitem\"><span class=\"is--medium\">Dimensions l x h x p :<\/span> 31 x 35 x 32 cm\t\t\t\t\t<\/li>\n<\/ul>\n<\/li>\n<\/ul>\n<\/div>\n<div class=\"product__disclosure-content\">\n<div class=\"js-read-more product-description__content read-more read-more--truncated\" data-read-more-name=\"description\" style=\"max-height: 500px; overflow: hidden;\">\n<p><a href=\"https:\/\/www.boulanger.com\/evenement\/la-boutique-culinaire-seb\/companion\" title=\"la boutique culinaire Seb\"><img decoding=\"async\" alt=\"URL SCENE7\" src=\"https:\/\/boulanger.scene7.com\/is\/image\/Boulanger\/companionboutiqueseb_d?wid=2000\" width=\"2000\"\/><\/a><\/p>\n<p>D\u00e9couvrez le robot cuiseur multifonction i-Companion Touch XL HF938E00 qui d\u00e9coupe, pr\u00e9pare, m\u00e9lange, cuit&#8230; Vous allez oser cuisiner des recettes faites maison, oser vous r\u00e9galer et faire plaisir \u00e0 votre famille et vos amis jusqu&rsquo;\u00e0 10 personnes, oser manger sain&#8230; Tr\u00e8s intuitif, il suffit d&rsquo;essayer pour y arriver, il vous guide pas \u00e0 pas gr\u00e2ce \u00e0 son \u00e9cran tactile intuitif.<\/p>\n<p>UN ROBOT CUISEUR QUI VOUS ACCOMPAGNE AU QUOTIDIEN<\/p>\n<p><strong><img fetchpriority=\"high\" decoding=\"async\" alt=\"URL SCENE7\" class=\"wy_tableau_right\" height=\"311\" src=\"https:\/\/boulanger.scene7.com\/is\/image\/Boulanger\/3016661157011_h_b_l_7?wid=1000\" width=\"443\"\/><\/strong>Le robot cuiseur I-Companion Touch XL est un appareil multifonction connect\u00e9 tout en 1 con\u00e7u pour r\u00e9ussir une infinit\u00e9 de recettes maison : mijoter une viande, pr\u00e9parer une soupe, r\u00e9ussir une mayonnaise, faire votre pain, exceller en p\u00e2tisserie, cuire \u00e0 la vapeur, d\u00e9couper des l\u00e9gumes&#8230;il deviendra vite indispensable au quotidien.<\/p>\n<p>Laissez-vous guider par l&rsquo;\u00e9cran tactile 4&rsquo;3 intuitif. Gr\u00e2ce \u00e0 son interface conviviale, vous acc\u00e9derez facilement \u00e0 toutes les recettes et services propos\u00e9s avec des images, des conseils et des tutoriels vid\u00e9os directement accessibles depuis l&rsquo;\u00e9cran !<\/p>\n<p>Vous n&rsquo;avez plus besoin de surveiller et passer du temps en cuisine : il d\u00e9coupe, pr\u00e9pare, cuit et garde m\u00eame votre recette au chaud jusqu&rsquo;\u00e0 l&rsquo;heure du repas. Plus besoin non plus de nettoyer des po\u00eales et casseroles, tout se passe dans la cuve en inox poli de votre Companion !<\/p>\n<p>UN ROBOT POLYVALENT ADAPT\u00c9 \u00c0 TOUTES LES FAMILLES<\/p>\n<p><img decoding=\"async\" alt=\"URL SCENE7\" class=\"wy_tableau_gauche\" height=\"233\" src=\"https:\/\/boulanger.scene7.com\/is\/image\/Boulanger\/3016661157011_h_f_l_0?wid=1000\" width=\"537\"\/>Le robot cuiseur MOULINEX I-Companion Touch XL HF938E00 est \u00e9quip\u00e9 de 8 accessoires inclus : couteau hachoir, couteau p\u00e9trin\/concasseur, batteur, m\u00e9langeur, panier vapeur, accessoire fond plat, d\u00e9coupe l\u00e9gumes pour r\u00e9aliser jusqu&rsquo;\u00e0 5 types de d\u00e9coupe, et une balance de cuisine connect\u00e9e. Gr\u00e2ce \u00e0 celle-ci, vous pouvez peser vos ingr\u00e9dients, et votre robot vous proposera des recettes adapt\u00e9es. Tr\u00e8s pratique quand on veut finir les restes du frigo !<br \/>Pour faire le meilleur usage possible de ces divers accessoires, vous profiterez aussi de 14 programmes automatiques, et vous pouvez tr\u00e8s facilement passer d&rsquo;une recette pr\u00e9-programm\u00e9e \u00e0 une recette manuelle.<\/p>\n<p>Que vous souhaitiez pr\u00e9parer un repas en amoureux ou pour une tabl\u00e9e nombreuse, le robot-cuiseur I-Companion Touch XL s&rsquo;adapte et peut cuisiner des plats pour 2 comme pour 10 personnes gr\u00e2ce \u00e0 sa cuve de capacit\u00e9 XL (4,5L).<\/p>\n<p>PROFITEZ D&rsquo;UN NOMBRE INFINI DE RECETTES<\/p>\n<p><img decoding=\"async\" alt=\"URL SCENE7\" class=\"wy_tableau_right\" height=\"326\" src=\"https:\/\/boulanger.scene7.com\/is\/image\/Boulanger\/3016661157011_h_b_l_5?wid=1000\" width=\"217\"\/>High-tech, le Robot MOULINEX I-Companion Touch XL accompagne aussi bien l&rsquo;\u00e9laboration de vos recettes que leur r\u00e9alisation. En effet, gr\u00e2ce \u00e0 la connexion WiFi, vous avez un acc\u00e8s direct \u00e0 plus de 1600 recettes gratuites constamment enrichies par les membres de la communaut\u00e9 de chefs cuisiniers et de passionn\u00e9s de cuisine Moulinex ou Companion. Il suffit d&rsquo;enregistrer vos recettes pr\u00e9f\u00e9r\u00e9es dans l&rsquo;application et vous les retrouvez directement dans votre carnet de recettes sur l&rsquo;\u00e9cran tactile. Si vous le souhaitez, vous pouvez vous-m\u00eame partager vos recettes.<\/p>\n<p>De m\u00eame, vous aurez la possibilit\u00e9 de cr\u00e9er vos carnets de recettes personnalis\u00e9s et gr\u00e2ce \u00e0 la fonction \u00a0\u00bb Dans mon frigo \u00ab\u00a0, vous pourrez trouver des recettes en fonction des ingr\u00e9dients disponibles dans votre r\u00e9frig\u00e9rateur.<\/p>\n<p>LA QUALITE ET LA GARANTIE MOULINEX<\/p>\n<p>Fabriqu\u00e9 en France, le robot cuiseur I-Companion Touch XL HF938E00 b\u00e9n\u00e9ficie de la qualit\u00e9 Moulinex et est garanti 2 ans. Il b\u00e9n\u00e9ficie \u00e9galement d&rsquo;une r\u00e9parabilit\u00e9 de 10 ans et d&rsquo;une mise \u00e0 disposition rapide des pi\u00e8ces \u00e0 co\u00fbt limit\u00e9 pendant 15 ans et plus, dans l&rsquo;un des 6500 centres de r\u00e9parations dans le monde.<\/p>\n<\/p>\n<p><video class=\"s7Video\" controls=\"\" controlslist=\"nodownload\" poster=\"https:\/\/boulanger.scene7.com\/is\/image\/Boulanger\/3016661157011_v_0?scl=1\" preload=\"metadata\" src=\"https:\/\/boulanger.scene7.com\/is\/content\/Boulanger\/3016661157011_v_0\" width=\"100%\"><\/video><\/p>\n<\/div>\n<p><bl-button a11yexpanded=\"false\" arialabel=\"Afficher toute la description\" class=\"read-more__btn\" full=\"false\" link=\"true\"><\/bl-button><\/div>","protected":false},"excerpt":{"rendered":"<div class=\"keypoints\">\n<h3 class=\"keypoints__title\">Les points cl\u00e9s<\/h3>\n<ul role=\"list\">\n<li class=\"keypoints__item\" role=\"listitem\">                                        Battre\/Fouetter, P\u00e9trir, M\u00e9langer d\u00e9licatement, Emulsionner, Emincer, Couper\/Hacher finement, Hacher la viande, R\u00e2per, Mixer, chauffer, mijoter, Peser les aliments                      <\/li>\n<li class=\"keypoints__item\" role=\"listitem\">                          Capacit\u00e9 Large 4,5L &#8211;                                                      Bol en : inox                      <\/li>\n<li class=\"keypoints__item\" role=\"listitem\">                          Dimensions l x h x p : 31 x 35 x 32 cm &#8211;                                                      10,68 Kg                      <\/li>\n<li class=\"keypoints__item\" role=\"listitem\">                          Pr\u00e9cision de chauffe: : par 5\u00b0C &#8211;                                                      Robot connect\u00e9                      <\/li>\n<li class=\"keypoints__item keypoints__item--advantage\" role=\"listitem\"><strong>Le + :<\/strong> Balance connect\u00e9e. Wifi pour plus de 1600 recettes, tactile avec pas \u00e0 pas.      <\/li>\n<\/ul>","protected":false},"featured_media":50401,"template":"","meta":{"_glsr_average":0,"_glsr_ranking":0,"_glsr_reviews":0},"product_cat":[370],"product_tag":[230,371,372],"class_list":{"0":"post-99735","1":"product","2":"type-product","3":"status-publish","4":"has-post-thumbnail","6":"product_cat-robot-multifonction","7":"product_tag-cuisine-et-cuisson","8":"product_tag-robot-de-cuisine","9":"product_tag-robot-multifonction","11":"first","12":"instock","13":"sale","14":"shipping-taxable","15":"purchasable","16":"product-type-simple"},"_links":{"self":[{"href":"https:\/\/electromenagerexpress.com\/en\/wp-json\/wp\/v2\/product\/99735","targetHints":{"allow":["GET"]}}],"collection":[{"href":"https:\/\/electromenagerexpress.com\/en\/wp-json\/wp\/v2\/product"}],"about":[{"href":"https:\/\/electromenagerexpress.com\/en\/wp-json\/wp\/v2\/types\/product"}],"wp:featuredmedia":[{"embeddable":true,"href":"https:\/\/electromenagerexpress.com\/en\/wp-json\/wp\/v2\/media\/50401"}],"wp:attachment":[{"href":"https:\/\/electromenagerexpress.com\/en\/wp-json\/wp\/v2\/media?parent=99735"}],"wp:term":[{"taxonomy":"product_cat","embeddable":true,"href":"https:\/\/electromenagerexpress.com\/en\/wp-json\/wp\/v2\/product_cat?post=99735"},{"taxonomy":"product_tag","embeddable":true,"href":"https:\/\/electromenagerexpress.com\/en\/wp-json\/wp\/v2\/product_tag?post=99735"}],"curies":[{"name":"wp","href":"https:\/\/api.w.org\/{rel}","templated":true}]}}