{"id":99724,"date":"2024-11-28T11:34:59","date_gmt":"2024-11-28T11:34:59","guid":{"rendered":"https:\/\/electromenagerexpress.com\/product\/robot-cuiseurmagimixcook-expert-xl-connect-platine-18914\/"},"modified":"2024-11-28T11:35:08","modified_gmt":"2024-11-28T11:35:08","slug":"robot-cuiseurmagimixcook-expert-xl-connect-platine-18914","status":"publish","type":"product","link":"https:\/\/electromenagerexpress.com\/en\/product\/robot-cuiseurmagimixcook-expert-xl-connect-platine-18914\/","title":{"rendered":"Robot cuiseur\t\t\t\t\t\t\tMAGIMIX\t\t\t\tCook Expert XL Connect Platine 18914"},"content":{"rendered":"<div class=\"product-features__content\">\n<ul role=\"list\">\n<li class=\"product-features__item\" role=\"listitem\">\n<h3 class=\"product-features__label\">Choisir ce produit pour quels usages ?<\/h3>\n<ul role=\"list\">\n<li class=\"product-features__item-list__item\" role=\"listitem\"><span class=\"is--medium\">Id\u00e9al pour :<\/span> pour cuisiner sans effort de l&rsquo;entr\u00e9e au dessert\t\t\t\t\t<\/li>\n<li class=\"product-features__item-list__item\" role=\"listitem\"><span class=\"is--medium\">Capacit\u00e9 totale :<\/span> Capacit\u00e9 Large 4,8L\t\t\t\t\t<\/li>\n<li class=\"product-features__item-list__item\" role=\"listitem\"><span class=\"is--medium\">D\u00e9couvrez une recette r\u00e9alis\u00e9e par notre chef :<\/span> <a href=\"https:\/\/commeunchef.boulanger.com\/recette\/risotto-truffes-marrons\/\" target=\"_blank\">Risotto truffes-marrons<\/a><\/li>\n<li class=\"product-features__item-list__item\" role=\"listitem\"><span class=\"is--medium\">\u00c0 quoi \u00e7a sert :<\/span> Battre\/Fouetter, P\u00e9trir, M\u00e9langer d\u00e9licatement, Emulsionner, Emincer, Couper\/Hacher finement, Hacher la viande, R\u00e2per, Mixer, chauffer, cuire \u00e0 la vapeur, mijoter, rissoler, Peser les aliments\t\t\t\t\t<\/li>\n<\/ul>\n<\/li>\n<li class=\"product-features__item\" role=\"listitem\">\n<h3 class=\"product-features__label\">Fonctions de pr\u00e9paration<\/h3>\n<ul role=\"list\">\n<li class=\"product-features__item-list__item\" role=\"listitem\"><span class=\"is--medium\">Battre\/Fouetter :<\/span> oui, id\u00e9al pour les blancs en neige, la chantilly, la p\u00e2te \u00e0 cr\u00eape.\t\t\t\t\t<\/li>\n<li class=\"product-features__item-list__item\" role=\"listitem\"><span class=\"is--medium\">P\u00e9trir :<\/span> oui, pour pr\u00e9parer les p\u00e2tes \u00e0 pain, pizza, bris\u00e9e.\t\t\t\t\t<\/li>\n<li class=\"product-features__item-list__item\" role=\"listitem\"><span class=\"is--medium\">M\u00e9langer d\u00e9licatement :<\/span> oui, pour pr\u00e9parer les mousses au chocolat, les souffl\u00e9s (reproduit le geste de la main).\t\t\t\t\t<\/li>\n<li class=\"product-features__item-list__item\" role=\"listitem\"><span class=\"is--medium\">Emulsionner :<\/span> oui, pour pr\u00e9parer les mayonnaises, sauces vinaigrettes.\t\t\t\t\t<\/li>\n<li class=\"product-features__item-list__item\" role=\"listitem\"><span class=\"is--medium\">Emincer :<\/span> oui, couper en tranches ou lamelles vos l\u00e9gumes.\t\t\t\t\t<\/li>\n<li class=\"product-features__item-list__item\" role=\"listitem\"><span class=\"is--medium\">Couper\/Hacher finement :<\/span> oui, pour pr\u00e9parer des tartares, hacher ail et fines herbes.\t\t\t\t\t<\/li>\n<li class=\"product-features__item-list__item\" role=\"listitem\"><span class=\"is--medium\">Hacher la viande :<\/span> oui, pour pr\u00e9parer les viandes, le chili con carne, les steaks hach\u00e9s maison, la bolognaise avec le hachoir\t\t\t\t\t<\/li>\n<li class=\"product-features__item-list__item\" role=\"listitem\"><span class=\"is--medium\">R\u00e2per :<\/span> oui, pour les carottes, gruy\u00e8re.\t\t\t\t\t<\/li>\n<li class=\"product-features__item-list__item\" role=\"listitem\"><span class=\"is--medium\">Mixer :<\/span> oui, pour pr\u00e9parer les coulis, les soupes.\t\t\t\t\t<\/li>\n<li class=\"product-features__item-list__item\" role=\"listitem\"><span class=\"is--medium\">Cuire les aliments :<\/span> chauffer, mijoter, rissoler, cuire \u00e0 la vapeur\t\t\t\t\t<\/li>\n<li class=\"product-features__item-list__item\" role=\"listitem\"><span class=\"is--medium\">Peser les aliments :<\/span> oui, pour peser avec pr\u00e9cision directement dans le bol ou dans les diff\u00e9rents accessoires d\u00e9di\u00e9s\t\t\t\t\t<\/li>\n<\/ul>\n<\/li>\n<li class=\"product-features__item\" role=\"listitem\">\n<h3 class=\"product-features__label\">Cuisson<\/h3>\n<ul role=\"list\">\n<li class=\"product-features__item-list__item\" role=\"listitem\"><span class=\"is--medium\">Cuisson vapeur :<\/span> Oui\t\t\t\t\t<\/li>\n<li class=\"product-features__item-list__item\" role=\"listitem\"><span class=\"is--medium\">Type de chauffe :<\/span> induction, permet une pr\u00e9cision de cuisson au degr\u00e9 pr\u00e8s\t\t\t\t\t<\/li>\n<li class=\"product-features__item-list__item\" role=\"listitem\"><span class=\"is--medium\">Le saviez-vous ? :<\/span> la cuisson \u00e0 basse temp\u00e9rature permet de pr\u00e9server les vitamines des aliments\t\t\t\t\t<\/li>\n<li class=\"product-features__item-list__item\" role=\"listitem\"><span class=\"is--medium\">Maintien au chaud :<\/span> automatique\t\t\t\t\t<\/li>\n<li class=\"product-features__item-list__item\" role=\"listitem\"><span class=\"is--medium\">Mode de cuisson adapt\u00e9 (manuel) :<\/span> permet de personnaliser les recettes en g\u00e9rant le mode de cuisson, la vitesse, la temp\u00e9rature et le temps de cuisson\t\t\t\t\t<\/li>\n<li class=\"product-features__item-list__item\" role=\"listitem\"><span class=\"is--medium\">Pr\u00e9csion de chauffe :<\/span> au degr\u00e9s pr\u00e8s\t\t\t\t\t<\/li>\n<\/ul>\n<\/li>\n<li class=\"product-features__item\" role=\"listitem\">\n<h3 class=\"product-features__label\">Nombre de bols et leurs capacit\u00e9s<\/h3>\n<ul role=\"list\">\n<li class=\"product-features__item-list__item\" role=\"listitem\"><span class=\"is--medium\">Capacit\u00e9 totale du bol principal :<\/span> Capacit\u00e9 Large 4,8L\t\t\t\t\t<\/li>\n<li class=\"product-features__item-list__item\" role=\"listitem\"><span class=\"is--medium\">Poign\u00e9e(s) du bol principal :<\/span> 1 sur le c\u00f4t\u00e9, id\u00e9al pour d\u00e9verser le contenu\t\t\t\t\t<\/li>\n<li class=\"product-features__item-list__item\" role=\"listitem\"><span class=\"is--medium\">Poids du bol principal :<\/span> 250 grammes\t\t\t\t\t<\/li>\n<li class=\"product-features__item-list__item\" role=\"listitem\"><span class=\"is--medium\">Mati\u00e8re du bol principal :<\/span> inox\t\t\t\t\t<\/li>\n<li class=\"product-features__item-list__item\" role=\"listitem\"><span class=\"is--medium\">Nombre de bols suppl\u00e9mentaires :<\/span> 1 bol\t\t\t\t\t<\/li>\n<li class=\"product-features__item-list__item\" role=\"listitem\"><span class=\"is--medium\">Mati\u00e8re du bol principal : :<\/span> inox\t\t\t\t\t<\/li>\n<\/ul>\n<\/li>\n<li class=\"product-features__item\" role=\"listitem\">\n<h3 class=\"product-features__label\">Accessoires inclus<\/h3>\n<ul role=\"list\">\n<li class=\"product-features__item-list__item\" role=\"listitem\"><span class=\"is--medium\">Accessoires :<\/span> 3 cuves (cuve standard, mini-cuve, midi cuve), balance de cuisine, batteur, bo\u00eete de rangement des accessoires, couvercle anti-projections, disque(s) \u00e9minceur, disque(s) r\u00e2peur, lame de p\u00e9trissage, lame polyvalente, lame universelle, m\u00e9lange d\u00e9licat, m\u00e9langeur, mini bol, mini couteau, panier vapeur\t\t\t\t\t<\/li>\n<li class=\"product-features__item-list__item\" role=\"listitem\"><span class=\"is--medium\">Plus d&rsquo;accessoires :<\/span> <a href=\"https:\/\/www.boulanger.com\/c\/nav-filtre\/accessoire-appareil-preparation-culinaire?facettes_access_robot_____marque_compatible~magimix\" target=\"_blank\">En cliquant ici<\/a><\/li>\n<\/ul>\n<\/li>\n<li class=\"product-features__item\" role=\"listitem\">\n<h3 class=\"product-features__label\">Confort et performance<\/h3>\n<ul role=\"list\">\n<li class=\"product-features__item-list__item\" role=\"listitem\"><span class=\"is--medium\">Type de moteur :<\/span> professionnel, il est tr\u00e8s silencieux avec une dur\u00e9e de vie plus longue qu&rsquo;un moteur classique.\t\t\t\t\t<\/li>\n<li class=\"product-features__item-list__item\" role=\"listitem\"><span class=\"is--medium\">Puissance en watts :<\/span> 1.800 W\t\t\t\t\t<\/li>\n<li class=\"product-features__item-list__item\" role=\"listitem\"><span class=\"is--medium\">Nombre de vitesses :<\/span> 18\t\t\t\t\t<\/li>\n<li class=\"product-features__item-list__item\" role=\"listitem\"><span class=\"is--medium\">S\u00e9lecteur de vitesse :<\/span> oui, permet de choisir la vitesse adapt\u00e9e selon les pr\u00e9parations\t\t\t\t\t<\/li>\n<li class=\"product-features__item-list__item\" role=\"listitem\"><span class=\"is--medium\">Touche pulse :<\/span> oui, permet une acc\u00e9l\u00e9ration \u00e0 la demande, id\u00e9al pour piler des gla\u00e7ons, pr\u00e9parer des smoothies avec des fruits surgel\u00e9s\t\t\t\t\t<\/li>\n<li class=\"product-features__item-list__item\" role=\"listitem\"><span class=\"is--medium\">Touche turbo :<\/span> non\t\t\t\t\t<\/li>\n<li class=\"product-features__item-list__item\" role=\"listitem\"><span class=\"is--medium\">Mat\u00e9riau du corps :<\/span> inox (robuste)\t\t\t\t\t<\/li>\n<li class=\"product-features__item-list__item\" role=\"listitem\"><span class=\"is--medium\">Poids :<\/span> 11,90 Kg\t\t\t\t\t<\/li>\n<li class=\"product-features__item-list__item\" role=\"listitem\"><span class=\"is--medium\">Ecran :<\/span> non tactile\t\t\t\t\t<\/li>\n<li class=\"product-features__item-list__item\" role=\"listitem\"><span class=\"is--medium\">Suivi des recettes pas \u00e0 pas :<\/span> via l&rsquo;application\t\t\t\t\t<\/li>\n<li class=\"product-features__item-list__item\" role=\"listitem\"><span class=\"is--medium\">Connect\u00e9 :<\/span> oui\t\t\t\t\t<\/li>\n<li class=\"product-features__item-list__item\" role=\"listitem\"><span class=\"is--medium\">Compatibilit\u00e9 :<\/span> IOS et Android\t\t\t\t\t<\/li>\n<li class=\"product-features__item-list__item\" role=\"listitem\"><span class=\"is--medium\">Nom de l&rsquo;application d\u00e9di\u00e9e :<\/span> Magimix\t\t\t\t\t<\/li>\n<li class=\"product-features__item-list__item\" role=\"listitem\"><span class=\"is--medium\">Balance int\u00e9gr\u00e9e au robot :<\/span> Oui\t\t\t\t\t<\/li>\n<li class=\"product-features__item-list__item\" role=\"listitem\"><span class=\"is--medium\">Longueur du cordon d&rsquo;alimentation :<\/span> 1,00 m\t\t\t\t\t<\/li>\n<li class=\"product-features__item-list__item\" role=\"listitem\"><span class=\"is--medium\">Minuteur :<\/span> Oui\t\t\t\t\t<\/li>\n<li class=\"product-features__item-list__item\" role=\"listitem\"><span class=\"is--medium\">Connect\u00e9 : :<\/span> oui, pour avoir acc\u00e8s \u00e0 une multitude de recettes et en suivre les diff\u00e9rentes \u00e9tapes\t\t\t\t\t<\/li>\n<\/ul>\n<\/li>\n<li class=\"product-features__item\" role=\"listitem\">\n<h3 class=\"product-features__label\">Nettoyage<\/h3>\n<ul role=\"list\">\n<li class=\"product-features__item-list__item\" role=\"listitem\"><span class=\"is--medium\">Programme de rin\u00e7age :<\/span> Oui\t\t\t\t\t<\/li>\n<li class=\"product-features__item-list__item\" role=\"listitem\"><span class=\"is--medium\">Compatibilit\u00e9 lave vaisselle :<\/span> Tout sauf socle moteur\t\t\t\t\t<\/li>\n<\/ul>\n<\/li>\n<li class=\"product-features__item\" role=\"listitem\">\n<h3 class=\"product-features__label\">S\u00e9curit\u00e9<\/h3>\n<ul role=\"list\">\n<li class=\"product-features__item-list__item\" role=\"listitem\"><span class=\"is--medium\">Arr\u00eat automatique :<\/span> Oui\t\t\t\t\t<\/li>\n<li class=\"product-features__item-list__item\" role=\"listitem\"><span class=\"is--medium\">S\u00e9curit\u00e9 couvercle :<\/span> Oui\t\t\t\t\t<\/li>\n<li class=\"product-features__item-list__item\" role=\"listitem\"><span class=\"is--medium\">Pieds antid\u00e9rapants :<\/span> Oui\t\t\t\t\t<\/li>\n<\/ul>\n<\/li>\n<li class=\"product-features__item\" role=\"listitem\">\n<h3 class=\"product-features__label\">Informations compl\u00e9mentaires<\/h3>\n<ul role=\"list\">\n<li class=\"product-features__item-list__item\" role=\"listitem\"><span class=\"is--medium\">Disponibilit\u00e9 des pi\u00e8ces d\u00e9tach\u00e9es (donn\u00e9es fournisseur) :<\/span> Pendant 30 ans, \u00e0 compter de la date d&rsquo;achat\t\t\t\t\t<\/li>\n<li class=\"product-features__item-list__item\" role=\"listitem\"><span class=\"is--medium\">Garantie :<\/span> 2 ans\t\t\t\t\t<\/li>\n<li class=\"product-features__item-list__item\" role=\"listitem\"><span class=\"is--medium\">Fabriqu\u00e9 en :<\/span> Chine\t\t\t\t\t<\/li>\n<li class=\"product-features__item-list__item\" role=\"listitem\"><span class=\"is--medium\">R\u00e9f\u00e9rence constructeur :<\/span> Cook Expert XL Connect Platine 18914\t\t\t\t\t<\/li>\n<li class=\"product-features__item-list__item\" role=\"listitem\"><span class=\"is--medium\">Marque :<\/span> MAGIMIX\t\t\t\t\t<\/li>\n<\/ul>\n<\/li>\n<li class=\"product-features__item\" role=\"listitem\">\n<h3 class=\"product-features__label\">Dimensions<\/h3>\n<ul role=\"list\">\n<li class=\"product-features__item-list__item\" role=\"listitem\"><span class=\"is--medium\">Dimensions l x h x p :<\/span> 33.5 x 40.5 x 39 cm\t\t\t\t\t<\/li>\n<\/ul>\n<\/li>\n<\/ul>\n<\/div>\n<div class=\"product__disclosure-content\">\n<div class=\"js-read-more product-description__content read-more read-more--truncated\" data-read-more-name=\"description\" style=\"max-height: 500px; overflow: hidden;\">\n<h3><b style=\"color: #333333; font-size: 13px; text-align: justify;\">L&rsquo;INCONTOURNABLE COOK EXPERT, DANS SON FORMAT XL, DECLIN\u00c9 EN VERSION CONNECT<\/b><b><img decoding=\"async\" alt=\"URL SCENE7\" class=\"wy_tableau_gauche\" height=\"189\" src=\"https:\/\/boulanger.scene7.com\/is\/image\/Boulanger\/3519280189147_h_f_l_3?wid=1000\" width=\"189\"\/><\/b><\/h3>\n<p><\/p>\n<p>D\u00e9couvrez la version connect\u00e9e du robot cuiseur multifonction XL de Magimix. Avec le Cook Expert XL Connect, pesez directement dans le bol, r\u00e9alisez vos recettes pr\u00e9f\u00e9r\u00e9es et pilotez votre robot d&rsquo;un clic depuis l&rsquo;application Magimix. <\/p>\n<p>V\u00e9ritable robot cuiseur grande capacit\u00e9, totalement multifonction et connect\u00e9, il vous permettra de r\u00e9ussir tous vos plats, de l&rsquo;entr\u00e9e au dessert, en un clic. <\/p>\n<p>Le robot cuiseur multifonction\u00a0triple XL\u00a0c&rsquo;estun<b>\u00a0bol XL<\/b>, un\u00a0<b>p\u00e9trin XL<\/b>, et un\u00a0<b>panier vapeur XL\u00a0!<\/b><\/p>\n<p>\u00a0<\/p>\n<h3>\n<p><b>\u00a0LE COOK EXPERT XL CONNECT, LE ROBOT CUISEUR MULTIFONCTION\u00a0CONNECT\u00c9\u00a0!<img fetchpriority=\"high\" decoding=\"async\" alt=\"URL SCENE7\" class=\"wy_tableau_right\" height=\"400\" src=\"https:\/\/boulanger.scene7.com\/is\/image\/Boulanger\/3519280189147_h_f_l_5?wid=1000\" width=\"400\"\/><\/b><\/h3>\n<p>Avec son bol thermo inox de 4,8 L et ses 3 bols multifonction, il cuit, coupe, m\u00e9lange, hache, r\u00e2pe, mijote, p\u00e9trit et pile \u00e0 la perfection.<\/p>\n<p>Ses diff\u00e9rents accessoires inclus, de qualit\u00e9 professionnelle, vous permettent de r\u00e9aliser des pr\u00e9parations vari\u00e9es au quotidien.<\/p>\n<p>De la cuisson vapeur gr\u00e2ce \u00e0 son\u00a0panier\u00a0vapeur interne de 3,5 L, de la boulangerie en grande capacit\u00e9 gr\u00e2ce \u00e0 son p\u00e9trin XL, de la p\u00e2tisserie gr\u00e2ce au batteur \u00e0 blancs, rien\u00a0n&rsquo;est impossible\u00a0!<\/p>\n<p>Ses 3 bols multifonction (avec une capacit\u00e9 de 1,2 litre \u00e0 3,6 litres) vous permettront d&rsquo;hacher, r\u00e2per et \u00e9mincer\u00a0! Avec ses 4 disques fournis (de 2mm et 4 mm) et ses 2 couteaux, les tartares, dips, sauces ap\u00e9ritives et tout ce qui pourra vous donner envie n&rsquo;auront plus de secrets pour vous. <\/p>\n<p>La connectivit\u00e9 vous permet de peser vos ingr\u00e9dients directement dans le bol gr\u00e2ce \u00e0 la balance XL Connect, d&rsquo;envoyer les programmes de votre recette et de piloter votre Cook Expert Connect directement depuis l&rsquo;app Magimix en un seul clic.<\/p>\n<p>\u00a0<\/p>\n<p>Le Cook Expert XL Connect est un produit \u00e9volutif, de nombreux accessoires optionnels sont disponibles pour le personnaliser\u00a0selon vos besoins et usages. Des livres de recettes th\u00e9matiques (cuisine vapeur, grandes occasions, grandes tabl\u00e9es &#8230;) sont \u00e9galement propos\u00e9s.<\/p>\n<h3>SES PROGRAMMES ET FONCTIONS XL<\/h3>\n<p><b><img decoding=\"async\" alt=\"URL SCENE7\" class=\"wy_tableau_gauche\" height=\"250\" src=\"https:\/\/boulanger.scene7.com\/is\/image\/Boulanger\/3519280189147_h_b_l_0?wid=1000\" width=\"250\"\/><\/b><\/p>\n<p>Gr\u00e2ce \u00e0 son syst\u00e8me de chauffe par induction, il monte tr\u00e8s vite en temp\u00e9rature et ma\u00eetrise la cuisson au degr\u00e9 pr\u00e8s jusqu&rsquo;\u00e0 160 \u00b0C. Vous pourrez \u00e9galement laisser mijoter vos pr\u00e9parations jusqu&rsquo;\u00e0 4h, pour une pr\u00e9servation optimale de vos aliments.<\/p>\n<p> Le Cook Expert XL Connect vous propose 14 programmes automatiques pour faciliter la pr\u00e9paration de vos plats favoris. Parmi ses programmes automatiques, le programme rin\u00e7age vous facilitera le nettoyage du Cook Expert une fois votre pr\u00e9paration termin\u00e9e. Et le programme Expert vous offre la possibilit\u00e9 de r\u00e9gler tous les param\u00e8tres de votre pr\u00e9paration\u00a0: c&rsquo;est vous qui d\u00e9finissez le temps, la vitesse et la temp\u00e9rature de cuisson.<\/p>\n<p> <em>Un livre de 300 recettes est fourni, pour vous inspirer et vous guider.<\/em><\/p>\n<p>\u00a0<\/p>\n<h3>APPLICATION GRATUITE<\/h3>\n<p><img loading=\"lazy\" decoding=\"async\" alt=\"URL SCENE7\" class=\"wy_tableau_right\" height=\"300\" src=\"https:\/\/boulanger.scene7.com\/is\/image\/Boulanger\/3519280189147_h_b_l_1?wid=1000\" width=\"300\"\/><\/p>\n<p>Trouvez la recette id\u00e9ale en fonction de votre r\u00e9gime alimentaire (sans gluten, v\u00e9g\u00e9tarien&#8230;), de votre objectif (minceur, \u00e9nergisant&#8230;) ou des ingr\u00e9dients<\/p>\n<p>disponibles dans votre cuisine. Laissez-vous inspirer par plus de 2000 recettes disponibles depuis l&rsquo;application gratuite Magimix ou laissez libre cours \u00e0 votre imagination gr\u00e2ce au mode Expert.<\/p>\n<p>Confectionnez vos menus de la semaine, organisez vos listes de courses, cr\u00e9ez vos carnets de recettes th\u00e9matiques pour toutes les occasions (ap\u00e9ro, go\u00fbter d&rsquo;anniversaire, batch cooking&#8230;). <\/p>\n<p>Soupes, sauces, mijot\u00e9s, risottos, pur\u00e9es, pains, brioches, cr\u00e8me fouett\u00e9es, cocktails, g\u00e2teaux, yaourts, plats pour b\u00e9b\u00e9s&#8230;. toutes vos envies de fait-maison sont r\u00e9alisables! Familles nombreuses ou grandes tabl\u00e9es, cuisinez pour toutes les occasions.<\/p>\n<p><em>\u00a0Le Cook Expert XL se d\u00e9cline en version connect\u00e9e, pour tout r\u00e9ussir de l&rsquo;entr\u00e9e au dessert en version <\/em><\/p>\n<\/p>\n<p><video class=\"s7Video\" controls=\"\" controlslist=\"nodownload\" poster=\"https:\/\/boulanger.scene7.com\/is\/image\/Boulanger\/3519280189147_v_0?scl=1\" preload=\"metadata\" src=\"https:\/\/boulanger.scene7.com\/is\/content\/Boulanger\/3519280189147_v_0\" width=\"100%\"><\/video><\/p>\n<p><img decoding=\"async\" src=\"https:\/\/boulanger.scene7.com\/is\/image\/Boulanger\/EMS-top_AEM_SECHE_ROBOTS?wid=1260\"\/><\/p>\n<\/div>\n<p><bl-button a11yexpanded=\"false\" arialabel=\"Afficher toute la description\" class=\"read-more__btn\" full=\"false\" link=\"true\">Voir plus<\/bl-button><\/div>","protected":false},"excerpt":{"rendered":"<div class=\"keypoints\">\n<h3 class=\"keypoints__title\">Les points cl\u00e9s<\/h3>\n<ul role=\"list\">\n<li class=\"keypoints__item\" role=\"listitem\">                                        Battre\/Fouetter, P\u00e9trir, M\u00e9langer d\u00e9licatement, Emulsionner, Emincer, Couper\/Hacher finement, Hacher la viande, R\u00e2per, Mixer, chauffer, cuire \u00e0 la vapeur, mijoter, rissoler, Peser les aliments                      <\/li>\n<li class=\"keypoints__item\" role=\"listitem\">                          Capacit\u00e9 Large 4,8L &#8211;                                                      Bol en : inox                      <\/li>\n<li class=\"keypoints__item\" role=\"listitem\">                          Dimensions l x h x p : 33.5 x 40.5 x 39 cm &#8211;                                                      11,90 Kg                      <\/li>\n<li class=\"keypoints__item\" role=\"listitem\">                          Pr\u00e9cision de chauffe: : au degr\u00e9s pr\u00e8s &#8211;                                                      Robot connect\u00e9                      <\/li>\n<li class=\"keypoints__item keypoints__item--advantage\" role=\"listitem\"><strong>Le + :<\/strong> Application Magimix, Balance connect\u00e9e pour une pes\u00e9e + simple      <\/li>\n<\/ul>","protected":false},"featured_media":50234,"template":"","meta":{"_glsr_average":0,"_glsr_ranking":0,"_glsr_reviews":0},"product_cat":[370],"product_tag":[230,371,372],"class_list":{"0":"post-99724","1":"product","2":"type-product","3":"status-publish","4":"has-post-thumbnail","6":"product_cat-robot-multifonction","7":"product_tag-cuisine-et-cuisson","8":"product_tag-robot-de-cuisine","9":"product_tag-robot-multifonction","11":"first","12":"instock","13":"sale","14":"shipping-taxable","15":"purchasable","16":"product-type-simple"},"_links":{"self":[{"href":"https:\/\/electromenagerexpress.com\/en\/wp-json\/wp\/v2\/product\/99724","targetHints":{"allow":["GET"]}}],"collection":[{"href":"https:\/\/electromenagerexpress.com\/en\/wp-json\/wp\/v2\/product"}],"about":[{"href":"https:\/\/electromenagerexpress.com\/en\/wp-json\/wp\/v2\/types\/product"}],"wp:featuredmedia":[{"embeddable":true,"href":"https:\/\/electromenagerexpress.com\/en\/wp-json\/wp\/v2\/media\/50234"}],"wp:attachment":[{"href":"https:\/\/electromenagerexpress.com\/en\/wp-json\/wp\/v2\/media?parent=99724"}],"wp:term":[{"taxonomy":"product_cat","embeddable":true,"href":"https:\/\/electromenagerexpress.com\/en\/wp-json\/wp\/v2\/product_cat?post=99724"},{"taxonomy":"product_tag","embeddable":true,"href":"https:\/\/electromenagerexpress.com\/en\/wp-json\/wp\/v2\/product_tag?post=99724"}],"curies":[{"name":"wp","href":"https:\/\/api.w.org\/{rel}","templated":true}]}}