{"id":99721,"date":"2024-11-28T11:34:24","date_gmt":"2024-11-28T11:34:24","guid":{"rendered":"https:\/\/electromenagerexpress.com\/product\/robot-patissierkenwoodkvl85-009si-titanium-chef-baker-xl\/"},"modified":"2024-11-28T11:34:36","modified_gmt":"2024-11-28T11:34:36","slug":"robot-patissierkenwoodkvl85-009si-titanium-chef-baker-xl","status":"publish","type":"product","link":"https:\/\/electromenagerexpress.com\/en\/product\/robot-patissierkenwoodkvl85-009si-titanium-chef-baker-xl\/","title":{"rendered":"Robot p\u00e2tissier\t\t\t\t\t\t\tKENWOOD\t\t\t\tKVL85.009SI Titanium Chef Baker XL"},"content":{"rendered":"<div class=\"product-features__content\">\n<ul role=\"list\">\n<li class=\"product-features__item\" role=\"listitem\">\n<h3 class=\"product-features__label\">Choisir ce produit pour quels usages ?<\/h3>\n<ul role=\"list\">\n<li class=\"product-features__item-list__item\" role=\"listitem\"><span class=\"is--medium\">Capacit\u00e9 :<\/span> Capacit\u00e9 XXL 7L\t\t\t\t\t<\/li>\n<li class=\"product-features__item-list__item\" role=\"listitem\"><span class=\"is--medium\">Id\u00e9al pour :<\/span> pour pr\u00e9parer toutes vos p\u00e2tes \u00e0 pain, brioche, monter les blancs et \u00e9mulsionner mayonnaises et vinaigrettes\t\t\t\t\t<\/li>\n<\/ul>\n<\/li>\n<li class=\"product-features__item\" role=\"listitem\">\n<h3 class=\"product-features__label\">Fonctions de pr\u00e9paration<\/h3>\n<ul role=\"list\">\n<li class=\"product-features__item-list__item\" role=\"listitem\"><span class=\"is--medium\">Battre\/Fouetter :<\/span> oui, id\u00e9al pour les blancs en neige, la chantilly, la p\u00e2te \u00e0 cr\u00eape.\t\t\t\t\t<\/li>\n<li class=\"product-features__item-list__item\" role=\"listitem\"><span class=\"is--medium\">P\u00e9trir :<\/span> oui, pour pr\u00e9parer les p\u00e2tes \u00e0 pain, pizza, bris\u00e9e.\t\t\t\t\t<\/li>\n<li class=\"product-features__item-list__item\" role=\"listitem\"><span class=\"is--medium\">M\u00e9langer d\u00e9licatement :<\/span> oui, pour pr\u00e9parer les mousses au chocolat, les souffl\u00e9s (reproduit le geste de la main).\t\t\t\t\t<\/li>\n<li class=\"product-features__item-list__item\" role=\"listitem\"><span class=\"is--medium\">Emulsionner :<\/span> oui, pour pr\u00e9parer les mayonnaises, sauces vinaigrettes.\t\t\t\t\t<\/li>\n<li class=\"product-features__item-list__item\" role=\"listitem\"><span class=\"is--medium\">Cuire les aliments :<\/span> non\t\t\t\t\t<\/li>\n<\/ul>\n<\/li>\n<li class=\"product-features__item\" role=\"listitem\">\n<h3 class=\"product-features__label\">Nombre de bols et leurs capacit\u00e9s<\/h3>\n<ul role=\"list\">\n<li class=\"product-features__item-list__item\" role=\"listitem\"><span class=\"is--medium\">Capacit\u00e9 totale du bol principal :<\/span> Capacit\u00e9 XXL 7L\t\t\t\t\t<\/li>\n<li class=\"product-features__item-list__item\" role=\"listitem\"><span class=\"is--medium\">Poign\u00e9e(s) du bol principal :<\/span> 1 sur le c\u00f4t\u00e9, id\u00e9al pour d\u00e9verser le contenu\t\t\t\t\t<\/li>\n<li class=\"product-features__item-list__item\" role=\"listitem\"><span class=\"is--medium\">Mati\u00e8re du bol principal :<\/span> acier inoxydable\t\t\t\t\t<\/li>\n<li class=\"product-features__item-list__item\" role=\"listitem\"><span class=\"is--medium\">Nombre de bols suppl\u00e9mentaires :<\/span> 1 bol\t\t\t\t\t<\/li>\n<li class=\"product-features__item-list__item\" role=\"listitem\"><span class=\"is--medium\">Capacit\u00e9 des bols suppl\u00e9mentaires :<\/span> 5L\t\t\t\t\t<\/li>\n<li class=\"product-features__item-list__item\" role=\"listitem\"><span class=\"is--medium\">Mati\u00e8re du\/des bol(s) suppl\u00e9mentaire(s) :<\/span> inox\t\t\t\t\t<\/li>\n<\/ul>\n<\/li>\n<li class=\"product-features__item\" role=\"listitem\">\n<h3 class=\"product-features__label\">Performance et confort<\/h3>\n<ul role=\"list\">\n<li class=\"product-features__item-list__item\" role=\"listitem\"><span class=\"is--medium\">Type de moteur :<\/span> professionnel, tr\u00e8s silencieux avec une dur\u00e9e de vie plus longue qu&rsquo;un moteur classique.\t\t\t\t\t<\/li>\n<li class=\"product-features__item-list__item\" role=\"listitem\"><span class=\"is--medium\">Transmission :<\/span> directe, le moteur se trouve dans la t\u00eate et transmet directement la puissance (\u00e0 performance \u00e9gale, ce moteur n\u00e9cessite moins de puissance)\t\t\t\t\t<\/li>\n<li class=\"product-features__item-list__item\" role=\"listitem\"><span class=\"is--medium\">Puissance en watts :<\/span> 1.200 W\t\t\t\t\t<\/li>\n<li class=\"product-features__item-list__item\" role=\"listitem\"><span class=\"is--medium\">Nombre de vitesses :<\/span> 8\t\t\t\t\t<\/li>\n<li class=\"product-features__item-list__item\" role=\"listitem\"><span class=\"is--medium\">Fonction pulse :<\/span> oui, permet une acc\u00e9l\u00e9ration \u00e0 la demande pour des p\u00e2tes encore plus lisses\t\t\t\t\t<\/li>\n<li class=\"product-features__item-list__item\" role=\"listitem\"><span class=\"is--medium\">Mouvement plan\u00e9taire :<\/span> oui, permet de reproduire le geste du p\u00e2tissier en rassemblant les ingr\u00e9dients au centre du bol\t\t\t\t\t<\/li>\n<li class=\"product-features__item-list__item\" role=\"listitem\"><span class=\"is--medium\">D\u00e9marrage progressif automatique :<\/span> oui, permet d&rsquo;atteindre la vitesse souhait\u00e9e progressivement et \u00e9viter les \u00e9claboussures\t\t\t\t\t<\/li>\n<li class=\"product-features__item-list__item\" role=\"listitem\"><span class=\"is--medium\">Finition du corps :<\/span> m\u00e9tal\t\t\t\t\t<\/li>\n<li class=\"product-features__item-list__item\" role=\"listitem\"><span class=\"is--medium\">Poids du robot :<\/span> 11,5 kg\t\t\t\t\t<\/li>\n<li class=\"product-features__item-list__item\" role=\"listitem\"><span class=\"is--medium\">Nombre de sorties suppl\u00e9mentaires :<\/span> 3 sorties qui permettent d&rsquo;adapter des accessoires inclus ou optionnels \u00e0 diff\u00e9rentes sorties et\/ou de les utiliser simultan\u00e9ment\t\t\t\t\t<\/li>\n<li class=\"product-features__item-list__item\" role=\"listitem\"><span class=\"is--medium\">Acc\u00e8s au bol :<\/span> t\u00eate inclinable\t\t\t\t\t<\/li>\n<li class=\"product-features__item-list__item\" role=\"listitem\"><span class=\"is--medium\">Balance int\u00e9gr\u00e9e :<\/span> Oui\t\t\t\t\t<\/li>\n<li class=\"product-features__item-list__item\" role=\"listitem\"><span class=\"is--medium\">Longueur du cordon d&rsquo;alimentation :<\/span> 1,20 m\t\t\t\t\t<\/li>\n<li class=\"product-features__item-list__item\" role=\"listitem\"><span class=\"is--medium\">Pieds anti-d\u00e9rapants :<\/span> Oui\t\t\t\t\t<\/li>\n<li class=\"product-features__item-list__item\" role=\"listitem\"><span class=\"is--medium\">Compatibilit\u00e9 lave vaisselle :<\/span> bol, couvercle, p\u00e9trin, batteur, fouet\t\t\t\t\t<\/li>\n<li class=\"product-features__item-list__item\" role=\"listitem\"><span class=\"is--medium\">Connect\u00e9 :<\/span> Non\t\t\t\t\t<\/li>\n<li class=\"product-features__item-list__item\" role=\"listitem\"><span class=\"is--medium\">Ecran :<\/span> Digital avec timer int\u00e9gr\u00e9\t\t\t\t\t<\/li>\n<li class=\"product-features__item-list__item\" role=\"listitem\"><span class=\"is--medium\">Coloris :<\/span> Silver\t\t\t\t\t<\/li>\n<li class=\"product-features__item-list__item\" role=\"listitem\"><span class=\"is--medium\">Variateur de vitesses :<\/span> Oui\t\t\t\t\t<\/li>\n<li class=\"product-features__item-list__item\" role=\"listitem\"><span class=\"is--medium\">Couvercle anti-projections :<\/span> oui, large ouverture pour ajouter vos ingr\u00e9dients en cours de pr\u00e9paration\t\t\t\t\t<\/li>\n<li class=\"product-features__item-list__item\" role=\"listitem\"><span class=\"is--medium\">Balance :<\/span> Incluse\t\t\t\t\t<\/li>\n<\/ul>\n<\/li>\n<li class=\"product-features__item\" role=\"listitem\">\n<h3 class=\"product-features__label\">Accessoires inclus<\/h3>\n<ul role=\"list\">\n<li class=\"product-features__item-list__item\" role=\"listitem\"><span class=\"is--medium\">Accessoires :<\/span> batteur, batteur souple, fouet, couvercle anti-projections, crochet p\u00e9trisseur, fouet \u00e0 fils, spatule, balance connect\u00e9e\t\t\t\t\t<\/li>\n<li class=\"product-features__item-list__item\" role=\"listitem\"><span class=\"is--medium\">Mati\u00e8re du fouet :<\/span> acier inoxydable\t\t\t\t\t<\/li>\n<li class=\"product-features__item-list__item\" role=\"listitem\"><span class=\"is--medium\">Mati\u00e8re du crochet p\u00e9trisseur :<\/span> acier inoxydable\t\t\t\t\t<\/li>\n<li class=\"product-features__item-list__item\" role=\"listitem\"><span class=\"is--medium\">Mati\u00e8re du batteur :<\/span> acier inoxydable\t\t\t\t\t<\/li>\n<\/ul>\n<\/li>\n<li class=\"product-features__item\" role=\"listitem\">\n<h3 class=\"product-features__label\">Dimensions<\/h3>\n<ul role=\"list\">\n<li class=\"product-features__item-list__item\" role=\"listitem\"><span class=\"is--medium\">Dimensions l x h x p :<\/span> 40 x 37 x 22.5 cm\t\t\t\t\t<\/li>\n<\/ul>\n<\/li>\n<li class=\"product-features__item\" role=\"listitem\">\n<h3 class=\"product-features__label\">Informations compl\u00e9mentaires<\/h3>\n<ul role=\"list\">\n<li class=\"product-features__item-list__item\" role=\"listitem\"><span class=\"is--medium\">Fabriqu\u00e9 en :<\/span> Chine\t\t\t\t\t<\/li>\n<li class=\"product-features__item-list__item\" role=\"listitem\"><span class=\"is--medium\">Disponibilit\u00e9 des pi\u00e8ces d\u00e9tach\u00e9es (donn\u00e9es fournisseur) :<\/span> Pendant 5 ans, \u00e0 compter de la date d&rsquo;achat\t\t\t\t\t<\/li>\n<li class=\"product-features__item-list__item\" role=\"listitem\"><span class=\"is--medium\">R\u00e9f\u00e9rence constructeur :<\/span> KVL85.009SI Titanium Chef Baker XL\t\t\t\t\t<\/li>\n<li class=\"product-features__item-list__item\" role=\"listitem\"><span class=\"is--medium\">Marque :<\/span> KENWOOD\t\t\t\t\t<\/li>\n<\/ul>\n<\/li>\n<\/ul>\n<\/div>\n<div class=\"product__disclosure-content\">\n<div class=\"js-read-more product-description__content read-more read-more--truncated\" data-read-more-name=\"description\" style=\"max-height: 500px; overflow: hidden;\">\n<p><span style=\"color: #3b3b3b; font-size: 18px; font-weight: 600; text-align: left; text-transform: uppercase;\">Le nouveau robot Kenwood TITANIUM CHEF BAKER XL KVL85.009SI P\u00e8se !<\/span><\/p>\n<h3>\u00a0<\/h3>\n<p><img fetchpriority=\"high\" decoding=\"async\" alt=\"URL SCENE7\" class=\"wy_tableau_gauche\" height=\"261\" src=\"https:\/\/boulanger.scene7.com\/is\/image\/Boulanger\/5011423004532_h_f_l_6?wid=1000\" width=\"348\"\/><\/p>\n<p>Ce nouveau robot dot\u00e9 d&rsquo;un kit p\u00e2tisserie en acier inoxydable p\u00e8se au gramme pr\u00e8s pour r\u00e9aliser toutes les recettes de boulangerie ou p\u00e2tisseries m\u00eame les plus complexes.<br \/>Enti\u00e8rement r\u00e9alis\u00e9 en m\u00e9tal, il est dot\u00e9 de 2 bols d&rsquo;une capacit\u00e9 de 7L et 5L ! Preuve de robustesse, le moteur professionnel de 1200W et le robot sont garantis 5 ans pi\u00e8ce et main d&rsquo;oeuvre. Pour une utilisation plus simple, il se manipule tr\u00e8s facilement gr\u00e2ce \u00e0 l&rsquo;ouverture assist\u00e9e de la t\u00eate.<\/p>\n<p>\u00a0<\/p>\n<h3>\n<p>UN CONFORT D&rsquo;UTILISATION OPTIMAL<\/h3>\n<h3><img decoding=\"async\" alt=\"URL SCENE7\" class=\"wy_tableau_right\" height=\"272\" src=\"https:\/\/boulanger.scene7.com\/is\/image\/Boulanger\/5011423004532_h_b_l_0?wid=1000\" style=\"margin-bottom: 24px !important;\" width=\"372\"\/><\/h3>\n<p>Le TITANIUM CHEF BAKER XL est dot\u00e9 d&rsquo;une balance int\u00e9gr\u00e9e. Il est possible de peser avec pr\u00e9cision sur tout le robot, m\u00eame dans les accessoires en option comme<\/p>\n<p>le blender ou le bol multifonction. La pes\u00e9e est pr\u00e9cise de 1g \u00e0 6kg. Un vrai gain de temps et de place !<br \/>Le Titanium Chef Baker XL est fourni avec 2 bols en acier inoxydable qui se rangent l&rsquo;un dans l&rsquo;autre Le premier est dot\u00e9 d&rsquo;une poign\u00e9e et propose une capacit\u00e9 de 7L. Le second propose une capacit\u00e9 de 5L. Il est ainsi possible d&rsquo;encha\u00eener les pr\u00e9parations sans avoir besoin de vider et de nettoyer le bol !<br \/>Pour un confort d&rsquo;utilisation optimal, la t\u00eate du robot s&rsquo;ouvre facilement m\u00eame d&rsquo;une seule main. Parfait lorsque l&rsquo;on a les mains pleines ou sales ! Il suffit d&rsquo;appuyer sur la petite manette sur le c\u00f4t\u00e9 et de finir de relever la t\u00eate.<\/p>\n<h3>UN ROBOT PERFORMANT<\/h3>\n<p>Equip\u00e9 d&rsquo;un moteur 1200W robuste, vous pourrez compter sur votre TITANIUM CHEF BAKER XL sur la dur\u00e9e ! Tr\u00e8s silencieux, profitez d&rsquo;un robot sans nuisance sonore, pour cuisiner \u00e0 toute heure de la journ\u00e9e&#8230; ou de la nuit.<\/p>\n<p>Le TITANIUM CHEF BAKER XL KVL85.009SI est \u00e9quip\u00e9 d&rsquo;un kit p\u00e2tisserie en inox compos\u00e9 de 4 outils pour travailler dans le bol. Un p\u00e9trin pour p\u00e9trir toutes les p\u00e2tes lourdes comme les p\u00e2tes \u00e0 pain, \u00e0 brioche ou \u00e0 savarin. Le batteur K : pour r\u00e9aliser toutes les p\u00e2tes \u00e0 tarte, \u00e0 biscuits ou \u00e0 g\u00e2teaux. Id\u00e9al \u00e9galement pour les crumbles et m\u00eame l&rsquo;\u00e9cras\u00e9 de pomme de terre. Enfin, le fouet ballon : pour \u00e9mulsionner et fouetter les oeufs ou la cr\u00e8me. Mousses, meringues, macarons, souffl\u00e9s&#8230; les recettes sont infinies. Enfin, un batteur souple id\u00e9al pour monter les sauces, lisser ou faciliter l&rsquo;incorporation des ingr\u00e9dients dans les pr\u00e9parations souples.<\/p>\n<h3>LE CHEF TITANIUM BAKER EST PERSONNALISABLE ET \u00c9VOLUTIF !<\/h3>\n<p><img decoding=\"async\" alt=\"URL SCENE7\" class=\"wy_tableau_gauche\" height=\"251\" src=\"https:\/\/boulanger.scene7.com\/is\/image\/Boulanger\/5011423004532_h_f_l_3?wid=1000\" width=\"483\"\/>Et si vous changiez le look de votre robot en fonction de vos envies ou de votre cuisine ? Avec Kenwood c&rsquo;est simple. Il suffit de changer la coque pr\u00e9sente sur le dessus du robot (disponible en option).<br \/>Comme les autres robots de la gamme TITANIUM, le robot p\u00e2tissier TITANIUM CHEF BAKER XL se transforme en de nombreux autres pr\u00e9parateurs culinaires gr\u00e2ces \u00e0 + de 30 accessoires.<br \/>Installez l&rsquo;accessoire sur le robot et transformez-le en robot multifonction, blender, hachoir, extracteur de jus, r\u00e2pe, sorbeti\u00e8re&#8230;. Choisissez l&rsquo;accessoire qui vous convient !<\/p>\n<p>\u00a0<\/p>\n<p><a href=\"https:\/\/www.boulanger.com\/evenement\/corner-accessoires-kenwood\"><img decoding=\"async\" src=\"https:\/\/boulanger.scene7.com\/is\/image\/Boulanger\/chef_access?wid=1260&amp;qlt=90\"\/><\/a><\/p>\n<\/p>\n<p><video class=\"s7Video\" controls=\"\" controlslist=\"nodownload\" poster=\"https:\/\/boulanger.scene7.com\/is\/image\/Boulanger\/5011423004532_v_0?scl=1\" preload=\"metadata\" src=\"https:\/\/boulanger.scene7.com\/is\/content\/Boulanger\/5011423004532_v_0\" width=\"100%\"><\/video><\/p>\n<\/div>\n<p><bl-button a11yexpanded=\"false\" arialabel=\"Afficher toute la description\" class=\"read-more__btn\" full=\"false\" link=\"true\">Voir plus<\/bl-button><\/div>","protected":false},"excerpt":{"rendered":"<div class=\"keypoints\">\n<h3 class=\"keypoints__title\">Les points cl\u00e9s<\/h3>\n<ul role=\"list\">\n<li class=\"keypoints__item\" role=\"listitem\">                          Capacit\u00e9 XXL 7L &#8211;                                                      2 bols                      <\/li>\n<li class=\"keypoints__item\" role=\"listitem\">                                        Accessoires : batteur, batteur souple, fouet, couvercle anti-projections, crochet p\u00e9trisseur, fouet \u00e0 fils, spatule, balance connect\u00e9e                      <\/li>\n<li class=\"keypoints__item\" role=\"listitem\">                                        Finition du corps en : m\u00e9tal                      <\/li>\n<li class=\"keypoints__item\" role=\"listitem\">                          Transmission : directe &#8211;                                                      Puissance : 1200 watts                      <\/li>\n<li class=\"keypoints__item keypoints__item--advantage\" role=\"listitem\"><strong>Le + :<\/strong> 2 bols inclus de 5L et 7L- Balance int\u00e9gr\u00e9e au robot &#8211; Coque du dessus interchangeable (en option)      <\/li>\n<\/ul>","protected":false},"featured_media":50171,"template":"","meta":{"_glsr_average":0,"_glsr_ranking":0,"_glsr_reviews":0},"product_cat":[373],"product_tag":[230,371,374],"class_list":{"0":"post-99721","1":"product","2":"type-product","3":"status-publish","4":"has-post-thumbnail","6":"product_cat-robot-patissier","7":"product_tag-cuisine-et-cuisson","8":"product_tag-robot-de-cuisine","9":"product_tag-robot-patissier","11":"first","12":"instock","13":"sale","14":"shipping-taxable","15":"purchasable","16":"product-type-simple"},"_links":{"self":[{"href":"https:\/\/electromenagerexpress.com\/en\/wp-json\/wp\/v2\/product\/99721","targetHints":{"allow":["GET"]}}],"collection":[{"href":"https:\/\/electromenagerexpress.com\/en\/wp-json\/wp\/v2\/product"}],"about":[{"href":"https:\/\/electromenagerexpress.com\/en\/wp-json\/wp\/v2\/types\/product"}],"wp:featuredmedia":[{"embeddable":true,"href":"https:\/\/electromenagerexpress.com\/en\/wp-json\/wp\/v2\/media\/50171"}],"wp:attachment":[{"href":"https:\/\/electromenagerexpress.com\/en\/wp-json\/wp\/v2\/media?parent=99721"}],"wp:term":[{"taxonomy":"product_cat","embeddable":true,"href":"https:\/\/electromenagerexpress.com\/en\/wp-json\/wp\/v2\/product_cat?post=99721"},{"taxonomy":"product_tag","embeddable":true,"href":"https:\/\/electromenagerexpress.com\/en\/wp-json\/wp\/v2\/product_tag?post=99721"}],"curies":[{"name":"wp","href":"https:\/\/api.w.org\/{rel}","templated":true}]}}