{"id":99717,"date":"2024-11-28T11:33:11","date_gmt":"2024-11-28T11:33:11","guid":{"rendered":"https:\/\/electromenagerexpress.com\/product\/robot-multifonctionmoulinexi-companion-touch-pro-hf93ecf0\/"},"modified":"2024-11-28T11:33:16","modified_gmt":"2024-11-28T11:33:16","slug":"robot-multifonctionmoulinexi-companion-touch-pro-hf93ecf0","status":"publish","type":"product","link":"https:\/\/electromenagerexpress.com\/en\/product\/robot-multifonctionmoulinexi-companion-touch-pro-hf93ecf0\/","title":{"rendered":"Robot multifonction\t\t\t\t\t\t\tMOULINEX\t\t\t\tI Companion Touch Pro HF93ECF0"},"content":{"rendered":"<div class=\"product-features__content\">\n<ul role=\"list\">\n<li class=\"product-features__item\" role=\"listitem\">\n<h3 class=\"product-features__label\">Choisir ce produit pour quels usages ?<\/h3>\n<ul role=\"list\">\n<li class=\"product-features__item-list__item\" role=\"listitem\"><span class=\"is--medium\">Capacit\u00e9 totale :<\/span> Capacit\u00e9 Large 4,5L\t\t\t\t\t<\/li>\n<li class=\"product-features__item-list__item\" role=\"listitem\"><span class=\"is--medium\">\u00c0 quoi \u00e7a sert :<\/span> Battre\/Fouetter, P\u00e9trir, M\u00e9langer d\u00e9licatement, Emulsionner, Emincer, Couper\/Hacher finement, Hacher la viande, Mixer, chauffer, cuire \u00e0 la vapeur, mijoter, rissoler, Peser les aliments\t\t\t\t\t<\/li>\n<li class=\"product-features__item-list__item\" role=\"listitem\"><span class=\"is--medium\">Le + :<\/span> BALANCE INT\u00c9GR\u00c9E5 ACCESSOIRES INCLUS : couteau hachoir, couteau p\u00e9trin\/concasseur, batteur, mixeur, panier vapeur\t\t\t\t\t<\/li>\n<\/ul>\n<\/li>\n<li class=\"product-features__item\" role=\"listitem\">\n<h3 class=\"product-features__label\">Fonctions de pr\u00e9paration<\/h3>\n<ul role=\"list\">\n<li class=\"product-features__item-list__item\" role=\"listitem\"><span class=\"is--medium\">Battre\/Fouetter :<\/span> oui, id\u00e9al pour les blancs en neige, la chantilly, la p\u00e2te \u00e0 cr\u00eape.\t\t\t\t\t<\/li>\n<li class=\"product-features__item-list__item\" role=\"listitem\"><span class=\"is--medium\">P\u00e9trir :<\/span> oui, pour pr\u00e9parer les p\u00e2tes \u00e0 pain, pizza, bris\u00e9e.\t\t\t\t\t<\/li>\n<li class=\"product-features__item-list__item\" role=\"listitem\"><span class=\"is--medium\">M\u00e9langer d\u00e9licatement :<\/span> oui, pour pr\u00e9parer les mousses au chocolat, les souffl\u00e9s (reproduit le geste de la main).\t\t\t\t\t<\/li>\n<li class=\"product-features__item-list__item\" role=\"listitem\"><span class=\"is--medium\">Emulsionner :<\/span> oui, pour pr\u00e9parer les mayonnaises, sauces vinaigrettes.\t\t\t\t\t<\/li>\n<li class=\"product-features__item-list__item\" role=\"listitem\"><span class=\"is--medium\">Emincer :<\/span> oui, couper en tranches ou lamelles vos l\u00e9gumes.\t\t\t\t\t<\/li>\n<li class=\"product-features__item-list__item\" role=\"listitem\"><span class=\"is--medium\">Couper\/Hacher finement :<\/span> oui, pour pr\u00e9parer des tartares, hacher ail et fines herbes.\t\t\t\t\t<\/li>\n<li class=\"product-features__item-list__item\" role=\"listitem\"><span class=\"is--medium\">Hacher la viande :<\/span> oui, pour pr\u00e9parer les viandes, le chili con carne, les steaks hach\u00e9s maison, la bolognaise avec le hachoir\t\t\t\t\t<\/li>\n<li class=\"product-features__item-list__item\" role=\"listitem\"><span class=\"is--medium\">Mixer :<\/span> oui, pour pr\u00e9parer les coulis, les soupes.\t\t\t\t\t<\/li>\n<li class=\"product-features__item-list__item\" role=\"listitem\"><span class=\"is--medium\">Cuire les aliments :<\/span> chauffer, mijoter, rissoler, cuire \u00e0 la vapeur\t\t\t\t\t<\/li>\n<li class=\"product-features__item-list__item\" role=\"listitem\"><span class=\"is--medium\">Peser les aliments :<\/span> oui, pour peser avec pr\u00e9cision directement dans le bol ou dans les diff\u00e9rents accessoires d\u00e9di\u00e9s\t\t\t\t\t<\/li>\n<\/ul>\n<\/li>\n<li class=\"product-features__item\" role=\"listitem\">\n<h3 class=\"product-features__label\">Cuisson<\/h3>\n<ul role=\"list\">\n<li class=\"product-features__item-list__item\" role=\"listitem\"><span class=\"is--medium\">Cuisson vapeur :<\/span> Oui\t\t\t\t\t<\/li>\n<li class=\"product-features__item-list__item\" role=\"listitem\"><span class=\"is--medium\">Type de chauffe :<\/span> classique\t\t\t\t\t<\/li>\n<li class=\"product-features__item-list__item\" role=\"listitem\"><span class=\"is--medium\">Maintien au chaud :<\/span> automatique\t\t\t\t\t<\/li>\n<li class=\"product-features__item-list__item\" role=\"listitem\"><span class=\"is--medium\">Cuisson bol ouvert :<\/span> oui, permet de rissoler et saisir les aliments\t\t\t\t\t<\/li>\n<li class=\"product-features__item-list__item\" role=\"listitem\"><span class=\"is--medium\">Mode de cuisson adapt\u00e9 (manuel) :<\/span> permet de personnaliser les recettes en g\u00e9rant le mode de cuisson, la vitesse, la temp\u00e9rature et le temps de cuisson\t\t\t\t\t<\/li>\n<li class=\"product-features__item-list__item\" role=\"listitem\"><span class=\"is--medium\">Pr\u00e9csion de chauffe :<\/span> par 5\u00b0C\t\t\t\t\t<\/li>\n<li class=\"product-features__item-list__item\" role=\"listitem\"><span class=\"is--medium\">Nombre de programmes :<\/span> 18\t\t\t\t\t<\/li>\n<li class=\"product-features__item-list__item\" role=\"listitem\"><span class=\"is--medium\">Programme personnalisable :<\/span> Oui\t\t\t\t\t<\/li>\n<\/ul>\n<\/li>\n<li class=\"product-features__item\" role=\"listitem\">\n<h3 class=\"product-features__label\">Nombre de bols et leurs capacit\u00e9s<\/h3>\n<ul role=\"list\">\n<li class=\"product-features__item-list__item\" role=\"listitem\"><span class=\"is--medium\">Capacit\u00e9 totale du bol principal :<\/span> Capacit\u00e9 Large 4,5L\t\t\t\t\t<\/li>\n<li class=\"product-features__item-list__item\" role=\"listitem\"><span class=\"is--medium\">Poign\u00e9e(s) du bol principal :<\/span> 2 sur le dessus id\u00e9al pour les pr\u00e9parations lourdes\t\t\t\t\t<\/li>\n<li class=\"product-features__item-list__item\" role=\"listitem\"><span class=\"is--medium\">Poids du bol principal :<\/span> 1,875 kg\t\t\t\t\t<\/li>\n<li class=\"product-features__item-list__item\" role=\"listitem\"><span class=\"is--medium\">Mati\u00e8re du bol principal :<\/span> inox\t\t\t\t\t<\/li>\n<li class=\"product-features__item-list__item\" role=\"listitem\"><span class=\"is--medium\">Mati\u00e8re du bol principal : :<\/span> inox\t\t\t\t\t<\/li>\n<\/ul>\n<\/li>\n<li class=\"product-features__item\" role=\"listitem\">\n<h3 class=\"product-features__label\">Accessoires inclus<\/h3>\n<ul role=\"list\">\n<li class=\"product-features__item-list__item\" role=\"listitem\"><span class=\"is--medium\">Accessoires :<\/span> balance de cuisine, batteur, bo\u00eete de rangement des accessoires, bol en acier, couteau hachoir, couteau p\u00e9trin\/concasseur, couvercle anti-projections, m\u00e9langeur, panier vapeur, spatule, balance int\u00e9gr\u00e9e\t\t\t\t\t<\/li>\n<\/ul>\n<\/li>\n<li class=\"product-features__item\" role=\"listitem\">\n<h3 class=\"product-features__label\">Confort et performance<\/h3>\n<ul role=\"list\">\n<li class=\"product-features__item-list__item\" role=\"listitem\"><span class=\"is--medium\">Type de moteur :<\/span> classique\t\t\t\t\t<\/li>\n<li class=\"product-features__item-list__item\" role=\"listitem\"><span class=\"is--medium\">Puissance en watts :<\/span> 1.550 W\t\t\t\t\t<\/li>\n<li class=\"product-features__item-list__item\" role=\"listitem\"><span class=\"is--medium\">Nombre de vitesses :<\/span> 13\t\t\t\t\t<\/li>\n<li class=\"product-features__item-list__item\" role=\"listitem\"><span class=\"is--medium\">S\u00e9lecteur de vitesse :<\/span> oui, permet de choisir la vitesse adapt\u00e9e selon les pr\u00e9parations\t\t\t\t\t<\/li>\n<li class=\"product-features__item-list__item\" role=\"listitem\"><span class=\"is--medium\">Touche pulse :<\/span> oui, permet une acc\u00e9l\u00e9ration \u00e0 la demande, id\u00e9al pour piler des gla\u00e7ons, pr\u00e9parer des smoothies avec des fruits surgel\u00e9s\t\t\t\t\t<\/li>\n<li class=\"product-features__item-list__item\" role=\"listitem\"><span class=\"is--medium\">Touche turbo :<\/span> oui, permet de passer rapidement \u00e0 la vitesse maximale\t\t\t\t\t<\/li>\n<li class=\"product-features__item-list__item\" role=\"listitem\"><span class=\"is--medium\">Mat\u00e9riau du corps :<\/span> inox (robuste)\t\t\t\t\t<\/li>\n<li class=\"product-features__item-list__item\" role=\"listitem\"><span class=\"is--medium\">Poids :<\/span> 10,00 Kg\t\t\t\t\t<\/li>\n<li class=\"product-features__item-list__item\" role=\"listitem\"><span class=\"is--medium\">Ecran :<\/span> tactile\t\t\t\t\t<\/li>\n<li class=\"product-features__item-list__item\" role=\"listitem\"><span class=\"is--medium\">Suivi des recettes pas \u00e0 pas :<\/span> via l&rsquo;\u00e9cran du robot\t\t\t\t\t<\/li>\n<li class=\"product-features__item-list__item\" role=\"listitem\"><span class=\"is--medium\">Connect\u00e9 :<\/span> oui\t\t\t\t\t<\/li>\n<li class=\"product-features__item-list__item\" role=\"listitem\"><span class=\"is--medium\">Compatibilit\u00e9 :<\/span> IOS et Android\t\t\t\t\t<\/li>\n<li class=\"product-features__item-list__item\" role=\"listitem\"><span class=\"is--medium\">Nom de l&rsquo;application d\u00e9di\u00e9e :<\/span> Recettes illimit\u00e9es avec l&rsquo;applicationgratuite MoulinexD\u00e9couvrez une infinit\u00e9 d&rsquo;id\u00e9es derecettes et sauvegardez vos recettespr\u00e9f\u00e9r\u00e9es. La fonction \u00a0\u00bb Dans monfrigo \u00a0\u00bb vous permet \u00e9galement detrouver l&rsquo;inspiration et de r\u00e9duire vosd\u00e9chets\t\t\t\t\t<\/li>\n<li class=\"product-features__item-list__item\" role=\"listitem\"><span class=\"is--medium\">Balance int\u00e9gr\u00e9e au robot :<\/span> Oui\t\t\t\t\t<\/li>\n<li class=\"product-features__item-list__item\" role=\"listitem\"><span class=\"is--medium\">Longueur du cordon d&rsquo;alimentation :<\/span> 1,00 m\t\t\t\t\t<\/li>\n<li class=\"product-features__item-list__item\" role=\"listitem\"><span class=\"is--medium\">Minuteur :<\/span> Oui\t\t\t\t\t<\/li>\n<li class=\"product-features__item-list__item\" role=\"listitem\"><span class=\"is--medium\">Connect\u00e9 : :<\/span> oui, pour avoir acc\u00e8s \u00e0 une multitude de recettes et en suivre les diff\u00e9rentes \u00e9tapes\t\t\t\t\t<\/li>\n<\/ul>\n<\/li>\n<li class=\"product-features__item\" role=\"listitem\">\n<h3 class=\"product-features__label\">Nettoyage<\/h3>\n<ul role=\"list\">\n<li class=\"product-features__item-list__item\" role=\"listitem\"><span class=\"is--medium\">Programme de rin\u00e7age :<\/span> Oui\t\t\t\t\t<\/li>\n<li class=\"product-features__item-list__item\" role=\"listitem\"><span class=\"is--medium\">Compatibilit\u00e9 lave vaisselle :<\/span> Toutes les pi\u00e8ces amovibles\t\t\t\t\t<\/li>\n<\/ul>\n<\/li>\n<li class=\"product-features__item\" role=\"listitem\">\n<h3 class=\"product-features__label\">S\u00e9curit\u00e9<\/h3>\n<ul role=\"list\">\n<li class=\"product-features__item-list__item\" role=\"listitem\"><span class=\"is--medium\">Arr\u00eat automatique :<\/span> Oui\t\t\t\t\t<\/li>\n<li class=\"product-features__item-list__item\" role=\"listitem\"><span class=\"is--medium\">S\u00e9curit\u00e9 couvercle :<\/span> Oui\t\t\t\t\t<\/li>\n<li class=\"product-features__item-list__item\" role=\"listitem\"><span class=\"is--medium\">Pieds antid\u00e9rapants :<\/span> Oui\t\t\t\t\t<\/li>\n<li class=\"product-features__item-list__item\" role=\"listitem\"><span class=\"is--medium\">Sans Bisph\u00e9nol A (BPA) :<\/span> sans composants chimiques\t\t\t\t\t<\/li>\n<\/ul>\n<\/li>\n<li class=\"product-features__item\" role=\"listitem\">\n<h3 class=\"product-features__label\">Informations compl\u00e9mentaires<\/h3>\n<ul role=\"list\">\n<li class=\"product-features__item-list__item\" role=\"listitem\"><span class=\"is--medium\">Disponibilit\u00e9 des pi\u00e8ces d\u00e9tach\u00e9es (donn\u00e9es fournisseur) :<\/span> Pendant 15 ans, \u00e0 compter de la date d&rsquo;achat\t\t\t\t\t<\/li>\n<li class=\"product-features__item-list__item\" role=\"listitem\"><span class=\"is--medium\">Garantie :<\/span> 2 ans\t\t\t\t\t<\/li>\n<li class=\"product-features__item-list__item\" role=\"listitem\"><span class=\"is--medium\">Fabriqu\u00e9 en :<\/span> France\t\t\t\t\t<\/li>\n<li class=\"product-features__item-list__item\" role=\"listitem\"><span class=\"is--medium\">R\u00e9f\u00e9rence constructeur :<\/span> I Companion Touch Pro HF93ECF0\t\t\t\t\t<\/li>\n<li class=\"product-features__item-list__item\" role=\"listitem\"><span class=\"is--medium\">Marque :<\/span> MOULINEX\t\t\t\t\t<\/li>\n<\/ul>\n<\/li>\n<li class=\"product-features__item\" role=\"listitem\">\n<h3 class=\"product-features__label\">Dimensions<\/h3>\n<ul role=\"list\">\n<li class=\"product-features__item-list__item\" role=\"listitem\"><span class=\"is--medium\">Dimensions l x h x p :<\/span> 35.6 x 41 x 39.9 cm\t\t\t\t\t<\/li>\n<\/ul>\n<\/li>\n<\/ul>\n<\/div>\n<div class=\"product__disclosure-content\">\n<div class=\"js-read-more product-description__content read-more read-more--truncated\" data-read-more-name=\"description\" style=\"max-height: 500px; overflow: hidden;\">\n<div class=\"product__description-content read-more\" style=\"\">\n<p>MOULINEX I Companion Touch Pro HF93ECF0: L&rsquo;Excellence en Cuisine<\/p>\n<h3> <img fetchpriority=\"high\" decoding=\"async\" ,=\"\" alt=\"Robot multifonction MOULINEX I Companion Touch Pro HF93ECF0\" class=\"wy_tableau_gauche\" height=\"270\" src=\"https:\/\/boulanger.scene7.com\/is\/image\/Boulanger\/3016661178917_h_f_l_0?wid=400&amp;hei=270\" width=\"400\"\/>Une Technologie Avanc\u00e9e pour des Repas Parfaits                    <\/h3>\n<p>                        Le MOULINEX I Companion Touch Pro HF93ECF0 est le compagnon de cuisine id\u00e9al pour ceux qui cherchent \u00e0 allier technologie et gastronomie. Avec ses 18 modes de fonctionnement, dont 12 programmes automatiques et un mode manuel, ce robot cuiseur multifonction r\u00e9pond \u00e0 toutes vos envies culinaires. Sa capacit\u00e9 de 4,5 litres permet de pr\u00e9parer des repas pour jusqu&rsquo;\u00e0 10 personnes, id\u00e9al pour les grandes familles ou les r\u00e9ceptions. L&rsquo;\u00e9cran tactile intuitif offre une exp\u00e9rience utilisateur sans pr\u00e9c\u00e9dent, rendant la navigation entre les diff\u00e9rentes fonctionnalit\u00e9s \u00e0 la fois simple et agr\u00e9able. De plus, la connectivit\u00e9 WiFi transforme ce robot en un v\u00e9ritable assistant personnel, capable de sugg\u00e9rer des recettes adapt\u00e9es \u00e0 vos go\u00fbts et aux ingr\u00e9dients disponibles.                    <\/p>\n<\/p>\n<h3> <img decoding=\"async\" ,=\"\" alt=\"Robot multifonction MOULINEX I Companion Touch Pro HF93ECF0\" class=\"wy_tableau_right\" height=\"270\" src=\"https:\/\/boulanger.scene7.com\/is\/image\/Boulanger\/3016661178917_h_f_l_1?wid=400&amp;hei=270\" width=\"400\"\/>Confort d&rsquo;Utilisation et Silence In\u00e9gal\u00e9                    <\/h3>\n<p>                        Con\u00e7u pour une utilisation quotidienne, le MOULINEX I Companion Touch Pro HF93ECF0 se distingue par son fonctionnement extr\u00eamement silencieux, une caract\u00e9ristique essentielle pour maintenir une ambiance paisible dans votre cuisine. Les tests ind\u00e9pendants de 2023 confirment qu&rsquo;il s&rsquo;agit du robot cuiseur multifonction le plus silencieux du march\u00e9, vous permettant ainsi de cuisiner sans bruit de fond d\u00e9sagr\u00e9able. En outre, la balance int\u00e9gr\u00e9e facilite le pesage des ingr\u00e9dients directement dans le bol, optimisant la propret\u00e9 et r\u00e9duisant le temps de nettoyage. Fabriqu\u00e9 en France, ce robot cuiseur est un gage de qualit\u00e9 et de durabilit\u00e9, assurant une r\u00e9parabilit\u00e9 de 15 ans et une garantie de 2 ans pour une tranquillit\u00e9 d&rsquo;esprit totale.                    <\/p>\n<\/p><\/div>\n<\/p>\n<\/div>\n<p><bl-button a11yexpanded=\"false\" arialabel=\"Afficher toute la description\" class=\"read-more__btn\" full=\"false\" link=\"true\">Voir plus<\/bl-button><\/div>","protected":false},"excerpt":{"rendered":"<div class=\"keypoints\">\n<h3 class=\"keypoints__title\">Les points cl\u00e9s<\/h3>\n<ul role=\"list\">\n<li class=\"keypoints__item\" role=\"listitem\">                                        Battre\/Fouetter, P\u00e9trir, M\u00e9langer d\u00e9licatement, Emulsionner, Emincer, Couper\/Hacher finement, Hacher la viande, Mixer, chauffer, cuire \u00e0 la vapeur, mijoter, rissoler, Peser les aliments                      <\/li>\n<li class=\"keypoints__item\" role=\"listitem\">                          Capacit\u00e9 Large 4,5L &#8211;                                                      Bol en : inox                      <\/li>\n<li class=\"keypoints__item\" role=\"listitem\">                          Dimensions l x h x p : 35.6 x 41 x 39.9 cm &#8211;                                                      10,00 Kg                      <\/li>\n<li class=\"keypoints__item\" role=\"listitem\">                          Pr\u00e9cision de chauffe: : par 5\u00b0C &#8211;                                                      Robot connect\u00e9                      <\/li>\n<li class=\"keypoints__item keypoints__item--advantage\" role=\"listitem\"><strong>Le + :<\/strong> 18 programmes, 5 accessoires, 4,5L (10 personnes), balance int\u00e9gr\u00e9e      <\/li>\n<\/ul>","protected":false},"featured_media":50092,"template":"","meta":{"_glsr_average":0,"_glsr_ranking":0,"_glsr_reviews":0},"product_cat":[370],"product_tag":[230,371,372],"class_list":{"0":"post-99717","1":"product","2":"type-product","3":"status-publish","4":"has-post-thumbnail","6":"product_cat-robot-multifonction","7":"product_tag-cuisine-et-cuisson","8":"product_tag-robot-de-cuisine","9":"product_tag-robot-multifonction","11":"first","12":"instock","13":"sale","14":"shipping-taxable","15":"purchasable","16":"product-type-simple"},"_links":{"self":[{"href":"https:\/\/electromenagerexpress.com\/en\/wp-json\/wp\/v2\/product\/99717","targetHints":{"allow":["GET"]}}],"collection":[{"href":"https:\/\/electromenagerexpress.com\/en\/wp-json\/wp\/v2\/product"}],"about":[{"href":"https:\/\/electromenagerexpress.com\/en\/wp-json\/wp\/v2\/types\/product"}],"wp:featuredmedia":[{"embeddable":true,"href":"https:\/\/electromenagerexpress.com\/en\/wp-json\/wp\/v2\/media\/50092"}],"wp:attachment":[{"href":"https:\/\/electromenagerexpress.com\/en\/wp-json\/wp\/v2\/media?parent=99717"}],"wp:term":[{"taxonomy":"product_cat","embeddable":true,"href":"https:\/\/electromenagerexpress.com\/en\/wp-json\/wp\/v2\/product_cat?post=99717"},{"taxonomy":"product_tag","embeddable":true,"href":"https:\/\/electromenagerexpress.com\/en\/wp-json\/wp\/v2\/product_tag?post=99717"}],"curies":[{"name":"wp","href":"https:\/\/api.w.org\/{rel}","templated":true}]}}