{"id":99703,"date":"2024-11-28T11:31:19","date_gmt":"2024-11-28T11:31:19","guid":{"rendered":"https:\/\/electromenagerexpress.com\/product\/robot-patissierkenwoodkmix-kmx750wh-blanc\/"},"modified":"2024-11-28T11:31:29","modified_gmt":"2024-11-28T11:31:29","slug":"robot-patissierkenwoodkmix-kmx750wh-blanc","status":"publish","type":"product","link":"https:\/\/electromenagerexpress.com\/en\/product\/robot-patissierkenwoodkmix-kmx750wh-blanc\/","title":{"rendered":"Robot p\u00e2tissier\t\t\t\t\t\t\tKENWOOD\t\t\t\tkMix KMX750WH blanc"},"content":{"rendered":"<div class=\"product-features__content\">\n<ul role=\"list\">\n<li class=\"product-features__item\" role=\"listitem\">\n<h3 class=\"product-features__label\">Choisir ce produit pour quels usages ?<\/h3>\n<ul role=\"list\">\n<li class=\"product-features__item-list__item\" role=\"listitem\"><span class=\"is--medium\">Capacit\u00e9 :<\/span> Capacit\u00e9 XL 5L\t\t\t\t\t<\/li>\n<li class=\"product-features__item-list__item\" role=\"listitem\"><span class=\"is--medium\">Id\u00e9al pour :<\/span> pour pr\u00e9parer toutes vos p\u00e2tes \u00e0 pain, brioche, monter les blancs et \u00e9mulsionner mayonnaises et vinaigrettes\t\t\t\t\t<\/li>\n<\/ul>\n<\/li>\n<li class=\"product-features__item\" role=\"listitem\">\n<h3 class=\"product-features__label\">Fonctions de pr\u00e9paration<\/h3>\n<ul role=\"list\">\n<li class=\"product-features__item-list__item\" role=\"listitem\"><span class=\"is--medium\">Battre\/Fouetter :<\/span> oui, id\u00e9al pour les blancs en neige, la chantilly, la p\u00e2te \u00e0 cr\u00eape.\t\t\t\t\t<\/li>\n<li class=\"product-features__item-list__item\" role=\"listitem\"><span class=\"is--medium\">P\u00e9trir :<\/span> oui, pour pr\u00e9parer les p\u00e2tes \u00e0 pain, pizza, bris\u00e9e.\t\t\t\t\t<\/li>\n<li class=\"product-features__item-list__item\" role=\"listitem\"><span class=\"is--medium\">M\u00e9langer d\u00e9licatement :<\/span> oui, pour pr\u00e9parer les mousses au chocolat, les souffl\u00e9s (reproduit le geste de la main).\t\t\t\t\t<\/li>\n<li class=\"product-features__item-list__item\" role=\"listitem\"><span class=\"is--medium\">Emulsionner :<\/span> oui, pour pr\u00e9parer les mayonnaises, sauces vinaigrettes.\t\t\t\t\t<\/li>\n<\/ul>\n<\/li>\n<li class=\"product-features__item\" role=\"listitem\">\n<h3 class=\"product-features__label\">Nombre de bols et leurs capacit\u00e9s<\/h3>\n<ul role=\"list\">\n<li class=\"product-features__item-list__item\" role=\"listitem\"><span class=\"is--medium\">Capacit\u00e9 totale du bol principal :<\/span> Capacit\u00e9 XL 5L\t\t\t\t\t<\/li>\n<li class=\"product-features__item-list__item\" role=\"listitem\"><span class=\"is--medium\">Poign\u00e9e(s) du bol principal :<\/span> 1 sur le c\u00f4t\u00e9, id\u00e9al pour d\u00e9verser le contenu\t\t\t\t\t<\/li>\n<li class=\"product-features__item-list__item\" role=\"listitem\"><span class=\"is--medium\">Mati\u00e8re du bol principal :<\/span> acier inoxydable\t\t\t\t\t<\/li>\n<\/ul>\n<\/li>\n<li class=\"product-features__item\" role=\"listitem\">\n<h3 class=\"product-features__label\">Performance et confort<\/h3>\n<ul role=\"list\">\n<li class=\"product-features__item-list__item\" role=\"listitem\"><span class=\"is--medium\">Type de moteur :<\/span> professionnel, tr\u00e8s silencieux avec une dur\u00e9e de vie plus longue qu&rsquo;un moteur classique.\t\t\t\t\t<\/li>\n<li class=\"product-features__item-list__item\" role=\"listitem\"><span class=\"is--medium\">Transmission :<\/span> directe, le moteur se trouve dans la t\u00eate et transmet directement la puissance (\u00e0 performance \u00e9gale, ce moteur n\u00e9cessite moins de puissance)\t\t\t\t\t<\/li>\n<li class=\"product-features__item-list__item\" role=\"listitem\"><span class=\"is--medium\">Puissance en watts :<\/span> 1.000 W\t\t\t\t\t<\/li>\n<li class=\"product-features__item-list__item\" role=\"listitem\"><span class=\"is--medium\">Nombre de vitesses :<\/span> 6\t\t\t\t\t<\/li>\n<li class=\"product-features__item-list__item\" role=\"listitem\"><span class=\"is--medium\">Fonction pulse :<\/span> non\t\t\t\t\t<\/li>\n<li class=\"product-features__item-list__item\" role=\"listitem\"><span class=\"is--medium\">Mouvement plan\u00e9taire :<\/span> oui, permet de reproduire le geste du p\u00e2tissier en rassemblant les ingr\u00e9dients au centre du bol\t\t\t\t\t<\/li>\n<li class=\"product-features__item-list__item\" role=\"listitem\"><span class=\"is--medium\">D\u00e9marrage progressif automatique :<\/span> oui, permet d&rsquo;atteindre la vitesse souhait\u00e9e progressivement et \u00e9viter les \u00e9claboussures\t\t\t\t\t<\/li>\n<li class=\"product-features__item-list__item\" role=\"listitem\"><span class=\"is--medium\">Finition du corps :<\/span> m\u00e9tal\t\t\t\t\t<\/li>\n<li class=\"product-features__item-list__item\" role=\"listitem\"><span class=\"is--medium\">Poids du robot :<\/span> 9,1 kg\t\t\t\t\t<\/li>\n<li class=\"product-features__item-list__item\" role=\"listitem\"><span class=\"is--medium\">Nombre de sorties suppl\u00e9mentaires :<\/span> 2 sorties qui permettent d&rsquo;adapter des accessoires inclus ou optionnels \u00e0 diff\u00e9rentes sorties et\/ou de les utiliser simultan\u00e9ment\t\t\t\t\t<\/li>\n<li class=\"product-features__item-list__item\" role=\"listitem\"><span class=\"is--medium\">Acc\u00e8s au bol :<\/span> t\u00eate inclinable\t\t\t\t\t<\/li>\n<li class=\"product-features__item-list__item\" role=\"listitem\"><span class=\"is--medium\">Balance int\u00e9gr\u00e9e :<\/span> Non\t\t\t\t\t<\/li>\n<li class=\"product-features__item-list__item\" role=\"listitem\"><span class=\"is--medium\">Longueur du cordon d&rsquo;alimentation :<\/span> 1,20 m\t\t\t\t\t<\/li>\n<li class=\"product-features__item-list__item\" role=\"listitem\"><span class=\"is--medium\">Pieds anti-d\u00e9rapants :<\/span> Oui\t\t\t\t\t<\/li>\n<li class=\"product-features__item-list__item\" role=\"listitem\"><span class=\"is--medium\">Compatibilit\u00e9 lave vaisselle :<\/span> bol, couvercle, p\u00e9trin, batteur, fouet\t\t\t\t\t<\/li>\n<li class=\"product-features__item-list__item\" role=\"listitem\"><span class=\"is--medium\">Connect\u00e9 :<\/span> Non\t\t\t\t\t<\/li>\n<li class=\"product-features__item-list__item\" role=\"listitem\"><span class=\"is--medium\">Coloris :<\/span> Blanc\t\t\t\t\t<\/li>\n<li class=\"product-features__item-list__item\" role=\"listitem\"><span class=\"is--medium\">Variateur de vitesses :<\/span> Oui\t\t\t\t\t<\/li>\n<li class=\"product-features__item-list__item\" role=\"listitem\"><span class=\"is--medium\">Couvercle anti-projections :<\/span> oui, large ouverture pour ajouter vos ingr\u00e9dients en cours de pr\u00e9paration\t\t\t\t\t<\/li>\n<\/ul>\n<\/li>\n<li class=\"product-features__item\" role=\"listitem\">\n<h3 class=\"product-features__label\">Accessoires inclus<\/h3>\n<ul role=\"list\">\n<li class=\"product-features__item-list__item\" role=\"listitem\"><span class=\"is--medium\">Accessoires :<\/span> batteur, couvercle anti-projections, crochet p\u00e9trisseur, fouet \u00e0 fils, spatule\t\t\t\t\t<\/li>\n<li class=\"product-features__item-list__item\" role=\"listitem\"><span class=\"is--medium\">Mati\u00e8re du fouet :<\/span> acier inoxydable\t\t\t\t\t<\/li>\n<li class=\"product-features__item-list__item\" role=\"listitem\"><span class=\"is--medium\">Mati\u00e8re du crochet p\u00e9trisseur :<\/span> acier inoxydable\t\t\t\t\t<\/li>\n<li class=\"product-features__item-list__item\" role=\"listitem\"><span class=\"is--medium\">Mati\u00e8re du batteur :<\/span> m\u00e9tal\t\t\t\t\t<\/li>\n<\/ul>\n<\/li>\n<li class=\"product-features__item\" role=\"listitem\">\n<h3 class=\"product-features__label\">Dimensions<\/h3>\n<ul role=\"list\">\n<li class=\"product-features__item-list__item\" role=\"listitem\"><span class=\"is--medium\">Dimensions l x h x p :<\/span> 38.5 x 35.5 x 24 cm\t\t\t\t\t<\/li>\n<\/ul>\n<\/li>\n<li class=\"product-features__item\" role=\"listitem\">\n<h3 class=\"product-features__label\">Informations compl\u00e9mentaires<\/h3>\n<ul role=\"list\">\n<li class=\"product-features__item-list__item\" role=\"listitem\"><span class=\"is--medium\">Fabriqu\u00e9 en :<\/span> Chine\t\t\t\t\t<\/li>\n<li class=\"product-features__item-list__item\" role=\"listitem\"><span class=\"is--medium\">Disponibilit\u00e9 des pi\u00e8ces d\u00e9tach\u00e9es (donn\u00e9es fournisseur) :<\/span> Pendant 10 ans, \u00e0 compter de la date d&rsquo;achat\t\t\t\t\t<\/li>\n<li class=\"product-features__item-list__item\" role=\"listitem\"><span class=\"is--medium\">R\u00e9f\u00e9rence constructeur :<\/span> kMix KMX750WH blanc\t\t\t\t\t<\/li>\n<li class=\"product-features__item-list__item\" role=\"listitem\"><span class=\"is--medium\">Marque :<\/span> KENWOOD\t\t\t\t\t<\/li>\n<\/ul>\n<\/li>\n<\/ul>\n<\/div>\n<div class=\"product__disclosure-content\">\n<div class=\"js-read-more product-description__content read-more read-more--truncated\" data-read-more-name=\"description\" style=\"max-height: 500px; overflow: hidden;\">\n<p><center><a href=\"https:\/\/www.boulanger.com\/evenement\/corner-accessoires-kenwood\"><img decoding=\"async\" href=\"https:\/\/www.boulanger.com\/evenement\/corner-accessoires-kenwood\" src=\"https:\/\/boulanger.scene7.com\/is\/image\/Boulanger\/kmix_access?wid=1260&amp;qlt=90\"\/><\/a><\/center><\/p>\n<p>Le Kmix KMX750WH de chez Kenwood regroupe tout le savoir-faire de la prestigieuse marque anglaise. Ce robot de qualit\u00e9 vous offre une stabilit\u00e9 optimale, gr\u00e2ce \u00e0 sa r\u00e9alisation enti\u00e8rement en m\u00e9tal, une efficacit\u00e9 hors pair et un design r\u00e9tro irr\u00e9sistible.<\/p>\n<h3>Sal\u00e9 ou sucr\u00e9, ce robot sait tout faire<img fetchpriority=\"high\" decoding=\"async\" alt=\"Robot KENWOOD KMX750WH Kmix Blanc\" class=\"wy_tableau_gauche\" height=\"270\" src=\"https:\/\/boulanger.scene7.com\/is\/image\/Boulanger\/5011423190181_p1?wid=400&amp;hei=270\" width=\"400\"\/><\/h3>\n<p>Le robot Kmix KENWOOD KMX750WH est assez puissant pour r\u00e9aliser toutes vos pr\u00e9parations pr\u00e9f\u00e9r\u00e9es. Il est \u00e9quip\u00e9 d&rsquo;un <b>bol de 5 litres<\/b> et d&rsquo;un <b>kit p\u00e2tisserie compos\u00e9 d&rsquo;un batteur, d&rsquo;un fouet et d&rsquo;un p\u00e9trin<\/b>, qui font de lui un compagnon efficace. Confiez-lui la r\u00e9alisation de vos cr\u00e8mes fouett\u00e9es, mayonnaises, p\u00e2tes \u00e0 g\u00e2teaux, etc. Toutes seront parfaitement r\u00e9ussies gr\u00e2ce au mouvement plan\u00e9taire, qui assure une int\u00e9gration optimale des ingr\u00e9dients.<\/p>\n<p>Pour r\u00e9aliser d&rsquo;autres pr\u00e9parations, Kenwood propose une <b>gamme d&rsquo;accessoires adaptables<\/b> sur la sortie \u00e0 l&rsquo;avant du robot. Vous pourrez alors l&rsquo;utiliser pour r\u00e2per, \u00e9mincer, hacher et m\u00eame laminer de d\u00e9licieuses p\u00e2tes fraiches.<\/p>\n<h3>Cuisinez en toute s\u00e9curit\u00e9<img decoding=\"async\" alt=\"Robot KENWOOD KMX750WH Kmix Blanc\" class=\"wy_tableau_right\" height=\"270\" src=\"https:\/\/boulanger.scene7.com\/is\/image\/Boulanger\/5011423190181_p2?wid=400&amp;hei=270\" width=\"400\"\/><\/h3>\n<p>Pour plus de robustesse, le corps du robot est enti\u00e8rement fait de m\u00e9tal. Il tient parfaitement en place, m\u00eame quand vous r\u00e9alisez des p\u00e2tes assez dures, ou que vous pr\u00e9parez une grande quantit\u00e9 d&rsquo;aliments. Les diff\u00e9rents accessoires sont eux aussi r\u00e9alis\u00e9s en m\u00e9tal, pour vous assurer une <b>r\u00e9sistance \u00e0 toute \u00e9preuve<\/b>.<\/p>\n<p>Vous craquez sur le design du robot Kmix KENWOOD KMX750WH\u00a0? D\u00e9couvrez la collection compl\u00e8te de pr\u00e9parateurs culinaires et d&rsquo;appareils pour le petit-d\u00e9jeuner. Disponibles en blanc et en coloris pop, ces robots et appareils de cuisine offrent tous une <b>finition r\u00e9tro esth\u00e9tique<\/b>. Ils seront parfaits pour harmoniser la d\u00e9co de votre cuisine?!<\/p>\n<\/p>\n<\/div>\n<p><bl-button a11yexpanded=\"false\" arialabel=\"Afficher toute la description\" class=\"read-more__btn\" full=\"false\" link=\"true\">Voir plus<\/bl-button><\/div>","protected":false},"excerpt":{"rendered":"<div class=\"keypoints\">\n<h3 class=\"keypoints__title\">Les points cl\u00e9s<\/h3>\n<ul role=\"list\">\n<li class=\"keypoints__item\" role=\"listitem\">                          Capacit\u00e9 XL 5L &#8211;                                                      1 bol                      <\/li>\n<li class=\"keypoints__item\" role=\"listitem\">                                        Accessoires : batteur, couvercle anti-projections, crochet p\u00e9trisseur, fouet \u00e0 fils, spatule                      <\/li>\n<li class=\"keypoints__item\" role=\"listitem\">                                        Finition du corps en : m\u00e9tal                      <\/li>\n<li class=\"keypoints__item\" role=\"listitem\">                          Transmission : directe &#8211;                                                      Puissance : 1000 watts                      <\/li>\n<li class=\"keypoints__item keypoints__item--advantage\" role=\"listitem\"><strong>Le + :<\/strong> Kit patisserie et corps en m\u00e9tal, produit design et \u00e9l\u00e9gant      <\/li>\n<\/ul>","protected":false},"featured_media":49885,"template":"","meta":{"_glsr_average":0,"_glsr_ranking":0,"_glsr_reviews":0},"product_cat":[373],"product_tag":[230,371,374],"class_list":{"0":"post-99703","1":"product","2":"type-product","3":"status-publish","4":"has-post-thumbnail","6":"product_cat-robot-patissier","7":"product_tag-cuisine-et-cuisson","8":"product_tag-robot-de-cuisine","9":"product_tag-robot-patissier","11":"first","12":"instock","13":"sale","14":"shipping-taxable","15":"purchasable","16":"product-type-simple"},"_links":{"self":[{"href":"https:\/\/electromenagerexpress.com\/en\/wp-json\/wp\/v2\/product\/99703","targetHints":{"allow":["GET"]}}],"collection":[{"href":"https:\/\/electromenagerexpress.com\/en\/wp-json\/wp\/v2\/product"}],"about":[{"href":"https:\/\/electromenagerexpress.com\/en\/wp-json\/wp\/v2\/types\/product"}],"wp:featuredmedia":[{"embeddable":true,"href":"https:\/\/electromenagerexpress.com\/en\/wp-json\/wp\/v2\/media\/49885"}],"wp:attachment":[{"href":"https:\/\/electromenagerexpress.com\/en\/wp-json\/wp\/v2\/media?parent=99703"}],"wp:term":[{"taxonomy":"product_cat","embeddable":true,"href":"https:\/\/electromenagerexpress.com\/en\/wp-json\/wp\/v2\/product_cat?post=99703"},{"taxonomy":"product_tag","embeddable":true,"href":"https:\/\/electromenagerexpress.com\/en\/wp-json\/wp\/v2\/product_tag?post=99703"}],"curies":[{"name":"wp","href":"https:\/\/api.w.org\/{rel}","templated":true}]}}