{"id":99698,"date":"2024-11-28T11:30:45","date_gmt":"2024-11-28T11:30:45","guid":{"rendered":"https:\/\/electromenagerexpress.com\/product\/robot-cuiseurmagimixcook-expert-xl-platine-18909\/"},"modified":"2024-11-28T11:30:46","modified_gmt":"2024-11-28T11:30:46","slug":"robot-cuiseurmagimixcook-expert-xl-platine-18909","status":"publish","type":"product","link":"https:\/\/electromenagerexpress.com\/en\/product\/robot-cuiseurmagimixcook-expert-xl-platine-18909\/","title":{"rendered":"Robot cuiseur\t\t\t\t\t\t\tMAGIMIX\t\t\t\tCook Expert XL Platine 18909"},"content":{"rendered":"<div class=\"product-features__content\">\n<ul role=\"list\">\n<li class=\"product-features__item\" role=\"listitem\">\n<h3 class=\"product-features__label\">Choisir ce produit pour quels usages ?<\/h3>\n<ul role=\"list\">\n<li class=\"product-features__item-list__item\" role=\"listitem\"><span class=\"is--medium\">Id\u00e9al pour :<\/span> pour cuisiner sans effort de l&rsquo;entr\u00e9e au dessert\t\t\t\t\t<\/li>\n<li class=\"product-features__item-list__item\" role=\"listitem\"><span class=\"is--medium\">Capacit\u00e9 totale :<\/span> Capacit\u00e9 Large 4,8L\t\t\t\t\t<\/li>\n<li class=\"product-features__item-list__item\" role=\"listitem\"><span class=\"is--medium\">D\u00e9couvrez une recette r\u00e9alis\u00e9e par notre chef :<\/span> <a href=\"https:\/\/commeunchef.boulanger.com\/recette\/risotto-truffes-marrons\/\" target=\"_blank\">Risotto truffes-marrons<\/a><\/li>\n<li class=\"product-features__item-list__item\" role=\"listitem\"><span class=\"is--medium\">\u00c0 quoi \u00e7a sert :<\/span> Battre\/Fouetter, P\u00e9trir, M\u00e9langer d\u00e9licatement, Emulsionner, Emincer, Couper\/Hacher finement, Hacher la viande, R\u00e2per, Mixer, chauffer, cuire \u00e0 la vapeur, mijoter, rissoler, Peser les aliments\t\t\t\t\t<\/li>\n<\/ul>\n<\/li>\n<li class=\"product-features__item\" role=\"listitem\">\n<h3 class=\"product-features__label\">Fonctions de pr\u00e9paration<\/h3>\n<ul role=\"list\">\n<li class=\"product-features__item-list__item\" role=\"listitem\"><span class=\"is--medium\">Battre\/Fouetter :<\/span> oui, id\u00e9al pour les blancs en neige, la chantilly, la p\u00e2te \u00e0 cr\u00eape.\t\t\t\t\t<\/li>\n<li class=\"product-features__item-list__item\" role=\"listitem\"><span class=\"is--medium\">P\u00e9trir :<\/span> oui, pour pr\u00e9parer les p\u00e2tes \u00e0 pain, pizza, bris\u00e9e.\t\t\t\t\t<\/li>\n<li class=\"product-features__item-list__item\" role=\"listitem\"><span class=\"is--medium\">M\u00e9langer d\u00e9licatement :<\/span> oui, pour pr\u00e9parer les mousses au chocolat, les souffl\u00e9s (reproduit le geste de la main).\t\t\t\t\t<\/li>\n<li class=\"product-features__item-list__item\" role=\"listitem\"><span class=\"is--medium\">Emulsionner :<\/span> oui, pour pr\u00e9parer les mayonnaises, sauces vinaigrettes.\t\t\t\t\t<\/li>\n<li class=\"product-features__item-list__item\" role=\"listitem\"><span class=\"is--medium\">Emincer :<\/span> oui, couper en tranches ou lamelles vos l\u00e9gumes.\t\t\t\t\t<\/li>\n<li class=\"product-features__item-list__item\" role=\"listitem\"><span class=\"is--medium\">Couper\/Hacher finement :<\/span> oui, pour pr\u00e9parer des tartares, hacher ail et fines herbes.\t\t\t\t\t<\/li>\n<li class=\"product-features__item-list__item\" role=\"listitem\"><span class=\"is--medium\">Hacher la viande :<\/span> oui, pour pr\u00e9parer les viandes, le chili con carne, les steaks hach\u00e9s maison, la bolognaise avec le hachoir\t\t\t\t\t<\/li>\n<li class=\"product-features__item-list__item\" role=\"listitem\"><span class=\"is--medium\">R\u00e2per :<\/span> oui, pour les carottes, gruy\u00e8re.\t\t\t\t\t<\/li>\n<li class=\"product-features__item-list__item\" role=\"listitem\"><span class=\"is--medium\">Mixer :<\/span> oui, pour pr\u00e9parer les coulis, les soupes.\t\t\t\t\t<\/li>\n<li class=\"product-features__item-list__item\" role=\"listitem\"><span class=\"is--medium\">Cuire les aliments :<\/span> chauffer, mijoter, rissoler, cuire \u00e0 la vapeur\t\t\t\t\t<\/li>\n<li class=\"product-features__item-list__item\" role=\"listitem\"><span class=\"is--medium\">Peser les aliments :<\/span> oui, pour peser avec pr\u00e9cision directement dans le bol ou dans les diff\u00e9rents accessoires d\u00e9di\u00e9s\t\t\t\t\t<\/li>\n<\/ul>\n<\/li>\n<li class=\"product-features__item\" role=\"listitem\">\n<h3 class=\"product-features__label\">Cuisson<\/h3>\n<ul role=\"list\">\n<li class=\"product-features__item-list__item\" role=\"listitem\"><span class=\"is--medium\">Cuisson vapeur :<\/span> Oui\t\t\t\t\t<\/li>\n<li class=\"product-features__item-list__item\" role=\"listitem\"><span class=\"is--medium\">Type de chauffe :<\/span> induction, permet une pr\u00e9cision de cuisson au degr\u00e9 pr\u00e8s\t\t\t\t\t<\/li>\n<li class=\"product-features__item-list__item\" role=\"listitem\"><span class=\"is--medium\">Le saviez-vous ? :<\/span> la cuisson \u00e0 basse temp\u00e9rature permet de pr\u00e9server les vitamines des aliments\t\t\t\t\t<\/li>\n<li class=\"product-features__item-list__item\" role=\"listitem\"><span class=\"is--medium\">Maintien au chaud :<\/span> automatique\t\t\t\t\t<\/li>\n<li class=\"product-features__item-list__item\" role=\"listitem\"><span class=\"is--medium\">Mode de cuisson adapt\u00e9 (manuel) :<\/span> permet de personnaliser les recettes en g\u00e9rant le mode de cuisson, la vitesse, la temp\u00e9rature et le temps de cuisson\t\t\t\t\t<\/li>\n<li class=\"product-features__item-list__item\" role=\"listitem\"><span class=\"is--medium\">Pr\u00e9csion de chauffe :<\/span> au degr\u00e9s pr\u00e8s\t\t\t\t\t<\/li>\n<\/ul>\n<\/li>\n<li class=\"product-features__item\" role=\"listitem\">\n<h3 class=\"product-features__label\">Nombre de bols et leurs capacit\u00e9s<\/h3>\n<ul role=\"list\">\n<li class=\"product-features__item-list__item\" role=\"listitem\"><span class=\"is--medium\">Capacit\u00e9 totale du bol principal :<\/span> Capacit\u00e9 Large 4,8L\t\t\t\t\t<\/li>\n<li class=\"product-features__item-list__item\" role=\"listitem\"><span class=\"is--medium\">Poign\u00e9e(s) du bol principal :<\/span> 1 sur le c\u00f4t\u00e9, id\u00e9al pour d\u00e9verser le contenu\t\t\t\t\t<\/li>\n<li class=\"product-features__item-list__item\" role=\"listitem\"><span class=\"is--medium\">Poids du bol principal :<\/span> 250 grammes\t\t\t\t\t<\/li>\n<li class=\"product-features__item-list__item\" role=\"listitem\"><span class=\"is--medium\">Mati\u00e8re du bol principal :<\/span> inox\t\t\t\t\t<\/li>\n<li class=\"product-features__item-list__item\" role=\"listitem\"><span class=\"is--medium\">Nombre de bols suppl\u00e9mentaires :<\/span> 1 bol\t\t\t\t\t<\/li>\n<li class=\"product-features__item-list__item\" role=\"listitem\"><span class=\"is--medium\">Mati\u00e8re du bol principal : :<\/span> inox\t\t\t\t\t<\/li>\n<\/ul>\n<\/li>\n<li class=\"product-features__item\" role=\"listitem\">\n<h3 class=\"product-features__label\">Accessoires inclus<\/h3>\n<ul role=\"list\">\n<li class=\"product-features__item-list__item\" role=\"listitem\"><span class=\"is--medium\">Accessoires :<\/span> 3 cuves (cuve standard, mini-cuve, midi cuve), balance de cuisine, batteur, bo\u00eete de rangement des accessoires, disque(s) \u00e9minceur, disque(s) r\u00e2peur, lame de p\u00e9trissage, lame universelle, mini bol, mini couteau, mini hachoir, panier vapeur, rapeur\/Eminceur, rapeur\/Trancheur, spatule\t\t\t\t\t<\/li>\n<li class=\"product-features__item-list__item\" role=\"listitem\"><span class=\"is--medium\">Plus d&rsquo;accessoires :<\/span> <a href=\"https:\/\/www.boulanger.com\/c\/nav-filtre\/accessoire-appareil-preparation-culinaire?facettes_access_robot_____marque_compatible~magimix\" target=\"_blank\">En cliquant ici<\/a><\/li>\n<\/ul>\n<\/li>\n<li class=\"product-features__item\" role=\"listitem\">\n<h3 class=\"product-features__label\">Confort et performance<\/h3>\n<ul role=\"list\">\n<li class=\"product-features__item-list__item\" role=\"listitem\"><span class=\"is--medium\">Type de moteur :<\/span> professionnel, il est tr\u00e8s silencieux avec une dur\u00e9e de vie plus longue qu&rsquo;un moteur classique.\t\t\t\t\t<\/li>\n<li class=\"product-features__item-list__item\" role=\"listitem\"><span class=\"is--medium\">Puissance en watts :<\/span> 1.800 W\t\t\t\t\t<\/li>\n<li class=\"product-features__item-list__item\" role=\"listitem\"><span class=\"is--medium\">Nombre de vitesses :<\/span> 18\t\t\t\t\t<\/li>\n<li class=\"product-features__item-list__item\" role=\"listitem\"><span class=\"is--medium\">S\u00e9lecteur de vitesse :<\/span> oui, permet de choisir la vitesse adapt\u00e9e selon les pr\u00e9parations\t\t\t\t\t<\/li>\n<li class=\"product-features__item-list__item\" role=\"listitem\"><span class=\"is--medium\">Touche pulse :<\/span> oui, permet une acc\u00e9l\u00e9ration \u00e0 la demande, id\u00e9al pour piler des gla\u00e7ons, pr\u00e9parer des smoothies avec des fruits surgel\u00e9s\t\t\t\t\t<\/li>\n<li class=\"product-features__item-list__item\" role=\"listitem\"><span class=\"is--medium\">Touche turbo :<\/span> non\t\t\t\t\t<\/li>\n<li class=\"product-features__item-list__item\" role=\"listitem\"><span class=\"is--medium\">Mat\u00e9riau du corps :<\/span> inox (robuste)\t\t\t\t\t<\/li>\n<li class=\"product-features__item-list__item\" role=\"listitem\"><span class=\"is--medium\">Poids :<\/span> 11,90 Kg\t\t\t\t\t<\/li>\n<li class=\"product-features__item-list__item\" role=\"listitem\"><span class=\"is--medium\">Ecran :<\/span> non tactile\t\t\t\t\t<\/li>\n<li class=\"product-features__item-list__item\" role=\"listitem\"><span class=\"is--medium\">Suivi des recettes pas \u00e0 pas :<\/span> via l&rsquo;application\t\t\t\t\t<\/li>\n<li class=\"product-features__item-list__item\" role=\"listitem\"><span class=\"is--medium\">Connect\u00e9 :<\/span> non\t\t\t\t\t<\/li>\n<li class=\"product-features__item-list__item\" role=\"listitem\"><span class=\"is--medium\">Compatibilit\u00e9 :<\/span> IOS et Android\t\t\t\t\t<\/li>\n<li class=\"product-features__item-list__item\" role=\"listitem\"><span class=\"is--medium\">Balance int\u00e9gr\u00e9e au robot :<\/span> Non\t\t\t\t\t<\/li>\n<li class=\"product-features__item-list__item\" role=\"listitem\"><span class=\"is--medium\">Longueur du cordon d&rsquo;alimentation :<\/span> 1,00 m\t\t\t\t\t<\/li>\n<li class=\"product-features__item-list__item\" role=\"listitem\"><span class=\"is--medium\">Minuteur :<\/span> Oui\t\t\t\t\t<\/li>\n<\/ul>\n<\/li>\n<li class=\"product-features__item\" role=\"listitem\">\n<h3 class=\"product-features__label\">Nettoyage<\/h3>\n<ul role=\"list\">\n<li class=\"product-features__item-list__item\" role=\"listitem\"><span class=\"is--medium\">Programme de rin\u00e7age :<\/span> Oui\t\t\t\t\t<\/li>\n<\/ul>\n<\/li>\n<li class=\"product-features__item\" role=\"listitem\">\n<h3 class=\"product-features__label\">S\u00e9curit\u00e9<\/h3>\n<ul role=\"list\">\n<li class=\"product-features__item-list__item\" role=\"listitem\"><span class=\"is--medium\">Arr\u00eat automatique :<\/span> Oui\t\t\t\t\t<\/li>\n<li class=\"product-features__item-list__item\" role=\"listitem\"><span class=\"is--medium\">S\u00e9curit\u00e9 couvercle :<\/span> Oui\t\t\t\t\t<\/li>\n<li class=\"product-features__item-list__item\" role=\"listitem\"><span class=\"is--medium\">Pieds antid\u00e9rapants :<\/span> Oui\t\t\t\t\t<\/li>\n<\/ul>\n<\/li>\n<li class=\"product-features__item\" role=\"listitem\">\n<h3 class=\"product-features__label\">Informations compl\u00e9mentaires<\/h3>\n<ul role=\"list\">\n<li class=\"product-features__item-list__item\" role=\"listitem\"><span class=\"is--medium\">Disponibilit\u00e9 des pi\u00e8ces d\u00e9tach\u00e9es (donn\u00e9es fournisseur) :<\/span> Pendant 30 ans, \u00e0 compter de la date d&rsquo;achat\t\t\t\t\t<\/li>\n<li class=\"product-features__item-list__item\" role=\"listitem\"><span class=\"is--medium\">Garantie :<\/span> 2 ans\t\t\t\t\t<\/li>\n<li class=\"product-features__item-list__item\" role=\"listitem\"><span class=\"is--medium\">Fabriqu\u00e9 en :<\/span> Chine\t\t\t\t\t<\/li>\n<li class=\"product-features__item-list__item\" role=\"listitem\"><span class=\"is--medium\">R\u00e9f\u00e9rence constructeur :<\/span> Cook Expert XL Platine 18909\t\t\t\t\t<\/li>\n<li class=\"product-features__item-list__item\" role=\"listitem\"><span class=\"is--medium\">Marque :<\/span> MAGIMIX\t\t\t\t\t<\/li>\n<\/ul>\n<\/li>\n<li class=\"product-features__item\" role=\"listitem\">\n<h3 class=\"product-features__label\">Dimensions<\/h3>\n<ul role=\"list\">\n<li class=\"product-features__item-list__item\" role=\"listitem\"><span class=\"is--medium\">Dimensions l x h x p :<\/span> 34 x 41 x 35 cm\t\t\t\t\t<\/li>\n<\/ul>\n<\/li>\n<\/ul>\n<\/div>\n<div class=\"product__disclosure-content\">\n<div class=\"js-read-more product-description__content read-more read-more--truncated\" data-read-more-name=\"description\" style=\"max-height: 500px; overflow: hidden;\">\n<h3>Le Cook Expert Premium XL est le robot cuiseur multifonction Triple XL\u00a0!<\/h3>\n<p>Dernier n\u00e9 de la\u00a0marque fran\u00e7aise Magimix, il sait tout faire de l&rsquo;entr\u00e9e au dessert. Simple d&rsquo;utilisation, il trouvera rapidement sa place dans votre cuisine, et au sein de votre famille. Le robot cuiseur multifonction <strong>Triple XL<\/strong>\u00a0c&rsquo;est un <strong>bol XL<\/strong>, un <strong>p\u00e9trin XL<\/strong>, et un <strong>panier vapeur XL<\/strong>\u00a0!<\/p>\n<p><img fetchpriority=\"high\" decoding=\"async\" alt=\"URL SCENE7\" height=\"450\" src=\"https:\/\/boulanger.scene7.com\/is\/image\/Boulanger\/3519280189093_h_f_l_5?wid=1000\" style=\"display: block; margin-left: auto; margin-right: auto;\" width=\"450\"\/><\/p>\n<p>\u00a0<\/p>\n<h3><strong>Le Cook Expert Premium XL, l&rsquo;Expert multifonction\u00a0<\/strong><\/h3>\n<p><img decoding=\"async\" alt=\"URL SCENE7\" class=\"wy_tableau_right\" height=\"300\" src=\"https:\/\/boulanger.scene7.com\/is\/image\/Boulanger\/3519280189093_h_f_l_8?wid=1000\" width=\"300\"\/>Avec son bol thermo inox de 4,8 L et ses 3 bols multifonction, il cuit, coupe, m\u00e9lange, hache, mijote, p\u00e9trit, pile&#8230; \u00e0 la perfection. Ses diff\u00e9rents accessoires inclus vous permettent de r\u00e9aliser des pr\u00e9parations vari\u00e9es au quotidien\u00a0: de la cuisson vapeur gr\u00e2ce \u00e0 son panier vapeur interne de 3,5 L, de la boulangerie gr\u00e2ce au p\u00e9trin XL, de la\u00a0p\u00e2tisserie gr\u00e2ce au batteur \u00e0 blanc&#8230; rien n&rsquo;est impossible\u00a0!<\/p>\n<p>Ses bols multifonction, vous permettront de hacher, raper, \u00e9mincer \u00e0 la perfection gr\u00e2ce aux 4 disques fournis de qualit\u00e9 professionnelles\u00a0! Les tartares, sauces ap\u00e9ritifs et tout ce qui pourra vous donner envie pourront \u00eatre r\u00e9alis\u00e9s en un tour de lame.<\/p>\n<p>Le Cook Expert Premium XL est un produit \u00e9volutif, de nombreux accessoires optionnels sont disponibles pour le personnaliser selon vos besoins et\u00a0 usages. Des livres de recettes \u00e0 th\u00e9matiques fortes sont \u00e9galement propos\u00e9es.<\/p>\n<p>\u00a0<\/p>\n<h3><strong>SES PROGRAMMES ET FONCTIONS XL !<\/strong><\/h3>\n<p><img decoding=\"async\" alt=\"URL SCENE7\" class=\"wy_tableau_gauche\" height=\"300\" src=\"https:\/\/boulanger.scene7.com\/is\/image\/Boulanger\/3519280189093_h_b_l_0?wid=1000\" width=\"300\"\/><\/p>\n<p>Gr\u00e2ce \u00e0 son syst\u00e8me de chauffe par induction, il monte tr\u00e8s vite en temp\u00e9rature et ma\u00eetrise la cuisson au degr\u00e9 pr\u00e8s jusqu&rsquo;\u00e0 160 \u00b0C. Vous pourrez \u00e9galement laissez mijoter vos pr\u00e9parations jusqu&rsquo;\u00e0 4h, pour une pr\u00e9servation optimale de vos aliments.<\/p>\n<p>Ses diff\u00e9rents programmes automatiques facilitent sa prise en main et rendent intuitif son utilisation. Un livre de 300 recettes est fourni, pour vous inspirer et vous guider. Une application contenant +1600 recettes et des astuces et outils du quotidien est disponible gratuitement et r\u00e9guli\u00e8rement enrichie.<\/p>\n<p>Soupes, sauces, mijot\u00e9s, risottos, pur\u00e9es, pains, brioches, cr\u00e8me fouett\u00e9es, cocktails, g\u00e2teau,\u00a0 yaourts, plats pour b\u00e9b\u00e9s&#8230; toutes vos envies de fait-maison sont r\u00e9alisables gr\u00e2ce au\u00a0 Cook Expert Premium XL\u00a0!\u00a0\u00ab\u00a0<\/p>\n<\/p>\n<p><video class=\"s7Video\" controls=\"\" controlslist=\"nodownload\" poster=\"https:\/\/boulanger.scene7.com\/is\/image\/Boulanger\/3519280189093_v_0?scl=1\" preload=\"metadata\" src=\"https:\/\/boulanger.scene7.com\/is\/content\/Boulanger\/3519280189093_v_0\" width=\"100%\"><\/video><\/p>\n<\/div>\n<p><bl-button a11yexpanded=\"false\" arialabel=\"Afficher toute la description\" class=\"read-more__btn\" full=\"false\" link=\"true\">Voir plus<\/bl-button><\/div>","protected":false},"excerpt":{"rendered":"<div class=\"keypoints\">\n<h3 class=\"keypoints__title\">Les points cl\u00e9s<\/h3>\n<ul role=\"list\">\n<li class=\"keypoints__item\" role=\"listitem\">                                        Battre\/Fouetter, P\u00e9trir, M\u00e9langer d\u00e9licatement, Emulsionner, Emincer, Couper\/Hacher finement, Hacher la viande, R\u00e2per, Mixer, chauffer, cuire \u00e0 la vapeur, mijoter, rissoler, Peser les aliments                      <\/li>\n<li class=\"keypoints__item\" role=\"listitem\">                          Capacit\u00e9 Large 4,8L &#8211;                                                      Bol en : inox                      <\/li>\n<li class=\"keypoints__item\" role=\"listitem\">                          Dimensions l x h x p : 34 x 41 x 35 cm &#8211;                                                      11,90 Kg                      <\/li>\n<li class=\"keypoints__item\" role=\"listitem\">                                        Pr\u00e9cision de chauffe: : au degr\u00e9s pr\u00e8s                      <\/li>\n<li class=\"keypoints__item keypoints__item--advantage\" role=\"listitem\"><strong>Le + :<\/strong> Moteur professionnel, cuisson induction au degr\u00e9 pr\u00e8s. 3 cuves et p\u00e9trin p\u00e2tissier.      <\/li>\n<\/ul>","protected":false},"featured_media":49822,"template":"","meta":{"_glsr_average":0,"_glsr_ranking":0,"_glsr_reviews":0},"product_cat":[370],"product_tag":[230,371,372],"class_list":{"0":"post-99698","1":"product","2":"type-product","3":"status-publish","4":"has-post-thumbnail","6":"product_cat-robot-multifonction","7":"product_tag-cuisine-et-cuisson","8":"product_tag-robot-de-cuisine","9":"product_tag-robot-multifonction","11":"first","12":"instock","13":"sale","14":"shipping-taxable","15":"purchasable","16":"product-type-simple"},"_links":{"self":[{"href":"https:\/\/electromenagerexpress.com\/en\/wp-json\/wp\/v2\/product\/99698","targetHints":{"allow":["GET"]}}],"collection":[{"href":"https:\/\/electromenagerexpress.com\/en\/wp-json\/wp\/v2\/product"}],"about":[{"href":"https:\/\/electromenagerexpress.com\/en\/wp-json\/wp\/v2\/types\/product"}],"wp:featuredmedia":[{"embeddable":true,"href":"https:\/\/electromenagerexpress.com\/en\/wp-json\/wp\/v2\/media\/49822"}],"wp:attachment":[{"href":"https:\/\/electromenagerexpress.com\/en\/wp-json\/wp\/v2\/media?parent=99698"}],"wp:term":[{"taxonomy":"product_cat","embeddable":true,"href":"https:\/\/electromenagerexpress.com\/en\/wp-json\/wp\/v2\/product_cat?post=99698"},{"taxonomy":"product_tag","embeddable":true,"href":"https:\/\/electromenagerexpress.com\/en\/wp-json\/wp\/v2\/product_tag?post=99698"}],"curies":[{"name":"wp","href":"https:\/\/api.w.org\/{rel}","templated":true}]}}