{"id":99686,"date":"2024-11-28T11:30:02","date_gmt":"2024-11-28T11:30:02","guid":{"rendered":"https:\/\/electromenagerexpress.com\/product\/dessertecookin-gardencookin-garden-desserte-pour-plancha-b\/"},"modified":"2024-11-28T11:30:04","modified_gmt":"2024-11-28T11:30:04","slug":"dessertecookin-gardencookin-garden-desserte-pour-plancha-b","status":"publish","type":"product","link":"https:\/\/electromenagerexpress.com\/en\/product\/dessertecookin-gardencookin-garden-desserte-pour-plancha-b\/","title":{"rendered":"Desserte\t\t\t\t\t\t\tCOOK&rsquo;IN GARDEN\t\t\t\tCook&rsquo;in Garden &#8211; Desserte pour plancha b"},"content":{"rendered":"<div class=\"product-features__content\">\n<ul role=\"list\">\n<li class=\"product-features__item\" role=\"listitem\">\n<h3 class=\"product-features__label\">Caract\u00e9ristiques g\u00e9n\u00e9rales<\/h3>\n<ul role=\"list\">\n<li class=\"product-features__item-list__item\" role=\"listitem\"><span class=\"is--medium\">Mati\u00e8re du chariot :<\/span> Acier\t\t\t\t\t<\/li>\n<li class=\"product-features__item-list__item\" role=\"listitem\"><span class=\"is--medium\">Type de chariot :<\/span> Desserte\t\t\t\t\t<\/li>\n<li class=\"product-features__item-list__item\" role=\"listitem\"><span class=\"is--medium\">Couleur :<\/span> Gris\t\t\t\t\t<\/li>\n<li class=\"product-features__item-list__item\" role=\"listitem\"><span class=\"is--medium\">Roulettes int\u00e9gr\u00e9es :<\/span> Oui\t\t\t\t\t<\/li>\n<li class=\"product-features__item-list__item\" role=\"listitem\"><span class=\"is--medium\">Compatibilit\u00e9 plancha :<\/span> oui\t\t\t\t\t<\/li>\n<li class=\"product-features__item-list__item\" role=\"listitem\"><span class=\"is--medium\">Mobilit\u00e9 :<\/span> 4 roues\t\t\t\t\t<\/li>\n<li class=\"product-features__item-list__item\" role=\"listitem\"><span class=\"is--medium\">Marque compatible :<\/span> Cook&rsquo;in Garden\t\t\t\t\t<\/li>\n<li class=\"product-features__item-list__item\" role=\"listitem\"><span class=\"is--medium\">Mod\u00e8le compatible :<\/span> Universel\t\t\t\t\t<\/li>\n<\/ul>\n<\/li>\n<li class=\"product-features__item\" role=\"listitem\">\n<h3 class=\"product-features__label\">Dimensions<\/h3>\n<ul role=\"list\">\n<li class=\"product-features__item-list__item\" role=\"listitem\"><span class=\"is--medium\">Dimensions l x h x p :<\/span> 65 x 80.5 x 147 cm\t\t\t\t\t<\/li>\n<li class=\"product-features__item-list__item\" role=\"listitem\"><span class=\"is--medium\">Poids :<\/span> 16,8 kg\t\t\t\t\t<\/li>\n<li class=\"product-features__item-list__item\" role=\"listitem\"><span class=\"is--medium\">Poids Brut (kg) :<\/span> 18.5\t\t\t\t\t<\/li>\n<\/ul>\n<\/li>\n<li class=\"product-features__item\" role=\"listitem\">\n<h3 class=\"product-features__label\">Informations compl\u00e9mentaires<\/h3>\n<ul role=\"list\">\n<li class=\"product-features__item-list__item\" role=\"listitem\"><span class=\"is--medium\">Fabriqu\u00e9 en :<\/span> Chine\t\t\t\t\t<\/li>\n<li class=\"product-features__item-list__item\" role=\"listitem\"><span class=\"is--medium\">Disponibilit\u00e9 des pi\u00e8ces d\u00e9tach\u00e9es (donn\u00e9es fournisseur) :<\/span> Non communiqu\u00e9e\t\t\t\t\t<\/li>\n<li class=\"product-features__item-list__item\" role=\"listitem\"><span class=\"is--medium\">R\u00e9f\u00e9rence constructeur :<\/span> Cook&rsquo;in Garden &#8211; Desserte pour plancha b\t\t\t\t\t<\/li>\n<li class=\"product-features__item-list__item\" role=\"listitem\"><span class=\"is--medium\">Marque :<\/span> COOK&rsquo;IN GARDEN\t\t\t\t\t<\/li>\n<\/ul>\n<\/li>\n<\/ul>\n<\/div>\n<div class=\"product__disclosure-content\">\n<div class=\"js-read-more product-description__content read-more read-more--truncated\" data-read-more-name=\"description\" style=\"max-height: 500px; overflow: hidden;\">\n<p> <strong>Description :<\/strong> <br \/>Cuisinez de bons petits plats \u00e0 la plancha sur votre terrasse sans encombrer votre table de jardin. La desserte \u00e0 plancha vous permet de pr\u00e9parer vos repas sur la plaque de cuisson tout en ayant vos ingr\u00e9dients, assiettes et ustensiles \u00e0 port\u00e9e de main. Vous pouvez disposer votre vaisselle sur le plateau inf\u00e9rieur et les aliments sur les deux tablettes lat\u00e9rales, qui sont rabattables pour gagner de la place. Les 4 crochets permettent de suspendre vos ustensiles et les 3 porte-bouteilles d&rsquo;accueillir huile, vinaigre ou boissons. Ce joli chariot \u00e0 plancha a \u00e9t\u00e9 con\u00e7u en bois et en acier pour garantir sa robustesse et le rendre \u00e9l\u00e9gant dans votre espace ext\u00e9rieur. Il est facilement d\u00e9pla\u00e7able avec ses 4 roues.  <\/p>\n<p> <strong>D\u00e9tails :<\/strong> <br \/>Dimensions : <br \/>&#8211; Desserte : L 147 \u00d7 l 65 \u00d7 H 80,5cm<br \/>&#8211; Surface de travail : L 140 \u00d7 l 55cm<br \/>&#8211; Hauteur entre les plateaux : H 56cm<br \/>&#8211; Desserte plateaux rabattus : L 110 \u00d7 l 65 \u00d7 H 80,5cm <br \/>Mati\u00e8res : <br \/>&#8211; Structure : acier<br \/>&#8211; Plateaux : bois    <br \/>Couleurs : <br \/>&#8211; Structure : silver<br \/>&#8211; Plateaux : bois   <\/p>\n<p> <strong>Options :<\/strong> <br \/>&#8211; 2 tablettes lat\u00e9rales rabattables<br \/>&#8211; 1 porte-ustensiles (amovible)<br \/>&#8211; 1 porte-bouteilles : 3 emplacements<br \/>&#8211; 2 roues<br \/>&#8211; 2 roulettes multidirectionnelles<br \/>&#8211; 1 poign\u00e9e lat\u00e9rale  <\/p>\n<p> <strong>Informations compl\u00e9mentaires :<\/strong> <br \/>&#8211; Poids maximum support\u00e9s : 50kg (tablette haute) \/ 15kg (tablette basse)<br \/>&#8211; \u00c0 monter (notice incluse)<\/p>\n<\/div>\n<p><bl-button a11yexpanded=\"false\" arialabel=\"Afficher toute la description\" class=\"read-more__btn\" full=\"false\" link=\"true\"><\/bl-button><\/div>","protected":false},"excerpt":{"rendered":"<div class=\"keypoints\">\n<h3 class=\"keypoints__title\">Les points cl\u00e9s<\/h3>\n<ul role=\"list\">\n<li class=\"keypoints__item\" role=\"listitem\">                                        Cook&rsquo;in Garden                      <\/li>\n<li class=\"keypoints__item\" role=\"listitem\">                                        Universel                      <\/li>\n<li class=\"keypoints__item\" role=\"listitem\">                                        Mobilit\u00e9 : 4 roues                      <\/li>\n<li class=\"keypoints__item\" role=\"listitem\">                                        Mati\u00e8re du chariot : Acier                      <\/li>\n<\/ul>","protected":false},"featured_media":49757,"template":"","meta":{"_glsr_average":0,"_glsr_ranking":0,"_glsr_reviews":0},"product_cat":[364],"product_tag":[366,365,230],"class_list":{"0":"post-99686","1":"product","2":"type-product","3":"status-publish","4":"has-post-thumbnail","6":"product_cat-accessoire-barbecue-plancha","7":"product_tag-accessoire-barbecue-plancha","8":"product_tag-accessoire-cuisine-et-cuisson","9":"product_tag-cuisine-et-cuisson","11":"first","12":"instock","13":"sale","14":"shipping-taxable","15":"purchasable","16":"product-type-simple"},"_links":{"self":[{"href":"https:\/\/electromenagerexpress.com\/en\/wp-json\/wp\/v2\/product\/99686","targetHints":{"allow":["GET"]}}],"collection":[{"href":"https:\/\/electromenagerexpress.com\/en\/wp-json\/wp\/v2\/product"}],"about":[{"href":"https:\/\/electromenagerexpress.com\/en\/wp-json\/wp\/v2\/types\/product"}],"wp:featuredmedia":[{"embeddable":true,"href":"https:\/\/electromenagerexpress.com\/en\/wp-json\/wp\/v2\/media\/49757"}],"wp:attachment":[{"href":"https:\/\/electromenagerexpress.com\/en\/wp-json\/wp\/v2\/media?parent=99686"}],"wp:term":[{"taxonomy":"product_cat","embeddable":true,"href":"https:\/\/electromenagerexpress.com\/en\/wp-json\/wp\/v2\/product_cat?post=99686"},{"taxonomy":"product_tag","embeddable":true,"href":"https:\/\/electromenagerexpress.com\/en\/wp-json\/wp\/v2\/product_tag?post=99686"}],"curies":[{"name":"wp","href":"https:\/\/api.w.org\/{rel}","templated":true}]}}