{"id":99685,"date":"2024-11-28T11:30:00","date_gmt":"2024-11-28T11:30:00","guid":{"rendered":"https:\/\/electromenagerexpress.com\/product\/grille-viandesyntrox-germanyro-2152\/"},"modified":"2024-11-28T11:30:00","modified_gmt":"2024-11-28T11:30:00","slug":"grille-viandesyntrox-germanyro-2152","status":"publish","type":"product","link":"https:\/\/electromenagerexpress.com\/en\/product\/grille-viandesyntrox-germanyro-2152\/","title":{"rendered":"Grille-viande\t\t\t\t\t\t\tSYNTROX GERMANY\t\t\t\tRO-2152"},"content":{"rendered":"<div class=\"product-features__content\">\n<ul role=\"list\">\n<li class=\"product-features__item\" role=\"listitem\">\n<h3 class=\"product-features__label\">Caract\u00e9ristiques g\u00e9n\u00e9rales<\/h3>\n<ul role=\"list\">\n<li class=\"product-features__item-list__item\" role=\"listitem\"><span class=\"is--medium\">Fonction :<\/span> Grille viande\t\t\t\t\t<\/li>\n<li class=\"product-features__item-list__item\" role=\"listitem\"><span class=\"is--medium\">Puissance :<\/span> 2.730 W\t\t\t\t\t<\/li>\n<li class=\"product-features__item-list__item\" role=\"listitem\"><span class=\"is--medium\">Surface de cuisson :<\/span> 26&#215;37 cm\t\t\t\t\t<\/li>\n<li class=\"product-features__item-list__item\" role=\"listitem\"><span class=\"is--medium\">Thermostat r\u00e9glable :<\/span> Oui\t\t\t\t\t<\/li>\n<\/ul>\n<\/li>\n<li class=\"product-features__item\" role=\"listitem\">\n<h3 class=\"product-features__label\">Plaques<\/h3>\n<ul role=\"list\">\n<li class=\"product-features__item-list__item\" role=\"listitem\"><span class=\"is--medium\">Rev\u00eatement :<\/span> anti-adh\u00e9sif\t\t\t\t\t<\/li>\n<li class=\"product-features__item-list__item\" role=\"listitem\"><span class=\"is--medium\">Plaques amovibles :<\/span> Oui\t\t\t\t\t<\/li>\n<li class=\"product-features__item-list__item\" role=\"listitem\"><span class=\"is--medium\">Plaques compatibles lave-vaisselle :<\/span> Non\t\t\t\t\t<\/li>\n<\/ul>\n<\/li>\n<li class=\"product-features__item\" role=\"listitem\">\n<h3 class=\"product-features__label\">Informations compl\u00e9mentaires<\/h3>\n<ul role=\"list\">\n<li class=\"product-features__item-list__item\" role=\"listitem\"><span class=\"is--medium\">Fabriqu\u00e9 en :<\/span> Chine\t\t\t\t\t<\/li>\n<li class=\"product-features__item-list__item\" role=\"listitem\"><span class=\"is--medium\">Disponibilit\u00e9 des pi\u00e8ces d\u00e9tach\u00e9es (donn\u00e9es fournisseur) :<\/span> Non communiqu\u00e9e\t\t\t\t\t<\/li>\n<\/ul>\n<\/li>\n<\/ul>\n<\/div>\n<div class=\"product__disclosure-content\">\n<div class=\"js-read-more product-description__content\" data-read-more-name=\"description\" style=\"max-height: 500px; overflow: hidden;\">\n<p>4 en 1 Multi-four de 52 litres Parfait pour une soir\u00e9e agr\u00e9able R\u00f4tir, cuire, griller et r\u00f4tir en toute s\u00e9curit\u00e9, presque sans graisse &#8211; le beurre et l&rsquo;huile sont utilis\u00e9s ici uniquement pour affiner. Id\u00e9al pour la volaille, la viande, du poisson et du pain &#8230; Le four \u00e0 plusieurs sans gras &#8211; d&rsquo;une mani\u00e8re particuli\u00e8re &#8211; une v\u00e9ritable raret\u00e9 par la position verticale de la nourriture grill pas \u00e9tuv\u00e9e dans sa propre graisse &#8211; la graisse coule imm\u00e9diatement dans le r\u00e9servoir de graisse en acier inoxydable au lave-vaisselle \u2022 r\u00e9flecteur en acier inoxydable pour une utilisation optimale de l&rsquo; \u00e9nergie \u2022 Bac de r\u00e9cup\u00e9ration en acier inoxydable \u2022 Broche moyenne pour viande et volaille \u2022 Alimentation 230 V ~ 2730 Watt \u2022 Plaque de cuisson \u2022 Grille \u2022 Dimensions largeur x profondeur x hauteur en cm env. 42 x 37 x 59 \u2022 Mode d&#8217;emploi de la structure plug-in unique 4 avec des colonnes en alliage d&rsquo; aluminium, de conception moderne et innovante, de haute qualit\u00e9 rendement de chauffage \u00e9lev\u00e9, gr\u00e2ce \u00e0 deux groupes d&rsquo;\u00e9l\u00e9ments de chauffage de rotation unique structure de chauffage de type: Mode vertical pour les brochettes de barbecue de poulet en mode horizontal pour le pain grill\u00e9 thermostat r\u00e9glable 60 ~ 240 \u2103, flexible pour diff\u00e9rents aliments selon vos souhaits 60 min minuterie avec signal de fin \u00e0 4 positions commutateur tiroir ramasse &#8211; miettes amovible, nettoyage facile Grande fen\u00eatre de visualisation Deux Groupes d&rsquo; indicateurs lumineux en acier inoxydable 4 fonctions: cuisson au four, r\u00f4tissage, r\u00f4tissage, grillons de poulet Poids: environ 8,8 kg Le gril sans graisse &#8211; de mani\u00e8re sp\u00e9ciale et verticale &#8211; une raret\u00e9 La grille verticale &#8211; unique pour un barbecue sain et sans gras. Un must pour tous ceux qui sont conscients des calories.<\/p>\n<\/div>\n<\/div>","protected":false},"excerpt":{"rendered":"<div class=\"keypoints\">\n<h3 class=\"keypoints__title\">Les points cl\u00e9s<\/h3>\n<ul role=\"list\">\n<li class=\"keypoints__item\" role=\"listitem\">                                        Grille viande                      <\/li>\n<li class=\"keypoints__item\" role=\"listitem\">                          2.730 W &#8211;                                                      Thermostat r\u00e9glable                      <\/li>\n<li class=\"keypoints__item\" role=\"listitem\">                                        Plaques amovibles                      <\/li>\n<li class=\"keypoints__item\" role=\"listitem\">                                        Surface de cuisson : 26&#215;37 cm                      <\/li>\n<\/ul>","protected":false},"featured_media":49756,"template":"","meta":{"_glsr_average":0,"_glsr_ranking":0,"_glsr_reviews":0},"product_cat":[355],"product_tag":[230,356,353],"class_list":{"0":"post-99685","1":"product","2":"type-product","3":"status-publish","4":"has-post-thumbnail","6":"product_cat-grill-pierre-a-cuire","7":"product_tag-cuisine-et-cuisson","8":"product_tag-grill-pierre-a-cuire","9":"product_tag-plancha","11":"first","12":"instock","13":"sale","14":"shipping-taxable","15":"purchasable","16":"product-type-simple"},"_links":{"self":[{"href":"https:\/\/electromenagerexpress.com\/en\/wp-json\/wp\/v2\/product\/99685","targetHints":{"allow":["GET"]}}],"collection":[{"href":"https:\/\/electromenagerexpress.com\/en\/wp-json\/wp\/v2\/product"}],"about":[{"href":"https:\/\/electromenagerexpress.com\/en\/wp-json\/wp\/v2\/types\/product"}],"wp:featuredmedia":[{"embeddable":true,"href":"https:\/\/electromenagerexpress.com\/en\/wp-json\/wp\/v2\/media\/49756"}],"wp:attachment":[{"href":"https:\/\/electromenagerexpress.com\/en\/wp-json\/wp\/v2\/media?parent=99685"}],"wp:term":[{"taxonomy":"product_cat","embeddable":true,"href":"https:\/\/electromenagerexpress.com\/en\/wp-json\/wp\/v2\/product_cat?post=99685"},{"taxonomy":"product_tag","embeddable":true,"href":"https:\/\/electromenagerexpress.com\/en\/wp-json\/wp\/v2\/product_tag?post=99685"}],"curies":[{"name":"wp","href":"https:\/\/api.w.org\/{rel}","templated":true}]}}