{"id":99677,"date":"2024-11-28T11:29:29","date_gmt":"2024-11-28T11:29:29","guid":{"rendered":"https:\/\/electromenagerexpress.com\/product\/desserteziipadesserte-vallone-eucalyptus\/"},"modified":"2024-11-28T11:29:31","modified_gmt":"2024-11-28T11:29:31","slug":"desserteziipadesserte-vallone-eucalyptus","status":"publish","type":"product","link":"https:\/\/electromenagerexpress.com\/en\/product\/desserteziipadesserte-vallone-eucalyptus\/","title":{"rendered":"Desserte\t\t\t\t\t\t\tZIIPA\t\t\t\tDesserte Vallone &#8211; Eucalyptus"},"content":{"rendered":"<div class=\"product-features__content\">\n<ul role=\"list\">\n<li class=\"product-features__item\" role=\"listitem\">\n<h3 class=\"product-features__label\">Caract\u00e9ristiques g\u00e9n\u00e9rales<\/h3>\n<ul role=\"list\">\n<li class=\"product-features__item-list__item\" role=\"listitem\"><span class=\"is--medium\">Mati\u00e8re du chariot :<\/span> Acier Laqu\u00e9 inoxydable\t\t\t\t\t<\/li>\n<li class=\"product-features__item-list__item\" role=\"listitem\"><span class=\"is--medium\">Type de chariot :<\/span> Desserte\t\t\t\t\t<\/li>\n<li class=\"product-features__item-list__item\" role=\"listitem\"><span class=\"is--medium\">Roulettes int\u00e9gr\u00e9es :<\/span> Oui\t\t\t\t\t<\/li>\n<li class=\"product-features__item-list__item\" role=\"listitem\"><span class=\"is--medium\">Compatibilit\u00e9 plancha :<\/span> Oui\t\t\t\t\t<\/li>\n<li class=\"product-features__item-list__item\" role=\"listitem\"><span class=\"is--medium\">Mobilit\u00e9 :<\/span> 2 roues\t\t\t\t\t<\/li>\n<li class=\"product-features__item-list__item\" role=\"listitem\"><span class=\"is--medium\">Marque compatible :<\/span> Ziipa\t\t\t\t\t<\/li>\n<li class=\"product-features__item-list__item\" role=\"listitem\"><span class=\"is--medium\">Mod\u00e8le compatible :<\/span> Piana Pellets et Piana Gaz\t\t\t\t\t<\/li>\n<\/ul>\n<\/li>\n<li class=\"product-features__item\" role=\"listitem\">\n<h3 class=\"product-features__label\">Dimensions<\/h3>\n<ul role=\"list\">\n<li class=\"product-features__item-list__item\" role=\"listitem\"><span class=\"is--medium\">Dimensions l x h x p :<\/span> 73.2 x 87 x 50.8 cm\t\t\t\t\t<\/li>\n<li class=\"product-features__item-list__item\" role=\"listitem\"><span class=\"is--medium\">Poids :<\/span> 17,5 kg\t\t\t\t\t<\/li>\n<\/ul>\n<\/li>\n<li class=\"product-features__item\" role=\"listitem\">\n<h3 class=\"product-features__label\">Informations compl\u00e9mentaires<\/h3>\n<ul role=\"list\">\n<li class=\"product-features__item-list__item\" role=\"listitem\"><span class=\"is--medium\">Fabriqu\u00e9 en :<\/span> Chine\t\t\t\t\t<\/li>\n<li class=\"product-features__item-list__item\" role=\"listitem\"><span class=\"is--medium\">Disponibilit\u00e9 des pi\u00e8ces d\u00e9tach\u00e9es (donn\u00e9es fournisseur) :<\/span> Non concern\u00e9\t\t\t\t\t<\/li>\n<li class=\"product-features__item-list__item\" role=\"listitem\"><span class=\"is--medium\">R\u00e9f\u00e9rence constructeur :<\/span> Desserte Vallone &#8211; Eucalyptus\t\t\t\t\t<\/li>\n<li class=\"product-features__item-list__item\" role=\"listitem\"><span class=\"is--medium\">Marque :<\/span> ZIIPA\t\t\t\t\t<\/li>\n<\/ul>\n<\/li>\n<\/ul>\n<\/div>\n<div class=\"product__disclosure-content\">\n<div class=\"js-read-more product-description__content\" data-read-more-name=\"description\" style=\"max-height: 500px; overflow: hidden;\">\n<p>La desserte Vallone  !<\/p>\n<p>Utilisez cette desserte en acier thermolaqu\u00e9 pour poser votre four \u00e0 pizza Piana ou Piana Gaz. Mobile et robuste elle est id\u00e9ale pour installer un vrai coin pizza dans votre jardin. Gr\u00e2ce \u00e0 la poign\u00e9e et les deux roues \u00e0 l&rsquo;arri\u00e8re vous pourrez la d\u00e9placer facilement. Utilisez le plateau sup\u00e9rieur pour poser votre four \u00e0 pizza. Ingr\u00e9dients, ustensiles et accessoires trouveront leur place sur le plateau inf\u00e9rieur.<br \/>La desserte de jardin Vallone se d\u00e9cline dans les quatre coloris embl\u00e9matiques de ZiiPa : charbon, eucalyptus, terracotta et ardoise.<\/p>\n<p>Laissez-vous tenter par un total look ou amusez-vous \u00e0 mixer les couleurs.<\/p>\n<p>Les + de la desserte Vallone<\/p>\n<p>\u2022\tDeux grands plateaux,<br \/>\u2022\tUne poign\u00e9e et deux roulettes pour d\u00e9placer la desserte plus facilement,<br \/>\u2022\tDimensions adapt\u00e9es au four \u00e0 pizza Piana et Piana Gaz,<br \/>\u2022\tDisponible dans quatre coloris : charbon, eucalyptus, terracotta et ardoise.<\/p>\n<\/div>\n<\/div>","protected":false},"excerpt":{"rendered":"<div class=\"keypoints\">\n<h3 class=\"keypoints__title\">Les points cl\u00e9s<\/h3>\n<ul role=\"list\">\n<li class=\"keypoints__item\" role=\"listitem\">                                        Ziipa                      <\/li>\n<li class=\"keypoints__item\" role=\"listitem\">                                        Piana Pellets et Piana Gaz                      <\/li>\n<li class=\"keypoints__item\" role=\"listitem\">                                        Mobilit\u00e9 : 2 roues                      <\/li>\n<li class=\"keypoints__item\" role=\"listitem\">                                        Mati\u00e8re du chariot : Acier Laqu\u00e9 inoxydable                      <\/li>\n<\/ul>","protected":false},"featured_media":49709,"template":"","meta":{"_glsr_average":0,"_glsr_ranking":0,"_glsr_reviews":0},"product_cat":[364],"product_tag":[366,365,230],"class_list":{"0":"post-99677","1":"product","2":"type-product","3":"status-publish","4":"has-post-thumbnail","6":"product_cat-accessoire-barbecue-plancha","7":"product_tag-accessoire-barbecue-plancha","8":"product_tag-accessoire-cuisine-et-cuisson","9":"product_tag-cuisine-et-cuisson","11":"first","12":"instock","13":"sale","14":"shipping-taxable","15":"purchasable","16":"product-type-simple"},"_links":{"self":[{"href":"https:\/\/electromenagerexpress.com\/en\/wp-json\/wp\/v2\/product\/99677","targetHints":{"allow":["GET"]}}],"collection":[{"href":"https:\/\/electromenagerexpress.com\/en\/wp-json\/wp\/v2\/product"}],"about":[{"href":"https:\/\/electromenagerexpress.com\/en\/wp-json\/wp\/v2\/types\/product"}],"wp:featuredmedia":[{"embeddable":true,"href":"https:\/\/electromenagerexpress.com\/en\/wp-json\/wp\/v2\/media\/49709"}],"wp:attachment":[{"href":"https:\/\/electromenagerexpress.com\/en\/wp-json\/wp\/v2\/media?parent=99677"}],"wp:term":[{"taxonomy":"product_cat","embeddable":true,"href":"https:\/\/electromenagerexpress.com\/en\/wp-json\/wp\/v2\/product_cat?post=99677"},{"taxonomy":"product_tag","embeddable":true,"href":"https:\/\/electromenagerexpress.com\/en\/wp-json\/wp\/v2\/product_tag?post=99677"}],"curies":[{"name":"wp","href":"https:\/\/api.w.org\/{rel}","templated":true}]}}