{"id":99656,"date":"2024-11-28T11:28:25","date_gmt":"2024-11-28T11:28:25","guid":{"rendered":"https:\/\/electromenagerexpress.com\/product\/dessertele-marquieroriginal-tapas-noire-pour-planchas\/"},"modified":"2024-11-28T11:28:26","modified_gmt":"2024-11-28T11:28:26","slug":"dessertele-marquieroriginal-tapas-noire-pour-planchas","status":"publish","type":"product","link":"https:\/\/electromenagerexpress.com\/en\/product\/dessertele-marquieroriginal-tapas-noire-pour-planchas\/","title":{"rendered":"Desserte\t\t\t\t\t\t\tLE MARQUIER\t\t\t\tOriginal Tapas Noire pour Planchas"},"content":{"rendered":"<div class=\"product-features__content\">\n<ul role=\"list\">\n<li class=\"product-features__item\" role=\"listitem\">\n<h3 class=\"product-features__label\">Caract\u00e9ristiques g\u00e9n\u00e9rales<\/h3>\n<ul role=\"list\">\n<li class=\"product-features__item-list__item\" role=\"listitem\"><span class=\"is--medium\">Mati\u00e8re du chariot :<\/span> Acier\t\t\t\t\t<\/li>\n<li class=\"product-features__item-list__item\" role=\"listitem\"><span class=\"is--medium\">Mati\u00e8re du plateau :<\/span> Acier\t\t\t\t\t<\/li>\n<li class=\"product-features__item-list__item\" role=\"listitem\"><span class=\"is--medium\">Type de chariot :<\/span> Desserte\t\t\t\t\t<\/li>\n<li class=\"product-features__item-list__item\" role=\"listitem\"><span class=\"is--medium\">Couleur :<\/span> Noir\t\t\t\t\t<\/li>\n<li class=\"product-features__item-list__item\" role=\"listitem\"><span class=\"is--medium\">Roulettes int\u00e9gr\u00e9es :<\/span> Oui\t\t\t\t\t<\/li>\n<li class=\"product-features__item-list__item\" role=\"listitem\"><span class=\"is--medium\">Compatibilit\u00e9 plancha :<\/span> Tous les mod\u00e8les de planchas 60 cm\t\t\t\t\t<\/li>\n<li class=\"product-features__item-list__item\" role=\"listitem\"><span class=\"is--medium\">Mobilit\u00e9 :<\/span> 2 roues\t\t\t\t\t<\/li>\n<li class=\"product-features__item-list__item\" role=\"listitem\"><span class=\"is--medium\">Marque compatible :<\/span> Le Marquier\t\t\t\t\t<\/li>\n<li class=\"product-features__item-list__item\" role=\"listitem\"><span class=\"is--medium\">Mod\u00e8le compatible :<\/span> Adaptable pour planchas 45 et 60cm\t\t\t\t\t<\/li>\n<\/ul>\n<\/li>\n<li class=\"product-features__item\" role=\"listitem\">\n<h3 class=\"product-features__label\">Dimensions<\/h3>\n<ul role=\"list\">\n<li class=\"product-features__item-list__item\" role=\"listitem\"><span class=\"is--medium\">Dimensions l x h x p :<\/span> 108 x 78 x 65 cm\t\t\t\t\t<\/li>\n<li class=\"product-features__item-list__item\" role=\"listitem\"><span class=\"is--medium\">Poids :<\/span> 14,0 kg\t\t\t\t\t<\/li>\n<li class=\"product-features__item-list__item\" role=\"listitem\"><span class=\"is--medium\">Poids Brut (kg) :<\/span> 15\t\t\t\t\t<\/li>\n<\/ul>\n<\/li>\n<li class=\"product-features__item\" role=\"listitem\">\n<h3 class=\"product-features__label\">Informations compl\u00e9mentaires<\/h3>\n<ul role=\"list\">\n<li class=\"product-features__item-list__item\" role=\"listitem\"><span class=\"is--medium\">Fabriqu\u00e9 en :<\/span> France\t\t\t\t\t<\/li>\n<li class=\"product-features__item-list__item\" role=\"listitem\"><span class=\"is--medium\">Garantie :<\/span> 2 ans\t\t\t\t\t<\/li>\n<li class=\"product-features__item-list__item\" role=\"listitem\"><span class=\"is--medium\">Disponibilit\u00e9 des pi\u00e8ces d\u00e9tach\u00e9es (donn\u00e9es fournisseur) :<\/span> Non concern\u00e9\t\t\t\t\t<\/li>\n<li class=\"product-features__item-list__item\" role=\"listitem\"><span class=\"is--medium\">R\u00e9f\u00e9rence constructeur :<\/span> Original Tapas Noire pour Planchas\t\t\t\t\t<\/li>\n<li class=\"product-features__item-list__item\" role=\"listitem\"><span class=\"is--medium\">Marque :<\/span> LE MARQUIER\t\t\t\t\t<\/li>\n<\/ul>\n<\/li>\n<\/ul>\n<\/div>\n<div class=\"product__disclosure-content\">\n<div class=\"js-read-more product-description__content read-more read-more--truncated\" data-read-more-name=\"description\" style=\"max-height: 500px; overflow: hidden;\">\n<div class=\"product__description-content read-more\">\n<p>Desserte LE MARQUIER Original Tapas Noire : L&rsquo;Atout Charme de Votre Cuisine Ext\u00e9rieure<\/p>\n<h3><img fetchpriority=\"high\" decoding=\"async\" alt=\"Desserte LE MARQUIER Original Tapas Noire pour Planchas\" class=\"wy_tableau_gauche\" height=\"270\" src=\"https:\/\/boulanger.scene7.com\/is\/image\/Boulanger\/3339380163768_h_f_l_0?wid=400&amp;hei=270\" width=\"400\"\/>Conception Pratique et Robuste<\/h3>\n<p>La Desserte Original TAPAS Noire de LE MARQUIER, r\u00e9f\u00e9rence BAP3585E13V2, est l&rsquo;accessoire indispensable pour accompagner les planchas de 45 et 60 cm. Avec ses dimensions g\u00e9n\u00e9reuses de L108 x P64 x H77 cm et un poids de 14 kg, elle offre un espace de travail lat\u00e9ral optimal. Les deux plateaux de 73*53 cm sont parfaits pour pr\u00e9parer vos aliments ou poser vos ustensiles, tandis que la tablette lat\u00e9rale de 30*53 cm s&rsquo;av\u00e8re pratique pour disposer condiments et \u00e9pices. La structure en acier avec peinture \u00e9poxy noire garantit non seulement une grande r\u00e9sistance aux intemp\u00e9ries mais aussi une \u00e9l\u00e9gance certaine qui s&rsquo;int\u00e9grera parfaitement \u00e0 l&rsquo;ambiance de votre terrasse ou jardin.<\/p>\n<p>\u00a0<\/p>\n<p>\u00a0<\/p>\n<h3><img decoding=\"async\" alt=\"Desserte LE MARQUIER Original Tapas Noire pour Planchas\" class=\"wy_tableau_right\" height=\"270\" src=\"https:\/\/boulanger.scene7.com\/is\/image\/Boulanger\/3339380163768_h_f_l_1?wid=400&amp;hei=270\" width=\"400\"\/>Mobilit\u00e9 et Facilit\u00e9 d&rsquo;Installation<\/h3>\n<p>Pens\u00e9e pour une utilisation conviviale, la Desserte Original TAPAS Noire est \u00e9quip\u00e9e de deux roues robustes, facilitant son d\u00e9placement au gr\u00e9 de vos besoins. Que ce soit pour suivre la course du soleil ou pour se rapprocher de vos convives, elle se meut ais\u00e9ment. Le porte-torchon en fa\u00e7ade est un d\u00e9tail ing\u00e9nieux qui t\u00e9moigne de la r\u00e9flexion apport\u00e9e \u00e0 l&rsquo;ergonomie de cette desserte. De plus, son montage est \u00e0 la port\u00e9e de tous gr\u00e2ce \u00e0 une conception pens\u00e9e pour un assemblage ais\u00e9 par l&rsquo;utilisateur.\u00a0<\/p>\n<\/div>\n<\/div>\n<p><bl-button a11yexpanded=\"false\" arialabel=\"Afficher toute la description\" class=\"read-more__btn\" full=\"false\" link=\"true\"><\/bl-button><\/div>","protected":false},"excerpt":{"rendered":"<div class=\"keypoints\">\n<h3 class=\"keypoints__title\">Les points cl\u00e9s<\/h3>\n<ul role=\"list\">\n<li class=\"keypoints__item\" role=\"listitem\">                                        Le Marquier                      <\/li>\n<li class=\"keypoints__item\" role=\"listitem\">                                        Adaptable pour planchas 45 et 60cm                      <\/li>\n<li class=\"keypoints__item\" role=\"listitem\">                                        Mobilit\u00e9 : 2 roues                      <\/li>\n<li class=\"keypoints__item\" role=\"listitem\">                                        Mati\u00e8re du chariot : Acier                      <\/li>\n<li class=\"keypoints__item keypoints__item--advantage\" role=\"listitem\"><strong>Le + :<\/strong> Mobilit\u00e9 optimis\u00e9e gr\u00e2ce aux roues robustes et large espace de travail avec tablettes pratiques      <\/li>\n<\/ul>","protected":false},"featured_media":49615,"template":"","meta":{"_glsr_average":0,"_glsr_ranking":0,"_glsr_reviews":0},"product_cat":[364],"product_tag":[366,365,230],"class_list":{"0":"post-99656","1":"product","2":"type-product","3":"status-publish","4":"has-post-thumbnail","6":"product_cat-accessoire-barbecue-plancha","7":"product_tag-accessoire-barbecue-plancha","8":"product_tag-accessoire-cuisine-et-cuisson","9":"product_tag-cuisine-et-cuisson","11":"first","12":"instock","13":"sale","14":"shipping-taxable","15":"purchasable","16":"product-type-simple"},"_links":{"self":[{"href":"https:\/\/electromenagerexpress.com\/en\/wp-json\/wp\/v2\/product\/99656","targetHints":{"allow":["GET"]}}],"collection":[{"href":"https:\/\/electromenagerexpress.com\/en\/wp-json\/wp\/v2\/product"}],"about":[{"href":"https:\/\/electromenagerexpress.com\/en\/wp-json\/wp\/v2\/types\/product"}],"wp:featuredmedia":[{"embeddable":true,"href":"https:\/\/electromenagerexpress.com\/en\/wp-json\/wp\/v2\/media\/49615"}],"wp:attachment":[{"href":"https:\/\/electromenagerexpress.com\/en\/wp-json\/wp\/v2\/media?parent=99656"}],"wp:term":[{"taxonomy":"product_cat","embeddable":true,"href":"https:\/\/electromenagerexpress.com\/en\/wp-json\/wp\/v2\/product_cat?post=99656"},{"taxonomy":"product_tag","embeddable":true,"href":"https:\/\/electromenagerexpress.com\/en\/wp-json\/wp\/v2\/product_tag?post=99656"}],"curies":[{"name":"wp","href":"https:\/\/api.w.org\/{rel}","templated":true}]}}